{"id":104,"date":"2017-11-30T15:42:16","date_gmt":"2017-11-30T13:42:16","guid":{"rendered":"https:\/\/maisemabetoni.fi\/fin\/?page_id=104"},"modified":"2017-12-27T09:51:35","modified_gmt":"2017-12-27T07:51:35","slug":"katu-ja-paikoitusalueet","status":"publish","type":"page","link":"https:\/\/maisemabetoni.fi\/fin\/betoni-ymparistorakentamisessa\/kayttokohteet\/katu-ja-paikoitusalueet\/","title":{"rendered":"Katu- \u00adja paikoitusalueet"},"content":{"rendered":"<div class='content-column three_fourth'><img decoding=\"async\" src=\"https:\/\/maisemabetoni.fi\/wp-content\/uploads\/2013\/05\/parkkipaikka-680x402.jpg\" \/><\/p>\n<h1>Katu- \u00adja paikoitusalueet<\/h1>\n<p>Kest\u00e4v\u00e4\u00e4 ja ohjaavaa<\/p>\n<p>Maisemabetoni kest\u00e4\u00e4 hyvin mekaanista kuormitusta, joten se sopii hyvin my\u00f6s liikennealueille.<\/p>\n<p>Eriv\u00e4riset maisemabetonituotteet toimivat k\u00e4tev\u00e4sti my\u00f6s pys\u00e4k\u00f6intialueen opastuksessa. V\u00e4reill\u00e4 ja muodoilla saadaan alueeseen vaihtelevaa ilmett\u00e4, joka sopii alueen muuhun arkkitehtuuriin.<\/p>\n<p>Maisemabetonituotteet soveltuvat my\u00f6s katu- ja paikoitusalueiden uusiin toiminnallisiin tarpeisiin kuten kansirakentamiseen ja meluntorjuntaan.<br \/><\/div>\n<div class='content-column one_fourth last_column'><p><img decoding=\"async\" src=\"https:\/\/maisemabetoni.fi\/wp-content\/uploads\/2013\/09\/P9062042-660x390.jpg\" \/><\/p>\n<p><a href=\"https:\/\/maisemabetoni.fi\/fin\/referenssit\/\" rel=\"noopener\">Linkki referenssikohteisiin \u00bb<\/a><br \/><\/div><div class='clear_column'><\/div>\n","protected":false},"excerpt":{"rendered":"","protected":false},"author":1,"featured_media":0,"parent":77,"menu_order":2,"comment_status":"closed","ping_status":"closed","template":"","meta":{"footnotes":""},"class_list":["post-104","page","type-page","status-publish","hentry"],"yoast_head":"<!-- This site is optimized with the Yoast SEO plugin v26.8 - https:\/\/yoast.com\/product\/yoast-seo-wordpress\/ -->\n<title>Katu- \u00adja paikoitusalueet - Maisemabetoni<\/title>\n<meta name=\"robots\" content=\"noindex, follow, max-snippet:-1, max-image-preview:large, max-video-preview:-1\" \/>\n<meta property=\"og:locale\" content=\"fi_FI\" \/>\n<meta property=\"og:type\" content=\"article\" \/>\n<meta property=\"og:title\" content=\"Katu- \u00adja paikoitusalueet - Maisemabetoni\" \/>\n<meta property=\"og:url\" content=\"https:\/\/maisemabetoni.fi\/fin\/betoni-ymparistorakentamisessa\/kayttokohteet\/katu-ja-paikoitusalueet\/\" \/>\n<meta property=\"og:site_name\" content=\"Maisemabetoni\" \/>\n<meta property=\"article:modified_time\" content=\"2017-12-27T07:51:35+00:00\" \/>\n<meta property=\"og:image\" content=\"https:\/\/maisemabetoni.fi\/wp-content\/uploads\/2013\/05\/parkkipaikka-680x402.jpg\" \/>\n<meta name=\"twitter:card\" content=\"summary_large_image\" \/>\n<script type=\"application\/ld+json\" class=\"yoast-schema-graph\">{\"@context\":\"https:\/\/schema.org\",\"@graph\":[{\"@type\":\"WebPage\",\"@id\":\"https:\/\/maisemabetoni.fi\/fin\/betoni-ymparistorakentamisessa\/kayttokohteet\/katu-ja-paikoitusalueet\/\",\"url\":\"https:\/\/maisemabetoni.fi\/fin\/betoni-ymparistorakentamisessa\/kayttokohteet\/katu-ja-paikoitusalueet\/\",\"name\":\"Katu- \u00adja paikoitusalueet - Maisemabetoni\",\"isPartOf\":{\"@id\":\"https:\/\/maisemabetoni.fi\/fin\/#website\"},\"primaryImageOfPage\":{\"@id\":\"https:\/\/maisemabetoni.fi\/fin\/betoni-ymparistorakentamisessa\/kayttokohteet\/katu-ja-paikoitusalueet\/#primaryimage\"},\"image\":{\"@id\":\"https:\/\/maisemabetoni.fi\/fin\/betoni-ymparistorakentamisessa\/kayttokohteet\/katu-ja-paikoitusalueet\/#primaryimage\"},\"thumbnailUrl\":\"https:\/\/maisemabetoni.fi\/wp-content\/uploads\/2013\/05\/parkkipaikka-680x402.jpg\",\"datePublished\":\"2017-11-30T13:42:16+00:00\",\"dateModified\":\"2017-12-27T07:51:35+00:00\",\"breadcrumb\":{\"@id\":\"https:\/\/maisemabetoni.fi\/fin\/betoni-ymparistorakentamisessa\/kayttokohteet\/katu-ja-paikoitusalueet\/#breadcrumb\"},\"inLanguage\":\"fi\",\"potentialAction\":[{\"@type\":\"ReadAction\",\"target\":[\"https:\/\/maisemabetoni.fi\/fin\/betoni-ymparistorakentamisessa\/kayttokohteet\/katu-ja-paikoitusalueet\/\"]}]},{\"@type\":\"ImageObject\",\"inLanguage\":\"fi\",\"@id\":\"https:\/\/maisemabetoni.fi\/fin\/betoni-ymparistorakentamisessa\/kayttokohteet\/katu-ja-paikoitusalueet\/#primaryimage\",\"url\":\"https:\/\/maisemabetoni.fi\/wp-content\/uploads\/2013\/05\/parkkipaikka-680x402.jpg\",\"contentUrl\":\"https:\/\/maisemabetoni.fi\/wp-content\/uploads\/2013\/05\/parkkipaikka-680x402.jpg\"},{\"@type\":\"BreadcrumbList\",\"@id\":\"https:\/\/maisemabetoni.fi\/fin\/betoni-ymparistorakentamisessa\/kayttokohteet\/katu-ja-paikoitusalueet\/#breadcrumb\",\"itemListElement\":[{\"@type\":\"ListItem\",\"position\":1,\"name\":\"Etusivu\",\"item\":\"https:\/\/maisemabetoni.fi\/fin\/\"},{\"@type\":\"ListItem\",\"position\":2,\"name\":\"K\u00c4YTT\u00d6KOHTEET\",\"item\":\"https:\/\/maisemabetoni.fi\/fin\/betoni-ymparistorakentamisessa\/kayttokohteet\/\"},{\"@type\":\"ListItem\",\"position\":3,\"name\":\"Katu- \u00adja paikoitusalueet\"}]},{\"@type\":\"WebSite\",\"@id\":\"https:\/\/maisemabetoni.fi\/fin\/#website\",\"url\":\"https:\/\/maisemabetoni.fi\/fin\/\",\"name\":\"Maisemabetoni\",\"description\":\"\",\"potentialAction\":[{\"@type\":\"SearchAction\",\"target\":{\"@type\":\"EntryPoint\",\"urlTemplate\":\"https:\/\/maisemabetoni.fi\/fin\/?s={search_term_string}\"},\"query-input\":{\"@type\":\"PropertyValueSpecification\",\"valueRequired\":true,\"valueName\":\"search_term_string\"}}],\"inLanguage\":\"fi\"}]}<\/script>\n<!-- \/ Yoast SEO plugin. -->","yoast_head_json":{"title":"Katu- \u00adja paikoitusalueet - Maisemabetoni","robots":{"index":"noindex","follow":"follow","max-snippet":"max-snippet:-1","max-image-preview":"max-image-preview:large","max-video-preview":"max-video-preview:-1"},"og_locale":"fi_FI","og_type":"article","og_title":"Katu- \u00adja paikoitusalueet - Maisemabetoni","og_url":"https:\/\/maisemabetoni.fi\/fin\/betoni-ymparistorakentamisessa\/kayttokohteet\/katu-ja-paikoitusalueet\/","og_site_name":"Maisemabetoni","article_modified_time":"2017-12-27T07:51:35+00:00","og_image":[{"url":"https:\/\/maisemabetoni.fi\/wp-content\/uploads\/2013\/05\/parkkipaikka-680x402.jpg","type":"","width":"","height":""}],"twitter_card":"summary_large_image","schema":{"@context":"https:\/\/schema.org","@graph":[{"@type":"WebPage","@id":"https:\/\/maisemabetoni.fi\/fin\/betoni-ymparistorakentamisessa\/kayttokohteet\/katu-ja-paikoitusalueet\/","url":"https:\/\/maisemabetoni.fi\/fin\/betoni-ymparistorakentamisessa\/kayttokohteet\/katu-ja-paikoitusalueet\/","name":"Katu- \u00adja paikoitusalueet - Maisemabetoni","isPartOf":{"@id":"https:\/\/maisemabetoni.fi\/fin\/#website"},"primaryImageOfPage":{"@id":"https:\/\/maisemabetoni.fi\/fin\/betoni-ymparistorakentamisessa\/kayttokohteet\/katu-ja-paikoitusalueet\/#primaryimage"},"image":{"@id":"https:\/\/maisemabetoni.fi\/fin\/betoni-ymparistorakentamisessa\/kayttokohteet\/katu-ja-paikoitusalueet\/#primaryimage"},"thumbnailUrl":"https:\/\/maisemabetoni.fi\/wp-content\/uploads\/2013\/05\/parkkipaikka-680x402.jpg","datePublished":"2017-11-30T13:42:16+00:00","dateModified":"2017-12-27T07:51:35+00:00","breadcrumb":{"@id":"https:\/\/maisemabetoni.fi\/fin\/betoni-ymparistorakentamisessa\/kayttokohteet\/katu-ja-paikoitusalueet\/#breadcrumb"},"inLanguage":"fi","potentialAction":[{"@type":"ReadAction","target":["https:\/\/maisemabetoni.fi\/fin\/betoni-ymparistorakentamisessa\/kayttokohteet\/katu-ja-paikoitusalueet\/"]}]},{"@type":"ImageObject","inLanguage":"fi","@id":"https:\/\/maisemabetoni.fi\/fin\/betoni-ymparistorakentamisessa\/kayttokohteet\/katu-ja-paikoitusalueet\/#primaryimage","url":"https:\/\/maisemabetoni.fi\/wp-content\/uploads\/2013\/05\/parkkipaikka-680x402.jpg","contentUrl":"https:\/\/maisemabetoni.fi\/wp-content\/uploads\/2013\/05\/parkkipaikka-680x402.jpg"},{"@type":"BreadcrumbList","@id":"https:\/\/maisemabetoni.fi\/fin\/betoni-ymparistorakentamisessa\/kayttokohteet\/katu-ja-paikoitusalueet\/#breadcrumb","itemListElement":[{"@type":"ListItem","position":1,"name":"Etusivu","item":"https:\/\/maisemabetoni.fi\/fin\/"},{"@type":"ListItem","position":2,"name":"K\u00c4YTT\u00d6KOHTEET","item":"https:\/\/maisemabetoni.fi\/fin\/betoni-ymparistorakentamisessa\/kayttokohteet\/"},{"@type":"ListItem","position":3,"name":"Katu- \u00adja paikoitusalueet"}]},{"@type":"WebSite","@id":"https:\/\/maisemabetoni.fi\/fin\/#website","url":"https:\/\/maisemabetoni.fi\/fin\/","name":"Maisemabetoni","description":"","potentialAction":[{"@type":"SearchAction","target":{"@type":"EntryPoint","urlTemplate":"https:\/\/maisemabetoni.fi\/fin\/?s={search_term_string}"},"query-input":{"@type":"PropertyValueSpecification","valueRequired":true,"valueName":"search_term_string"}}],"inLanguage":"fi"}]}},"_links":{"self":[{"href":"https:\/\/maisemabetoni.fi\/fin\/wp-json\/wp\/v2\/pages\/104","targetHints":{"allow":["GET"]}}],"collection":[{"href":"https:\/\/maisemabetoni.fi\/fin\/wp-json\/wp\/v2\/pages"}],"about":[{"href":"https:\/\/maisemabetoni.fi\/fin\/wp-json\/wp\/v2\/types\/page"}],"author":[{"embeddable":true,"href":"https:\/\/maisemabetoni.fi\/fin\/wp-json\/wp\/v2\/users\/1"}],"replies":[{"embeddable":true,"href":"https:\/\/maisemabetoni.fi\/fin\/wp-json\/wp\/v2\/comments?post=104"}],"version-history":[{"count":19,"href":"https:\/\/maisemabetoni.fi\/fin\/wp-json\/wp\/v2\/pages\/104\/revisions"}],"predecessor-version":[{"id":1000,"href":"https:\/\/maisemabetoni.fi\/fin\/wp-json\/wp\/v2\/pages\/104\/revisions\/1000"}],"up":[{"embeddable":true,"href":"https:\/\/maisemabetoni.fi\/fin\/wp-json\/wp\/v2\/pages\/77"}],"wp:attachment":[{"href":"https:\/\/maisemabetoni.fi\/fin\/wp-json\/wp\/v2\/media?parent=104"}],"curies":[{"name":"wp","href":"https:\/\/api.w.org\/{rel}","templated":true}]}}