{"id":1129,"date":"2018-02-01T16:41:16","date_gmt":"2018-02-01T14:41:16","guid":{"rendered":"https:\/\/maisemabetoni.fi\/fin\/?page_id=1129"},"modified":"2019-02-28T17:22:29","modified_gmt":"2019-02-28T15:22:29","slug":"jokipuisto-kotka","status":"publish","type":"page","link":"https:\/\/maisemabetoni.fi\/fin\/referenssit\/vuoden-ymparistorakenteet\/jokipuisto-kotka\/","title":{"rendered":"Jokipuisto, <br>Kotkan Karhula, 2015"},"content":{"rendered":"<h4><img loading=\"lazy\" decoding=\"async\" class=\"alignright\" src=\"http:\/\/maisemabetoni.fi\/wp-content\/uploads\/2016\/02\/jokipuisto-kuva-1a-ennen-peruskorjausta-kuva-kotkan-puistotoimen-arkisto-530x320.jpg\" alt=\"\" width=\"530\" height=\"320\" \/>Jokipuisto Kotkan Karhulassa (VYR 2015)<\/h4>\n<p>RAKENNUTTAJA<br \/>\nKotkan kaupunki<br \/>\nP\u00c4\u00c4SUUNNITTELIJA<br \/>\nKaupunginpuutarhuri Heikki Laaksonen<br \/>\nP\u00c4\u00c4URAKOITSIJA<br \/>\nKotkan kaupungin puistotoimi<\/p>\n<p>Vuosina 2012 \u2013 2015 rakennettu puisto on runsaudensarvi korkealaatuisesti toteutettuja kasvi-, kivi- ja vesiaiheita. V\u00e4lill\u00e4 alennustilassa ollut jokivarsi on kokenut arvonpalautuksen. Suositussa puistossa on n\u00e4ht\u00e4v\u00e4\u00e4 ja teht\u00e4v\u00e4\u00e4 kaikille kaikkina vuodenaikoina.<\/p>\n<p>Jokipuiston selk\u00e4rangaksi on rakennettu vankat luonnonkivimuurit entisen ylijyrk\u00e4n, hankalasti hoidettavan nurmirinteen tilalle. 1970-luvulla rakennetut raskaat betoniportaat on piilotettu ja ne toimivat nyt puroputouksen tukirakenteena. Rakenteissa k\u00e4ytetty luonnonkivi on suurelta osin kierr\u00e4tyskive\u00e4. My\u00f6s alueella olleet isot siirtolohkareet ja s\u00e4\u00e4st\u00e4misen arvoiset puut ovat osa uutta puistoa.<\/p>\n<p>Kivimuurien ja betoni- sek\u00e4 luonnonkivipintaisten k\u00e4yt\u00e4vien avulla puistoon rakentuu selke\u00e4t yl\u00e4- ja alatasot. Suurista korkeuseroista huolimatta puistossa p\u00e4\u00e4see liikkumaan esteett\u00f6m\u00e4sti helppokulkuisia betonikiveysk\u00e4yt\u00e4vi\u00e4 pitkin. Puistossa on my\u00f6s kivisiltoja ja -veistoksia. Erilaisten aiheiden miltei ylenpalttinen runsaus muodostaakin suuren kontrastin alueen muulle ymp\u00e4rist\u00f6lle.<\/p>\n<p>Puiston hyvinvoiva kasvillisuus on runsasta ja vaihtelevaa: muun muassa kivikkoperennoja, koristeheini\u00e4 ja maanpeitekasveja sek\u00e4 kotimaisia atsaleoita ja alppiruusuja. Puiston l\u00e4pi kulkevan puron loppup\u00e4\u00e4ss\u00e4 kosteikko ja tervalepp\u00e4lehto muuttavat puron olemusta vehre\u00e4mm\u00e4ksi. Useat koristekasveista on varustettu nimikyltein.<\/p>\n<p>Joesta pumpattava vesi kiert\u00e4\u00e4 yl\u00e4tason isokokoisen Alkul\u00e4hteet -taideteoksen kautta puroputoukseen, puiston keskell\u00e4 olevaan isoon lummelampeen ja puroja pitkin takaisin jokeen.<\/p>\n<p>Jokipuisto rajoittuu Karhulan keskuskentt\u00e4\u00e4n ja uimahalliin. Puistossa on my\u00f6s leikkipuisto sek\u00e4 ilmeelt\u00e4\u00e4n luonnonmukaisempi piknik-alue jokivarressa. Alueen suosiosta kertoo se, ett\u00e4 alkuper\u00e4iset kaksi isoa massiivigraniittip\u00f6yt\u00e4\u00e4 ovat saaneet seurakseen jo nelj\u00e4 lis\u00e4p\u00f6yt\u00e4\u00e4.<\/p>\n<p>Aikanaan suurena uittov\u00e4yl\u00e4n\u00e4 toiminut Kymijoen Korkeakoskenhaara oli pikku hiljaa muuttunut l\u00e4hinn\u00e4 likaviem\u00e4riksi. Joen puhdistamisen ja Jokipuiston rakentamisen ansiosta joen historiassa alkoi uusi kukoistus.<\/p>\n<p>Jokipuisto saanee my\u00f6s jatkoa. Tarkoituksena on kehitt\u00e4\u00e4 muun muassa jokivarren polkuverkostoa. Kaavassa on varaus my\u00f6s kahdelle riippusillalle. Jokirantaan on tehty 12-metrinen ponttonilaituri, joten tulevana kes\u00e4n\u00e4 puistoon voi rantautua yksityisveneell\u00e4kin.<\/p>\n<p>Jokipuisto palkittiin vuoden ymp\u00e4rist\u00f6rakenteena 2015.<\/p>\n<p><a class=\"nappi4\" style=\"color: #fff;\" href=\"https:\/\/maisemabetoni.fi\/fin\/wp-content\/uploads\/2020\/10\/VYR-2015-Jokipuisto-Kotka.pdf\" target=\"_blank\" rel=\"noopener noreferrer\">Lue kohteen esittely Betonilehdess\u00e4 \u00bb<\/a><\/p>\n<p><a href=\"https:\/\/maisemabetoni.fi\/wp-content\/uploads\/2016\/02\/jokipuisto-kuva-1a-ennen-peruskorjausta-kuva-kotkan-puistotoimen-arkisto.jpg\" data-rel=\"lightbox-gallery-bGlnaHRib3gtZ2FsbGVyeS1zZ2xvTWU5ZA==\" data-rl_title=\"\" data-rl_caption=\"\" data-rl_title=\"\" data-rl_caption=\"\" title=\"\"><img decoding=\"async\" class=\"galleria\" src=\"https:\/\/maisemabetoni.fi\/wp-content\/uploads\/2016\/02\/jokipuisto-kuva-1a-ennen-peruskorjausta-kuva-kotkan-puistotoimen-arkisto-170x170.jpg\" \/><\/a><a href=\"https:\/\/maisemabetoni.fi\/wp-content\/uploads\/2016\/02\/jokipuisto-kuva-1b-kuvaaja-anne-vilkki-lanu.jpg\" data-rel=\"lightbox-gallery-bGlnaHRib3gtZ2FsbGVyeS1zZ2xvTWU5ZA==\" data-rl_title=\"\" data-rl_caption=\"\" data-rl_title=\"\" data-rl_caption=\"\" title=\"\"><img loading=\"lazy\" decoding=\"async\" class=\"galleria alignnone\" src=\"https:\/\/maisemabetoni.fi\/wp-content\/uploads\/2016\/02\/jokipuisto-kuva-1b-kuvaaja-anne-vilkki-lanu-170x170.jpg\" alt=\"\" width=\"170\" height=\"170\" \/><\/a><a href=\"https:\/\/maisemabetoni.fi\/wp-content\/uploads\/2016\/02\/jokipuisto-kuva-2-kuvaaja-sirkka-saarinen.jpg\" data-rel=\"lightbox-gallery-bGlnaHRib3gtZ2FsbGVyeS1zZ2xvTWU5ZA==\" data-rl_title=\"\" data-rl_caption=\"\" data-rl_title=\"\" data-rl_caption=\"\" title=\"\"><img decoding=\"async\" class=\"galleria\" src=\"https:\/\/maisemabetoni.fi\/wp-content\/uploads\/2016\/02\/jokipuisto-kuva-2-kuvaaja-sirkka-saarinen-170x170.jpg\" \/><\/a><a href=\"https:\/\/maisemabetoni.fi\/wp-content\/uploads\/2016\/02\/jokipuisto-kuva-3-kuvaaja-tiina-kaskiaro.jpg\" data-rel=\"lightbox-gallery-bGlnaHRib3gtZ2FsbGVyeS1zZ2xvTWU5ZA==\" data-rl_title=\"\" data-rl_caption=\"\" data-rl_title=\"\" data-rl_caption=\"\" title=\"\"><img decoding=\"async\" class=\"galleria\" src=\"https:\/\/maisemabetoni.fi\/wp-content\/uploads\/2016\/02\/jokipuisto-kuva-3-kuvaaja-tiina-kaskiaro-170x170.jpg\" \/><\/a><a href=\"https:\/\/maisemabetoni.fi\/wp-content\/uploads\/2016\/02\/jokipuisto-kuva-5-kuvaaja-anne-vilkki-lanu.jpg\" data-rel=\"lightbox-gallery-bGlnaHRib3gtZ2FsbGVyeS1zZ2xvTWU5ZA==\" data-rl_title=\"\" data-rl_caption=\"\" data-rl_title=\"\" data-rl_caption=\"\" title=\"\"><img decoding=\"async\" class=\"galleria\" src=\"https:\/\/maisemabetoni.fi\/wp-content\/uploads\/2016\/02\/jokipuisto-kuva-5-kuvaaja-anne-vilkki-lanu-170x170.jpg\" \/><\/a><a href=\"https:\/\/maisemabetoni.fi\/wp-content\/uploads\/2016\/02\/jokipuisto-kuva-6-kuvaaja-anne-vilkki-lanu.jpg\" data-rel=\"lightbox-gallery-bGlnaHRib3gtZ2FsbGVyeS1zZ2xvTWU5ZA==\" data-rl_title=\"\" data-rl_caption=\"\" data-rl_title=\"\" data-rl_caption=\"\" title=\"\"><img decoding=\"async\" class=\"galleria\" src=\"https:\/\/maisemabetoni.fi\/wp-content\/uploads\/2016\/02\/jokipuisto-kuva-6-kuvaaja-anne-vilkki-lanu-170x170.jpg\" \/><\/a><a href=\"https:\/\/maisemabetoni.fi\/wp-content\/uploads\/2016\/02\/jokipuisto-kuva-7-kuvaaja-anne-vilkki-lanu.jpg\" data-rel=\"lightbox-gallery-bGlnaHRib3gtZ2FsbGVyeS1zZ2xvTWU5ZA==\" data-rl_title=\"\" data-rl_caption=\"\" data-rl_title=\"\" data-rl_caption=\"\" title=\"\"><img decoding=\"async\" class=\"galleria\" src=\"https:\/\/maisemabetoni.fi\/wp-content\/uploads\/2016\/02\/jokipuisto-kuva-7-kuvaaja-anne-vilkki-lanu-170x170.jpg\" \/><\/a><a href=\"https:\/\/maisemabetoni.fi\/wp-content\/uploads\/2016\/02\/jokipuisto2-kuvaaja-anne-vilkki-lanu.jpg\" data-rel=\"lightbox-gallery-bGlnaHRib3gtZ2FsbGVyeS1zZ2xvTWU5ZA==\" data-rl_title=\"\" data-rl_caption=\"\" data-rl_title=\"\" data-rl_caption=\"\" title=\"\"><img decoding=\"async\" class=\"galleria\" src=\"https:\/\/maisemabetoni.fi\/wp-content\/uploads\/2016\/02\/jokipuisto2-kuvaaja-anne-vilkki-lanu-170x170.jpg\" \/><\/a><a href=\"https:\/\/maisemabetoni.fi\/wp-content\/uploads\/2016\/02\/jokipuisto-7-kuvaaja-heikki-laaksonen.jpg\" data-rel=\"lightbox-gallery-bGlnaHRib3gtZ2FsbGVyeS1zZ2xvTWU5ZA==\" data-rl_title=\"\" data-rl_caption=\"\" data-rl_title=\"\" data-rl_caption=\"\" title=\"\"><img decoding=\"async\" class=\"galleria\" src=\"https:\/\/maisemabetoni.fi\/wp-content\/uploads\/2016\/02\/jokipuisto-7-kuvaaja-heikki-laaksonen-170x170.jpg\" \/><\/a><\/p>\n\n","protected":false},"excerpt":{"rendered":"","protected":false},"author":1,"featured_media":0,"parent":944,"menu_order":2,"comment_status":"closed","ping_status":"closed","template":"","meta":{"footnotes":""},"class_list":["post-1129","page","type-page","status-publish","hentry"],"yoast_head":"<!-- This site is optimized with the Yoast SEO plugin v26.8 - https:\/\/yoast.com\/product\/yoast-seo-wordpress\/ -->\n<title>Jokipuisto, Kotkan Karhula, 2015 - Maisemabetoni<\/title>\n<meta name=\"robots\" content=\"noindex, follow, max-snippet:-1, max-image-preview:large, max-video-preview:-1\" \/>\n<meta property=\"og:locale\" content=\"fi_FI\" \/>\n<meta property=\"og:type\" content=\"article\" \/>\n<meta property=\"og:title\" content=\"Jokipuisto, Kotkan Karhula, 2015 - Maisemabetoni\" \/>\n<meta property=\"og:url\" content=\"https:\/\/maisemabetoni.fi\/fin\/referenssit\/vuoden-ymparistorakenteet\/jokipuisto-kotka\/\" \/>\n<meta property=\"og:site_name\" content=\"Maisemabetoni\" \/>\n<meta property=\"article:modified_time\" content=\"2019-02-28T15:22:29+00:00\" \/>\n<meta name=\"twitter:card\" content=\"summary_large_image\" \/>\n<script type=\"application\/ld+json\" class=\"yoast-schema-graph\">{\"@context\":\"https:\/\/schema.org\",\"@graph\":[{\"@type\":\"WebPage\",\"@id\":\"https:\/\/maisemabetoni.fi\/fin\/referenssit\/vuoden-ymparistorakenteet\/jokipuisto-kotka\/\",\"url\":\"https:\/\/maisemabetoni.fi\/fin\/referenssit\/vuoden-ymparistorakenteet\/jokipuisto-kotka\/\",\"name\":\"Jokipuisto, Kotkan Karhula, 2015 - Maisemabetoni\",\"isPartOf\":{\"@id\":\"https:\/\/maisemabetoni.fi\/fin\/#website\"},\"datePublished\":\"2018-02-01T14:41:16+00:00\",\"dateModified\":\"2019-02-28T15:22:29+00:00\",\"breadcrumb\":{\"@id\":\"https:\/\/maisemabetoni.fi\/fin\/referenssit\/vuoden-ymparistorakenteet\/jokipuisto-kotka\/#breadcrumb\"},\"inLanguage\":\"fi\",\"potentialAction\":[{\"@type\":\"ReadAction\",\"target\":[\"https:\/\/maisemabetoni.fi\/fin\/referenssit\/vuoden-ymparistorakenteet\/jokipuisto-kotka\/\"]}]},{\"@type\":\"BreadcrumbList\",\"@id\":\"https:\/\/maisemabetoni.fi\/fin\/referenssit\/vuoden-ymparistorakenteet\/jokipuisto-kotka\/#breadcrumb\",\"itemListElement\":[{\"@type\":\"ListItem\",\"position\":1,\"name\":\"Etusivu\",\"item\":\"https:\/\/maisemabetoni.fi\/fin\/\"},{\"@type\":\"ListItem\",\"position\":2,\"name\":\"VUODEN YMP\u00c4RIST\u00d6RAKENTEET\",\"item\":\"https:\/\/maisemabetoni.fi\/fin\/referenssit\/vuoden-ymparistorakenteet\/\"},{\"@type\":\"ListItem\",\"position\":3,\"name\":\"Jokipuisto, Kotkan Karhula, 2015\"}]},{\"@type\":\"WebSite\",\"@id\":\"https:\/\/maisemabetoni.fi\/fin\/#website\",\"url\":\"https:\/\/maisemabetoni.fi\/fin\/\",\"name\":\"Maisemabetoni\",\"description\":\"\",\"potentialAction\":[{\"@type\":\"SearchAction\",\"target\":{\"@type\":\"EntryPoint\",\"urlTemplate\":\"https:\/\/maisemabetoni.fi\/fin\/?s={search_term_string}\"},\"query-input\":{\"@type\":\"PropertyValueSpecification\",\"valueRequired\":true,\"valueName\":\"search_term_string\"}}],\"inLanguage\":\"fi\"}]}<\/script>\n<!-- \/ Yoast SEO plugin. -->","yoast_head_json":{"title":"Jokipuisto, Kotkan Karhula, 2015 - Maisemabetoni","robots":{"index":"noindex","follow":"follow","max-snippet":"max-snippet:-1","max-image-preview":"max-image-preview:large","max-video-preview":"max-video-preview:-1"},"og_locale":"fi_FI","og_type":"article","og_title":"Jokipuisto, Kotkan Karhula, 2015 - Maisemabetoni","og_url":"https:\/\/maisemabetoni.fi\/fin\/referenssit\/vuoden-ymparistorakenteet\/jokipuisto-kotka\/","og_site_name":"Maisemabetoni","article_modified_time":"2019-02-28T15:22:29+00:00","twitter_card":"summary_large_image","schema":{"@context":"https:\/\/schema.org","@graph":[{"@type":"WebPage","@id":"https:\/\/maisemabetoni.fi\/fin\/referenssit\/vuoden-ymparistorakenteet\/jokipuisto-kotka\/","url":"https:\/\/maisemabetoni.fi\/fin\/referenssit\/vuoden-ymparistorakenteet\/jokipuisto-kotka\/","name":"Jokipuisto, Kotkan Karhula, 2015 - Maisemabetoni","isPartOf":{"@id":"https:\/\/maisemabetoni.fi\/fin\/#website"},"datePublished":"2018-02-01T14:41:16+00:00","dateModified":"2019-02-28T15:22:29+00:00","breadcrumb":{"@id":"https:\/\/maisemabetoni.fi\/fin\/referenssit\/vuoden-ymparistorakenteet\/jokipuisto-kotka\/#breadcrumb"},"inLanguage":"fi","potentialAction":[{"@type":"ReadAction","target":["https:\/\/maisemabetoni.fi\/fin\/referenssit\/vuoden-ymparistorakenteet\/jokipuisto-kotka\/"]}]},{"@type":"BreadcrumbList","@id":"https:\/\/maisemabetoni.fi\/fin\/referenssit\/vuoden-ymparistorakenteet\/jokipuisto-kotka\/#breadcrumb","itemListElement":[{"@type":"ListItem","position":1,"name":"Etusivu","item":"https:\/\/maisemabetoni.fi\/fin\/"},{"@type":"ListItem","position":2,"name":"VUODEN YMP\u00c4RIST\u00d6RAKENTEET","item":"https:\/\/maisemabetoni.fi\/fin\/referenssit\/vuoden-ymparistorakenteet\/"},{"@type":"ListItem","position":3,"name":"Jokipuisto, Kotkan Karhula, 2015"}]},{"@type":"WebSite","@id":"https:\/\/maisemabetoni.fi\/fin\/#website","url":"https:\/\/maisemabetoni.fi\/fin\/","name":"Maisemabetoni","description":"","potentialAction":[{"@type":"SearchAction","target":{"@type":"EntryPoint","urlTemplate":"https:\/\/maisemabetoni.fi\/fin\/?s={search_term_string}"},"query-input":{"@type":"PropertyValueSpecification","valueRequired":true,"valueName":"search_term_string"}}],"inLanguage":"fi"}]}},"_links":{"self":[{"href":"https:\/\/maisemabetoni.fi\/fin\/wp-json\/wp\/v2\/pages\/1129","targetHints":{"allow":["GET"]}}],"collection":[{"href":"https:\/\/maisemabetoni.fi\/fin\/wp-json\/wp\/v2\/pages"}],"about":[{"href":"https:\/\/maisemabetoni.fi\/fin\/wp-json\/wp\/v2\/types\/page"}],"author":[{"embeddable":true,"href":"https:\/\/maisemabetoni.fi\/fin\/wp-json\/wp\/v2\/users\/1"}],"replies":[{"embeddable":true,"href":"https:\/\/maisemabetoni.fi\/fin\/wp-json\/wp\/v2\/comments?post=1129"}],"version-history":[{"count":3,"href":"https:\/\/maisemabetoni.fi\/fin\/wp-json\/wp\/v2\/pages\/1129\/revisions"}],"predecessor-version":[{"id":1630,"href":"https:\/\/maisemabetoni.fi\/fin\/wp-json\/wp\/v2\/pages\/1129\/revisions\/1630"}],"up":[{"embeddable":true,"href":"https:\/\/maisemabetoni.fi\/fin\/wp-json\/wp\/v2\/pages\/944"}],"wp:attachment":[{"href":"https:\/\/maisemabetoni.fi\/fin\/wp-json\/wp\/v2\/media?parent=1129"}],"curies":[{"name":"wp","href":"https:\/\/api.w.org\/{rel}","templated":true}]}}