{"id":1131,"date":"2018-02-01T16:56:33","date_gmt":"2018-02-01T14:56:33","guid":{"rendered":"https:\/\/maisemabetoni.fi\/fin\/?page_id=1131"},"modified":"2019-02-28T15:50:27","modified_gmt":"2019-02-28T13:50:27","slug":"lounatuulenpuisto-hyvinkaa","status":"publish","type":"page","link":"https:\/\/maisemabetoni.fi\/fin\/referenssit\/vuoden-ymparistorakenteet\/lounatuulenpuisto-hyvinkaa\/","title":{"rendered":"Lounatuulenpuisto, Hyvink\u00e4\u00e4, 2014"},"content":{"rendered":"<h4><img decoding=\"async\" class=\"alignright\" src=\"http:\/\/maisemabetoni.fi\/wp-content\/uploads\/2015\/02\/lounatuulenpuisto71-530x320.jpg\" alt=\"\" \/>Lounatuulenpuisto, Hyvink\u00e4\u00e4 (VYR 2014)<\/h4>\n<p>RAKENNUTTAJA<br \/>\nHyvink\u00e4\u00e4n kaupungin Tekniikka ja ymp\u00e4rist\u00f6<br \/>\nP\u00c4\u00c4SUUNNITTELIJA<br \/>\nHyvink\u00e4\u00e4n kaupunki: Terhi Parkkali-Reskola, Elina Ekroos ja Asako Hashimoto<br \/>\nP\u00c4\u00c4URAKOITSIJA<br \/>\nHyvink\u00e4\u00e4n kaupungin Alueiden ja Viheralueiden kunnossapito<br \/>\nALIURAKOITSIJAT<br \/>\nKiviasennus- ja saneeraus Koponen Oy Erikoiskasvit Huhdan Taimitarha Oy ja Arboretum Mustila<\/p>\n<p>Laaja ja ilmeik\u00e4s kokonaisuus<\/p>\n<p>Pitk\u00e4nomainen puisto ei avaudu kerralla, vaan tarjoaa k\u00e4vij\u00e4lle yll\u00e4tyksi\u00e4 ja uusia n\u00e4kymi\u00e4. Puiston ilme vaihtelee vuodenaikojen mukaan. Puistossa on sek\u00e4 k\u00e4velyreittej\u00e4 ett\u00e4 liikuntamahdollisuuksia kaikenik\u00e4isille ja kaikkina vuodenaikoina. Toiminnalliset elementit on yhdistetty hienovaraisesti kokonaisuuteen.<\/p>\n<p>Lounatuulenpuiston kasvivalikoima on eritt\u00e4in monipuolinen ja esimerkiksi ruskan v\u00e4rit kauniisti hy\u00f6dynt\u00e4v\u00e4. Puistokalusteiden tehostev\u00e4rit, viininpunainen ja oranssi l\u00f6ytyv\u00e4t my\u00f6s istutuksista. Kasviteemoja ovat Hyvink\u00e4\u00e4lle ominaiset vanhat koristekasvit ja japanilainen puutarha. Teemat liittyv\u00e4t kokonaisuuteen hillitysti ja tasapainoisesti. Puistossa voi my\u00f6s oppia, sill\u00e4 hyvin sijoitetut kyltit kertovat k\u00e4vij\u00e4lle kunkin kasvin nimen.<\/p>\n<p>Puistoa reunustavien talojen tontit on erotettu luontevasti puistosta pengerryksill\u00e4, luonnonkivill\u00e4 ja kasveilla.<\/p>\n<p>Taitavasti toteutettu hulevesij\u00e4rjestelm\u00e4 ker\u00e4\u00e4 sadevedet kahteen kauniiseen koristelampeen. Reilun kokoiset, kirkasvetisen\u00e4 pysyneet lammet ovat ilahduttava lis\u00e4 alueella, jossa on hyvin v\u00e4h\u00e4n luonnonvesi\u00e4.<\/p>\n<p>Puisto valmistui vuonna 2013 Asuntomessuja varten. Asuinalueelle laadittiin laatuk\u00e4sikirja, joka on ohjannut my\u00f6s kasvillisuuden suunnittelua. Puiston hoitoon on panostettu paljon ja se my\u00f6s n\u00e4kyy. Kasvillisuus ja samalla koko puiston taso on kehittynyt huomattavasti.<\/p>\n<p>Ison puistoalueen erilaiset teemat ja toiminnot muodostavat moni-ilmeisen, viihtyis\u00e4n kokonaisuuden, keitaan keskelle Mets\u00e4kaltevan uutta asuinaluetta. Puiston korkeuseroja hy\u00f6dynt\u00e4v\u00e4 hulevesij\u00e4rjestelm\u00e4 on sek\u00e4 toiminnallisesti ett\u00e4 maisemallisesti onnistunut. Korkeatasoisen hoidon ansiosta kasvit voivat hyvin.<\/p>\n<p>Lounatuulenpuisto on palkittu Vuoden 2014 Ymp\u00e4rist\u00f6rakenteena.<\/p>\n<p><a class=\"nappi4\" style=\"color: #fff;\" href=\"https:\/\/maisemabetoni.fi\/fin\/wp-content\/uploads\/2020\/10\/VYR-2014-Lounatuulenpuisto-Hyvink\u00e4\u00e4.pdf\" target=\"_blank\" rel=\"noopener noreferrer\">Lue kohteen esittely Betonilehdess\u00e4 \u00bb<\/a><\/p>\n<p><a href=\"https:\/\/maisemabetoni.fi\/wp-content\/uploads\/2015\/02\/lounatuulenpuisto71.jpg\" data-rel=\"lightbox-gallery-bGlnaHRib3gtZ2FsbGVyeS1IVTdVbkcydw==\" data-rl_title=\"\" data-rl_caption=\"\" data-rl_title=\"\" data-rl_caption=\"\" title=\"\"><img decoding=\"async\" class=\"galleria\" src=\"https:\/\/maisemabetoni.fi\/wp-content\/uploads\/2015\/02\/lounatuulenpuisto71-170x170.jpg\" \/><\/a><a href=\"https:\/\/maisemabetoni.fi\/wp-content\/uploads\/2015\/02\/lounatuulenpuisto4.jpg\" data-rel=\"lightbox-gallery-bGlnaHRib3gtZ2FsbGVyeS1IVTdVbkcydw==\" data-rl_title=\"\" data-rl_caption=\"\" data-rl_title=\"\" data-rl_caption=\"\" title=\"\"><img decoding=\"async\" class=\"galleria\" src=\"https:\/\/maisemabetoni.fi\/wp-content\/uploads\/2015\/02\/lounatuulenpuisto4-170x170.jpg\" \/><\/a><a href=\"https:\/\/maisemabetoni.fi\/wp-content\/uploads\/2015\/02\/lounatuulenpuisto5.jpg\" data-rel=\"lightbox-gallery-bGlnaHRib3gtZ2FsbGVyeS1IVTdVbkcydw==\" data-rl_title=\"\" data-rl_caption=\"\" data-rl_title=\"\" data-rl_caption=\"\" title=\"\"><img decoding=\"async\" class=\"galleria\" src=\"https:\/\/maisemabetoni.fi\/wp-content\/uploads\/2015\/02\/lounatuulenpuisto5-170x170.jpg\" \/><\/a><a href=\"https:\/\/maisemabetoni.fi\/wp-content\/uploads\/2015\/02\/lounatuulenpuisto21.jpg\" data-rel=\"lightbox-gallery-bGlnaHRib3gtZ2FsbGVyeS1IVTdVbkcydw==\" data-rl_title=\"\" data-rl_caption=\"\" data-rl_title=\"\" data-rl_caption=\"\" title=\"\"><img decoding=\"async\" class=\"galleria\" src=\"https:\/\/maisemabetoni.fi\/wp-content\/uploads\/2015\/02\/lounatuulenpuisto21-170x170.jpg\" \/><\/a><a href=\"https:\/\/maisemabetoni.fi\/wp-content\/uploads\/2015\/02\/lounatuulenpuisto3.jpg\" data-rel=\"lightbox-gallery-bGlnaHRib3gtZ2FsbGVyeS1IVTdVbkcydw==\" data-rl_title=\"\" data-rl_caption=\"\" data-rl_title=\"\" data-rl_caption=\"\" title=\"\"><img decoding=\"async\" class=\"galleria\" src=\"https:\/\/maisemabetoni.fi\/wp-content\/uploads\/2015\/02\/lounatuulenpuisto3-170x170.jpg\" \/><\/a><a href=\"https:\/\/maisemabetoni.fi\/wp-content\/uploads\/2015\/02\/lounatuulenpuisto11.jpg\" data-rel=\"lightbox-gallery-bGlnaHRib3gtZ2FsbGVyeS1IVTdVbkcydw==\" data-rl_title=\"\" data-rl_caption=\"\" data-rl_title=\"\" data-rl_caption=\"\" title=\"\"><img decoding=\"async\" class=\"galleria\" src=\"https:\/\/maisemabetoni.fi\/wp-content\/uploads\/2015\/02\/lounatuulenpuisto11-170x170.jpg\" \/><\/a><\/p>\n\n","protected":false},"excerpt":{"rendered":"","protected":false},"author":1,"featured_media":0,"parent":944,"menu_order":3,"comment_status":"closed","ping_status":"closed","template":"","meta":{"footnotes":""},"class_list":["post-1131","page","type-page","status-publish","hentry"],"yoast_head":"<!-- This site is optimized with the Yoast SEO plugin v26.8 - https:\/\/yoast.com\/product\/yoast-seo-wordpress\/ -->\n<title>Lounatuulenpuisto, Hyvink\u00e4\u00e4, 2014 - Maisemabetoni<\/title>\n<meta name=\"robots\" content=\"noindex, follow, max-snippet:-1, max-image-preview:large, max-video-preview:-1\" \/>\n<meta property=\"og:locale\" content=\"fi_FI\" \/>\n<meta property=\"og:type\" content=\"article\" \/>\n<meta property=\"og:title\" content=\"Lounatuulenpuisto, Hyvink\u00e4\u00e4, 2014 - Maisemabetoni\" \/>\n<meta property=\"og:url\" content=\"https:\/\/maisemabetoni.fi\/fin\/referenssit\/vuoden-ymparistorakenteet\/lounatuulenpuisto-hyvinkaa\/\" \/>\n<meta property=\"og:site_name\" content=\"Maisemabetoni\" \/>\n<meta property=\"article:modified_time\" content=\"2019-02-28T13:50:27+00:00\" \/>\n<meta name=\"twitter:card\" content=\"summary_large_image\" \/>\n<script type=\"application\/ld+json\" class=\"yoast-schema-graph\">{\"@context\":\"https:\/\/schema.org\",\"@graph\":[{\"@type\":\"WebPage\",\"@id\":\"https:\/\/maisemabetoni.fi\/fin\/referenssit\/vuoden-ymparistorakenteet\/lounatuulenpuisto-hyvinkaa\/\",\"url\":\"https:\/\/maisemabetoni.fi\/fin\/referenssit\/vuoden-ymparistorakenteet\/lounatuulenpuisto-hyvinkaa\/\",\"name\":\"Lounatuulenpuisto, Hyvink\u00e4\u00e4, 2014 - Maisemabetoni\",\"isPartOf\":{\"@id\":\"https:\/\/maisemabetoni.fi\/fin\/#website\"},\"datePublished\":\"2018-02-01T14:56:33+00:00\",\"dateModified\":\"2019-02-28T13:50:27+00:00\",\"breadcrumb\":{\"@id\":\"https:\/\/maisemabetoni.fi\/fin\/referenssit\/vuoden-ymparistorakenteet\/lounatuulenpuisto-hyvinkaa\/#breadcrumb\"},\"inLanguage\":\"fi\",\"potentialAction\":[{\"@type\":\"ReadAction\",\"target\":[\"https:\/\/maisemabetoni.fi\/fin\/referenssit\/vuoden-ymparistorakenteet\/lounatuulenpuisto-hyvinkaa\/\"]}]},{\"@type\":\"BreadcrumbList\",\"@id\":\"https:\/\/maisemabetoni.fi\/fin\/referenssit\/vuoden-ymparistorakenteet\/lounatuulenpuisto-hyvinkaa\/#breadcrumb\",\"itemListElement\":[{\"@type\":\"ListItem\",\"position\":1,\"name\":\"Etusivu\",\"item\":\"https:\/\/maisemabetoni.fi\/fin\/\"},{\"@type\":\"ListItem\",\"position\":2,\"name\":\"VUODEN YMP\u00c4RIST\u00d6RAKENTEET\",\"item\":\"https:\/\/maisemabetoni.fi\/fin\/referenssit\/vuoden-ymparistorakenteet\/\"},{\"@type\":\"ListItem\",\"position\":3,\"name\":\"Lounatuulenpuisto, Hyvink\u00e4\u00e4, 2014\"}]},{\"@type\":\"WebSite\",\"@id\":\"https:\/\/maisemabetoni.fi\/fin\/#website\",\"url\":\"https:\/\/maisemabetoni.fi\/fin\/\",\"name\":\"Maisemabetoni\",\"description\":\"\",\"potentialAction\":[{\"@type\":\"SearchAction\",\"target\":{\"@type\":\"EntryPoint\",\"urlTemplate\":\"https:\/\/maisemabetoni.fi\/fin\/?s={search_term_string}\"},\"query-input\":{\"@type\":\"PropertyValueSpecification\",\"valueRequired\":true,\"valueName\":\"search_term_string\"}}],\"inLanguage\":\"fi\"}]}<\/script>\n<!-- \/ Yoast SEO plugin. -->","yoast_head_json":{"title":"Lounatuulenpuisto, Hyvink\u00e4\u00e4, 2014 - Maisemabetoni","robots":{"index":"noindex","follow":"follow","max-snippet":"max-snippet:-1","max-image-preview":"max-image-preview:large","max-video-preview":"max-video-preview:-1"},"og_locale":"fi_FI","og_type":"article","og_title":"Lounatuulenpuisto, Hyvink\u00e4\u00e4, 2014 - Maisemabetoni","og_url":"https:\/\/maisemabetoni.fi\/fin\/referenssit\/vuoden-ymparistorakenteet\/lounatuulenpuisto-hyvinkaa\/","og_site_name":"Maisemabetoni","article_modified_time":"2019-02-28T13:50:27+00:00","twitter_card":"summary_large_image","schema":{"@context":"https:\/\/schema.org","@graph":[{"@type":"WebPage","@id":"https:\/\/maisemabetoni.fi\/fin\/referenssit\/vuoden-ymparistorakenteet\/lounatuulenpuisto-hyvinkaa\/","url":"https:\/\/maisemabetoni.fi\/fin\/referenssit\/vuoden-ymparistorakenteet\/lounatuulenpuisto-hyvinkaa\/","name":"Lounatuulenpuisto, Hyvink\u00e4\u00e4, 2014 - Maisemabetoni","isPartOf":{"@id":"https:\/\/maisemabetoni.fi\/fin\/#website"},"datePublished":"2018-02-01T14:56:33+00:00","dateModified":"2019-02-28T13:50:27+00:00","breadcrumb":{"@id":"https:\/\/maisemabetoni.fi\/fin\/referenssit\/vuoden-ymparistorakenteet\/lounatuulenpuisto-hyvinkaa\/#breadcrumb"},"inLanguage":"fi","potentialAction":[{"@type":"ReadAction","target":["https:\/\/maisemabetoni.fi\/fin\/referenssit\/vuoden-ymparistorakenteet\/lounatuulenpuisto-hyvinkaa\/"]}]},{"@type":"BreadcrumbList","@id":"https:\/\/maisemabetoni.fi\/fin\/referenssit\/vuoden-ymparistorakenteet\/lounatuulenpuisto-hyvinkaa\/#breadcrumb","itemListElement":[{"@type":"ListItem","position":1,"name":"Etusivu","item":"https:\/\/maisemabetoni.fi\/fin\/"},{"@type":"ListItem","position":2,"name":"VUODEN YMP\u00c4RIST\u00d6RAKENTEET","item":"https:\/\/maisemabetoni.fi\/fin\/referenssit\/vuoden-ymparistorakenteet\/"},{"@type":"ListItem","position":3,"name":"Lounatuulenpuisto, Hyvink\u00e4\u00e4, 2014"}]},{"@type":"WebSite","@id":"https:\/\/maisemabetoni.fi\/fin\/#website","url":"https:\/\/maisemabetoni.fi\/fin\/","name":"Maisemabetoni","description":"","potentialAction":[{"@type":"SearchAction","target":{"@type":"EntryPoint","urlTemplate":"https:\/\/maisemabetoni.fi\/fin\/?s={search_term_string}"},"query-input":{"@type":"PropertyValueSpecification","valueRequired":true,"valueName":"search_term_string"}}],"inLanguage":"fi"}]}},"_links":{"self":[{"href":"https:\/\/maisemabetoni.fi\/fin\/wp-json\/wp\/v2\/pages\/1131","targetHints":{"allow":["GET"]}}],"collection":[{"href":"https:\/\/maisemabetoni.fi\/fin\/wp-json\/wp\/v2\/pages"}],"about":[{"href":"https:\/\/maisemabetoni.fi\/fin\/wp-json\/wp\/v2\/types\/page"}],"author":[{"embeddable":true,"href":"https:\/\/maisemabetoni.fi\/fin\/wp-json\/wp\/v2\/users\/1"}],"replies":[{"embeddable":true,"href":"https:\/\/maisemabetoni.fi\/fin\/wp-json\/wp\/v2\/comments?post=1131"}],"version-history":[{"count":3,"href":"https:\/\/maisemabetoni.fi\/fin\/wp-json\/wp\/v2\/pages\/1131\/revisions"}],"predecessor-version":[{"id":1600,"href":"https:\/\/maisemabetoni.fi\/fin\/wp-json\/wp\/v2\/pages\/1131\/revisions\/1600"}],"up":[{"embeddable":true,"href":"https:\/\/maisemabetoni.fi\/fin\/wp-json\/wp\/v2\/pages\/944"}],"wp:attachment":[{"href":"https:\/\/maisemabetoni.fi\/fin\/wp-json\/wp\/v2\/media?parent=1131"}],"curies":[{"name":"wp","href":"https:\/\/api.w.org\/{rel}","templated":true}]}}