{"id":1134,"date":"2018-02-01T16:59:15","date_gmt":"2018-02-01T14:59:15","guid":{"rendered":"https:\/\/maisemabetoni.fi\/fin\/?page_id=1134"},"modified":"2019-08-30T13:04:06","modified_gmt":"2019-08-30T10:04:06","slug":"saunalahden-koulu-espoo","status":"publish","type":"page","link":"https:\/\/maisemabetoni.fi\/fin\/referenssit\/vuoden-ymparistorakenteet\/saunalahden-koulu-espoo\/","title":{"rendered":"Saunalahden koulu,<br> Espoo, 2013"},"content":{"rendered":"<h4>Saunalahden koulu VYR 2013<\/h4>\n<p><strong><img decoding=\"async\" class=\"alignright\" src=\"https:\/\/maisemabetoni.fi\/wp-content\/uploads\/2013\/09\/IMG_3225-530x320.jpg\" alt=\"\" \/>RAKENNUTTAJA<\/strong><br \/>\nEspoon kaupunki, Tilakeskus liikelaitos<br \/>\n<strong>P\u00c4\u00c4SUUNNITTELIJA<\/strong><br \/>\nPihasuunnistelusta vastasi LOCI maisema-arkkitehdit Oy yhdess\u00e4 Verstas arkkitehdit OY:n kanssa<br \/>\n<strong>P\u00c4\u00c4URAKOITSIJA<\/strong><br \/>\nYIT Rakennus Oy Infrapalvelut<\/p>\n<p>Saunalahden koulurakennus on sijoitettu tontille siten, ett\u00e4 piha-alueet saadaan mahdollisimman miellytt\u00e4viksi ja turvallisiksi. Rakennus rajautuu l\u00e4nsipuoleltaan Kompassikatuun. Etel\u00e4- ja it\u00e4puolella raken\u00adnuksen p\u00e4\u00e4tilat avautuvat pihojen v\u00e4lityksell\u00e4 Kompassitorin suuntaan. Pihat muodostavat maiseman, joka j\u00e4sentyy eri-ik\u00e4isten lasten pihapoukamiin. Nuorimmat lapset viett\u00e4v\u00e4t aikaansa aamup\u00e4iv\u00e4n auringossa. Vanhempien koululaisten poukama liittyy avoimesti Kom\u00adpassitoriin ja saa auringonvaloa paitsi aamup\u00e4i\u00adv\u00e4ll\u00e4, my\u00f6s iltap\u00e4iv\u00e4ll\u00e4 matalan etel\u00e4siiven yli.<\/p>\n<p>Rinnetontin korkeuserot on hy\u00f6dynnetty terassoituvassa pihassa, joka kiertyy ruokasa\u00adlin edustalla ulkoteatteriksi. Ulkoilmateatteri kokoaa sis\u00e4- ja ulkotilat yhdeksi kokonaisuu\u00addeksi. Teatterin n\u00e4ytt\u00e4m\u00f6 sijaitsee pihalla nuorempien ja vanhempien oppilaiden piho\u00adjen liittym\u00e4kohdassa. Isompi liikuntakentt\u00e4, Saunalahdenkentt\u00e4 (65x100m), sijoittuu tontin pohjoisosaan ja pienempi, Magneettikentt\u00e4 (20x40m) l\u00e4hiliikuntapaikkoineen, Kompassi\u00adtorin yhteyteen.<\/p>\n<p>P\u00e4\u00e4sis\u00e4\u00e4nk\u00e4ynnit sijoittuvat Kompassikadun ja Kompassitorin \u00e4\u00e4relle sek\u00e4 paikoitusalueen yhteyteen ja ne ovat esteett\u00f6mi\u00e4. Kotialueille ja p\u00e4iv\u00e4kotiin on omat sis\u00e4\u00e4nk\u00e4ynnit v\u00e4li\u00adtuntipihoilta. Rakennusmassa muodostaa v\u00e4lituntipiha-alueille turvallisen selustan ja suojaa niit\u00e4 katu- ja liikennealueilta.<\/p>\n<p>Saunalahden koulun piha-alue valittiin vuoden ymp\u00e4rist\u00f6rakenteeksi 2013.<\/p>\n<p><a class=\"nappi4\" style=\"color: #fff;\" href=\"https:\/\/maisemabetoni.fi\/fin\/wp-content\/uploads\/2020\/10\/VYR-2013-Saunalahden-koulu.pdf\" target=\"_blank\" rel=\"noopener noreferrer\">Lue kohteen esittely Betonilehdess\u00e4 \u00bb<\/a><\/p>\n<p><a href=\"https:\/\/maisemabetoni.fi\/wp-content\/uploads\/2013\/09\/IMG_3225.jpg\" data-rel=\"lightbox-gallery-bGlnaHRib3gtZ2FsbGVyeS04eHQ0aFZpNA==\" data-rl_title=\"\" data-rl_caption=\"\" data-rl_title=\"\" data-rl_caption=\"\" title=\"\"><img decoding=\"async\" class=\"galleria\" src=\"https:\/\/maisemabetoni.fi\/wp-content\/uploads\/2013\/09\/IMG_3225-170x170.jpg\" \/><\/a><a href=\"https:\/\/maisemabetoni.fi\/wp-content\/uploads\/2013\/09\/Kuva6.jpg\" data-rel=\"lightbox-gallery-bGlnaHRib3gtZ2FsbGVyeS04eHQ0aFZpNA==\" data-rl_title=\"\" data-rl_caption=\"\" data-rl_title=\"\" data-rl_caption=\"\" title=\"\"><img decoding=\"async\" class=\"galleria\" src=\"https:\/\/maisemabetoni.fi\/wp-content\/uploads\/2013\/09\/Kuva6-170x170.jpg\" \/><\/a><a href=\"https:\/\/maisemabetoni.fi\/wp-content\/uploads\/2013\/09\/IMG_3204.jpg\" data-rel=\"lightbox-gallery-bGlnaHRib3gtZ2FsbGVyeS04eHQ0aFZpNA==\" data-rl_title=\"\" data-rl_caption=\"\" data-rl_title=\"\" data-rl_caption=\"\" title=\"\"><img decoding=\"async\" class=\"galleria\" src=\"https:\/\/maisemabetoni.fi\/wp-content\/uploads\/2013\/09\/IMG_3204-170x170.jpg\" \/><\/a><a href=\"https:\/\/maisemabetoni.fi\/wp-content\/uploads\/2013\/09\/IMG_3197.jpg\" data-rel=\"lightbox-gallery-bGlnaHRib3gtZ2FsbGVyeS04eHQ0aFZpNA==\" data-rl_title=\"\" data-rl_caption=\"\" data-rl_title=\"\" data-rl_caption=\"\" title=\"\"><img decoding=\"async\" class=\"galleria\" src=\"https:\/\/maisemabetoni.fi\/wp-content\/uploads\/2013\/09\/IMG_3197-170x170.jpg\" \/><\/a><a href=\"https:\/\/maisemabetoni.fi\/wp-content\/uploads\/2013\/09\/IMG_3216.jpg\" data-rel=\"lightbox-gallery-bGlnaHRib3gtZ2FsbGVyeS04eHQ0aFZpNA==\" data-rl_title=\"\" data-rl_caption=\"\" data-rl_title=\"\" data-rl_caption=\"\" title=\"\"><img decoding=\"async\" class=\"galleria\" src=\"https:\/\/maisemabetoni.fi\/wp-content\/uploads\/2013\/09\/IMG_3216-170x170.jpg\" \/><\/a><a href=\"https:\/\/maisemabetoni.fi\/wp-content\/uploads\/2013\/09\/P8191747.jpg\" data-rel=\"lightbox-gallery-bGlnaHRib3gtZ2FsbGVyeS04eHQ0aFZpNA==\" data-rl_title=\"\" data-rl_caption=\"\" data-rl_title=\"\" data-rl_caption=\"\" title=\"\"><img decoding=\"async\" class=\"galleria\" src=\"https:\/\/maisemabetoni.fi\/wp-content\/uploads\/2013\/09\/P8191747-170x170.jpg\" \/><\/a><a href=\"https:\/\/maisemabetoni.fi\/wp-content\/uploads\/2013\/09\/IMG_3221.jpg\" data-rel=\"lightbox-gallery-bGlnaHRib3gtZ2FsbGVyeS04eHQ0aFZpNA==\" data-rl_title=\"\" data-rl_caption=\"\" data-rl_title=\"\" data-rl_caption=\"\" title=\"\"><img decoding=\"async\" class=\"galleria\" src=\"https:\/\/maisemabetoni.fi\/wp-content\/uploads\/2013\/09\/IMG_3221-170x170.jpg\" \/><\/a><a href=\"https:\/\/maisemabetoni.fi\/wp-content\/uploads\/2013\/09\/P8191732.jpg\" data-rel=\"lightbox-gallery-bGlnaHRib3gtZ2FsbGVyeS04eHQ0aFZpNA==\" data-rl_title=\"\" data-rl_caption=\"\" data-rl_title=\"\" data-rl_caption=\"\" title=\"\"><img decoding=\"async\" class=\"galleria\" src=\"https:\/\/maisemabetoni.fi\/wp-content\/uploads\/2013\/09\/P8191732-170x170.jpg\" \/><\/a><a href=\"https:\/\/maisemabetoni.fi\/wp-content\/uploads\/2013\/09\/P8191739.jpg\" data-rel=\"lightbox-gallery-bGlnaHRib3gtZ2FsbGVyeS04eHQ0aFZpNA==\" data-rl_title=\"\" data-rl_caption=\"\" data-rl_title=\"\" data-rl_caption=\"\" title=\"\"><img decoding=\"async\" class=\"galleria\" src=\"https:\/\/maisemabetoni.fi\/wp-content\/uploads\/2013\/09\/P8191739-170x170.jpg\" \/><\/a><a href=\"https:\/\/maisemabetoni.fi\/wp-content\/uploads\/2013\/09\/IMG_3238.jpg\" data-rel=\"lightbox-gallery-bGlnaHRib3gtZ2FsbGVyeS04eHQ0aFZpNA==\" data-rl_title=\"\" data-rl_caption=\"\" data-rl_title=\"\" data-rl_caption=\"\" title=\"\"><img decoding=\"async\" class=\"galleria\" src=\"https:\/\/maisemabetoni.fi\/wp-content\/uploads\/2013\/09\/IMG_3238-170x170.jpg\" \/><\/a><a href=\"https:\/\/maisemabetoni.fi\/wp-content\/uploads\/2013\/09\/IMG_3213.jpg\" data-rel=\"lightbox-gallery-bGlnaHRib3gtZ2FsbGVyeS04eHQ0aFZpNA==\" data-rl_title=\"\" data-rl_caption=\"\" data-rl_title=\"\" data-rl_caption=\"\" title=\"\"><img decoding=\"async\" class=\"galleria\" src=\"https:\/\/maisemabetoni.fi\/wp-content\/uploads\/2013\/09\/IMG_3213-170x170.jpg\" \/><\/a><a href=\"https:\/\/maisemabetoni.fi\/wp-content\/uploads\/2013\/09\/IMG_3201.jpg\" data-rel=\"lightbox-gallery-bGlnaHRib3gtZ2FsbGVyeS04eHQ0aFZpNA==\" data-rl_title=\"\" data-rl_caption=\"\" data-rl_title=\"\" data-rl_caption=\"\" title=\"\"><img decoding=\"async\" class=\"galleria\" src=\"https:\/\/maisemabetoni.fi\/wp-content\/uploads\/2013\/09\/IMG_3201-170x170.jpg\" \/><\/a><a href=\"https:\/\/maisemabetoni.fi\/wp-content\/uploads\/2013\/09\/P8191758.jpg\" data-rel=\"lightbox-gallery-bGlnaHRib3gtZ2FsbGVyeS04eHQ0aFZpNA==\" data-rl_title=\"\" data-rl_caption=\"\" data-rl_title=\"\" data-rl_caption=\"\" title=\"\"><img decoding=\"async\" class=\"galleria\" src=\"https:\/\/maisemabetoni.fi\/wp-content\/uploads\/2013\/09\/P8191758-170x170.jpg\" \/><\/a><a href=\"https:\/\/maisemabetoni.fi\/wp-content\/uploads\/2013\/09\/P8191760.jpg\" data-rel=\"lightbox-gallery-bGlnaHRib3gtZ2FsbGVyeS04eHQ0aFZpNA==\" data-rl_title=\"\" data-rl_caption=\"\" data-rl_title=\"\" data-rl_caption=\"\" title=\"\"><img decoding=\"async\" class=\"galleria\" src=\"https:\/\/maisemabetoni.fi\/wp-content\/uploads\/2013\/09\/P8191760-170x170.jpg\" \/><\/a><a href=\"https:\/\/maisemabetoni.fi\/wp-content\/uploads\/2013\/09\/IMG_3208.jpg\" data-rel=\"lightbox-gallery-bGlnaHRib3gtZ2FsbGVyeS04eHQ0aFZpNA==\" data-rl_title=\"\" data-rl_caption=\"\" data-rl_title=\"\" data-rl_caption=\"\" title=\"\"><img decoding=\"async\" class=\"galleria\" src=\"https:\/\/maisemabetoni.fi\/wp-content\/uploads\/2013\/09\/IMG_3208-170x170.jpg\" \/><\/a><a href=\"https:\/\/maisemabetoni.fi\/wp-content\/uploads\/2013\/09\/IMG_3207.jpg\" data-rel=\"lightbox-gallery-bGlnaHRib3gtZ2FsbGVyeS04eHQ0aFZpNA==\" data-rl_title=\"\" data-rl_caption=\"\" data-rl_title=\"\" data-rl_caption=\"\" title=\"\"><img decoding=\"async\" class=\"galleria\" src=\"https:\/\/maisemabetoni.fi\/wp-content\/uploads\/2013\/09\/IMG_3207-170x170.jpg\" \/><\/a><a href=\"https:\/\/maisemabetoni.fi\/wp-content\/uploads\/2013\/09\/P8191778.jpg\" data-rel=\"lightbox-gallery-bGlnaHRib3gtZ2FsbGVyeS04eHQ0aFZpNA==\" data-rl_title=\"\" data-rl_caption=\"\" data-rl_title=\"\" data-rl_caption=\"\" title=\"\"><img decoding=\"async\" class=\"galleria\" src=\"https:\/\/maisemabetoni.fi\/wp-content\/uploads\/2013\/09\/P8191778-170x170.jpg\" \/><\/a><a href=\"https:\/\/maisemabetoni.fi\/wp-content\/uploads\/2013\/09\/P8191763.jpg\" data-rel=\"lightbox-gallery-bGlnaHRib3gtZ2FsbGVyeS04eHQ0aFZpNA==\" data-rl_title=\"\" data-rl_caption=\"\" data-rl_title=\"\" data-rl_caption=\"\" title=\"\"><img decoding=\"async\" class=\"galleria\" src=\"https:\/\/maisemabetoni.fi\/wp-content\/uploads\/2013\/09\/P8191763-170x170.jpg\" \/><\/a><\/p>\n\n","protected":false},"excerpt":{"rendered":"","protected":false},"author":1,"featured_media":0,"parent":944,"menu_order":4,"comment_status":"closed","ping_status":"closed","template":"","meta":{"footnotes":""},"class_list":["post-1134","page","type-page","status-publish","hentry"],"yoast_head":"<!-- This site is optimized with the Yoast SEO plugin v26.8 - https:\/\/yoast.com\/product\/yoast-seo-wordpress\/ -->\n<title>Saunalahden koulu, Espoo, 2013 - Maisemabetoni<\/title>\n<meta name=\"robots\" content=\"noindex, follow, max-snippet:-1, max-image-preview:large, max-video-preview:-1\" \/>\n<meta property=\"og:locale\" content=\"fi_FI\" \/>\n<meta property=\"og:type\" content=\"article\" \/>\n<meta property=\"og:title\" content=\"Saunalahden koulu, Espoo, 2013 - Maisemabetoni\" \/>\n<meta property=\"og:url\" content=\"https:\/\/maisemabetoni.fi\/fin\/referenssit\/vuoden-ymparistorakenteet\/saunalahden-koulu-espoo\/\" \/>\n<meta property=\"og:site_name\" content=\"Maisemabetoni\" \/>\n<meta property=\"article:modified_time\" content=\"2019-08-30T10:04:06+00:00\" \/>\n<meta name=\"twitter:card\" content=\"summary_large_image\" \/>\n<script type=\"application\/ld+json\" class=\"yoast-schema-graph\">{\"@context\":\"https:\/\/schema.org\",\"@graph\":[{\"@type\":\"WebPage\",\"@id\":\"https:\/\/maisemabetoni.fi\/fin\/referenssit\/vuoden-ymparistorakenteet\/saunalahden-koulu-espoo\/\",\"url\":\"https:\/\/maisemabetoni.fi\/fin\/referenssit\/vuoden-ymparistorakenteet\/saunalahden-koulu-espoo\/\",\"name\":\"Saunalahden koulu, Espoo, 2013 - Maisemabetoni\",\"isPartOf\":{\"@id\":\"https:\/\/maisemabetoni.fi\/fin\/#website\"},\"datePublished\":\"2018-02-01T14:59:15+00:00\",\"dateModified\":\"2019-08-30T10:04:06+00:00\",\"breadcrumb\":{\"@id\":\"https:\/\/maisemabetoni.fi\/fin\/referenssit\/vuoden-ymparistorakenteet\/saunalahden-koulu-espoo\/#breadcrumb\"},\"inLanguage\":\"fi\",\"potentialAction\":[{\"@type\":\"ReadAction\",\"target\":[\"https:\/\/maisemabetoni.fi\/fin\/referenssit\/vuoden-ymparistorakenteet\/saunalahden-koulu-espoo\/\"]}]},{\"@type\":\"BreadcrumbList\",\"@id\":\"https:\/\/maisemabetoni.fi\/fin\/referenssit\/vuoden-ymparistorakenteet\/saunalahden-koulu-espoo\/#breadcrumb\",\"itemListElement\":[{\"@type\":\"ListItem\",\"position\":1,\"name\":\"Etusivu\",\"item\":\"https:\/\/maisemabetoni.fi\/fin\/\"},{\"@type\":\"ListItem\",\"position\":2,\"name\":\"VUODEN YMP\u00c4RIST\u00d6RAKENTEET\",\"item\":\"https:\/\/maisemabetoni.fi\/fin\/referenssit\/vuoden-ymparistorakenteet\/\"},{\"@type\":\"ListItem\",\"position\":3,\"name\":\"Saunalahden koulu, Espoo, 2013\"}]},{\"@type\":\"WebSite\",\"@id\":\"https:\/\/maisemabetoni.fi\/fin\/#website\",\"url\":\"https:\/\/maisemabetoni.fi\/fin\/\",\"name\":\"Maisemabetoni\",\"description\":\"\",\"potentialAction\":[{\"@type\":\"SearchAction\",\"target\":{\"@type\":\"EntryPoint\",\"urlTemplate\":\"https:\/\/maisemabetoni.fi\/fin\/?s={search_term_string}\"},\"query-input\":{\"@type\":\"PropertyValueSpecification\",\"valueRequired\":true,\"valueName\":\"search_term_string\"}}],\"inLanguage\":\"fi\"}]}<\/script>\n<!-- \/ Yoast SEO plugin. -->","yoast_head_json":{"title":"Saunalahden koulu, Espoo, 2013 - Maisemabetoni","robots":{"index":"noindex","follow":"follow","max-snippet":"max-snippet:-1","max-image-preview":"max-image-preview:large","max-video-preview":"max-video-preview:-1"},"og_locale":"fi_FI","og_type":"article","og_title":"Saunalahden koulu, Espoo, 2013 - Maisemabetoni","og_url":"https:\/\/maisemabetoni.fi\/fin\/referenssit\/vuoden-ymparistorakenteet\/saunalahden-koulu-espoo\/","og_site_name":"Maisemabetoni","article_modified_time":"2019-08-30T10:04:06+00:00","twitter_card":"summary_large_image","schema":{"@context":"https:\/\/schema.org","@graph":[{"@type":"WebPage","@id":"https:\/\/maisemabetoni.fi\/fin\/referenssit\/vuoden-ymparistorakenteet\/saunalahden-koulu-espoo\/","url":"https:\/\/maisemabetoni.fi\/fin\/referenssit\/vuoden-ymparistorakenteet\/saunalahden-koulu-espoo\/","name":"Saunalahden koulu, Espoo, 2013 - Maisemabetoni","isPartOf":{"@id":"https:\/\/maisemabetoni.fi\/fin\/#website"},"datePublished":"2018-02-01T14:59:15+00:00","dateModified":"2019-08-30T10:04:06+00:00","breadcrumb":{"@id":"https:\/\/maisemabetoni.fi\/fin\/referenssit\/vuoden-ymparistorakenteet\/saunalahden-koulu-espoo\/#breadcrumb"},"inLanguage":"fi","potentialAction":[{"@type":"ReadAction","target":["https:\/\/maisemabetoni.fi\/fin\/referenssit\/vuoden-ymparistorakenteet\/saunalahden-koulu-espoo\/"]}]},{"@type":"BreadcrumbList","@id":"https:\/\/maisemabetoni.fi\/fin\/referenssit\/vuoden-ymparistorakenteet\/saunalahden-koulu-espoo\/#breadcrumb","itemListElement":[{"@type":"ListItem","position":1,"name":"Etusivu","item":"https:\/\/maisemabetoni.fi\/fin\/"},{"@type":"ListItem","position":2,"name":"VUODEN YMP\u00c4RIST\u00d6RAKENTEET","item":"https:\/\/maisemabetoni.fi\/fin\/referenssit\/vuoden-ymparistorakenteet\/"},{"@type":"ListItem","position":3,"name":"Saunalahden koulu, Espoo, 2013"}]},{"@type":"WebSite","@id":"https:\/\/maisemabetoni.fi\/fin\/#website","url":"https:\/\/maisemabetoni.fi\/fin\/","name":"Maisemabetoni","description":"","potentialAction":[{"@type":"SearchAction","target":{"@type":"EntryPoint","urlTemplate":"https:\/\/maisemabetoni.fi\/fin\/?s={search_term_string}"},"query-input":{"@type":"PropertyValueSpecification","valueRequired":true,"valueName":"search_term_string"}}],"inLanguage":"fi"}]}},"_links":{"self":[{"href":"https:\/\/maisemabetoni.fi\/fin\/wp-json\/wp\/v2\/pages\/1134","targetHints":{"allow":["GET"]}}],"collection":[{"href":"https:\/\/maisemabetoni.fi\/fin\/wp-json\/wp\/v2\/pages"}],"about":[{"href":"https:\/\/maisemabetoni.fi\/fin\/wp-json\/wp\/v2\/types\/page"}],"author":[{"embeddable":true,"href":"https:\/\/maisemabetoni.fi\/fin\/wp-json\/wp\/v2\/users\/1"}],"replies":[{"embeddable":true,"href":"https:\/\/maisemabetoni.fi\/fin\/wp-json\/wp\/v2\/comments?post=1134"}],"version-history":[{"count":5,"href":"https:\/\/maisemabetoni.fi\/fin\/wp-json\/wp\/v2\/pages\/1134\/revisions"}],"predecessor-version":[{"id":2153,"href":"https:\/\/maisemabetoni.fi\/fin\/wp-json\/wp\/v2\/pages\/1134\/revisions\/2153"}],"up":[{"embeddable":true,"href":"https:\/\/maisemabetoni.fi\/fin\/wp-json\/wp\/v2\/pages\/944"}],"wp:attachment":[{"href":"https:\/\/maisemabetoni.fi\/fin\/wp-json\/wp\/v2\/media?parent=1134"}],"curies":[{"name":"wp","href":"https:\/\/api.w.org\/{rel}","templated":true}]}}