{"id":1141,"date":"2018-02-01T17:10:54","date_gmt":"2018-02-01T15:10:54","guid":{"rendered":"https:\/\/maisemabetoni.fi\/fin\/?page_id=1141"},"modified":"2019-02-28T17:18:55","modified_gmt":"2019-02-28T15:18:55","slug":"lasaretinsaaren-alue-oulu","status":"publish","type":"page","link":"https:\/\/maisemabetoni.fi\/fin\/referenssit\/vuoden-ymparistorakenteet\/lasaretinsaaren-alue-oulu\/","title":{"rendered":"Lasaretinsaaren alue,<br> Oulu, 2005"},"content":{"rendered":"<h4><img decoding=\"async\" class=\"alignright\" src=\"http:\/\/maisemabetoni.fi\/wp-content\/uploads\/2013\/08\/Lasaretinsaari1.jpg\" alt=\"\" \/>Lasaretinsaaren alue, Oulu (VYR 2005)<\/h4>\n<p>RAKENNUTTAJA<br \/>\nMerikosken kuntoutus- ja tutkimuskeskus, Oulun kaupungin tekninen keskus, Oulun Energia Oy<br \/>\nP\u00c4\u00c4SUUNNITTELIJA<br \/>\nArkkitehtitoimisto Jorma Teppo Oy, Maisema-arkkitehtitoimisto T. Kurttila ky, Arkkitehtiasema Oy, diplomi-insin\u00f6\u00f6ri Lauri Eskelinen<br \/>\nP\u00c4\u00c4URAKOITSIJA<br \/>\nViherRengas J\u00e4rvenp\u00e4\u00e4 Oy<\/p>\n<p>Toimiva ymp\u00e4rist\u00f6rakentamisen kokonaisuus. Toteutuksessa yhdistetty onnistuneesti kivi- ja viherrakentamista ja pihakalusteissa hy\u00f6dynnetty my\u00f6s suomalaista luonnon kive\u00e4. Alueen poikki kulkevat k\u00e4vely- ja py\u00f6r\u00e4tiet otettu hyvin k\u00e4ytt\u00f6\u00f6n ja alue nivottu toimivaksi osaksi kaupunkikuvaa.<\/p>\n<p>Vuoden Ymp\u00e4rist\u00f6rakennekilpailun voittaja 2005<\/p>\n<p><iframe loading=\"lazy\" width=\"490\" height=\"260\" src=\"https:\/\/www.youtube.com\/embed\/_7LNJCLxdhk\" frameborder=\"0\" allow=\"accelerometer; autoplay; clipboard-write; encrypted-media; gyroscope; picture-in-picture\" allowfullscreen><\/iframe><\/p>\n<p><a class=\"nappi4\" style=\"color: #fff;\" href=\"https:\/\/maisemabetoni.fi\/fin\/wp-content\/uploads\/2020\/10\/VYR-2005-Lasaretinsaari-Oulu.pdf\" target=\"_blank\" rel=\"noopener noreferrer\">Lue kohteen esittely Betonilehdess\u00e4 \u00bb<\/a><\/p>\n<p><a href=\"https:\/\/maisemabetoni.fi\/wp-content\/uploads\/2013\/08\/Lasaretinsaari1.jpg\"><img decoding=\"async\" class=\"galleria\" src=\"https:\/\/maisemabetoni.fi\/wp-content\/uploads\/2013\/08\/Lasaretinsaari1-170x170.jpg\" \/><a href=\"https:\/\/maisemabetoni.fi\/wp-content\/uploads\/2013\/08\/lasaretinsaari2.jpg\"><img decoding=\"async\" class=\"galleria\" src=\"https:\/\/maisemabetoni.fi\/wp-content\/uploads\/2013\/08\/lasaretinsaari2-170x170.jpg\" \/><a href=\"https:\/\/maisemabetoni.fi\/wp-content\/uploads\/2013\/08\/Lasaretinsaari3.jpg\"><img decoding=\"async\" class=\"galleria\" src=\"https:\/\/maisemabetoni.fi\/wp-content\/uploads\/2013\/08\/Lasaretinsaari3-170x170.jpg\" \/><\/p>\n\n","protected":false},"excerpt":{"rendered":"","protected":false},"author":1,"featured_media":0,"parent":944,"menu_order":12,"comment_status":"closed","ping_status":"closed","template":"","meta":{"footnotes":""},"class_list":["post-1141","page","type-page","status-publish","hentry"],"yoast_head":"<!-- This site is optimized with the Yoast SEO plugin v26.8 - https:\/\/yoast.com\/product\/yoast-seo-wordpress\/ -->\n<title>Lasaretinsaaren alue, Oulu, 2005 - Maisemabetoni<\/title>\n<meta name=\"robots\" content=\"noindex, follow, max-snippet:-1, max-image-preview:large, max-video-preview:-1\" \/>\n<meta property=\"og:locale\" content=\"fi_FI\" \/>\n<meta property=\"og:type\" content=\"article\" \/>\n<meta property=\"og:title\" content=\"Lasaretinsaaren alue, Oulu, 2005 - Maisemabetoni\" \/>\n<meta property=\"og:url\" content=\"https:\/\/maisemabetoni.fi\/fin\/referenssit\/vuoden-ymparistorakenteet\/lasaretinsaaren-alue-oulu\/\" \/>\n<meta property=\"og:site_name\" content=\"Maisemabetoni\" \/>\n<meta property=\"article:modified_time\" content=\"2019-02-28T15:18:55+00:00\" \/>\n<meta name=\"twitter:card\" content=\"summary_large_image\" \/>\n<script type=\"application\/ld+json\" class=\"yoast-schema-graph\">{\"@context\":\"https:\/\/schema.org\",\"@graph\":[{\"@type\":\"WebPage\",\"@id\":\"https:\/\/maisemabetoni.fi\/fin\/referenssit\/vuoden-ymparistorakenteet\/lasaretinsaaren-alue-oulu\/\",\"url\":\"https:\/\/maisemabetoni.fi\/fin\/referenssit\/vuoden-ymparistorakenteet\/lasaretinsaaren-alue-oulu\/\",\"name\":\"Lasaretinsaaren alue, Oulu, 2005 - Maisemabetoni\",\"isPartOf\":{\"@id\":\"https:\/\/maisemabetoni.fi\/fin\/#website\"},\"datePublished\":\"2018-02-01T15:10:54+00:00\",\"dateModified\":\"2019-02-28T15:18:55+00:00\",\"breadcrumb\":{\"@id\":\"https:\/\/maisemabetoni.fi\/fin\/referenssit\/vuoden-ymparistorakenteet\/lasaretinsaaren-alue-oulu\/#breadcrumb\"},\"inLanguage\":\"fi\",\"potentialAction\":[{\"@type\":\"ReadAction\",\"target\":[\"https:\/\/maisemabetoni.fi\/fin\/referenssit\/vuoden-ymparistorakenteet\/lasaretinsaaren-alue-oulu\/\"]}]},{\"@type\":\"BreadcrumbList\",\"@id\":\"https:\/\/maisemabetoni.fi\/fin\/referenssit\/vuoden-ymparistorakenteet\/lasaretinsaaren-alue-oulu\/#breadcrumb\",\"itemListElement\":[{\"@type\":\"ListItem\",\"position\":1,\"name\":\"Etusivu\",\"item\":\"https:\/\/maisemabetoni.fi\/fin\/\"},{\"@type\":\"ListItem\",\"position\":2,\"name\":\"VUODEN YMP\u00c4RIST\u00d6RAKENTEET\",\"item\":\"https:\/\/maisemabetoni.fi\/fin\/referenssit\/vuoden-ymparistorakenteet\/\"},{\"@type\":\"ListItem\",\"position\":3,\"name\":\"Lasaretinsaaren alue, Oulu, 2005\"}]},{\"@type\":\"WebSite\",\"@id\":\"https:\/\/maisemabetoni.fi\/fin\/#website\",\"url\":\"https:\/\/maisemabetoni.fi\/fin\/\",\"name\":\"Maisemabetoni\",\"description\":\"\",\"potentialAction\":[{\"@type\":\"SearchAction\",\"target\":{\"@type\":\"EntryPoint\",\"urlTemplate\":\"https:\/\/maisemabetoni.fi\/fin\/?s={search_term_string}\"},\"query-input\":{\"@type\":\"PropertyValueSpecification\",\"valueRequired\":true,\"valueName\":\"search_term_string\"}}],\"inLanguage\":\"fi\"}]}<\/script>\n<!-- \/ Yoast SEO plugin. -->","yoast_head_json":{"title":"Lasaretinsaaren alue, Oulu, 2005 - Maisemabetoni","robots":{"index":"noindex","follow":"follow","max-snippet":"max-snippet:-1","max-image-preview":"max-image-preview:large","max-video-preview":"max-video-preview:-1"},"og_locale":"fi_FI","og_type":"article","og_title":"Lasaretinsaaren alue, Oulu, 2005 - Maisemabetoni","og_url":"https:\/\/maisemabetoni.fi\/fin\/referenssit\/vuoden-ymparistorakenteet\/lasaretinsaaren-alue-oulu\/","og_site_name":"Maisemabetoni","article_modified_time":"2019-02-28T15:18:55+00:00","twitter_card":"summary_large_image","schema":{"@context":"https:\/\/schema.org","@graph":[{"@type":"WebPage","@id":"https:\/\/maisemabetoni.fi\/fin\/referenssit\/vuoden-ymparistorakenteet\/lasaretinsaaren-alue-oulu\/","url":"https:\/\/maisemabetoni.fi\/fin\/referenssit\/vuoden-ymparistorakenteet\/lasaretinsaaren-alue-oulu\/","name":"Lasaretinsaaren alue, Oulu, 2005 - Maisemabetoni","isPartOf":{"@id":"https:\/\/maisemabetoni.fi\/fin\/#website"},"datePublished":"2018-02-01T15:10:54+00:00","dateModified":"2019-02-28T15:18:55+00:00","breadcrumb":{"@id":"https:\/\/maisemabetoni.fi\/fin\/referenssit\/vuoden-ymparistorakenteet\/lasaretinsaaren-alue-oulu\/#breadcrumb"},"inLanguage":"fi","potentialAction":[{"@type":"ReadAction","target":["https:\/\/maisemabetoni.fi\/fin\/referenssit\/vuoden-ymparistorakenteet\/lasaretinsaaren-alue-oulu\/"]}]},{"@type":"BreadcrumbList","@id":"https:\/\/maisemabetoni.fi\/fin\/referenssit\/vuoden-ymparistorakenteet\/lasaretinsaaren-alue-oulu\/#breadcrumb","itemListElement":[{"@type":"ListItem","position":1,"name":"Etusivu","item":"https:\/\/maisemabetoni.fi\/fin\/"},{"@type":"ListItem","position":2,"name":"VUODEN YMP\u00c4RIST\u00d6RAKENTEET","item":"https:\/\/maisemabetoni.fi\/fin\/referenssit\/vuoden-ymparistorakenteet\/"},{"@type":"ListItem","position":3,"name":"Lasaretinsaaren alue, Oulu, 2005"}]},{"@type":"WebSite","@id":"https:\/\/maisemabetoni.fi\/fin\/#website","url":"https:\/\/maisemabetoni.fi\/fin\/","name":"Maisemabetoni","description":"","potentialAction":[{"@type":"SearchAction","target":{"@type":"EntryPoint","urlTemplate":"https:\/\/maisemabetoni.fi\/fin\/?s={search_term_string}"},"query-input":{"@type":"PropertyValueSpecification","valueRequired":true,"valueName":"search_term_string"}}],"inLanguage":"fi"}]}},"_links":{"self":[{"href":"https:\/\/maisemabetoni.fi\/fin\/wp-json\/wp\/v2\/pages\/1141","targetHints":{"allow":["GET"]}}],"collection":[{"href":"https:\/\/maisemabetoni.fi\/fin\/wp-json\/wp\/v2\/pages"}],"about":[{"href":"https:\/\/maisemabetoni.fi\/fin\/wp-json\/wp\/v2\/types\/page"}],"author":[{"embeddable":true,"href":"https:\/\/maisemabetoni.fi\/fin\/wp-json\/wp\/v2\/users\/1"}],"replies":[{"embeddable":true,"href":"https:\/\/maisemabetoni.fi\/fin\/wp-json\/wp\/v2\/comments?post=1141"}],"version-history":[{"count":3,"href":"https:\/\/maisemabetoni.fi\/fin\/wp-json\/wp\/v2\/pages\/1141\/revisions"}],"predecessor-version":[{"id":1628,"href":"https:\/\/maisemabetoni.fi\/fin\/wp-json\/wp\/v2\/pages\/1141\/revisions\/1628"}],"up":[{"embeddable":true,"href":"https:\/\/maisemabetoni.fi\/fin\/wp-json\/wp\/v2\/pages\/944"}],"wp:attachment":[{"href":"https:\/\/maisemabetoni.fi\/fin\/wp-json\/wp\/v2\/media?parent=1141"}],"curies":[{"name":"wp","href":"https:\/\/api.w.org\/{rel}","templated":true}]}}