{"id":1143,"date":"2018-02-01T17:12:46","date_gmt":"2018-02-01T15:12:46","guid":{"rendered":"https:\/\/maisemabetoni.fi\/fin\/?page_id=1143"},"modified":"2019-02-28T17:17:55","modified_gmt":"2019-02-28T15:17:55","slug":"hameenlinnan-kirkon-ymparisto-ja-toripuisto","status":"publish","type":"page","link":"https:\/\/maisemabetoni.fi\/fin\/referenssit\/vuoden-ymparistorakenteet\/hameenlinnan-kirkon-ymparisto-ja-toripuisto\/","title":{"rendered":"Kirkon ymp\u00e4rist\u00f6 ja toripuisto,<br>H\u00e4meenlinna, 2007"},"content":{"rendered":"<h4><img decoding=\"async\" class=\"alignright\" src=\"http:\/\/maisemabetoni.fi\/wp-content\/uploads\/2013\/06\/IMG_8173-530x320.jpg\" alt=\"\"  \/>H\u00e4meenlinnan kirkon ymp\u00e4rist\u00f6 ja toripuisto (VYR 2007)<\/h4>\n<p>RAKENNUTTAJA<br \/>\nH\u00e4meenlinnan kaupunki\/tekniikka ja ymp\u00e4rist\u00f6\/luonnonhoitotoimisto sek\u00e4 H\u00e4meenlinnan Vanajan seurakunta<br \/>\nP\u00c4\u00c4SUUNNITTELIJA<br \/>\nRamboll Finland Oy<br \/>\nP\u00c4\u00c4URAKOITSIJA<br \/>\nDestia Oy\/H\u00e4meen palveluyksikk\u00f6 H\u00e4meenlinnan kaupunki\/tekniikka ja ymp\u00e4rist\u00f6\/luonnonhoitotoimisto Vankeinhoitolaitos\/Etel\u00e4-Suomen aluevankila\/Vanajan vankila<\/p>\n<p>H\u00e4meenlinnan kirkon ymp\u00e4rist\u00f6 ja toripuisto on palautettu alkuper\u00e4iseen asuunsa. Historiallinen tausta on asettanut toteutukselle tiukat rajoitukset, mutta alue vastaa nyt arvokkaalla tavalla t\u00e4m\u00e4n p\u00e4iv\u00e4n vaatimuksia. Tavoitteena on ollut jokap\u00e4iv\u00e4ist\u00e4 kulutusta kest\u00e4v\u00e4 puisto, johon ihmiset tulevat mielell\u00e4\u00e4n.<\/p>\n<p>Alueen suunnittelu on selke\u00e4\u00e4. Materiaalivalinnat ovat johdonmukaisia ja alue on rakennusteknisesti hyvin toteutettu. Uudet valaisimet, j\u00e4teastiat ja penkit sopivat alueelle erinomaisesti. Puiston kaiteet ja suoja-aidat on puolestaan toteutettu vanhojen mallien mukaisesti. Puiston vanhat sivupaviljongit on otettu luontevaksi osaksi kokonaisuutta uudelleen linjattujen kivituhkapintaisten k\u00e4yt\u00e4vien avulla. Puistokokonaisuus palvelee erinomaisesti sek\u00e4 k\u00e4ytt\u00e4ji\u00e4 ett\u00e4 H\u00e4meenlinnan keskustailmett\u00e4.<\/p>\n<p>Historiallisten puistojen ja viheralueiden entis\u00f6inti on vaikea teht\u00e4v\u00e4, mutta H\u00e4meenlinnassa t\u00e4ss\u00e4 on onnistuttu hyvin. Kohteelle my\u00f6nnettiin Vuoden ymp\u00e4rist\u00f6palkinto vuonna 2007.<\/p>\n<p><a class=\"nappi4\" style=\"color: #fff;\" href=\"https:\/\/maisemabetoni.fi\/fin\/wp-content\/uploads\/2020\/10\/VYR-2007-H\u00e4meenlinnan-kirkko-ja-toripuisto.pdf\" target=\"_blank\" rel=\"noopener noreferrer\">Lue kohteen esittely Betonilehdess\u00e4 \u00bb<\/a><\/p>\n<p><a href=\"https:\/\/maisemabetoni.fi\/wp-content\/uploads\/2013\/06\/IMG_8173.jpg\" data-rel=\"lightbox-gallery-bGlnaHRib3gtZ2FsbGVyeS00cUhCS1Fjcg==\" data-rl_title=\"\" data-rl_caption=\"\" data-rl_title=\"\" data-rl_caption=\"\" title=\"\"><img decoding=\"async\" class=\"galleria\" src=\"https:\/\/maisemabetoni.fi\/wp-content\/uploads\/2013\/06\/IMG_8173-170x170.jpg\" \/><\/a><a href=\"https:\/\/maisemabetoni.fi\/wp-content\/uploads\/2013\/06\/IMG_8161.jpg\" data-rel=\"lightbox-gallery-bGlnaHRib3gtZ2FsbGVyeS00cUhCS1Fjcg==\" data-rl_title=\"\" data-rl_caption=\"\" data-rl_title=\"\" data-rl_caption=\"\" title=\"\"><img decoding=\"async\" class=\"galleria\" src=\"https:\/\/maisemabetoni.fi\/wp-content\/uploads\/2013\/06\/IMG_8161-170x170.jpg\" \/><\/a><a href=\"https:\/\/maisemabetoni.fi\/wp-content\/uploads\/2013\/06\/IMG_8171.jpg\" data-rel=\"lightbox-gallery-bGlnaHRib3gtZ2FsbGVyeS00cUhCS1Fjcg==\" data-rl_title=\"\" data-rl_caption=\"\" data-rl_title=\"\" data-rl_caption=\"\" title=\"\"><img decoding=\"async\" class=\"galleria\" src=\"https:\/\/maisemabetoni.fi\/wp-content\/uploads\/2013\/06\/IMG_8171-170x170.jpg\" \/><\/a><a href=\"https:\/\/maisemabetoni.fi\/wp-content\/uploads\/2013\/06\/IMG_8169.jpg\" data-rel=\"lightbox-gallery-bGlnaHRib3gtZ2FsbGVyeS00cUhCS1Fjcg==\" data-rl_title=\"\" data-rl_caption=\"\" data-rl_title=\"\" data-rl_caption=\"\" title=\"\"><img decoding=\"async\" class=\"galleria\" src=\"https:\/\/maisemabetoni.fi\/wp-content\/uploads\/2013\/06\/IMG_8169-170x170.jpg\" \/><\/a><a href=\"https:\/\/maisemabetoni.fi\/wp-content\/uploads\/2013\/06\/IMG_8167.jpg\" data-rel=\"lightbox-gallery-bGlnaHRib3gtZ2FsbGVyeS00cUhCS1Fjcg==\" data-rl_title=\"\" data-rl_caption=\"\" data-rl_title=\"\" data-rl_caption=\"\" title=\"\"><img decoding=\"async\" class=\"galleria\" src=\"https:\/\/maisemabetoni.fi\/wp-content\/uploads\/2013\/06\/IMG_8167-170x170.jpg\" \/><\/a><a href=\"https:\/\/maisemabetoni.fi\/wp-content\/uploads\/2013\/06\/IMG_8166.jpg\" data-rel=\"lightbox-gallery-bGlnaHRib3gtZ2FsbGVyeS00cUhCS1Fjcg==\" data-rl_title=\"\" data-rl_caption=\"\" data-rl_title=\"\" data-rl_caption=\"\" title=\"\"><img decoding=\"async\" class=\"galleria\" src=\"https:\/\/maisemabetoni.fi\/wp-content\/uploads\/2013\/06\/IMG_8166-170x170.jpg\" \/><\/a><a href=\"https:\/\/maisemabetoni.fi\/wp-content\/uploads\/2013\/06\/IMG_8164.jpg\" data-rel=\"lightbox-gallery-bGlnaHRib3gtZ2FsbGVyeS00cUhCS1Fjcg==\" data-rl_title=\"\" data-rl_caption=\"\" data-rl_title=\"\" data-rl_caption=\"\" title=\"\"><img decoding=\"async\" class=\"galleria\" src=\"https:\/\/maisemabetoni.fi\/wp-content\/uploads\/2013\/06\/IMG_8164-170x170.jpg\" \/><\/a><a href=\"https:\/\/maisemabetoni.fi\/wp-content\/uploads\/2013\/06\/IMG_8163.jpg\" data-rel=\"lightbox-gallery-bGlnaHRib3gtZ2FsbGVyeS00cUhCS1Fjcg==\" data-rl_title=\"\" data-rl_caption=\"\" data-rl_title=\"\" data-rl_caption=\"\" title=\"\"><img decoding=\"async\" class=\"galleria\" src=\"https:\/\/maisemabetoni.fi\/wp-content\/uploads\/2013\/06\/IMG_8163-170x170.jpg\" \/><\/a><a href=\"https:\/\/maisemabetoni.fi\/wp-content\/uploads\/2013\/06\/IMG_8160.jpg\" data-rel=\"lightbox-gallery-bGlnaHRib3gtZ2FsbGVyeS00cUhCS1Fjcg==\" data-rl_title=\"\" data-rl_caption=\"\" data-rl_title=\"\" data-rl_caption=\"\" title=\"\"><img decoding=\"async\" class=\"galleria\" src=\"https:\/\/maisemabetoni.fi\/wp-content\/uploads\/2013\/06\/IMG_8160-170x170.jpg\" \/><\/a><\/p>\n\n","protected":false},"excerpt":{"rendered":"","protected":false},"author":1,"featured_media":0,"parent":944,"menu_order":10,"comment_status":"closed","ping_status":"closed","template":"","meta":{"footnotes":""},"class_list":["post-1143","page","type-page","status-publish","hentry"],"yoast_head":"<!-- This site is optimized with the Yoast SEO plugin v26.8 - https:\/\/yoast.com\/product\/yoast-seo-wordpress\/ -->\n<title>Kirkon ymp\u00e4rist\u00f6 ja toripuisto,H\u00e4meenlinna, 2007 - Maisemabetoni<\/title>\n<meta name=\"robots\" content=\"noindex, follow, max-snippet:-1, max-image-preview:large, max-video-preview:-1\" \/>\n<meta property=\"og:locale\" content=\"fi_FI\" \/>\n<meta property=\"og:type\" content=\"article\" \/>\n<meta property=\"og:title\" content=\"Kirkon ymp\u00e4rist\u00f6 ja toripuisto,H\u00e4meenlinna, 2007 - Maisemabetoni\" \/>\n<meta property=\"og:url\" content=\"https:\/\/maisemabetoni.fi\/fin\/referenssit\/vuoden-ymparistorakenteet\/hameenlinnan-kirkon-ymparisto-ja-toripuisto\/\" \/>\n<meta property=\"og:site_name\" content=\"Maisemabetoni\" \/>\n<meta property=\"article:modified_time\" content=\"2019-02-28T15:17:55+00:00\" \/>\n<meta name=\"twitter:card\" content=\"summary_large_image\" \/>\n<script type=\"application\/ld+json\" class=\"yoast-schema-graph\">{\"@context\":\"https:\/\/schema.org\",\"@graph\":[{\"@type\":\"WebPage\",\"@id\":\"https:\/\/maisemabetoni.fi\/fin\/referenssit\/vuoden-ymparistorakenteet\/hameenlinnan-kirkon-ymparisto-ja-toripuisto\/\",\"url\":\"https:\/\/maisemabetoni.fi\/fin\/referenssit\/vuoden-ymparistorakenteet\/hameenlinnan-kirkon-ymparisto-ja-toripuisto\/\",\"name\":\"Kirkon ymp\u00e4rist\u00f6 ja toripuisto, H\u00e4meenlinna, 2007 - Maisemabetoni\",\"isPartOf\":{\"@id\":\"https:\/\/maisemabetoni.fi\/fin\/#website\"},\"datePublished\":\"2018-02-01T15:12:46+00:00\",\"dateModified\":\"2019-02-28T15:17:55+00:00\",\"breadcrumb\":{\"@id\":\"https:\/\/maisemabetoni.fi\/fin\/referenssit\/vuoden-ymparistorakenteet\/hameenlinnan-kirkon-ymparisto-ja-toripuisto\/#breadcrumb\"},\"inLanguage\":\"fi\",\"potentialAction\":[{\"@type\":\"ReadAction\",\"target\":[\"https:\/\/maisemabetoni.fi\/fin\/referenssit\/vuoden-ymparistorakenteet\/hameenlinnan-kirkon-ymparisto-ja-toripuisto\/\"]}]},{\"@type\":\"BreadcrumbList\",\"@id\":\"https:\/\/maisemabetoni.fi\/fin\/referenssit\/vuoden-ymparistorakenteet\/hameenlinnan-kirkon-ymparisto-ja-toripuisto\/#breadcrumb\",\"itemListElement\":[{\"@type\":\"ListItem\",\"position\":1,\"name\":\"Etusivu\",\"item\":\"https:\/\/maisemabetoni.fi\/fin\/\"},{\"@type\":\"ListItem\",\"position\":2,\"name\":\"VUODEN YMP\u00c4RIST\u00d6RAKENTEET\",\"item\":\"https:\/\/maisemabetoni.fi\/fin\/referenssit\/vuoden-ymparistorakenteet\/\"},{\"@type\":\"ListItem\",\"position\":3,\"name\":\"Kirkon ymp\u00e4rist\u00f6 ja toripuisto,H\u00e4meenlinna, 2007\"}]},{\"@type\":\"WebSite\",\"@id\":\"https:\/\/maisemabetoni.fi\/fin\/#website\",\"url\":\"https:\/\/maisemabetoni.fi\/fin\/\",\"name\":\"Maisemabetoni\",\"description\":\"\",\"potentialAction\":[{\"@type\":\"SearchAction\",\"target\":{\"@type\":\"EntryPoint\",\"urlTemplate\":\"https:\/\/maisemabetoni.fi\/fin\/?s={search_term_string}\"},\"query-input\":{\"@type\":\"PropertyValueSpecification\",\"valueRequired\":true,\"valueName\":\"search_term_string\"}}],\"inLanguage\":\"fi\"}]}<\/script>\n<!-- \/ Yoast SEO plugin. -->","yoast_head_json":{"title":"Kirkon ymp\u00e4rist\u00f6 ja toripuisto,H\u00e4meenlinna, 2007 - Maisemabetoni","robots":{"index":"noindex","follow":"follow","max-snippet":"max-snippet:-1","max-image-preview":"max-image-preview:large","max-video-preview":"max-video-preview:-1"},"og_locale":"fi_FI","og_type":"article","og_title":"Kirkon ymp\u00e4rist\u00f6 ja toripuisto,H\u00e4meenlinna, 2007 - Maisemabetoni","og_url":"https:\/\/maisemabetoni.fi\/fin\/referenssit\/vuoden-ymparistorakenteet\/hameenlinnan-kirkon-ymparisto-ja-toripuisto\/","og_site_name":"Maisemabetoni","article_modified_time":"2019-02-28T15:17:55+00:00","twitter_card":"summary_large_image","schema":{"@context":"https:\/\/schema.org","@graph":[{"@type":"WebPage","@id":"https:\/\/maisemabetoni.fi\/fin\/referenssit\/vuoden-ymparistorakenteet\/hameenlinnan-kirkon-ymparisto-ja-toripuisto\/","url":"https:\/\/maisemabetoni.fi\/fin\/referenssit\/vuoden-ymparistorakenteet\/hameenlinnan-kirkon-ymparisto-ja-toripuisto\/","name":"Kirkon ymp\u00e4rist\u00f6 ja toripuisto, H\u00e4meenlinna, 2007 - Maisemabetoni","isPartOf":{"@id":"https:\/\/maisemabetoni.fi\/fin\/#website"},"datePublished":"2018-02-01T15:12:46+00:00","dateModified":"2019-02-28T15:17:55+00:00","breadcrumb":{"@id":"https:\/\/maisemabetoni.fi\/fin\/referenssit\/vuoden-ymparistorakenteet\/hameenlinnan-kirkon-ymparisto-ja-toripuisto\/#breadcrumb"},"inLanguage":"fi","potentialAction":[{"@type":"ReadAction","target":["https:\/\/maisemabetoni.fi\/fin\/referenssit\/vuoden-ymparistorakenteet\/hameenlinnan-kirkon-ymparisto-ja-toripuisto\/"]}]},{"@type":"BreadcrumbList","@id":"https:\/\/maisemabetoni.fi\/fin\/referenssit\/vuoden-ymparistorakenteet\/hameenlinnan-kirkon-ymparisto-ja-toripuisto\/#breadcrumb","itemListElement":[{"@type":"ListItem","position":1,"name":"Etusivu","item":"https:\/\/maisemabetoni.fi\/fin\/"},{"@type":"ListItem","position":2,"name":"VUODEN YMP\u00c4RIST\u00d6RAKENTEET","item":"https:\/\/maisemabetoni.fi\/fin\/referenssit\/vuoden-ymparistorakenteet\/"},{"@type":"ListItem","position":3,"name":"Kirkon ymp\u00e4rist\u00f6 ja toripuisto,H\u00e4meenlinna, 2007"}]},{"@type":"WebSite","@id":"https:\/\/maisemabetoni.fi\/fin\/#website","url":"https:\/\/maisemabetoni.fi\/fin\/","name":"Maisemabetoni","description":"","potentialAction":[{"@type":"SearchAction","target":{"@type":"EntryPoint","urlTemplate":"https:\/\/maisemabetoni.fi\/fin\/?s={search_term_string}"},"query-input":{"@type":"PropertyValueSpecification","valueRequired":true,"valueName":"search_term_string"}}],"inLanguage":"fi"}]}},"_links":{"self":[{"href":"https:\/\/maisemabetoni.fi\/fin\/wp-json\/wp\/v2\/pages\/1143","targetHints":{"allow":["GET"]}}],"collection":[{"href":"https:\/\/maisemabetoni.fi\/fin\/wp-json\/wp\/v2\/pages"}],"about":[{"href":"https:\/\/maisemabetoni.fi\/fin\/wp-json\/wp\/v2\/types\/page"}],"author":[{"embeddable":true,"href":"https:\/\/maisemabetoni.fi\/fin\/wp-json\/wp\/v2\/users\/1"}],"replies":[{"embeddable":true,"href":"https:\/\/maisemabetoni.fi\/fin\/wp-json\/wp\/v2\/comments?post=1143"}],"version-history":[{"count":4,"href":"https:\/\/maisemabetoni.fi\/fin\/wp-json\/wp\/v2\/pages\/1143\/revisions"}],"predecessor-version":[{"id":1627,"href":"https:\/\/maisemabetoni.fi\/fin\/wp-json\/wp\/v2\/pages\/1143\/revisions\/1627"}],"up":[{"embeddable":true,"href":"https:\/\/maisemabetoni.fi\/fin\/wp-json\/wp\/v2\/pages\/944"}],"wp:attachment":[{"href":"https:\/\/maisemabetoni.fi\/fin\/wp-json\/wp\/v2\/media?parent=1143"}],"curies":[{"name":"wp","href":"https:\/\/api.w.org\/{rel}","templated":true}]}}