{"id":1145,"date":"2018-02-01T17:21:13","date_gmt":"2018-02-01T15:21:13","guid":{"rendered":"https:\/\/maisemabetoni.fi\/fin\/?page_id=1145"},"modified":"2019-02-28T17:16:28","modified_gmt":"2019-02-28T15:16:28","slug":"aarrepuisto-mellunkyla-helsinki","status":"publish","type":"page","link":"https:\/\/maisemabetoni.fi\/fin\/referenssit\/vuoden-ymparistorakenteet\/aarrepuisto-mellunkyla-helsinki\/","title":{"rendered":"Aarrepuisto, <br>Helsinki 2008"},"content":{"rendered":"<h4><img decoding=\"async\" class=\"alignright\" src=\"http:\/\/maisemabetoni.fi\/wp-content\/uploads\/2013\/06\/Aarrepuisto-2-530x320.jpg\" alt=\"\" \/>Aarrepuisto, Helsinki (VYR 2008)<\/h4>\n<p>RAKENNUTTAJA<br \/>\nHelsingin kaupungin rakennusviraston katu- ja puisto-osasto<br \/>\nP\u00c4\u00c4SUUNNITTELIJA<br \/>\nMaisema-arkkitehtitoimisto N\u00e4kym\u00e4 Oy<br \/>\nP\u00c4\u00c4URAKOITSIJA<br \/>\nHelsingin kaupungin rakennusviraston ymp\u00e4rist\u00f6tuotanto-osaston it\u00e4inen viheryksikk\u00f6 ja Lemmink\u00e4inen Betonituote Oy<\/p>\n<p>Helsingin Mellunkyl\u00e4ss\u00e4 sijaitsevan Aarrepuiston kunnostamisella saatiin keidas keskelle it\u00e4helsinkil\u00e4ist\u00e4 kerrostaloaluetta. Puiston perusparannussuunnitelmassa on hy\u00f6dynnetty taitavasti paikalla virtaava luonnonpuro sek\u00e4 vaihtelevat maastomuodot. Puiston luonnonkivirakenteet ja sillat t\u00e4ydent\u00e4v\u00e4t hienosti kokonaisuuden.<\/p>\n<p>Aarrepuisto on luonteva osa alueen kevyenliikenteen reittej\u00e4. Puiston hoidetut ja hallitusti luonnontilaiset alueet sopivat saumattomasti yhteen. Puiston kasvimaailma on poikkeuksellisen rikas.<\/p>\n<p>Aarrepuisto on erinomainen esimerkki siit\u00e4, miten korkeatasoista ymp\u00e4rist\u00f6rakentamista tulisi tehd\u00e4 my\u00f6s muualla kuin keskustan paraatipaikoilla. Kunnossapito on kiinte\u00e4 osa korkeatasoista ymp\u00e4rist\u00f6rakentamista. Esimerkiksi Aarrepuistossa lasten kivity\u00f6leikit olivat sy\u00f6neet p\u00e4\u00e4llystettyjen k\u00e4yt\u00e4vien reunoja.<\/p>\n<p>Kunnostetun puiston arvostaminen n\u00e4kyy nyt my\u00f6s ilkivallan ja roskaamisen v\u00e4h\u00e4isyyten\u00e4.<\/p>\n<p><a class=\"nappi4\" style=\"color: #fff;\" href=\"https:\/\/maisemabetoni.fi\/fin\/wp-content\/uploads\/2020\/10\/VYR-2008-Aarrepuisto-Helsinki.pdf\" target=\"_blank\" rel=\"noopener noreferrer\">Lue kohteen esittely Betonilehdess\u00e4 \u00bb<\/a><\/p>\n<p><a href=\"https:\/\/maisemabetoni.fi\/wp-content\/uploads\/2013\/06\/Aarrepuisto-2.jpg\" data-rel=\"lightbox-gallery-bGlnaHRib3gtZ2FsbGVyeS1jTHNlM2pLWQ==\" data-rl_title=\"\" data-rl_caption=\"\" data-rl_title=\"\" data-rl_caption=\"\" title=\"\"><img decoding=\"async\" class=\"galleria\" src=\"https:\/\/maisemabetoni.fi\/wp-content\/uploads\/2013\/06\/Aarrepuisto-2-170x170.jpg\" \/><\/a><a href=\"https:\/\/maisemabetoni.fi\/wp-content\/uploads\/2013\/06\/Aarrepuisto-1.jpg\" data-rel=\"lightbox-gallery-bGlnaHRib3gtZ2FsbGVyeS1jTHNlM2pLWQ==\" data-rl_title=\"\" data-rl_caption=\"\" data-rl_title=\"\" data-rl_caption=\"\" title=\"\"><img decoding=\"async\" class=\"galleria\" src=\"https:\/\/maisemabetoni.fi\/wp-content\/uploads\/2013\/06\/Aarrepuisto-1-170x170.jpg\" \/><\/a><a href=\"https:\/\/maisemabetoni.fi\/fin\/wp-content\/uploads\/2019\/02\/Aarrepuisto_kartta.jpg\" data-rel=\"lightbox-gallery-bGlnaHRib3gtZ2FsbGVyeS1jTHNlM2pLWQ==\" data-rl_title=\"\" data-rl_caption=\"\" data-rl_title=\"\" data-rl_caption=\"\" title=\"\"><img loading=\"lazy\" decoding=\"async\" class=\"galleria alignnone wp-image-1553 size-thumbnail\" src=\"https:\/\/maisemabetoni.fi\/fin\/wp-content\/uploads\/2019\/02\/Aarrepuisto_kartta-170x170.jpg\" alt=\"Aarrepuisto_kartta\" width=\"170\" height=\"170\" srcset=\"https:\/\/maisemabetoni.fi\/fin\/wp-content\/uploads\/2019\/02\/Aarrepuisto_kartta-170x170.jpg 170w, https:\/\/maisemabetoni.fi\/fin\/wp-content\/uploads\/2019\/02\/Aarrepuisto_kartta-125x125.jpg 125w, https:\/\/maisemabetoni.fi\/fin\/wp-content\/uploads\/2019\/02\/Aarrepuisto_kartta-18x18.jpg 18w\" sizes=\"auto, (max-width: 170px) 100vw, 170px\" \/><\/a><a href=\"https:\/\/maisemabetoni.fi\/fin\/wp-content\/uploads\/2019\/02\/Aarrepuisto.jpg\" data-rel=\"lightbox-gallery-bGlnaHRib3gtZ2FsbGVyeS1jTHNlM2pLWQ==\" data-rl_title=\"\" data-rl_caption=\"\" data-rl_title=\"\" data-rl_caption=\"\" title=\"\"><img loading=\"lazy\" decoding=\"async\" class=\"galleria alignnone wp-image-1551 size-thumbnail\" src=\"https:\/\/maisemabetoni.fi\/fin\/wp-content\/uploads\/2019\/02\/Aarrepuisto-170x170.jpg\" alt=\"Aarrepuisto\" width=\"170\" height=\"170\" srcset=\"https:\/\/maisemabetoni.fi\/fin\/wp-content\/uploads\/2019\/02\/Aarrepuisto-170x170.jpg 170w, https:\/\/maisemabetoni.fi\/fin\/wp-content\/uploads\/2019\/02\/Aarrepuisto-125x125.jpg 125w, https:\/\/maisemabetoni.fi\/fin\/wp-content\/uploads\/2019\/02\/Aarrepuisto-18x18.jpg 18w\" sizes=\"auto, (max-width: 170px) 100vw, 170px\" \/><\/a><\/p>\n<p>Aarrepuistolle my\u00f6nnettiin Vuoden ymp\u00e4rist\u00f6rakenne palkinto 2008.<\/p>\n\n","protected":false},"excerpt":{"rendered":"","protected":false},"author":1,"featured_media":0,"parent":944,"menu_order":9,"comment_status":"closed","ping_status":"closed","template":"","meta":{"footnotes":""},"class_list":["post-1145","page","type-page","status-publish","hentry"],"yoast_head":"<!-- This site is optimized with the Yoast SEO plugin v26.8 - https:\/\/yoast.com\/product\/yoast-seo-wordpress\/ -->\n<title>Aarrepuisto, Helsinki 2008 - Maisemabetoni<\/title>\n<meta name=\"robots\" content=\"noindex, follow, max-snippet:-1, max-image-preview:large, max-video-preview:-1\" \/>\n<meta property=\"og:locale\" content=\"fi_FI\" \/>\n<meta property=\"og:type\" content=\"article\" \/>\n<meta property=\"og:title\" content=\"Aarrepuisto, Helsinki 2008 - Maisemabetoni\" \/>\n<meta property=\"og:url\" content=\"https:\/\/maisemabetoni.fi\/fin\/referenssit\/vuoden-ymparistorakenteet\/aarrepuisto-mellunkyla-helsinki\/\" \/>\n<meta property=\"og:site_name\" content=\"Maisemabetoni\" \/>\n<meta property=\"article:modified_time\" content=\"2019-02-28T15:16:28+00:00\" \/>\n<meta name=\"twitter:card\" content=\"summary_large_image\" \/>\n<script type=\"application\/ld+json\" class=\"yoast-schema-graph\">{\"@context\":\"https:\/\/schema.org\",\"@graph\":[{\"@type\":\"WebPage\",\"@id\":\"https:\/\/maisemabetoni.fi\/fin\/referenssit\/vuoden-ymparistorakenteet\/aarrepuisto-mellunkyla-helsinki\/\",\"url\":\"https:\/\/maisemabetoni.fi\/fin\/referenssit\/vuoden-ymparistorakenteet\/aarrepuisto-mellunkyla-helsinki\/\",\"name\":\"Aarrepuisto, Helsinki 2008 - Maisemabetoni\",\"isPartOf\":{\"@id\":\"https:\/\/maisemabetoni.fi\/fin\/#website\"},\"datePublished\":\"2018-02-01T15:21:13+00:00\",\"dateModified\":\"2019-02-28T15:16:28+00:00\",\"breadcrumb\":{\"@id\":\"https:\/\/maisemabetoni.fi\/fin\/referenssit\/vuoden-ymparistorakenteet\/aarrepuisto-mellunkyla-helsinki\/#breadcrumb\"},\"inLanguage\":\"fi\",\"potentialAction\":[{\"@type\":\"ReadAction\",\"target\":[\"https:\/\/maisemabetoni.fi\/fin\/referenssit\/vuoden-ymparistorakenteet\/aarrepuisto-mellunkyla-helsinki\/\"]}]},{\"@type\":\"BreadcrumbList\",\"@id\":\"https:\/\/maisemabetoni.fi\/fin\/referenssit\/vuoden-ymparistorakenteet\/aarrepuisto-mellunkyla-helsinki\/#breadcrumb\",\"itemListElement\":[{\"@type\":\"ListItem\",\"position\":1,\"name\":\"Etusivu\",\"item\":\"https:\/\/maisemabetoni.fi\/fin\/\"},{\"@type\":\"ListItem\",\"position\":2,\"name\":\"VUODEN YMP\u00c4RIST\u00d6RAKENTEET\",\"item\":\"https:\/\/maisemabetoni.fi\/fin\/referenssit\/vuoden-ymparistorakenteet\/\"},{\"@type\":\"ListItem\",\"position\":3,\"name\":\"Aarrepuisto, Helsinki 2008\"}]},{\"@type\":\"WebSite\",\"@id\":\"https:\/\/maisemabetoni.fi\/fin\/#website\",\"url\":\"https:\/\/maisemabetoni.fi\/fin\/\",\"name\":\"Maisemabetoni\",\"description\":\"\",\"potentialAction\":[{\"@type\":\"SearchAction\",\"target\":{\"@type\":\"EntryPoint\",\"urlTemplate\":\"https:\/\/maisemabetoni.fi\/fin\/?s={search_term_string}\"},\"query-input\":{\"@type\":\"PropertyValueSpecification\",\"valueRequired\":true,\"valueName\":\"search_term_string\"}}],\"inLanguage\":\"fi\"}]}<\/script>\n<!-- \/ Yoast SEO plugin. -->","yoast_head_json":{"title":"Aarrepuisto, Helsinki 2008 - Maisemabetoni","robots":{"index":"noindex","follow":"follow","max-snippet":"max-snippet:-1","max-image-preview":"max-image-preview:large","max-video-preview":"max-video-preview:-1"},"og_locale":"fi_FI","og_type":"article","og_title":"Aarrepuisto, Helsinki 2008 - Maisemabetoni","og_url":"https:\/\/maisemabetoni.fi\/fin\/referenssit\/vuoden-ymparistorakenteet\/aarrepuisto-mellunkyla-helsinki\/","og_site_name":"Maisemabetoni","article_modified_time":"2019-02-28T15:16:28+00:00","twitter_card":"summary_large_image","schema":{"@context":"https:\/\/schema.org","@graph":[{"@type":"WebPage","@id":"https:\/\/maisemabetoni.fi\/fin\/referenssit\/vuoden-ymparistorakenteet\/aarrepuisto-mellunkyla-helsinki\/","url":"https:\/\/maisemabetoni.fi\/fin\/referenssit\/vuoden-ymparistorakenteet\/aarrepuisto-mellunkyla-helsinki\/","name":"Aarrepuisto, Helsinki 2008 - Maisemabetoni","isPartOf":{"@id":"https:\/\/maisemabetoni.fi\/fin\/#website"},"datePublished":"2018-02-01T15:21:13+00:00","dateModified":"2019-02-28T15:16:28+00:00","breadcrumb":{"@id":"https:\/\/maisemabetoni.fi\/fin\/referenssit\/vuoden-ymparistorakenteet\/aarrepuisto-mellunkyla-helsinki\/#breadcrumb"},"inLanguage":"fi","potentialAction":[{"@type":"ReadAction","target":["https:\/\/maisemabetoni.fi\/fin\/referenssit\/vuoden-ymparistorakenteet\/aarrepuisto-mellunkyla-helsinki\/"]}]},{"@type":"BreadcrumbList","@id":"https:\/\/maisemabetoni.fi\/fin\/referenssit\/vuoden-ymparistorakenteet\/aarrepuisto-mellunkyla-helsinki\/#breadcrumb","itemListElement":[{"@type":"ListItem","position":1,"name":"Etusivu","item":"https:\/\/maisemabetoni.fi\/fin\/"},{"@type":"ListItem","position":2,"name":"VUODEN YMP\u00c4RIST\u00d6RAKENTEET","item":"https:\/\/maisemabetoni.fi\/fin\/referenssit\/vuoden-ymparistorakenteet\/"},{"@type":"ListItem","position":3,"name":"Aarrepuisto, Helsinki 2008"}]},{"@type":"WebSite","@id":"https:\/\/maisemabetoni.fi\/fin\/#website","url":"https:\/\/maisemabetoni.fi\/fin\/","name":"Maisemabetoni","description":"","potentialAction":[{"@type":"SearchAction","target":{"@type":"EntryPoint","urlTemplate":"https:\/\/maisemabetoni.fi\/fin\/?s={search_term_string}"},"query-input":{"@type":"PropertyValueSpecification","valueRequired":true,"valueName":"search_term_string"}}],"inLanguage":"fi"}]}},"_links":{"self":[{"href":"https:\/\/maisemabetoni.fi\/fin\/wp-json\/wp\/v2\/pages\/1145","targetHints":{"allow":["GET"]}}],"collection":[{"href":"https:\/\/maisemabetoni.fi\/fin\/wp-json\/wp\/v2\/pages"}],"about":[{"href":"https:\/\/maisemabetoni.fi\/fin\/wp-json\/wp\/v2\/types\/page"}],"author":[{"embeddable":true,"href":"https:\/\/maisemabetoni.fi\/fin\/wp-json\/wp\/v2\/users\/1"}],"replies":[{"embeddable":true,"href":"https:\/\/maisemabetoni.fi\/fin\/wp-json\/wp\/v2\/comments?post=1145"}],"version-history":[{"count":3,"href":"https:\/\/maisemabetoni.fi\/fin\/wp-json\/wp\/v2\/pages\/1145\/revisions"}],"predecessor-version":[{"id":1626,"href":"https:\/\/maisemabetoni.fi\/fin\/wp-json\/wp\/v2\/pages\/1145\/revisions\/1626"}],"up":[{"embeddable":true,"href":"https:\/\/maisemabetoni.fi\/fin\/wp-json\/wp\/v2\/pages\/944"}],"wp:attachment":[{"href":"https:\/\/maisemabetoni.fi\/fin\/wp-json\/wp\/v2\/media?parent=1145"}],"curies":[{"name":"wp","href":"https:\/\/api.w.org\/{rel}","templated":true}]}}