{"id":1147,"date":"2018-02-01T17:22:54","date_gmt":"2018-02-01T15:22:54","guid":{"rendered":"https:\/\/maisemabetoni.fi\/fin\/?page_id=1147"},"modified":"2019-02-28T17:14:10","modified_gmt":"2019-02-28T15:14:10","slug":"uutelan-kanava-helsinki","status":"publish","type":"page","link":"https:\/\/maisemabetoni.fi\/fin\/referenssit\/vuoden-ymparistorakenteet\/uutelan-kanava-helsinki\/","title":{"rendered":"Uutelan kanava,<br> Helsinki, 2010"},"content":{"rendered":"<h4><img loading=\"lazy\" decoding=\"async\" class=\"alignright size-full wp-image-1579\" src=\"https:\/\/maisemabetoni.fi\/fin\/wp-content\/uploads\/2019\/02\/Uutela_havainne.jpg\" alt=\"Uutela_havainne\" width=\"652\" height=\"685\" srcset=\"https:\/\/maisemabetoni.fi\/fin\/wp-content\/uploads\/2019\/02\/Uutela_havainne.jpg 652w, https:\/\/maisemabetoni.fi\/fin\/wp-content\/uploads\/2019\/02\/Uutela_havainne-504x530.jpg 504w, https:\/\/maisemabetoni.fi\/fin\/wp-content\/uploads\/2019\/02\/Uutela_havainne-18x18.jpg 18w\" sizes=\"auto, (max-width: 652px) 100vw, 652px\" \/>Uutelan kanava<br \/>\nAurinkolahti, Helsinki (VYR 2010)<\/h4>\n<p>RAKENNUTTAJA<br \/>\nHelsingin kaupungin rakennusvirasto<br \/>\nSUUNNITTELIJA<br \/>\nArkkitehtuuritoimisto B &amp; M Oy, WSP Finland Oy<br \/>\nURAKOITSIJA<br \/>\nHelsingin kaupungin rakentamispalvelu Stara, Niska &amp; Nyyss\u00f6nen Oy ja Skanska Infra Oy<\/p>\n<p>Uutelan kanava ymp\u00e4rist\u00f6ineen on erinomaisella suunnittelulla, tasokkaalla toteutuksella ja korkeatasoisilla materiaaleilla aikaansaatu ymp\u00e4rist\u00f6kokonaisuus. 700 metri\u00e4 pitk\u00e4 ja 12-45 metri\u00e4 leve\u00e4 rakennettu kanava istuu erinomaisesti rakennetun kaupungin ja luonnontilaisen maiseman v\u00e4liseen tilaan.<\/p>\n<p>Kanavan linjakas rantarakentaminen asuinkorttelien puolella liitt\u00e4\u00e4 kanavan luontevasti korkeatasoisiin kerrostalokortteleihin luoden niille rauhallisen jalustan. Uutelan virkistysalueen puoleisen rannan Kauniinilmanpuisto silokallioineen ja vaihtelevine istutuksineen liitt\u00e4\u00e4 puolestaan kanavan saumattomasti luonnonmaisemaan.<\/p>\n<p>Kanava-alueesta on tullut toiminnallinen kokonaisuus, jossa erilaiset vesialueet houkuttelevat ihmisi\u00e4 kanavan \u00e4\u00e4relle kalastamaan, uimaan ja nauttimaan maisemasta.<\/p>\n<p>Kanavan erisyvyisten osien porrastuksen ansiosta siin\u00e4 on turvallisia alueita erilaisille toiminnoille. Esimerkiksi kanavan pohjukassa oleva pisaran muotoinen kahluuallas soveltuu lasten vesileikkeihin ja mahdollistaa jopa py\u00f6r\u00e4tuolilla veteen laskeutumisen. Korkea vesiputous tuo veden rauhoittavan solisevan \u00e4\u00e4nen ja tarjoaa mahdollisuuden el\u00e4mykselliseen putouksen takaa kulkemiseen.<\/p>\n<p>Uutelan kanava ymp\u00e4rist\u00f6ineen on hallittu ja n\u00e4ytt\u00e4v\u00e4 maisemakokonaisuus, josta l\u00f6ytyy my\u00f6s runsaasti visuaalisia, ymp\u00e4rist\u00f6taiteenomaisia el\u00e4myksi\u00e4 tarjoavia yksityiskohtia. Se kohottaa koko asuinalueen viihtyvyytt\u00e4 ja arvostusta sek\u00e4 t\u00e4ydent\u00e4\u00e4 erinomaisesti alueen muuta tasokasta ymp\u00e4rist\u00f6rakentamista.<\/p>\n<p>Kanavaidea perustui kansainv\u00e4lisen kutsukilpailun vuonna 1996 voittaneeseen Aurinkolahden kaavasuunnitelmaan, jonka laati arkkitehti Timo Vormala.<\/p>\n<p>Uutelan kanava palkittiin Vuoden 2010 Ymp\u00e4rist\u00f6rakenteena.<\/p>\n<p><iframe loading=\"lazy\" width=\"490\" height=\"260\" src=\"https:\/\/www.youtube.com\/embed\/uqMEzEYxOao\" frameborder=\"0\" allow=\"accelerometer; autoplay; clipboard-write; encrypted-media; gyroscope; picture-in-picture\" allowfullscreen><\/iframe><\/p>\n<p><a class=\"nappi4\" style=\"color: #fff;\" href=\"https:\/\/maisemabetoni.fi\/fin\/wp-content\/uploads\/2020\/10\/VYR-2010-Uutelan-kanava-Helsinki.pdf\" target=\"_blank\" rel=\"noopener noreferrer\">Lue kohteen esittely Betonilehdess\u00e4 \u00bb<\/a><\/p>\n<p><a href=\"https:\/\/maisemabetoni.fi\/fin\/wp-content\/uploads\/2019\/02\/Uutela1.jpg\" data-rel=\"lightbox-gallery-bGlnaHRib3gtZ2FsbGVyeS1nSW9jMjlsVw==\" data-rl_title=\"\" data-rl_caption=\"\" data-rl_title=\"\" data-rl_caption=\"\" title=\"\"><img loading=\"lazy\" decoding=\"async\" class=\"galleria alignnone wp-image-1580 size-thumbnail\" src=\"https:\/\/maisemabetoni.fi\/fin\/wp-content\/uploads\/2019\/02\/Uutela1-170x170.jpg\" alt=\"Uutela1\" width=\"170\" height=\"170\" srcset=\"https:\/\/maisemabetoni.fi\/fin\/wp-content\/uploads\/2019\/02\/Uutela1-170x170.jpg 170w, https:\/\/maisemabetoni.fi\/fin\/wp-content\/uploads\/2019\/02\/Uutela1-125x125.jpg 125w, https:\/\/maisemabetoni.fi\/fin\/wp-content\/uploads\/2019\/02\/Uutela1-18x18.jpg 18w\" sizes=\"auto, (max-width: 170px) 100vw, 170px\" \/><\/a><a href=\"https:\/\/maisemabetoni.fi\/fin\/wp-content\/uploads\/2019\/02\/Uutela2.jpg\" data-rel=\"lightbox-gallery-bGlnaHRib3gtZ2FsbGVyeS1nSW9jMjlsVw==\" data-rl_title=\"\" data-rl_caption=\"\" data-rl_title=\"\" data-rl_caption=\"\" title=\"\"><img loading=\"lazy\" decoding=\"async\" class=\"galleria alignnone wp-image-1581 size-thumbnail\" src=\"https:\/\/maisemabetoni.fi\/fin\/wp-content\/uploads\/2019\/02\/Uutela2-170x170.jpg\" alt=\"Uutela2\" width=\"170\" height=\"170\" srcset=\"https:\/\/maisemabetoni.fi\/fin\/wp-content\/uploads\/2019\/02\/Uutela2-170x170.jpg 170w, https:\/\/maisemabetoni.fi\/fin\/wp-content\/uploads\/2019\/02\/Uutela2-125x125.jpg 125w, https:\/\/maisemabetoni.fi\/fin\/wp-content\/uploads\/2019\/02\/Uutela2-18x18.jpg 18w\" sizes=\"auto, (max-width: 170px) 100vw, 170px\" \/><\/a><a href=\"https:\/\/maisemabetoni.fi\/fin\/wp-content\/uploads\/2019\/02\/Uutela3.jpg\" data-rel=\"lightbox-gallery-bGlnaHRib3gtZ2FsbGVyeS1nSW9jMjlsVw==\" data-rl_title=\"\" data-rl_caption=\"\" data-rl_title=\"\" data-rl_caption=\"\" title=\"\"><img loading=\"lazy\" decoding=\"async\" class=\"galleria alignnone wp-image-1582 size-thumbnail\" src=\"https:\/\/maisemabetoni.fi\/fin\/wp-content\/uploads\/2019\/02\/Uutela3-170x170.jpg\" alt=\"Uutela3\" width=\"170\" height=\"170\" srcset=\"https:\/\/maisemabetoni.fi\/fin\/wp-content\/uploads\/2019\/02\/Uutela3-170x170.jpg 170w, https:\/\/maisemabetoni.fi\/fin\/wp-content\/uploads\/2019\/02\/Uutela3-125x125.jpg 125w, https:\/\/maisemabetoni.fi\/fin\/wp-content\/uploads\/2019\/02\/Uutela3-18x18.jpg 18w\" sizes=\"auto, (max-width: 170px) 100vw, 170px\" \/><\/a><a href=\"https:\/\/maisemabetoni.fi\/fin\/wp-content\/uploads\/2019\/02\/Uutela4.jpg\" data-rel=\"lightbox-gallery-bGlnaHRib3gtZ2FsbGVyeS1nSW9jMjlsVw==\" data-rl_title=\"\" data-rl_caption=\"\" data-rl_title=\"\" data-rl_caption=\"\" title=\"\"><img loading=\"lazy\" decoding=\"async\" class=\"galleria alignnone wp-image-1583 size-thumbnail\" src=\"https:\/\/maisemabetoni.fi\/fin\/wp-content\/uploads\/2019\/02\/Uutela4-170x170.jpg\" alt=\"Uutela4\" width=\"170\" height=\"170\" srcset=\"https:\/\/maisemabetoni.fi\/fin\/wp-content\/uploads\/2019\/02\/Uutela4-170x170.jpg 170w, https:\/\/maisemabetoni.fi\/fin\/wp-content\/uploads\/2019\/02\/Uutela4-125x125.jpg 125w, https:\/\/maisemabetoni.fi\/fin\/wp-content\/uploads\/2019\/02\/Uutela4-18x18.jpg 18w\" sizes=\"auto, (max-width: 170px) 100vw, 170px\" \/><\/a><a href=\"https:\/\/maisemabetoni.fi\/fin\/wp-content\/uploads\/2019\/02\/Uutela_havainne.jpg\" data-rel=\"lightbox-gallery-bGlnaHRib3gtZ2FsbGVyeS1nSW9jMjlsVw==\" data-rl_title=\"\" data-rl_caption=\"\" data-rl_title=\"\" data-rl_caption=\"\" title=\"\"><img loading=\"lazy\" decoding=\"async\" class=\"galleria alignnone wp-image-1579 size-thumbnail\" src=\"https:\/\/maisemabetoni.fi\/fin\/wp-content\/uploads\/2019\/02\/Uutela_havainne-170x170.jpg\" alt=\"Uutela_havainne\" width=\"170\" height=\"170\" srcset=\"https:\/\/maisemabetoni.fi\/fin\/wp-content\/uploads\/2019\/02\/Uutela_havainne-170x170.jpg 170w, https:\/\/maisemabetoni.fi\/fin\/wp-content\/uploads\/2019\/02\/Uutela_havainne-125x125.jpg 125w, https:\/\/maisemabetoni.fi\/fin\/wp-content\/uploads\/2019\/02\/Uutela_havainne-18x18.jpg 18w\" sizes=\"auto, (max-width: 170px) 100vw, 170px\" \/><\/a><\/p>\n\n","protected":false},"excerpt":{"rendered":"","protected":false},"author":1,"featured_media":0,"parent":944,"menu_order":7,"comment_status":"closed","ping_status":"closed","template":"","meta":{"footnotes":""},"class_list":["post-1147","page","type-page","status-publish","hentry"],"yoast_head":"<!-- This site is optimized with the Yoast SEO plugin v26.8 - https:\/\/yoast.com\/product\/yoast-seo-wordpress\/ -->\n<title>Uutelan kanava, Helsinki, 2010 - Maisemabetoni<\/title>\n<meta name=\"robots\" content=\"noindex, follow, max-snippet:-1, max-image-preview:large, max-video-preview:-1\" \/>\n<meta property=\"og:locale\" content=\"fi_FI\" \/>\n<meta property=\"og:type\" content=\"article\" \/>\n<meta property=\"og:title\" content=\"Uutelan kanava, Helsinki, 2010 - Maisemabetoni\" \/>\n<meta property=\"og:url\" content=\"https:\/\/maisemabetoni.fi\/fin\/referenssit\/vuoden-ymparistorakenteet\/uutelan-kanava-helsinki\/\" \/>\n<meta property=\"og:site_name\" content=\"Maisemabetoni\" \/>\n<meta property=\"article:modified_time\" content=\"2019-02-28T15:14:10+00:00\" \/>\n<meta name=\"twitter:card\" content=\"summary_large_image\" \/>\n<script type=\"application\/ld+json\" class=\"yoast-schema-graph\">{\"@context\":\"https:\/\/schema.org\",\"@graph\":[{\"@type\":\"WebPage\",\"@id\":\"https:\/\/maisemabetoni.fi\/fin\/referenssit\/vuoden-ymparistorakenteet\/uutelan-kanava-helsinki\/\",\"url\":\"https:\/\/maisemabetoni.fi\/fin\/referenssit\/vuoden-ymparistorakenteet\/uutelan-kanava-helsinki\/\",\"name\":\"Uutelan kanava, Helsinki, 2010 - Maisemabetoni\",\"isPartOf\":{\"@id\":\"https:\/\/maisemabetoni.fi\/fin\/#website\"},\"datePublished\":\"2018-02-01T15:22:54+00:00\",\"dateModified\":\"2019-02-28T15:14:10+00:00\",\"breadcrumb\":{\"@id\":\"https:\/\/maisemabetoni.fi\/fin\/referenssit\/vuoden-ymparistorakenteet\/uutelan-kanava-helsinki\/#breadcrumb\"},\"inLanguage\":\"fi\",\"potentialAction\":[{\"@type\":\"ReadAction\",\"target\":[\"https:\/\/maisemabetoni.fi\/fin\/referenssit\/vuoden-ymparistorakenteet\/uutelan-kanava-helsinki\/\"]}]},{\"@type\":\"BreadcrumbList\",\"@id\":\"https:\/\/maisemabetoni.fi\/fin\/referenssit\/vuoden-ymparistorakenteet\/uutelan-kanava-helsinki\/#breadcrumb\",\"itemListElement\":[{\"@type\":\"ListItem\",\"position\":1,\"name\":\"Etusivu\",\"item\":\"https:\/\/maisemabetoni.fi\/fin\/\"},{\"@type\":\"ListItem\",\"position\":2,\"name\":\"VUODEN YMP\u00c4RIST\u00d6RAKENTEET\",\"item\":\"https:\/\/maisemabetoni.fi\/fin\/referenssit\/vuoden-ymparistorakenteet\/\"},{\"@type\":\"ListItem\",\"position\":3,\"name\":\"Uutelan kanava, Helsinki, 2010\"}]},{\"@type\":\"WebSite\",\"@id\":\"https:\/\/maisemabetoni.fi\/fin\/#website\",\"url\":\"https:\/\/maisemabetoni.fi\/fin\/\",\"name\":\"Maisemabetoni\",\"description\":\"\",\"potentialAction\":[{\"@type\":\"SearchAction\",\"target\":{\"@type\":\"EntryPoint\",\"urlTemplate\":\"https:\/\/maisemabetoni.fi\/fin\/?s={search_term_string}\"},\"query-input\":{\"@type\":\"PropertyValueSpecification\",\"valueRequired\":true,\"valueName\":\"search_term_string\"}}],\"inLanguage\":\"fi\"}]}<\/script>\n<!-- \/ Yoast SEO plugin. -->","yoast_head_json":{"title":"Uutelan kanava, Helsinki, 2010 - Maisemabetoni","robots":{"index":"noindex","follow":"follow","max-snippet":"max-snippet:-1","max-image-preview":"max-image-preview:large","max-video-preview":"max-video-preview:-1"},"og_locale":"fi_FI","og_type":"article","og_title":"Uutelan kanava, Helsinki, 2010 - Maisemabetoni","og_url":"https:\/\/maisemabetoni.fi\/fin\/referenssit\/vuoden-ymparistorakenteet\/uutelan-kanava-helsinki\/","og_site_name":"Maisemabetoni","article_modified_time":"2019-02-28T15:14:10+00:00","twitter_card":"summary_large_image","schema":{"@context":"https:\/\/schema.org","@graph":[{"@type":"WebPage","@id":"https:\/\/maisemabetoni.fi\/fin\/referenssit\/vuoden-ymparistorakenteet\/uutelan-kanava-helsinki\/","url":"https:\/\/maisemabetoni.fi\/fin\/referenssit\/vuoden-ymparistorakenteet\/uutelan-kanava-helsinki\/","name":"Uutelan kanava, Helsinki, 2010 - Maisemabetoni","isPartOf":{"@id":"https:\/\/maisemabetoni.fi\/fin\/#website"},"datePublished":"2018-02-01T15:22:54+00:00","dateModified":"2019-02-28T15:14:10+00:00","breadcrumb":{"@id":"https:\/\/maisemabetoni.fi\/fin\/referenssit\/vuoden-ymparistorakenteet\/uutelan-kanava-helsinki\/#breadcrumb"},"inLanguage":"fi","potentialAction":[{"@type":"ReadAction","target":["https:\/\/maisemabetoni.fi\/fin\/referenssit\/vuoden-ymparistorakenteet\/uutelan-kanava-helsinki\/"]}]},{"@type":"BreadcrumbList","@id":"https:\/\/maisemabetoni.fi\/fin\/referenssit\/vuoden-ymparistorakenteet\/uutelan-kanava-helsinki\/#breadcrumb","itemListElement":[{"@type":"ListItem","position":1,"name":"Etusivu","item":"https:\/\/maisemabetoni.fi\/fin\/"},{"@type":"ListItem","position":2,"name":"VUODEN YMP\u00c4RIST\u00d6RAKENTEET","item":"https:\/\/maisemabetoni.fi\/fin\/referenssit\/vuoden-ymparistorakenteet\/"},{"@type":"ListItem","position":3,"name":"Uutelan kanava, Helsinki, 2010"}]},{"@type":"WebSite","@id":"https:\/\/maisemabetoni.fi\/fin\/#website","url":"https:\/\/maisemabetoni.fi\/fin\/","name":"Maisemabetoni","description":"","potentialAction":[{"@type":"SearchAction","target":{"@type":"EntryPoint","urlTemplate":"https:\/\/maisemabetoni.fi\/fin\/?s={search_term_string}"},"query-input":{"@type":"PropertyValueSpecification","valueRequired":true,"valueName":"search_term_string"}}],"inLanguage":"fi"}]}},"_links":{"self":[{"href":"https:\/\/maisemabetoni.fi\/fin\/wp-json\/wp\/v2\/pages\/1147","targetHints":{"allow":["GET"]}}],"collection":[{"href":"https:\/\/maisemabetoni.fi\/fin\/wp-json\/wp\/v2\/pages"}],"about":[{"href":"https:\/\/maisemabetoni.fi\/fin\/wp-json\/wp\/v2\/types\/page"}],"author":[{"embeddable":true,"href":"https:\/\/maisemabetoni.fi\/fin\/wp-json\/wp\/v2\/users\/1"}],"replies":[{"embeddable":true,"href":"https:\/\/maisemabetoni.fi\/fin\/wp-json\/wp\/v2\/comments?post=1147"}],"version-history":[{"count":4,"href":"https:\/\/maisemabetoni.fi\/fin\/wp-json\/wp\/v2\/pages\/1147\/revisions"}],"predecessor-version":[{"id":1624,"href":"https:\/\/maisemabetoni.fi\/fin\/wp-json\/wp\/v2\/pages\/1147\/revisions\/1624"}],"up":[{"embeddable":true,"href":"https:\/\/maisemabetoni.fi\/fin\/wp-json\/wp\/v2\/pages\/944"}],"wp:attachment":[{"href":"https:\/\/maisemabetoni.fi\/fin\/wp-json\/wp\/v2\/media?parent=1147"}],"curies":[{"name":"wp","href":"https:\/\/api.w.org\/{rel}","templated":true}]}}