{"id":1149,"date":"2018-02-01T17:25:06","date_gmt":"2018-02-01T15:25:06","guid":{"rendered":"https:\/\/maisemabetoni.fi\/fin\/?page_id=1149"},"modified":"2019-02-28T16:08:10","modified_gmt":"2019-02-28T14:08:10","slug":"eiranrannan-puistoalue-helsinki","status":"publish","type":"page","link":"https:\/\/maisemabetoni.fi\/fin\/referenssit\/vuoden-ymparistorakenteet\/eiranrannan-puistoalue-helsinki\/","title":{"rendered":"Eiranrannan puistoalue, Helsinki, 2011"},"content":{"rendered":"<h4><img loading=\"lazy\" decoding=\"async\" class=\"alignright size-large wp-image-1556\" src=\"https:\/\/maisemabetoni.fi\/fin\/wp-content\/uploads\/2019\/02\/Eiranranta1-700x525.jpg\" alt=\"Eiranranta1\" width=\"640\" height=\"480\" srcset=\"https:\/\/maisemabetoni.fi\/fin\/wp-content\/uploads\/2019\/02\/Eiranranta1-700x525.jpg 700w, https:\/\/maisemabetoni.fi\/fin\/wp-content\/uploads\/2019\/02\/Eiranranta1-530x398.jpg 530w, https:\/\/maisemabetoni.fi\/fin\/wp-content\/uploads\/2019\/02\/Eiranranta1-768x576.jpg 768w, https:\/\/maisemabetoni.fi\/fin\/wp-content\/uploads\/2019\/02\/Eiranranta1.jpg 1500w\" sizes=\"auto, (max-width: 640px) 100vw, 640px\" \/>Eiranrannan puistoalue, Helsinki (VYR 2011)<\/h4>\n<p>RAKENNUTTAJA<br \/>\nHelsingin kaupungin rakennusvirasto, katu- ja puisto-osasto<br \/>\nSUUNNITTELU<br \/>\nRamboll Finland Oy, Arkkitehtitoimisto Pertti P\u00e4\u00e4sky Oy<br \/>\nURAKOITSIJAT<br \/>\nVRJ Etel\u00e4-Suomi Oy, Helsingin kaupungin rakentamispalvelu Stara L\u00e4ntinen kaupunkitekniikka<br \/>\nT\u00e4ytt\u00f6alueelle rakennetun, mereen rajoittuvan Pyh\u00e4n Birgitan puiston keskeinen viheralue on dyynim\u00e4isesti muotoiltu nurmialue. Rannassa nurmeen liittyv\u00e4 istutusalue rajautuu kaarevaan muuriin ja raittiin, jolla on penkkej\u00e4 ja istuskelemaan kutsuvia graniittipaaseja. Rantaraitilta p\u00e4\u00e4see portaita pitkin laituritasanteelle ja veteen.<\/p>\n<p>L\u00e4himp\u00e4n\u00e4 uutta asuinkorttelia, Pyhiinvaeltajanpuistossa sijaitsee upea, l\u00e4hes 800 neli\u00f6metrin suuruinen luonnonkivireunainen vesiallas, joka liitt\u00e4\u00e4 alueen rantavy\u00f6hykkeeseen. Alueella on taiteilija <em>Jussi Heikkil\u00e4n<\/em> kolmiosainen taideteos, jonka yksi osa sijaitsee vesialtaassa, yksi Pyh\u00e4n Birgitan puiston rantareitin varressa ja yksi meriportaiden l\u00e4hell\u00e4.<\/p>\n<p><strong>Kest\u00e4\u00e4 kovan kulutuksen<\/strong><br \/>\nEiranrannan alue on suunniteltu ja rakennettu kest\u00e4m\u00e4\u00e4n kovaa kulutusta. Alue on toteutettu ammattitaidolla ja ty\u00f6n j\u00e4lki on erinomaista. Materiaali- ja kasvivalintoineen loppuun asti harkitussa suunnittelussa ja kest\u00e4v\u00e4ss\u00e4 rakentamisessa on otettu huomioon my\u00f6s kunnossapidon tarpeet.<\/p>\n<p>Eiranrannan puistoaluekokonaisuus rikastuttaa merkitt\u00e4v\u00e4ll\u00e4 tavalla l\u00e4hialueen asukkaiden, helsinkil\u00e4isten ja turistien virkistysmahdollisuuksia korkeatasoisessa, hengelt\u00e4\u00e4n ja tunnelmaltaan k\u00e4ytt\u00e4j\u00e4yst\u00e4v\u00e4llisess\u00e4 ymp\u00e4rist\u00f6ss\u00e4.<\/p>\n<p>Eiranrannan puistoalue palkittiin Vuoden 2011 Ymp\u00e4rist\u00f6rakenteena.<\/p>\n<p><a class=\"nappi4\" style=\"color: #fff;\" href=\"https:\/\/betoni.com\/wp-content\/uploads\/2015\/09\/BET1103_10-17.pdf\" target=\"_blank\" rel=\"noopener noreferrer\">Lue kohteen esittely Betonilehdess\u00e4 \u00bb<\/a><\/p>\n<p><a href=\"https:\/\/maisemabetoni.fi\/fin\/wp-content\/uploads\/2019\/02\/Eiranranta1.jpg\" data-rel=\"lightbox-gallery-bGlnaHRib3gtZ2FsbGVyeS1wMlVKMXV5Qw==\" data-rl_title=\"\" data-rl_caption=\"\" data-rl_title=\"\" data-rl_caption=\"\" title=\"\"><img loading=\"lazy\" decoding=\"async\" class=\"galleria alignnone wp-image-1556 size-thumbnail\" src=\"https:\/\/maisemabetoni.fi\/fin\/wp-content\/uploads\/2019\/02\/Eiranranta1-170x170.jpg\" alt=\"Eiranranta1\" width=\"170\" height=\"170\" srcset=\"https:\/\/maisemabetoni.fi\/fin\/wp-content\/uploads\/2019\/02\/Eiranranta1-170x170.jpg 170w, https:\/\/maisemabetoni.fi\/fin\/wp-content\/uploads\/2019\/02\/Eiranranta1-125x125.jpg 125w, https:\/\/maisemabetoni.fi\/fin\/wp-content\/uploads\/2019\/02\/Eiranranta1-18x18.jpg 18w\" sizes=\"auto, (max-width: 170px) 100vw, 170px\" \/><\/a><a href=\"https:\/\/maisemabetoni.fi\/fin\/wp-content\/uploads\/2019\/02\/Eiranranta2.jpg\" data-rel=\"lightbox-gallery-bGlnaHRib3gtZ2FsbGVyeS1wMlVKMXV5Qw==\" data-rl_title=\"\" data-rl_caption=\"\" data-rl_title=\"\" data-rl_caption=\"\" title=\"\"><img loading=\"lazy\" decoding=\"async\" class=\"galleria alignnone wp-image-1557 size-thumbnail\" src=\"https:\/\/maisemabetoni.fi\/fin\/wp-content\/uploads\/2019\/02\/Eiranranta2-170x170.jpg\" alt=\"Eiranranta2\" width=\"170\" height=\"170\" srcset=\"https:\/\/maisemabetoni.fi\/fin\/wp-content\/uploads\/2019\/02\/Eiranranta2-170x170.jpg 170w, https:\/\/maisemabetoni.fi\/fin\/wp-content\/uploads\/2019\/02\/Eiranranta2-125x125.jpg 125w, https:\/\/maisemabetoni.fi\/fin\/wp-content\/uploads\/2019\/02\/Eiranranta2-18x18.jpg 18w\" sizes=\"auto, (max-width: 170px) 100vw, 170px\" \/><\/a><a href=\"https:\/\/maisemabetoni.fi\/fin\/wp-content\/uploads\/2019\/02\/Eiranranta3.jpg\" data-rel=\"lightbox-gallery-bGlnaHRib3gtZ2FsbGVyeS1wMlVKMXV5Qw==\" data-rl_title=\"\" data-rl_caption=\"\" data-rl_title=\"\" data-rl_caption=\"\" title=\"\"><img loading=\"lazy\" decoding=\"async\" class=\"galleria alignnone wp-image-1558 size-thumbnail\" src=\"https:\/\/maisemabetoni.fi\/fin\/wp-content\/uploads\/2019\/02\/Eiranranta3-170x170.jpg\" alt=\"Eiranranta3\" width=\"170\" height=\"170\" srcset=\"https:\/\/maisemabetoni.fi\/fin\/wp-content\/uploads\/2019\/02\/Eiranranta3-170x170.jpg 170w, https:\/\/maisemabetoni.fi\/fin\/wp-content\/uploads\/2019\/02\/Eiranranta3-125x125.jpg 125w, https:\/\/maisemabetoni.fi\/fin\/wp-content\/uploads\/2019\/02\/Eiranranta3-18x18.jpg 18w\" sizes=\"auto, (max-width: 170px) 100vw, 170px\" \/><\/a><a href=\"https:\/\/maisemabetoni.fi\/fin\/wp-content\/uploads\/2019\/02\/Eiranranta4.jpg\" data-rel=\"lightbox-gallery-bGlnaHRib3gtZ2FsbGVyeS1wMlVKMXV5Qw==\" data-rl_title=\"\" data-rl_caption=\"\" data-rl_title=\"\" data-rl_caption=\"\" title=\"\"><img loading=\"lazy\" decoding=\"async\" class=\"galleria alignnone wp-image-1559 size-thumbnail\" src=\"https:\/\/maisemabetoni.fi\/fin\/wp-content\/uploads\/2019\/02\/Eiranranta4-170x170.jpg\" alt=\"Eiranranta4\" width=\"170\" height=\"170\" srcset=\"https:\/\/maisemabetoni.fi\/fin\/wp-content\/uploads\/2019\/02\/Eiranranta4-170x170.jpg 170w, https:\/\/maisemabetoni.fi\/fin\/wp-content\/uploads\/2019\/02\/Eiranranta4-125x125.jpg 125w, https:\/\/maisemabetoni.fi\/fin\/wp-content\/uploads\/2019\/02\/Eiranranta4-18x18.jpg 18w\" sizes=\"auto, (max-width: 170px) 100vw, 170px\" \/><\/a><a href=\"https:\/\/maisemabetoni.fi\/fin\/wp-content\/uploads\/2019\/02\/Eiranranta5.jpg\" data-rel=\"lightbox-gallery-bGlnaHRib3gtZ2FsbGVyeS1wMlVKMXV5Qw==\" data-rl_title=\"\" data-rl_caption=\"\" data-rl_title=\"\" data-rl_caption=\"\" title=\"\"><img loading=\"lazy\" decoding=\"async\" class=\"galleria alignnone wp-image-1560 size-thumbnail\" src=\"https:\/\/maisemabetoni.fi\/fin\/wp-content\/uploads\/2019\/02\/Eiranranta5-170x170.jpg\" alt=\"Eiranranta5\" width=\"170\" height=\"170\" srcset=\"https:\/\/maisemabetoni.fi\/fin\/wp-content\/uploads\/2019\/02\/Eiranranta5-170x170.jpg 170w, https:\/\/maisemabetoni.fi\/fin\/wp-content\/uploads\/2019\/02\/Eiranranta5-125x125.jpg 125w, https:\/\/maisemabetoni.fi\/fin\/wp-content\/uploads\/2019\/02\/Eiranranta5-18x18.jpg 18w\" sizes=\"auto, (max-width: 170px) 100vw, 170px\" \/><\/a><a href=\"https:\/\/maisemabetoni.fi\/fin\/wp-content\/uploads\/2019\/02\/Eiranranta6.jpg\" data-rel=\"lightbox-gallery-bGlnaHRib3gtZ2FsbGVyeS1wMlVKMXV5Qw==\" data-rl_title=\"\" data-rl_caption=\"\" data-rl_title=\"\" data-rl_caption=\"\" title=\"\"><img loading=\"lazy\" decoding=\"async\" class=\"galleria alignnone wp-image-1562 size-thumbnail\" src=\"https:\/\/maisemabetoni.fi\/fin\/wp-content\/uploads\/2019\/02\/Eiranranta6-170x170.jpg\" alt=\"Eiranranta6\" width=\"170\" height=\"170\" srcset=\"https:\/\/maisemabetoni.fi\/fin\/wp-content\/uploads\/2019\/02\/Eiranranta6-170x170.jpg 170w, https:\/\/maisemabetoni.fi\/fin\/wp-content\/uploads\/2019\/02\/Eiranranta6-125x125.jpg 125w, https:\/\/maisemabetoni.fi\/fin\/wp-content\/uploads\/2019\/02\/Eiranranta6-18x18.jpg 18w\" sizes=\"auto, (max-width: 170px) 100vw, 170px\" \/><\/a><a href=\"https:\/\/maisemabetoni.fi\/fin\/wp-content\/uploads\/2019\/02\/Eiranranta7.jpg\" data-rel=\"lightbox-gallery-bGlnaHRib3gtZ2FsbGVyeS1wMlVKMXV5Qw==\" data-rl_title=\"\" data-rl_caption=\"\" data-rl_title=\"\" data-rl_caption=\"\" title=\"\"><img loading=\"lazy\" decoding=\"async\" class=\"galleria alignnone wp-image-1563 size-thumbnail\" src=\"https:\/\/maisemabetoni.fi\/fin\/wp-content\/uploads\/2019\/02\/Eiranranta7-170x170.jpg\" alt=\"Eiranranta7\" width=\"170\" height=\"170\" srcset=\"https:\/\/maisemabetoni.fi\/fin\/wp-content\/uploads\/2019\/02\/Eiranranta7-170x170.jpg 170w, https:\/\/maisemabetoni.fi\/fin\/wp-content\/uploads\/2019\/02\/Eiranranta7-125x125.jpg 125w, https:\/\/maisemabetoni.fi\/fin\/wp-content\/uploads\/2019\/02\/Eiranranta7-18x18.jpg 18w\" sizes=\"auto, (max-width: 170px) 100vw, 170px\" \/><\/a><a href=\"https:\/\/maisemabetoni.fi\/fin\/wp-content\/uploads\/2019\/02\/Eiranranta8.jpg\" data-rel=\"lightbox-gallery-bGlnaHRib3gtZ2FsbGVyeS1wMlVKMXV5Qw==\" data-rl_title=\"\" data-rl_caption=\"\" data-rl_title=\"\" data-rl_caption=\"\" title=\"\"><img loading=\"lazy\" decoding=\"async\" class=\"galleria alignnone wp-image-1564 size-thumbnail\" src=\"https:\/\/maisemabetoni.fi\/fin\/wp-content\/uploads\/2019\/02\/Eiranranta8-170x170.jpg\" alt=\"Eiranranta8\" width=\"170\" height=\"170\" srcset=\"https:\/\/maisemabetoni.fi\/fin\/wp-content\/uploads\/2019\/02\/Eiranranta8-170x170.jpg 170w, https:\/\/maisemabetoni.fi\/fin\/wp-content\/uploads\/2019\/02\/Eiranranta8-125x125.jpg 125w, https:\/\/maisemabetoni.fi\/fin\/wp-content\/uploads\/2019\/02\/Eiranranta8-18x18.jpg 18w\" sizes=\"auto, (max-width: 170px) 100vw, 170px\" \/><\/a><\/p>\n\n","protected":false},"excerpt":{"rendered":"","protected":false},"author":1,"featured_media":0,"parent":944,"menu_order":6,"comment_status":"closed","ping_status":"closed","template":"","meta":{"footnotes":""},"class_list":["post-1149","page","type-page","status-publish","hentry"],"yoast_head":"<!-- This site is optimized with the Yoast SEO plugin v26.8 - https:\/\/yoast.com\/product\/yoast-seo-wordpress\/ -->\n<title>Eiranrannan puistoalue, Helsinki, 2011 - Maisemabetoni<\/title>\n<meta name=\"robots\" content=\"noindex, follow, max-snippet:-1, max-image-preview:large, max-video-preview:-1\" \/>\n<meta property=\"og:locale\" content=\"fi_FI\" \/>\n<meta property=\"og:type\" content=\"article\" \/>\n<meta property=\"og:title\" content=\"Eiranrannan puistoalue, Helsinki, 2011 - Maisemabetoni\" \/>\n<meta property=\"og:url\" content=\"https:\/\/maisemabetoni.fi\/fin\/referenssit\/vuoden-ymparistorakenteet\/eiranrannan-puistoalue-helsinki\/\" \/>\n<meta property=\"og:site_name\" content=\"Maisemabetoni\" \/>\n<meta property=\"article:modified_time\" content=\"2019-02-28T14:08:10+00:00\" \/>\n<meta name=\"twitter:card\" content=\"summary_large_image\" \/>\n<script type=\"application\/ld+json\" class=\"yoast-schema-graph\">{\"@context\":\"https:\/\/schema.org\",\"@graph\":[{\"@type\":\"WebPage\",\"@id\":\"https:\/\/maisemabetoni.fi\/fin\/referenssit\/vuoden-ymparistorakenteet\/eiranrannan-puistoalue-helsinki\/\",\"url\":\"https:\/\/maisemabetoni.fi\/fin\/referenssit\/vuoden-ymparistorakenteet\/eiranrannan-puistoalue-helsinki\/\",\"name\":\"Eiranrannan puistoalue, Helsinki, 2011 - Maisemabetoni\",\"isPartOf\":{\"@id\":\"https:\/\/maisemabetoni.fi\/fin\/#website\"},\"datePublished\":\"2018-02-01T15:25:06+00:00\",\"dateModified\":\"2019-02-28T14:08:10+00:00\",\"breadcrumb\":{\"@id\":\"https:\/\/maisemabetoni.fi\/fin\/referenssit\/vuoden-ymparistorakenteet\/eiranrannan-puistoalue-helsinki\/#breadcrumb\"},\"inLanguage\":\"fi\",\"potentialAction\":[{\"@type\":\"ReadAction\",\"target\":[\"https:\/\/maisemabetoni.fi\/fin\/referenssit\/vuoden-ymparistorakenteet\/eiranrannan-puistoalue-helsinki\/\"]}]},{\"@type\":\"BreadcrumbList\",\"@id\":\"https:\/\/maisemabetoni.fi\/fin\/referenssit\/vuoden-ymparistorakenteet\/eiranrannan-puistoalue-helsinki\/#breadcrumb\",\"itemListElement\":[{\"@type\":\"ListItem\",\"position\":1,\"name\":\"Etusivu\",\"item\":\"https:\/\/maisemabetoni.fi\/fin\/\"},{\"@type\":\"ListItem\",\"position\":2,\"name\":\"VUODEN YMP\u00c4RIST\u00d6RAKENTEET\",\"item\":\"https:\/\/maisemabetoni.fi\/fin\/referenssit\/vuoden-ymparistorakenteet\/\"},{\"@type\":\"ListItem\",\"position\":3,\"name\":\"Eiranrannan puistoalue, Helsinki, 2011\"}]},{\"@type\":\"WebSite\",\"@id\":\"https:\/\/maisemabetoni.fi\/fin\/#website\",\"url\":\"https:\/\/maisemabetoni.fi\/fin\/\",\"name\":\"Maisemabetoni\",\"description\":\"\",\"potentialAction\":[{\"@type\":\"SearchAction\",\"target\":{\"@type\":\"EntryPoint\",\"urlTemplate\":\"https:\/\/maisemabetoni.fi\/fin\/?s={search_term_string}\"},\"query-input\":{\"@type\":\"PropertyValueSpecification\",\"valueRequired\":true,\"valueName\":\"search_term_string\"}}],\"inLanguage\":\"fi\"}]}<\/script>\n<!-- \/ Yoast SEO plugin. -->","yoast_head_json":{"title":"Eiranrannan puistoalue, Helsinki, 2011 - Maisemabetoni","robots":{"index":"noindex","follow":"follow","max-snippet":"max-snippet:-1","max-image-preview":"max-image-preview:large","max-video-preview":"max-video-preview:-1"},"og_locale":"fi_FI","og_type":"article","og_title":"Eiranrannan puistoalue, Helsinki, 2011 - Maisemabetoni","og_url":"https:\/\/maisemabetoni.fi\/fin\/referenssit\/vuoden-ymparistorakenteet\/eiranrannan-puistoalue-helsinki\/","og_site_name":"Maisemabetoni","article_modified_time":"2019-02-28T14:08:10+00:00","twitter_card":"summary_large_image","schema":{"@context":"https:\/\/schema.org","@graph":[{"@type":"WebPage","@id":"https:\/\/maisemabetoni.fi\/fin\/referenssit\/vuoden-ymparistorakenteet\/eiranrannan-puistoalue-helsinki\/","url":"https:\/\/maisemabetoni.fi\/fin\/referenssit\/vuoden-ymparistorakenteet\/eiranrannan-puistoalue-helsinki\/","name":"Eiranrannan puistoalue, Helsinki, 2011 - Maisemabetoni","isPartOf":{"@id":"https:\/\/maisemabetoni.fi\/fin\/#website"},"datePublished":"2018-02-01T15:25:06+00:00","dateModified":"2019-02-28T14:08:10+00:00","breadcrumb":{"@id":"https:\/\/maisemabetoni.fi\/fin\/referenssit\/vuoden-ymparistorakenteet\/eiranrannan-puistoalue-helsinki\/#breadcrumb"},"inLanguage":"fi","potentialAction":[{"@type":"ReadAction","target":["https:\/\/maisemabetoni.fi\/fin\/referenssit\/vuoden-ymparistorakenteet\/eiranrannan-puistoalue-helsinki\/"]}]},{"@type":"BreadcrumbList","@id":"https:\/\/maisemabetoni.fi\/fin\/referenssit\/vuoden-ymparistorakenteet\/eiranrannan-puistoalue-helsinki\/#breadcrumb","itemListElement":[{"@type":"ListItem","position":1,"name":"Etusivu","item":"https:\/\/maisemabetoni.fi\/fin\/"},{"@type":"ListItem","position":2,"name":"VUODEN YMP\u00c4RIST\u00d6RAKENTEET","item":"https:\/\/maisemabetoni.fi\/fin\/referenssit\/vuoden-ymparistorakenteet\/"},{"@type":"ListItem","position":3,"name":"Eiranrannan puistoalue, Helsinki, 2011"}]},{"@type":"WebSite","@id":"https:\/\/maisemabetoni.fi\/fin\/#website","url":"https:\/\/maisemabetoni.fi\/fin\/","name":"Maisemabetoni","description":"","potentialAction":[{"@type":"SearchAction","target":{"@type":"EntryPoint","urlTemplate":"https:\/\/maisemabetoni.fi\/fin\/?s={search_term_string}"},"query-input":{"@type":"PropertyValueSpecification","valueRequired":true,"valueName":"search_term_string"}}],"inLanguage":"fi"}]}},"_links":{"self":[{"href":"https:\/\/maisemabetoni.fi\/fin\/wp-json\/wp\/v2\/pages\/1149","targetHints":{"allow":["GET"]}}],"collection":[{"href":"https:\/\/maisemabetoni.fi\/fin\/wp-json\/wp\/v2\/pages"}],"about":[{"href":"https:\/\/maisemabetoni.fi\/fin\/wp-json\/wp\/v2\/types\/page"}],"author":[{"embeddable":true,"href":"https:\/\/maisemabetoni.fi\/fin\/wp-json\/wp\/v2\/users\/1"}],"replies":[{"embeddable":true,"href":"https:\/\/maisemabetoni.fi\/fin\/wp-json\/wp\/v2\/comments?post=1149"}],"version-history":[{"count":8,"href":"https:\/\/maisemabetoni.fi\/fin\/wp-json\/wp\/v2\/pages\/1149\/revisions"}],"predecessor-version":[{"id":1570,"href":"https:\/\/maisemabetoni.fi\/fin\/wp-json\/wp\/v2\/pages\/1149\/revisions\/1570"}],"up":[{"embeddable":true,"href":"https:\/\/maisemabetoni.fi\/fin\/wp-json\/wp\/v2\/pages\/944"}],"wp:attachment":[{"href":"https:\/\/maisemabetoni.fi\/fin\/wp-json\/wp\/v2\/media?parent=1149"}],"curies":[{"name":"wp","href":"https:\/\/api.w.org\/{rel}","templated":true}]}}