{"id":1151,"date":"2018-02-01T17:26:33","date_gmt":"2018-02-01T15:26:33","guid":{"rendered":"https:\/\/maisemabetoni.fi\/fin\/?page_id=1151"},"modified":"2019-02-28T16:07:43","modified_gmt":"2019-02-28T14:07:43","slug":"katariinan-meripuisto-kotka","status":"publish","type":"page","link":"https:\/\/maisemabetoni.fi\/fin\/referenssit\/vuoden-ymparistorakenteet\/katariinan-meripuisto-kotka\/","title":{"rendered":"Katariinan Meripuisto, Kotka, 2012"},"content":{"rendered":"<h4><img decoding=\"async\" class=\"alignright\" src=\"http:\/\/maisemabetoni.fi\/wp-content\/uploads\/2013\/06\/Katariinan-Meripuisto-004-530x320.jpg\" alt=\"\" \/>Katariinan Meripuisto, Kotka (VYR 2012)<\/h4>\n<p>RAKENNUTTAJA<br \/>\nKotkan kaupunki<br \/>\nP\u00c4\u00c4SUUNNITTELIJA<br \/>\nKotkan kaupungin puistotoimi<br \/>\nP\u00c4\u00c4URAKOITSIJA<br \/>\nKotkan kaupungin puistotoimi. Skeittiramppien rakentaminen Vihdin Betoni Oy ja erikoisrakenteiden rakentaja Vikmanin Kivi Ky<\/p>\n<p>Kotkassa saastunut vanha \u00f6ljysatama aivan kaupungin ydinkeskustan tuntumassa on muutettu kaikille yleiseksi puistoalueeksi. Katariinan Meripuisto on meren ymp\u00e4r\u00f6im\u00e4 alue, jossa voimakkaasti rakennetut ja luonnonmukaiset alueet vaihtelevat luontevalla tavalla.<\/p>\n<p>Yli 20 hehtaarin puistosta l\u00f6ytyy runsaasti toimintoja ja oleskelupaikkoja eri k\u00e4ytt\u00e4j\u00e4ryhmille.<\/p>\n<p>Suunnittelussa on k\u00e4ytetty maastonmuotoja on hyv\u00e4ksi. Puistoon on saatu vaihteleva ja yll\u00e4tyksellinen tilojen ja paikkojen sarja. Meri on hienosti l\u00e4sn\u00e4 suurena elementtin\u00e4 ja toisaalta vesi on pienimuotoisina puroina ja altaina tuotu el\u00e4v\u00e4sti puiston sis\u00e4\u00e4n.<\/p>\n<p><a href=\"http:\/\/virtuaali.maisemabetoni.fi\/fi_FI\/maisemabetoni\/Suomi\/Katariinan+meripuisto%252C+Kotka+-+kuva+1\" target=\"_blank\" rel=\"noopener noreferrer\"><img loading=\"lazy\" decoding=\"async\" class=\"alignright size-full wp-image-63\" src=\"https:\/\/maisemabetoni.fi\/fin\/wp-content\/uploads\/2017\/11\/virtuaalikierros.jpg\" alt=\"virtuaalikierros\" width=\"227\" height=\"86\" \/><\/a>Puiston rakentamisessa on kunnioitettu kalliomaisemaa ja alkuper\u00e4ist\u00e4 kasvilajistoa yhdist\u00e4m\u00e4ll\u00e4 ne harkitusti uusiin taidokkaasti sijoiteltuihin rakennelmiin ja istutuksiin. Huolellinen toteutus ja osaavasti valitut kasvit helpottavat puiston tulevaa kunnossapitoa.<\/p>\n<p>Rakentamisessa on k\u00e4ytetty erityisen runsaasti kierr\u00e4tysmateriaaleja.<\/p>\n<p>Katariinan Meripuisto on saanut Euroopan viherrakentajien j\u00e4rjest\u00f6n ELCA:n Trend Award -palkinnon. ELCA:n mukaan saastunut teollisuusalue on muutettu asiantuntevasti ja taitavasti avoimeksi virkistysalueeksi, jossa ekologia on otettu perusteellisesti huomioon.<\/p>\n<p>Katariinan Meripuisto on Vuoden ymp\u00e4rist\u00f6rakenne 2012.<\/p>\n<p><a class=\"nappi4\" style=\"color: #fff;\" href=\"https:\/\/maisemabetoni.fi\/fin\/wp-content\/uploads\/2020\/10\/VYR-2012-Katariinan-meripuisto-KOtka.pdf\" target=\"_blank\" rel=\"noopener noreferrer\">Lue kohteen esittely Betonilehdess\u00e4 \u00bb<\/a><\/p>\n<p><a href=\"https:\/\/maisemabetoni.fi\/wp-content\/uploads\/2013\/06\/Katariinan-Meripuisto-004.jpg\" data-rel=\"lightbox-gallery-bGlnaHRib3gtZ2FsbGVyeS12eEtUdjNJQg==\" data-rl_title=\"\" data-rl_caption=\"\" data-rl_title=\"\" data-rl_caption=\"\" title=\"\"><img decoding=\"async\" class=\"galleria\" src=\"https:\/\/maisemabetoni.fi\/wp-content\/uploads\/2013\/06\/Katariinan-Meripuisto-004-170x170.jpg\" \/><\/a><a href=\"https:\/\/maisemabetoni.fi\/wp-content\/uploads\/2013\/06\/Katariinan-Meripuisto-006.jpg\" data-rel=\"lightbox-gallery-bGlnaHRib3gtZ2FsbGVyeS12eEtUdjNJQg==\" data-rl_title=\"\" data-rl_caption=\"\" data-rl_title=\"\" data-rl_caption=\"\" title=\"\"><img decoding=\"async\" class=\"galleria\" src=\"https:\/\/maisemabetoni.fi\/wp-content\/uploads\/2013\/06\/Katariinan-Meripuisto-006-170x170.jpg\" \/><\/a><a href=\"https:\/\/maisemabetoni.fi\/wp-content\/uploads\/2013\/06\/Katariinan-Meripuisto-010.jpg\" data-rel=\"lightbox-gallery-bGlnaHRib3gtZ2FsbGVyeS12eEtUdjNJQg==\" data-rl_title=\"\" data-rl_caption=\"\" data-rl_title=\"\" data-rl_caption=\"\" title=\"\"><img decoding=\"async\" class=\"galleria\" src=\"https:\/\/maisemabetoni.fi\/wp-content\/uploads\/2013\/06\/Katariinan-Meripuisto-010-170x170.jpg\" \/><\/a><a href=\"https:\/\/maisemabetoni.fi\/wp-content\/uploads\/2013\/06\/Meripuisto.jpg\" data-rel=\"lightbox-gallery-bGlnaHRib3gtZ2FsbGVyeS12eEtUdjNJQg==\" data-rl_title=\"\" data-rl_caption=\"\" data-rl_title=\"\" data-rl_caption=\"\" title=\"\"><img decoding=\"async\" class=\"galleria\" src=\"https:\/\/maisemabetoni.fi\/wp-content\/uploads\/2013\/06\/Meripuisto-170x170.jpg\" \/><\/a><a href=\"https:\/\/maisemabetoni.fi\/wp-content\/uploads\/2013\/06\/Meripuisto2.jpg\" data-rel=\"lightbox-gallery-bGlnaHRib3gtZ2FsbGVyeS12eEtUdjNJQg==\" data-rl_title=\"\" data-rl_caption=\"\" data-rl_title=\"\" data-rl_caption=\"\" title=\"\"><img decoding=\"async\" class=\"galleria\" src=\"https:\/\/maisemabetoni.fi\/wp-content\/uploads\/2013\/06\/Meripuisto2-170x170.jpg\" \/><\/a><\/p>\n\n","protected":false},"excerpt":{"rendered":"","protected":false},"author":1,"featured_media":0,"parent":944,"menu_order":5,"comment_status":"closed","ping_status":"closed","template":"","meta":{"footnotes":""},"class_list":["post-1151","page","type-page","status-publish","hentry"],"yoast_head":"<!-- This site is optimized with the Yoast SEO plugin v26.8 - https:\/\/yoast.com\/product\/yoast-seo-wordpress\/ -->\n<title>Katariinan Meripuisto, Kotka, 2012 - Maisemabetoni<\/title>\n<meta name=\"robots\" content=\"noindex, follow, max-snippet:-1, max-image-preview:large, max-video-preview:-1\" \/>\n<meta property=\"og:locale\" content=\"fi_FI\" \/>\n<meta property=\"og:type\" content=\"article\" \/>\n<meta property=\"og:title\" content=\"Katariinan Meripuisto, Kotka, 2012 - Maisemabetoni\" \/>\n<meta property=\"og:url\" content=\"https:\/\/maisemabetoni.fi\/fin\/referenssit\/vuoden-ymparistorakenteet\/katariinan-meripuisto-kotka\/\" \/>\n<meta property=\"og:site_name\" content=\"Maisemabetoni\" \/>\n<meta property=\"article:modified_time\" content=\"2019-02-28T14:07:43+00:00\" \/>\n<meta name=\"twitter:card\" content=\"summary_large_image\" \/>\n<script type=\"application\/ld+json\" class=\"yoast-schema-graph\">{\"@context\":\"https:\/\/schema.org\",\"@graph\":[{\"@type\":\"WebPage\",\"@id\":\"https:\/\/maisemabetoni.fi\/fin\/referenssit\/vuoden-ymparistorakenteet\/katariinan-meripuisto-kotka\/\",\"url\":\"https:\/\/maisemabetoni.fi\/fin\/referenssit\/vuoden-ymparistorakenteet\/katariinan-meripuisto-kotka\/\",\"name\":\"Katariinan Meripuisto, Kotka, 2012 - Maisemabetoni\",\"isPartOf\":{\"@id\":\"https:\/\/maisemabetoni.fi\/fin\/#website\"},\"datePublished\":\"2018-02-01T15:26:33+00:00\",\"dateModified\":\"2019-02-28T14:07:43+00:00\",\"breadcrumb\":{\"@id\":\"https:\/\/maisemabetoni.fi\/fin\/referenssit\/vuoden-ymparistorakenteet\/katariinan-meripuisto-kotka\/#breadcrumb\"},\"inLanguage\":\"fi\",\"potentialAction\":[{\"@type\":\"ReadAction\",\"target\":[\"https:\/\/maisemabetoni.fi\/fin\/referenssit\/vuoden-ymparistorakenteet\/katariinan-meripuisto-kotka\/\"]}]},{\"@type\":\"BreadcrumbList\",\"@id\":\"https:\/\/maisemabetoni.fi\/fin\/referenssit\/vuoden-ymparistorakenteet\/katariinan-meripuisto-kotka\/#breadcrumb\",\"itemListElement\":[{\"@type\":\"ListItem\",\"position\":1,\"name\":\"Etusivu\",\"item\":\"https:\/\/maisemabetoni.fi\/fin\/\"},{\"@type\":\"ListItem\",\"position\":2,\"name\":\"VUODEN YMP\u00c4RIST\u00d6RAKENTEET\",\"item\":\"https:\/\/maisemabetoni.fi\/fin\/referenssit\/vuoden-ymparistorakenteet\/\"},{\"@type\":\"ListItem\",\"position\":3,\"name\":\"Katariinan Meripuisto, Kotka, 2012\"}]},{\"@type\":\"WebSite\",\"@id\":\"https:\/\/maisemabetoni.fi\/fin\/#website\",\"url\":\"https:\/\/maisemabetoni.fi\/fin\/\",\"name\":\"Maisemabetoni\",\"description\":\"\",\"potentialAction\":[{\"@type\":\"SearchAction\",\"target\":{\"@type\":\"EntryPoint\",\"urlTemplate\":\"https:\/\/maisemabetoni.fi\/fin\/?s={search_term_string}\"},\"query-input\":{\"@type\":\"PropertyValueSpecification\",\"valueRequired\":true,\"valueName\":\"search_term_string\"}}],\"inLanguage\":\"fi\"}]}<\/script>\n<!-- \/ Yoast SEO plugin. -->","yoast_head_json":{"title":"Katariinan Meripuisto, Kotka, 2012 - Maisemabetoni","robots":{"index":"noindex","follow":"follow","max-snippet":"max-snippet:-1","max-image-preview":"max-image-preview:large","max-video-preview":"max-video-preview:-1"},"og_locale":"fi_FI","og_type":"article","og_title":"Katariinan Meripuisto, Kotka, 2012 - Maisemabetoni","og_url":"https:\/\/maisemabetoni.fi\/fin\/referenssit\/vuoden-ymparistorakenteet\/katariinan-meripuisto-kotka\/","og_site_name":"Maisemabetoni","article_modified_time":"2019-02-28T14:07:43+00:00","twitter_card":"summary_large_image","schema":{"@context":"https:\/\/schema.org","@graph":[{"@type":"WebPage","@id":"https:\/\/maisemabetoni.fi\/fin\/referenssit\/vuoden-ymparistorakenteet\/katariinan-meripuisto-kotka\/","url":"https:\/\/maisemabetoni.fi\/fin\/referenssit\/vuoden-ymparistorakenteet\/katariinan-meripuisto-kotka\/","name":"Katariinan Meripuisto, Kotka, 2012 - Maisemabetoni","isPartOf":{"@id":"https:\/\/maisemabetoni.fi\/fin\/#website"},"datePublished":"2018-02-01T15:26:33+00:00","dateModified":"2019-02-28T14:07:43+00:00","breadcrumb":{"@id":"https:\/\/maisemabetoni.fi\/fin\/referenssit\/vuoden-ymparistorakenteet\/katariinan-meripuisto-kotka\/#breadcrumb"},"inLanguage":"fi","potentialAction":[{"@type":"ReadAction","target":["https:\/\/maisemabetoni.fi\/fin\/referenssit\/vuoden-ymparistorakenteet\/katariinan-meripuisto-kotka\/"]}]},{"@type":"BreadcrumbList","@id":"https:\/\/maisemabetoni.fi\/fin\/referenssit\/vuoden-ymparistorakenteet\/katariinan-meripuisto-kotka\/#breadcrumb","itemListElement":[{"@type":"ListItem","position":1,"name":"Etusivu","item":"https:\/\/maisemabetoni.fi\/fin\/"},{"@type":"ListItem","position":2,"name":"VUODEN YMP\u00c4RIST\u00d6RAKENTEET","item":"https:\/\/maisemabetoni.fi\/fin\/referenssit\/vuoden-ymparistorakenteet\/"},{"@type":"ListItem","position":3,"name":"Katariinan Meripuisto, Kotka, 2012"}]},{"@type":"WebSite","@id":"https:\/\/maisemabetoni.fi\/fin\/#website","url":"https:\/\/maisemabetoni.fi\/fin\/","name":"Maisemabetoni","description":"","potentialAction":[{"@type":"SearchAction","target":{"@type":"EntryPoint","urlTemplate":"https:\/\/maisemabetoni.fi\/fin\/?s={search_term_string}"},"query-input":{"@type":"PropertyValueSpecification","valueRequired":true,"valueName":"search_term_string"}}],"inLanguage":"fi"}]}},"_links":{"self":[{"href":"https:\/\/maisemabetoni.fi\/fin\/wp-json\/wp\/v2\/pages\/1151","targetHints":{"allow":["GET"]}}],"collection":[{"href":"https:\/\/maisemabetoni.fi\/fin\/wp-json\/wp\/v2\/pages"}],"about":[{"href":"https:\/\/maisemabetoni.fi\/fin\/wp-json\/wp\/v2\/types\/page"}],"author":[{"embeddable":true,"href":"https:\/\/maisemabetoni.fi\/fin\/wp-json\/wp\/v2\/users\/1"}],"replies":[{"embeddable":true,"href":"https:\/\/maisemabetoni.fi\/fin\/wp-json\/wp\/v2\/comments?post=1151"}],"version-history":[{"count":2,"href":"https:\/\/maisemabetoni.fi\/fin\/wp-json\/wp\/v2\/pages\/1151\/revisions"}],"predecessor-version":[{"id":1602,"href":"https:\/\/maisemabetoni.fi\/fin\/wp-json\/wp\/v2\/pages\/1151\/revisions\/1602"}],"up":[{"embeddable":true,"href":"https:\/\/maisemabetoni.fi\/fin\/wp-json\/wp\/v2\/pages\/944"}],"wp:attachment":[{"href":"https:\/\/maisemabetoni.fi\/fin\/wp-json\/wp\/v2\/media?parent=1151"}],"curies":[{"name":"wp","href":"https:\/\/api.w.org\/{rel}","templated":true}]}}