{"id":1155,"date":"2018-02-01T17:29:40","date_gmt":"2018-02-01T15:29:40","guid":{"rendered":"https:\/\/maisemabetoni.fi\/fin\/?page_id=1155"},"modified":"2019-02-28T16:06:45","modified_gmt":"2019-02-28T14:06:45","slug":"aurinkolahden-lansiosa-helsinki","status":"publish","type":"page","link":"https:\/\/maisemabetoni.fi\/fin\/referenssit\/vuoden-ymparistorakenteet\/aurinkolahden-lansiosa-helsinki\/","title":{"rendered":"Aurinkolahden l\u00e4nsiosa, Helsinki, 2006"},"content":{"rendered":"<h4><img decoding=\"async\" class=\"alignright\" src=\"http:\/\/maisemabetoni.fi\/wp-content\/uploads\/2013\/06\/IMGP1710-530x320.jpg\" alt=\"\" \/>Aurinkolahden l\u00e4nsiosa, Helsinki (VYR 2006)<\/h4>\n<p>RAKENNUTTAJA<br \/>\nHelsingin kaupunki, HKR-Ymp\u00e4rist\u00f6tuotanto, Helsingin kaupungin katu- ja puisto-osasto<br \/>\nP\u00c4\u00c4SUUNNITTELIJA<br \/>\nRamboll Finland Oy, Arkkitehtitoimisto P\u00e4\u00e4sky &amp; Siistonen Oy<br \/>\nP\u00c4\u00c4URAKOITSIJA<br \/>\nRakennustaito Hirvonen Oy, YIT Rakennus Oy Infrapalvelut<\/p>\n<p>Aurinkolahti on erinomainen esimerkki nykyaikaisesta, selke\u00e4st\u00e4 ja konstailemattomasta ymp\u00e4rist\u00f6rakentamisesta, jossa kive\u00e4 on k\u00e4ytetty hy\u00f6dynt\u00e4m\u00e4ll\u00e4 materiaalin parhaat ominaisuudet.<\/p>\n<p>Aurinkolahden suunnittelussa ja toteutuksessa on l\u00e4hes luonnontilainen rantamaisema osattu muuttaa tuhansien ihmisen asuin- ja ajanviettopaikaksi. Alue onkin tehty kest\u00e4m\u00e4\u00e4n kovaa kulutusta. Yll\u00e4pito on suhteellisen helppoa eik\u00e4 vaadi kohtuuttomia kustannuksia.<\/p>\n<p><a href=\"http:\/\/virtuaali.maisemabetoni.fi\/fi_FI\/maisemabetoni\/Suomi\/Aurinkolahti%252C+Helsinki\" target=\"_blank\" rel=\"noopener noreferrer\"><img loading=\"lazy\" decoding=\"async\" class=\"alignright size-full wp-image-63\" src=\"https:\/\/maisemabetoni.fi\/fin\/wp-content\/uploads\/2017\/11\/virtuaalikierros.jpg\" alt=\"virtuaalikierros\" width=\"227\" height=\"86\" \/><\/a>Materiaalit on valittu ilman turhia kikkailuja. Alueen teemoina on rauhallisuus, selkeys ja tarkoituksenmukaisuus.<\/p>\n<p>Alueen it\u00e4reunaan on rakennettu Uutelankanava vesiputouksineen ja siltoineen. Alueen it\u00e4- ja kaakkoispuolella on Uutelan niemi ja laaja Vuosaaren ulkoilupuisto. Aurinkolahden l\u00e4nsiosalle on Vuoden Ymp\u00e4rist\u00f6rakenne 2006 -palkinto.<\/p>\n<p><iframe loading=\"lazy\" width=\"490\" height=\"260\" src=\"https:\/\/www.youtube.com\/embed\/FV0PfqXdPVs\" frameborder=\"0\" allow=\"accelerometer; autoplay; clipboard-write; encrypted-media; gyroscope; picture-in-picture\" allowfullscreen><\/iframe><br \/>\n<a class=\"nappi4\" style=\"color: #ccc;\" href=\"https:\/\/maisemabetoni.fi\/fin\/wp-content\/uploads\/2020\/10\/VYR-2006-Aurinkolahti.pdf\" target=\"_blank\" rel=\"noopener noreferrer\">Lue kohteen esittely Betonilehdess\u00e4 \u00bb<\/a><\/p>\n<p><a href=\"https:\/\/maisemabetoni.fi\/wp-content\/uploads\/2013\/06\/IMGP1710.jpg\" data-rel=\"lightbox-gallery-bGlnaHRib3gtZ2FsbGVyeS1zWFJmeUdnMg==\" data-rl_title=\"\" data-rl_caption=\"\" data-rl_title=\"\" data-rl_caption=\"\" title=\"\"><img decoding=\"async\" class=\"galleria\" src=\"https:\/\/maisemabetoni.fi\/wp-content\/uploads\/2013\/06\/IMGP1710-170x170.jpg\" \/><\/a><a href=\"https:\/\/maisemabetoni.fi\/wp-content\/uploads\/2013\/06\/IMG_6489.jpg\" data-rel=\"lightbox-gallery-bGlnaHRib3gtZ2FsbGVyeS1zWFJmeUdnMg==\" data-rl_title=\"\" data-rl_caption=\"\" data-rl_title=\"\" data-rl_caption=\"\" title=\"\"><img decoding=\"async\" class=\"galleria\" src=\"https:\/\/maisemabetoni.fi\/wp-content\/uploads\/2013\/06\/IMG_6489-170x170.jpg\" \/><\/a><a href=\"https:\/\/maisemabetoni.fi\/wp-content\/uploads\/2013\/06\/IMGP1690.jpg\" data-rel=\"lightbox-gallery-bGlnaHRib3gtZ2FsbGVyeS1zWFJmeUdnMg==\" data-rl_title=\"\" data-rl_caption=\"\" data-rl_title=\"\" data-rl_caption=\"\" title=\"\"><img decoding=\"async\" class=\"galleria\" src=\"https:\/\/maisemabetoni.fi\/wp-content\/uploads\/2013\/06\/IMGP1690-170x170.jpg\" \/><\/a><a href=\"https:\/\/maisemabetoni.fi\/wp-content\/uploads\/2013\/06\/IMGP1691.jpg\" data-rel=\"lightbox-gallery-bGlnaHRib3gtZ2FsbGVyeS1zWFJmeUdnMg==\" data-rl_title=\"\" data-rl_caption=\"\" data-rl_title=\"\" data-rl_caption=\"\" title=\"\"><img decoding=\"async\" class=\"galleria\" src=\"https:\/\/maisemabetoni.fi\/wp-content\/uploads\/2013\/06\/IMGP1691-170x170.jpg\" \/><\/a><a href=\"https:\/\/maisemabetoni.fi\/wp-content\/uploads\/2013\/06\/IMGP1692.jpg\" data-rel=\"lightbox-gallery-bGlnaHRib3gtZ2FsbGVyeS1zWFJmeUdnMg==\" data-rl_title=\"\" data-rl_caption=\"\" data-rl_title=\"\" data-rl_caption=\"\" title=\"\"><img decoding=\"async\" class=\"galleria\" src=\"https:\/\/maisemabetoni.fi\/wp-content\/uploads\/2013\/06\/IMGP1692-170x170.jpg\" \/><\/a><a href=\"https:\/\/maisemabetoni.fi\/wp-content\/uploads\/2013\/06\/IMGP1699.jpg\" data-rel=\"lightbox-gallery-bGlnaHRib3gtZ2FsbGVyeS1zWFJmeUdnMg==\" data-rl_title=\"\" data-rl_caption=\"\" data-rl_title=\"\" data-rl_caption=\"\" title=\"\"><img decoding=\"async\" class=\"galleria\" src=\"https:\/\/maisemabetoni.fi\/wp-content\/uploads\/2013\/06\/IMGP1699-170x170.jpg\" \/><\/a><a href=\"https:\/\/maisemabetoni.fi\/wp-content\/uploads\/2013\/06\/IMGP1700.jpg\" data-rel=\"lightbox-gallery-bGlnaHRib3gtZ2FsbGVyeS1zWFJmeUdnMg==\" data-rl_title=\"\" data-rl_caption=\"\" data-rl_title=\"\" data-rl_caption=\"\" title=\"\"><img decoding=\"async\" class=\"galleria\" src=\"https:\/\/maisemabetoni.fi\/wp-content\/uploads\/2013\/06\/IMGP1700-170x170.jpg\" \/><\/a><a href=\"https:\/\/maisemabetoni.fi\/wp-content\/uploads\/2013\/06\/IMGP1725.jpg\" data-rel=\"lightbox-gallery-bGlnaHRib3gtZ2FsbGVyeS1zWFJmeUdnMg==\" data-rl_title=\"\" data-rl_caption=\"\" data-rl_title=\"\" data-rl_caption=\"\" title=\"\"><img decoding=\"async\" class=\"galleria\" src=\"https:\/\/maisemabetoni.fi\/wp-content\/uploads\/2013\/06\/IMGP1725-170x170.jpg\" \/><\/a><a href=\"https:\/\/maisemabetoni.fi\/wp-content\/uploads\/2013\/06\/IMGP1728.jpg\" data-rel=\"lightbox-gallery-bGlnaHRib3gtZ2FsbGVyeS1zWFJmeUdnMg==\" data-rl_title=\"\" data-rl_caption=\"\" data-rl_title=\"\" data-rl_caption=\"\" title=\"\"><img decoding=\"async\" class=\"galleria\" src=\"https:\/\/maisemabetoni.fi\/wp-content\/uploads\/2013\/06\/IMGP1728-170x170.jpg\" \/><\/a><\/p>\n<p>&nbsp;<\/p>\n\n","protected":false},"excerpt":{"rendered":"","protected":false},"author":1,"featured_media":0,"parent":944,"menu_order":11,"comment_status":"closed","ping_status":"closed","template":"","meta":{"footnotes":""},"class_list":["post-1155","page","type-page","status-publish","hentry"],"yoast_head":"<!-- This site is optimized with the Yoast SEO plugin v26.8 - https:\/\/yoast.com\/product\/yoast-seo-wordpress\/ -->\n<title>Aurinkolahden l\u00e4nsiosa, Helsinki, 2006 - Maisemabetoni<\/title>\n<meta name=\"robots\" content=\"noindex, follow, max-snippet:-1, max-image-preview:large, max-video-preview:-1\" \/>\n<meta property=\"og:locale\" content=\"fi_FI\" \/>\n<meta property=\"og:type\" content=\"article\" \/>\n<meta property=\"og:title\" content=\"Aurinkolahden l\u00e4nsiosa, Helsinki, 2006 - Maisemabetoni\" \/>\n<meta property=\"og:url\" content=\"https:\/\/maisemabetoni.fi\/fin\/referenssit\/vuoden-ymparistorakenteet\/aurinkolahden-lansiosa-helsinki\/\" \/>\n<meta property=\"og:site_name\" content=\"Maisemabetoni\" \/>\n<meta property=\"article:modified_time\" content=\"2019-02-28T14:06:45+00:00\" \/>\n<meta name=\"twitter:card\" content=\"summary_large_image\" \/>\n<script type=\"application\/ld+json\" class=\"yoast-schema-graph\">{\"@context\":\"https:\/\/schema.org\",\"@graph\":[{\"@type\":\"WebPage\",\"@id\":\"https:\/\/maisemabetoni.fi\/fin\/referenssit\/vuoden-ymparistorakenteet\/aurinkolahden-lansiosa-helsinki\/\",\"url\":\"https:\/\/maisemabetoni.fi\/fin\/referenssit\/vuoden-ymparistorakenteet\/aurinkolahden-lansiosa-helsinki\/\",\"name\":\"Aurinkolahden l\u00e4nsiosa, Helsinki, 2006 - Maisemabetoni\",\"isPartOf\":{\"@id\":\"https:\/\/maisemabetoni.fi\/fin\/#website\"},\"datePublished\":\"2018-02-01T15:29:40+00:00\",\"dateModified\":\"2019-02-28T14:06:45+00:00\",\"breadcrumb\":{\"@id\":\"https:\/\/maisemabetoni.fi\/fin\/referenssit\/vuoden-ymparistorakenteet\/aurinkolahden-lansiosa-helsinki\/#breadcrumb\"},\"inLanguage\":\"fi\",\"potentialAction\":[{\"@type\":\"ReadAction\",\"target\":[\"https:\/\/maisemabetoni.fi\/fin\/referenssit\/vuoden-ymparistorakenteet\/aurinkolahden-lansiosa-helsinki\/\"]}]},{\"@type\":\"BreadcrumbList\",\"@id\":\"https:\/\/maisemabetoni.fi\/fin\/referenssit\/vuoden-ymparistorakenteet\/aurinkolahden-lansiosa-helsinki\/#breadcrumb\",\"itemListElement\":[{\"@type\":\"ListItem\",\"position\":1,\"name\":\"Etusivu\",\"item\":\"https:\/\/maisemabetoni.fi\/fin\/\"},{\"@type\":\"ListItem\",\"position\":2,\"name\":\"VUODEN YMP\u00c4RIST\u00d6RAKENTEET\",\"item\":\"https:\/\/maisemabetoni.fi\/fin\/referenssit\/vuoden-ymparistorakenteet\/\"},{\"@type\":\"ListItem\",\"position\":3,\"name\":\"Aurinkolahden l\u00e4nsiosa, Helsinki, 2006\"}]},{\"@type\":\"WebSite\",\"@id\":\"https:\/\/maisemabetoni.fi\/fin\/#website\",\"url\":\"https:\/\/maisemabetoni.fi\/fin\/\",\"name\":\"Maisemabetoni\",\"description\":\"\",\"potentialAction\":[{\"@type\":\"SearchAction\",\"target\":{\"@type\":\"EntryPoint\",\"urlTemplate\":\"https:\/\/maisemabetoni.fi\/fin\/?s={search_term_string}\"},\"query-input\":{\"@type\":\"PropertyValueSpecification\",\"valueRequired\":true,\"valueName\":\"search_term_string\"}}],\"inLanguage\":\"fi\"}]}<\/script>\n<!-- \/ Yoast SEO plugin. -->","yoast_head_json":{"title":"Aurinkolahden l\u00e4nsiosa, Helsinki, 2006 - Maisemabetoni","robots":{"index":"noindex","follow":"follow","max-snippet":"max-snippet:-1","max-image-preview":"max-image-preview:large","max-video-preview":"max-video-preview:-1"},"og_locale":"fi_FI","og_type":"article","og_title":"Aurinkolahden l\u00e4nsiosa, Helsinki, 2006 - Maisemabetoni","og_url":"https:\/\/maisemabetoni.fi\/fin\/referenssit\/vuoden-ymparistorakenteet\/aurinkolahden-lansiosa-helsinki\/","og_site_name":"Maisemabetoni","article_modified_time":"2019-02-28T14:06:45+00:00","twitter_card":"summary_large_image","schema":{"@context":"https:\/\/schema.org","@graph":[{"@type":"WebPage","@id":"https:\/\/maisemabetoni.fi\/fin\/referenssit\/vuoden-ymparistorakenteet\/aurinkolahden-lansiosa-helsinki\/","url":"https:\/\/maisemabetoni.fi\/fin\/referenssit\/vuoden-ymparistorakenteet\/aurinkolahden-lansiosa-helsinki\/","name":"Aurinkolahden l\u00e4nsiosa, Helsinki, 2006 - Maisemabetoni","isPartOf":{"@id":"https:\/\/maisemabetoni.fi\/fin\/#website"},"datePublished":"2018-02-01T15:29:40+00:00","dateModified":"2019-02-28T14:06:45+00:00","breadcrumb":{"@id":"https:\/\/maisemabetoni.fi\/fin\/referenssit\/vuoden-ymparistorakenteet\/aurinkolahden-lansiosa-helsinki\/#breadcrumb"},"inLanguage":"fi","potentialAction":[{"@type":"ReadAction","target":["https:\/\/maisemabetoni.fi\/fin\/referenssit\/vuoden-ymparistorakenteet\/aurinkolahden-lansiosa-helsinki\/"]}]},{"@type":"BreadcrumbList","@id":"https:\/\/maisemabetoni.fi\/fin\/referenssit\/vuoden-ymparistorakenteet\/aurinkolahden-lansiosa-helsinki\/#breadcrumb","itemListElement":[{"@type":"ListItem","position":1,"name":"Etusivu","item":"https:\/\/maisemabetoni.fi\/fin\/"},{"@type":"ListItem","position":2,"name":"VUODEN YMP\u00c4RIST\u00d6RAKENTEET","item":"https:\/\/maisemabetoni.fi\/fin\/referenssit\/vuoden-ymparistorakenteet\/"},{"@type":"ListItem","position":3,"name":"Aurinkolahden l\u00e4nsiosa, Helsinki, 2006"}]},{"@type":"WebSite","@id":"https:\/\/maisemabetoni.fi\/fin\/#website","url":"https:\/\/maisemabetoni.fi\/fin\/","name":"Maisemabetoni","description":"","potentialAction":[{"@type":"SearchAction","target":{"@type":"EntryPoint","urlTemplate":"https:\/\/maisemabetoni.fi\/fin\/?s={search_term_string}"},"query-input":{"@type":"PropertyValueSpecification","valueRequired":true,"valueName":"search_term_string"}}],"inLanguage":"fi"}]}},"_links":{"self":[{"href":"https:\/\/maisemabetoni.fi\/fin\/wp-json\/wp\/v2\/pages\/1155","targetHints":{"allow":["GET"]}}],"collection":[{"href":"https:\/\/maisemabetoni.fi\/fin\/wp-json\/wp\/v2\/pages"}],"about":[{"href":"https:\/\/maisemabetoni.fi\/fin\/wp-json\/wp\/v2\/types\/page"}],"author":[{"embeddable":true,"href":"https:\/\/maisemabetoni.fi\/fin\/wp-json\/wp\/v2\/users\/1"}],"replies":[{"embeddable":true,"href":"https:\/\/maisemabetoni.fi\/fin\/wp-json\/wp\/v2\/comments?post=1155"}],"version-history":[{"count":2,"href":"https:\/\/maisemabetoni.fi\/fin\/wp-json\/wp\/v2\/pages\/1155\/revisions"}],"predecessor-version":[{"id":1606,"href":"https:\/\/maisemabetoni.fi\/fin\/wp-json\/wp\/v2\/pages\/1155\/revisions\/1606"}],"up":[{"embeddable":true,"href":"https:\/\/maisemabetoni.fi\/fin\/wp-json\/wp\/v2\/pages\/944"}],"wp:attachment":[{"href":"https:\/\/maisemabetoni.fi\/fin\/wp-json\/wp\/v2\/media?parent=1155"}],"curies":[{"name":"wp","href":"https:\/\/api.w.org\/{rel}","templated":true}]}}