{"id":1488,"date":"2019-02-27T13:38:31","date_gmt":"2019-02-27T11:38:31","guid":{"rendered":"https:\/\/maisemabetoni.fi\/fin\/?page_id=1488"},"modified":"2019-02-28T17:08:13","modified_gmt":"2019-02-28T15:08:13","slug":"vuolteentori-tampeella-2018","status":"publish","type":"page","link":"https:\/\/maisemabetoni.fi\/fin\/referenssit\/vuoden-ymparistorakenteet\/vuolteentori-tampeella-2018\/","title":{"rendered":"Vuolteentori,<br> Tampere, 2018"},"content":{"rendered":"<h4><strong><a href=\"https:\/\/maisemabetoni.fi\/fin\/wp-content\/uploads\/2019\/02\/Vuolteentori_A1N.jpg\" data-rel=\"lightbox-gallery-bGlnaHRib3gtZ2FsbGVyeS05NXMwVGRiQg==\" data-rl_title=\"\" data-rl_caption=\"\" data-rl_title=\"\" data-rl_caption=\"\" title=\"\"><img loading=\"lazy\" decoding=\"async\" class=\"alignright size-large wp-image-1482\" src=\"https:\/\/maisemabetoni.fi\/fin\/wp-content\/uploads\/2019\/02\/Vuolteentori_A1N-700x467.jpg\" alt=\"\" width=\"640\" height=\"427\" srcset=\"https:\/\/maisemabetoni.fi\/fin\/wp-content\/uploads\/2019\/02\/Vuolteentori_A1N-700x467.jpg 700w, https:\/\/maisemabetoni.fi\/fin\/wp-content\/uploads\/2019\/02\/Vuolteentori_A1N-530x353.jpg 530w, https:\/\/maisemabetoni.fi\/fin\/wp-content\/uploads\/2019\/02\/Vuolteentori_A1N-768x512.jpg 768w, https:\/\/maisemabetoni.fi\/fin\/wp-content\/uploads\/2019\/02\/Vuolteentori_A1N-375x250.jpg 375w, https:\/\/maisemabetoni.fi\/fin\/wp-content\/uploads\/2019\/02\/Vuolteentori_A1N-233x156.jpg 233w, https:\/\/maisemabetoni.fi\/fin\/wp-content\/uploads\/2019\/02\/Vuolteentori_A1N.jpg 1500w\" sizes=\"auto, (max-width: 640px) 100vw, 640px\" \/><\/a><\/strong>Vuolteentori Tampere<br \/>\n(VYR 2018)<\/h4>\n<p>RAKENNUTTAJA<br \/>\nTampereen kaupunki, Viiden t\u00e4hden keskusta -kehityshanke<br \/>\nP\u00c4\u00c4SUUNNITTELU<br \/>\nMaisema-arkkitehtitoimisto N\u00e4kym\u00e4 Oy<br \/>\nVALAISTUSSUUNNITTELU<br \/>\nWhiteNight Lightning Oy<br \/>\nP\u00c4\u00c4URAKOISIJA<br \/>\nVRJ L\u00e4nsi-Suomi Oy<br \/>\nKIVIT\u00d6IDEN TEKIJ\u00c4<br \/>\nAlain Gassa, VRJ Etel\u00e4-Suomi Oy<\/p>\n<p>Vuonna 2014 j\u00e4rjestetyn Vuolteentorin ideakilpailun voittanut Maisema-arkkitehtitoimisto N\u00e4kym\u00e4 Oy:n Rullaati rullaa -ehdotuksen perusidea on kehr\u00e4\u00e4m\u00f6historiaan pohjautuva lankarullakuvio. Se toistuu betoni- ja luonnonkiveyksess\u00e4 ja paikallavaletun muurin muodoissa.<\/p>\n<p>Vuolteentori on kaupunkikuvallisesti keskeisell\u00e4 paikalla ja vilkkaiden k\u00e4velyreittien solmukohta. Aukiolle johtaa kaksi siltaa ja sit\u00e4 reunustavat hotelli ja kauppakeskus, jonka terassit ja sis\u00e4\u00e4nk\u00e4ynti aukeavat torin suuntaan. Vuolteentoria kehyst\u00e4\u00e4 teollisuusmaisema: vesilaitos, vastarannalla sijaitseva Takon tehdas ja Kehr\u00e4saaren vanha tehdas, joka on muutettu kauppatiloiksi.<\/p>\n<p>Torin aikaisempaa ilmett\u00e4 hallitsivat keskener\u00e4isyys, luvaton pys\u00e4k\u00f6inti ja v\u00e4liaikaiset rakenteet. Peruskorjattu tori on nyt omaleimainen, vetovoimainen, kaupunkilaisten aktiivisesti k\u00e4ytt\u00e4m\u00e4 aukio.<\/p>\n<p><strong>Omaleimainen osa Tammerkosken rannan puistonauhaa<\/strong><br \/>\nAukion it\u00e4reunaan muotoiltu voimakasilmeinen matala betonimuuri seuraa kiveyksen lankarulla-aiheen muotoja. Muuri ja vihre\u00e4 tekonurmivy\u00f6hyke jakavat alueen siten, ett\u00e4 vapaa kaupunkioleskelu ja toiminnallinen pinta on sijoitettu alemmalle kiveystasolle ja ravintola- ja kahvilaterassit omalle tasolleen rakennusten seinustalle. Polveileva, pitk\u00e4 muuri luo paljon istuskelupaikkoja. Aukiopinnalla voidaan j\u00e4rjest\u00e4\u00e4 my\u00f6s pienimuotoisia tapahtumia.<\/p>\n<p>Aukiolta hotellille ja kauppakeskukseen nousevalla alueella on uutta nurmea sek\u00e4 puu- ja pensasistutuksia, jotka liitt\u00e4v\u00e4t Vuolteentorin luontevaksi osaksi Tammerkosken rantoja reunustavaa vihre\u00e4\u00e4 puistonauhaa.<br \/>\nTorin valaistuksen p\u00e4\u00e4teema on tuoda esiin betonimuuri. Sen yl\u00e4reunassa oleva led-nauha luo polveilevan valojuovan, joka johdattaa kulkijan aukion l\u00e4pi. My\u00f6s penkit on valaistu ja aukion puistopuut korostevalaistu. Rannan puolella perusvalaistus on toteutettu alasp\u00e4in suunnatuilla pylv\u00e4svalaisimilla.<\/p>\n<p><strong>Korkealaatuinen toteutus<\/strong><br \/>\nAukion lankarullakuvioinen toistuu koko kiveysalueen l\u00e4pi. Vaihtelua siihen tuo nelj\u00e4n eri luonnonkiven k\u00e4ytt\u00e4minen ja betonikiveyksen s\u00e4vyn vaihtelu kolmen v\u00e4rin v\u00e4lill\u00e4. Rakennusten puolella oleva kiveys on kahden s\u00e4vyist\u00e4 isoa betonilaattaa. Muodoiltaan vaativan kiveyksen huolellinen toteutus on osoitus tekij\u00f6iden ammattitaidosta ja -ylpeydest\u00e4.<\/p>\n<p>Vuolteentori on palkittu Vuoden 2018 Ymp\u00e4rist\u00f6rakenteena.<\/p>\n<p><a class=\"nappi4\" style=\"color: #fff;\" href=\"https:\/\/maisemabetoni.fi\/fin\/wp-content\/uploads\/2020\/10\/VYR-2018-Vuoteentori-Tampere.pdf\" target=\"_blank\" rel=\"noopener noreferrer\">Lue kohteen esittely Betonilehdess\u00e4 \u00bb<\/a><\/p>\n<p><a href=\"https:\/\/maisemabetoni.fi\/fin\/wp-content\/uploads\/2019\/02\/Vuolteentori_A1N.jpg\" data-rel=\"lightbox-gallery-bGlnaHRib3gtZ2FsbGVyeS05NXMwVGRiQg==\" data-rl_title=\"\" data-rl_caption=\"\" data-rl_title=\"\" data-rl_caption=\"\" title=\"\"><img loading=\"lazy\" decoding=\"async\" class=\"galleria alignnone wp-image-1482 size-thumbnail\" src=\"https:\/\/maisemabetoni.fi\/fin\/wp-content\/uploads\/2019\/02\/Vuolteentori_A1N-170x170.jpg\" alt=\"Vuolteentori_A1N\" width=\"170\" height=\"170\" srcset=\"https:\/\/maisemabetoni.fi\/fin\/wp-content\/uploads\/2019\/02\/Vuolteentori_A1N-170x170.jpg 170w, https:\/\/maisemabetoni.fi\/fin\/wp-content\/uploads\/2019\/02\/Vuolteentori_A1N-125x125.jpg 125w, https:\/\/maisemabetoni.fi\/fin\/wp-content\/uploads\/2019\/02\/Vuolteentori_A1N-18x18.jpg 18w\" sizes=\"auto, (max-width: 170px) 100vw, 170px\" \/><\/a><a href=\"https:\/\/maisemabetoni.fi\/fin\/wp-content\/uploads\/2019\/02\/Vuolteentori_illallaN.jpg\" data-rel=\"lightbox-gallery-bGlnaHRib3gtZ2FsbGVyeS05NXMwVGRiQg==\" data-rl_title=\"\" data-rl_caption=\"\" data-rl_title=\"\" data-rl_caption=\"\" title=\"\"><img loading=\"lazy\" decoding=\"async\" class=\"galleria alignnone wp-image-1498 size-thumbnail\" src=\"https:\/\/maisemabetoni.fi\/fin\/wp-content\/uploads\/2019\/02\/Vuolteentori_illallaN-170x170.jpg\" alt=\"vuolteentori\" width=\"170\" height=\"170\" srcset=\"https:\/\/maisemabetoni.fi\/fin\/wp-content\/uploads\/2019\/02\/Vuolteentori_illallaN-170x170.jpg 170w, https:\/\/maisemabetoni.fi\/fin\/wp-content\/uploads\/2019\/02\/Vuolteentori_illallaN-125x125.jpg 125w, https:\/\/maisemabetoni.fi\/fin\/wp-content\/uploads\/2019\/02\/Vuolteentori_illallaN-18x18.jpg 18w\" sizes=\"auto, (max-width: 170px) 100vw, 170px\" \/><\/a><a href=\"https:\/\/maisemabetoni.fi\/fin\/wp-content\/uploads\/2019\/02\/Vuolteentori_illalla2N.jpg\" data-rel=\"lightbox-gallery-bGlnaHRib3gtZ2FsbGVyeS05NXMwVGRiQg==\" data-rl_title=\"\" data-rl_caption=\"\" data-rl_title=\"\" data-rl_caption=\"\" title=\"\"><img loading=\"lazy\" decoding=\"async\" class=\"galleria alignnone wp-image-1499 size-thumbnail\" src=\"https:\/\/maisemabetoni.fi\/fin\/wp-content\/uploads\/2019\/02\/Vuolteentori_illalla2N-170x170.jpg\" alt=\"vuolteentori illalla\" width=\"170\" height=\"170\" srcset=\"https:\/\/maisemabetoni.fi\/fin\/wp-content\/uploads\/2019\/02\/Vuolteentori_illalla2N-170x170.jpg 170w, https:\/\/maisemabetoni.fi\/fin\/wp-content\/uploads\/2019\/02\/Vuolteentori_illalla2N-125x125.jpg 125w, https:\/\/maisemabetoni.fi\/fin\/wp-content\/uploads\/2019\/02\/Vuolteentori_illalla2N-18x18.jpg 18w\" sizes=\"auto, (max-width: 170px) 100vw, 170px\" \/><\/a><a href=\"https:\/\/maisemabetoni.fi\/fin\/wp-content\/uploads\/2019\/02\/Vuolteentori_lahikuva1N.jpg\" data-rel=\"lightbox-gallery-bGlnaHRib3gtZ2FsbGVyeS05NXMwVGRiQg==\" data-rl_title=\"\" data-rl_caption=\"\" data-rl_title=\"\" data-rl_caption=\"\" title=\"\"><img loading=\"lazy\" decoding=\"async\" class=\"galleria alignnone wp-image-1500 size-thumbnail\" src=\"https:\/\/maisemabetoni.fi\/fin\/wp-content\/uploads\/2019\/02\/Vuolteentori_lahikuva1N-170x170.jpg\" alt=\"vuolteentori kiveys\" width=\"170\" height=\"170\" srcset=\"https:\/\/maisemabetoni.fi\/fin\/wp-content\/uploads\/2019\/02\/Vuolteentori_lahikuva1N-170x170.jpg 170w, https:\/\/maisemabetoni.fi\/fin\/wp-content\/uploads\/2019\/02\/Vuolteentori_lahikuva1N-125x125.jpg 125w, https:\/\/maisemabetoni.fi\/fin\/wp-content\/uploads\/2019\/02\/Vuolteentori_lahikuva1N-18x18.jpg 18w\" sizes=\"auto, (max-width: 170px) 100vw, 170px\" \/><\/a><a href=\"https:\/\/maisemabetoni.fi\/fin\/wp-content\/uploads\/2019\/02\/Vuolteentori_2N.jpg\" data-rel=\"lightbox-gallery-bGlnaHRib3gtZ2FsbGVyeS05NXMwVGRiQg==\" data-rl_title=\"\" data-rl_caption=\"\" data-rl_title=\"\" data-rl_caption=\"\" title=\"\"><img loading=\"lazy\" decoding=\"async\" class=\"galleria alignnone wp-image-1501 size-thumbnail\" src=\"https:\/\/maisemabetoni.fi\/fin\/wp-content\/uploads\/2019\/02\/Vuolteentori_2N-170x170.jpg\" alt=\"vuolteentori ilmakuva\" width=\"170\" height=\"170\" srcset=\"https:\/\/maisemabetoni.fi\/fin\/wp-content\/uploads\/2019\/02\/Vuolteentori_2N-170x170.jpg 170w, https:\/\/maisemabetoni.fi\/fin\/wp-content\/uploads\/2019\/02\/Vuolteentori_2N-125x125.jpg 125w, https:\/\/maisemabetoni.fi\/fin\/wp-content\/uploads\/2019\/02\/Vuolteentori_2N-18x18.jpg 18w\" sizes=\"auto, (max-width: 170px) 100vw, 170px\" \/><\/a><a href=\"https:\/\/maisemabetoni.fi\/fin\/wp-content\/uploads\/2019\/02\/Vuolteentori_3N.jpg\" data-rel=\"lightbox-gallery-bGlnaHRib3gtZ2FsbGVyeS05NXMwVGRiQg==\" data-rl_title=\"\" data-rl_caption=\"\" data-rl_title=\"\" data-rl_caption=\"\" title=\"\"><img loading=\"lazy\" decoding=\"async\" class=\"galleria alignnone wp-image-1502 size-thumbnail\" src=\"https:\/\/maisemabetoni.fi\/fin\/wp-content\/uploads\/2019\/02\/Vuolteentori_3N-170x170.jpg\" alt=\"vuolteentoria\" width=\"170\" height=\"170\" srcset=\"https:\/\/maisemabetoni.fi\/fin\/wp-content\/uploads\/2019\/02\/Vuolteentori_3N-170x170.jpg 170w, https:\/\/maisemabetoni.fi\/fin\/wp-content\/uploads\/2019\/02\/Vuolteentori_3N-125x125.jpg 125w, https:\/\/maisemabetoni.fi\/fin\/wp-content\/uploads\/2019\/02\/Vuolteentori_3N-18x18.jpg 18w\" sizes=\"auto, (max-width: 170px) 100vw, 170px\" \/><\/a><a href=\"https:\/\/maisemabetoni.fi\/fin\/wp-content\/uploads\/2019\/02\/Vuolteentori_4N.jpg\" data-rel=\"lightbox-gallery-bGlnaHRib3gtZ2FsbGVyeS05NXMwVGRiQg==\" data-rl_title=\"\" data-rl_caption=\"\" data-rl_title=\"\" data-rl_caption=\"\" title=\"\"><img loading=\"lazy\" decoding=\"async\" class=\"galleria alignnone wp-image-1503 size-thumbnail\" src=\"https:\/\/maisemabetoni.fi\/fin\/wp-content\/uploads\/2019\/02\/Vuolteentori_4N-170x170.jpg\" alt=\"kiveys\" width=\"170\" height=\"170\" srcset=\"https:\/\/maisemabetoni.fi\/fin\/wp-content\/uploads\/2019\/02\/Vuolteentori_4N-170x170.jpg 170w, https:\/\/maisemabetoni.fi\/fin\/wp-content\/uploads\/2019\/02\/Vuolteentori_4N-125x125.jpg 125w, https:\/\/maisemabetoni.fi\/fin\/wp-content\/uploads\/2019\/02\/Vuolteentori_4N-18x18.jpg 18w\" sizes=\"auto, (max-width: 170px) 100vw, 170px\" \/><\/a><a href=\"https:\/\/maisemabetoni.fi\/fin\/wp-content\/uploads\/2019\/02\/Vuolteentori_5N-1.jpg\" data-rel=\"lightbox-gallery-bGlnaHRib3gtZ2FsbGVyeS05NXMwVGRiQg==\" data-rl_title=\"\" data-rl_caption=\"\" data-rl_title=\"\" data-rl_caption=\"\" title=\"\"><img loading=\"lazy\" decoding=\"async\" class=\"galleria alignnone wp-image-1505 size-thumbnail\" src=\"https:\/\/maisemabetoni.fi\/fin\/wp-content\/uploads\/2019\/02\/Vuolteentori_5N-1-170x170.jpg\" alt=\"torikiveys\" width=\"170\" height=\"170\" srcset=\"https:\/\/maisemabetoni.fi\/fin\/wp-content\/uploads\/2019\/02\/Vuolteentori_5N-1-170x170.jpg 170w, https:\/\/maisemabetoni.fi\/fin\/wp-content\/uploads\/2019\/02\/Vuolteentori_5N-1-125x125.jpg 125w, https:\/\/maisemabetoni.fi\/fin\/wp-content\/uploads\/2019\/02\/Vuolteentori_5N-1-18x18.jpg 18w\" sizes=\"auto, (max-width: 170px) 100vw, 170px\" \/><\/a><\/p>\n\n","protected":false},"excerpt":{"rendered":"","protected":false},"author":1,"featured_media":0,"parent":944,"menu_order":-1,"comment_status":"closed","ping_status":"closed","template":"","meta":{"footnotes":""},"class_list":["post-1488","page","type-page","status-publish","hentry"],"yoast_head":"<!-- This site is optimized with the Yoast SEO plugin v26.8 - https:\/\/yoast.com\/product\/yoast-seo-wordpress\/ -->\n<title>Vuolteentori, Tampere, 2018 - Maisemabetoni<\/title>\n<meta name=\"robots\" content=\"noindex, follow, max-snippet:-1, max-image-preview:large, max-video-preview:-1\" \/>\n<meta property=\"og:locale\" content=\"fi_FI\" \/>\n<meta property=\"og:type\" content=\"article\" \/>\n<meta property=\"og:title\" content=\"Vuolteentori, Tampere, 2018 - Maisemabetoni\" \/>\n<meta property=\"og:url\" content=\"https:\/\/maisemabetoni.fi\/fin\/referenssit\/vuoden-ymparistorakenteet\/vuolteentori-tampeella-2018\/\" \/>\n<meta property=\"og:site_name\" content=\"Maisemabetoni\" \/>\n<meta property=\"article:modified_time\" content=\"2019-02-28T15:08:13+00:00\" \/>\n<meta name=\"twitter:card\" content=\"summary_large_image\" \/>\n<script type=\"application\/ld+json\" class=\"yoast-schema-graph\">{\"@context\":\"https:\/\/schema.org\",\"@graph\":[{\"@type\":\"WebPage\",\"@id\":\"https:\/\/maisemabetoni.fi\/fin\/referenssit\/vuoden-ymparistorakenteet\/vuolteentori-tampeella-2018\/\",\"url\":\"https:\/\/maisemabetoni.fi\/fin\/referenssit\/vuoden-ymparistorakenteet\/vuolteentori-tampeella-2018\/\",\"name\":\"Vuolteentori, Tampere, 2018 - Maisemabetoni\",\"isPartOf\":{\"@id\":\"https:\/\/maisemabetoni.fi\/fin\/#website\"},\"datePublished\":\"2019-02-27T11:38:31+00:00\",\"dateModified\":\"2019-02-28T15:08:13+00:00\",\"breadcrumb\":{\"@id\":\"https:\/\/maisemabetoni.fi\/fin\/referenssit\/vuoden-ymparistorakenteet\/vuolteentori-tampeella-2018\/#breadcrumb\"},\"inLanguage\":\"fi\",\"potentialAction\":[{\"@type\":\"ReadAction\",\"target\":[\"https:\/\/maisemabetoni.fi\/fin\/referenssit\/vuoden-ymparistorakenteet\/vuolteentori-tampeella-2018\/\"]}]},{\"@type\":\"BreadcrumbList\",\"@id\":\"https:\/\/maisemabetoni.fi\/fin\/referenssit\/vuoden-ymparistorakenteet\/vuolteentori-tampeella-2018\/#breadcrumb\",\"itemListElement\":[{\"@type\":\"ListItem\",\"position\":1,\"name\":\"Etusivu\",\"item\":\"https:\/\/maisemabetoni.fi\/fin\/\"},{\"@type\":\"ListItem\",\"position\":2,\"name\":\"VUODEN YMP\u00c4RIST\u00d6RAKENTEET\",\"item\":\"https:\/\/maisemabetoni.fi\/fin\/referenssit\/vuoden-ymparistorakenteet\/\"},{\"@type\":\"ListItem\",\"position\":3,\"name\":\"Vuolteentori, Tampere, 2018\"}]},{\"@type\":\"WebSite\",\"@id\":\"https:\/\/maisemabetoni.fi\/fin\/#website\",\"url\":\"https:\/\/maisemabetoni.fi\/fin\/\",\"name\":\"Maisemabetoni\",\"description\":\"\",\"potentialAction\":[{\"@type\":\"SearchAction\",\"target\":{\"@type\":\"EntryPoint\",\"urlTemplate\":\"https:\/\/maisemabetoni.fi\/fin\/?s={search_term_string}\"},\"query-input\":{\"@type\":\"PropertyValueSpecification\",\"valueRequired\":true,\"valueName\":\"search_term_string\"}}],\"inLanguage\":\"fi\"}]}<\/script>\n<!-- \/ Yoast SEO plugin. -->","yoast_head_json":{"title":"Vuolteentori, Tampere, 2018 - Maisemabetoni","robots":{"index":"noindex","follow":"follow","max-snippet":"max-snippet:-1","max-image-preview":"max-image-preview:large","max-video-preview":"max-video-preview:-1"},"og_locale":"fi_FI","og_type":"article","og_title":"Vuolteentori, Tampere, 2018 - Maisemabetoni","og_url":"https:\/\/maisemabetoni.fi\/fin\/referenssit\/vuoden-ymparistorakenteet\/vuolteentori-tampeella-2018\/","og_site_name":"Maisemabetoni","article_modified_time":"2019-02-28T15:08:13+00:00","twitter_card":"summary_large_image","schema":{"@context":"https:\/\/schema.org","@graph":[{"@type":"WebPage","@id":"https:\/\/maisemabetoni.fi\/fin\/referenssit\/vuoden-ymparistorakenteet\/vuolteentori-tampeella-2018\/","url":"https:\/\/maisemabetoni.fi\/fin\/referenssit\/vuoden-ymparistorakenteet\/vuolteentori-tampeella-2018\/","name":"Vuolteentori, Tampere, 2018 - Maisemabetoni","isPartOf":{"@id":"https:\/\/maisemabetoni.fi\/fin\/#website"},"datePublished":"2019-02-27T11:38:31+00:00","dateModified":"2019-02-28T15:08:13+00:00","breadcrumb":{"@id":"https:\/\/maisemabetoni.fi\/fin\/referenssit\/vuoden-ymparistorakenteet\/vuolteentori-tampeella-2018\/#breadcrumb"},"inLanguage":"fi","potentialAction":[{"@type":"ReadAction","target":["https:\/\/maisemabetoni.fi\/fin\/referenssit\/vuoden-ymparistorakenteet\/vuolteentori-tampeella-2018\/"]}]},{"@type":"BreadcrumbList","@id":"https:\/\/maisemabetoni.fi\/fin\/referenssit\/vuoden-ymparistorakenteet\/vuolteentori-tampeella-2018\/#breadcrumb","itemListElement":[{"@type":"ListItem","position":1,"name":"Etusivu","item":"https:\/\/maisemabetoni.fi\/fin\/"},{"@type":"ListItem","position":2,"name":"VUODEN YMP\u00c4RIST\u00d6RAKENTEET","item":"https:\/\/maisemabetoni.fi\/fin\/referenssit\/vuoden-ymparistorakenteet\/"},{"@type":"ListItem","position":3,"name":"Vuolteentori, Tampere, 2018"}]},{"@type":"WebSite","@id":"https:\/\/maisemabetoni.fi\/fin\/#website","url":"https:\/\/maisemabetoni.fi\/fin\/","name":"Maisemabetoni","description":"","potentialAction":[{"@type":"SearchAction","target":{"@type":"EntryPoint","urlTemplate":"https:\/\/maisemabetoni.fi\/fin\/?s={search_term_string}"},"query-input":{"@type":"PropertyValueSpecification","valueRequired":true,"valueName":"search_term_string"}}],"inLanguage":"fi"}]}},"_links":{"self":[{"href":"https:\/\/maisemabetoni.fi\/fin\/wp-json\/wp\/v2\/pages\/1488","targetHints":{"allow":["GET"]}}],"collection":[{"href":"https:\/\/maisemabetoni.fi\/fin\/wp-json\/wp\/v2\/pages"}],"about":[{"href":"https:\/\/maisemabetoni.fi\/fin\/wp-json\/wp\/v2\/types\/page"}],"author":[{"embeddable":true,"href":"https:\/\/maisemabetoni.fi\/fin\/wp-json\/wp\/v2\/users\/1"}],"replies":[{"embeddable":true,"href":"https:\/\/maisemabetoni.fi\/fin\/wp-json\/wp\/v2\/comments?post=1488"}],"version-history":[{"count":4,"href":"https:\/\/maisemabetoni.fi\/fin\/wp-json\/wp\/v2\/pages\/1488\/revisions"}],"predecessor-version":[{"id":1620,"href":"https:\/\/maisemabetoni.fi\/fin\/wp-json\/wp\/v2\/pages\/1488\/revisions\/1620"}],"up":[{"embeddable":true,"href":"https:\/\/maisemabetoni.fi\/fin\/wp-json\/wp\/v2\/pages\/944"}],"wp:attachment":[{"href":"https:\/\/maisemabetoni.fi\/fin\/wp-json\/wp\/v2\/media?parent=1488"}],"curies":[{"name":"wp","href":"https:\/\/api.w.org\/{rel}","templated":true}]}}