{"id":2332,"date":"2020-02-12T12:15:11","date_gmt":"2020-02-12T10:15:11","guid":{"rendered":"https:\/\/maisemabetoni.fi\/fin\/?page_id=2332"},"modified":"2020-01-30T15:58:55","modified_gmt":"2020-01-30T13:58:55","slug":"puistokansi-bryga-helsinki-2019","status":"publish","type":"page","link":"https:\/\/maisemabetoni.fi\/fin\/referenssit\/vuoden-ymparistorakenteet\/puistokansi-bryga-helsinki-2019\/","title":{"rendered":"Puistokansi Bryga, <br>Helsinki, 2019"},"content":{"rendered":"<h4><a href=\"https:\/\/maisemabetoni.fi\/fin\/wp-content\/uploads\/2020\/01\/bryga1_iso.jpg\" data-rel=\"lightbox-gallery-bGlnaHRib3gtZ2FsbGVyeS1qTXcwUzBQVQ==\" data-rl_title=\"\" data-rl_caption=\"\" data-rl_title=\"\" data-rl_caption=\"\" title=\"\"><img loading=\"lazy\" decoding=\"async\" class=\"alignright wp-image-2318\" src=\"https:\/\/maisemabetoni.fi\/fin\/wp-content\/uploads\/2020\/01\/bryga1_iso-700x465.jpg\" alt=\"bryga1_iso\" width=\"700\" height=\"465\" srcset=\"https:\/\/maisemabetoni.fi\/fin\/wp-content\/uploads\/2020\/01\/bryga1_iso-700x465.jpg 700w, https:\/\/maisemabetoni.fi\/fin\/wp-content\/uploads\/2020\/01\/bryga1_iso-530x352.jpg 530w, https:\/\/maisemabetoni.fi\/fin\/wp-content\/uploads\/2020\/01\/bryga1_iso-768x510.jpg 768w, https:\/\/maisemabetoni.fi\/fin\/wp-content\/uploads\/2020\/01\/bryga1_iso-375x250.jpg 375w, https:\/\/maisemabetoni.fi\/fin\/wp-content\/uploads\/2020\/01\/bryga1_iso-233x156.jpg 233w, https:\/\/maisemabetoni.fi\/fin\/wp-content\/uploads\/2020\/01\/bryga1_iso-380x252.jpg 380w, https:\/\/maisemabetoni.fi\/fin\/wp-content\/uploads\/2020\/01\/bryga1_iso.jpg 1336w\" sizes=\"auto, (max-width: 700px) 100vw, 700px\" \/><\/a>Puistokansi Bryga<br \/>\nKalasatama, Helsinki<\/h4>\n<p>TILAAJA<strong><br \/>\n<\/strong>SRV Rakennus Oy<\/p>\n<p>SUUNNITTELU<br \/>\nMaisema-arkkitehtitoimisto Maanlumo Oy, Arkkitehtitoimisto Helin &amp; Co Oy, Lighting Design Collective Oy, Sweco Rakennetekniikka Oy, Sitowise Oy<\/p>\n<p>URAKOINTI<br \/>\nTerrawise Oy, Puutarhapalvelu Hannonen Oy<\/p>\n<p>Puistokansi Bryga sijaitsee Helsingin Kalasatamassa Kauppakeskus REDIn katolla ja rakentuvan tornitalokokonaisuuden yhteydess\u00e4. Bryga on p\u00e4ivisin avoinna oleva puisto, jonne voi tulla heng\u00e4ht\u00e4m\u00e4\u00e4n ja aistimaan meren l\u00e4sn\u00e4olon.<\/p>\n<p>Brygalle on luotu edellytykset monenlaisille toiminnoille. Puiston it\u00e4p\u00e4\u00e4ss\u00e4 on kiveyksill\u00e4 ja asfalttikummulla j\u00e4sennelty tapahtuma-aukio. Pergoloihin ja puutasoihin integroitu tekniikka mahdollistaa pienimuotoisten tapahtumien j\u00e4rjest\u00e4misen. Puiston keskell\u00e4 on istutusten ja puutasojen rajaama hiekkatekonurmikentt\u00e4. Leikkipaikalla voi kiipeill\u00e4, keinua ja tasapainoilla. Kaikkein pienimmille on oma aidattu leikkialue. My\u00f6s vapaalle oleskelulle on runsaasti paikkoja aurinkotuoleista l\u00e4nsip\u00e4\u00e4n n\u00e4k\u00f6alaterassiin.<\/p>\n<p><strong>Teemoina merellisyys ja saaristo<br \/>\n<\/strong>Bryga on osa Kalasataman keskeisten ulkotilojen sarjaa, joka heijastaa alueen menneisyytt\u00e4 saaristona ja teollisena satamaymp\u00e4rist\u00f6n\u00e4. Ulkotilojen tilallinen j\u00e4sentely sek\u00e4 kulkuv\u00e4ylien, materiaalien ja kasvillisuuden muotoilu perustuvat saaristoteemaan.<\/p>\n<p>Puisto- ja pihakansille on suunniteltu veden reitit eli kulkureitit, jotka polveilevat liikesuuntaa korostavien maastokumpujen v\u00e4liss\u00e4. Oleskelu- ja leikkialueet asettuvat kasvillisuuskumpujen lomaan. Oleskelualueiden kivipinnat muistuttavat rantakallioita, leikkipaikkojen turva-alustapinnat matalia rantaniittyj\u00e4. P\u00e4\u00e4reitin varrella on rantaheinikkoa ja kivien rytmitt\u00e4mi\u00e4 tulvareittej\u00e4.<\/p>\n<p>Puistokannelle on istutettu yli 50 kasvilajia. Ne ovat merenrannan ja saariston lajeja, jotka kest\u00e4v\u00e4t paikan vaativia kasvuolosuhteita.<\/p>\n<p>Korkeat pergolat toimivat k\u00f6ynn\u00f6sistutusten tukirakenteina ja antavat n\u00e4k\u00f6- ja tuulensuojaa. Perusvalaistuksen lis\u00e4ksi pergoloihin on liitetty taidevalaistus, joka muuntuu tuulen mukaan. Valon rauhallinen liike j\u00e4ljittelee veden rytmi\u00e4.<\/p>\n<p><strong>Hulevedet hy\u00f6dynnet\u00e4\u00e4n<br \/>\n<\/strong>Koko kannen alueelle on asennettu hulevesien ker\u00e4ilykennosto. Vett\u00e4 viivytet\u00e4\u00e4n, tasataan kosteusolosuhteita ja hy\u00f6dynnet\u00e4\u00e4n hulevesi\u00e4 alueen kasvillisuuden k\u00e4ytt\u00f6\u00f6n. My\u00f6s maastokummut istutuksineen viivytt\u00e4v\u00e4t hulevesi\u00e4. P\u00e4\u00e4reitti\u00e4 reunustaa pintavesi\u00e4 kokoava, luonnonkivien rytmitt\u00e4m\u00e4 valettu uoma, jossa vesi sateen j\u00e4lkeen viipyilee.<\/p>\n<p>Puistokansi Bryga sai Vuoden 2019 Ymp\u00e4rist\u00f6rakenne -tunnustuksen.<\/p>\n<p><a class=\"nappi4\" style=\"color: #fff;\" href=\"https:\/\/maisemabetoni.fi\/fin\/wp-content\/uploads\/2020\/10\/VYR-2019-Puistokansi-Bryga.pdf\" target=\"_blank\" rel=\"noopener noreferrer\">Lue kohteen esittely Betonilehdess\u00e4 \u00bb<\/a><\/p>\n<p>&nbsp;<\/p>\n<p><a href=\"https:\/\/maisemabetoni.fi\/fin\/wp-content\/uploads\/2020\/01\/bryga1_iso.jpg\" data-rel=\"lightbox-gallery-bGlnaHRib3gtZ2FsbGVyeS1qTXcwUzBQVQ==\" data-rl_title=\"\" data-rl_caption=\"\" data-rl_title=\"\" data-rl_caption=\"\" title=\"\"><img loading=\"lazy\" decoding=\"async\" class=\"galleria alignnone wp-image-2318 size-thumbnail\" src=\"https:\/\/maisemabetoni.fi\/fin\/wp-content\/uploads\/2020\/01\/bryga1_iso-170x170.jpg\" alt=\"bryga1_iso\" width=\"170\" height=\"170\" srcset=\"https:\/\/maisemabetoni.fi\/fin\/wp-content\/uploads\/2020\/01\/bryga1_iso-170x170.jpg 170w, https:\/\/maisemabetoni.fi\/fin\/wp-content\/uploads\/2020\/01\/bryga1_iso-125x125.jpg 125w, https:\/\/maisemabetoni.fi\/fin\/wp-content\/uploads\/2020\/01\/bryga1_iso-18x18.jpg 18w\" sizes=\"auto, (max-width: 170px) 100vw, 170px\" \/><\/a><a href=\"https:\/\/maisemabetoni.fi\/fin\/wp-content\/uploads\/2020\/01\/bryga2.jpg\" data-rel=\"lightbox-gallery-bGlnaHRib3gtZ2FsbGVyeS1qTXcwUzBQVQ==\" data-rl_title=\"\" data-rl_caption=\"\" data-rl_title=\"\" data-rl_caption=\"\" title=\"\"><img loading=\"lazy\" decoding=\"async\" class=\"galleria alignnone wp-image-2321 size-thumbnail\" src=\"https:\/\/maisemabetoni.fi\/fin\/wp-content\/uploads\/2020\/01\/bryga2-170x170.jpg\" alt=\"bryga2\" width=\"170\" height=\"170\" srcset=\"https:\/\/maisemabetoni.fi\/fin\/wp-content\/uploads\/2020\/01\/bryga2-170x170.jpg 170w, https:\/\/maisemabetoni.fi\/fin\/wp-content\/uploads\/2020\/01\/bryga2-125x125.jpg 125w, https:\/\/maisemabetoni.fi\/fin\/wp-content\/uploads\/2020\/01\/bryga2-18x18.jpg 18w\" sizes=\"auto, (max-width: 170px) 100vw, 170px\" \/><\/a><a href=\"https:\/\/maisemabetoni.fi\/fin\/wp-content\/uploads\/2020\/10\/Bryga3U-2.jpg\" data-rel=\"lightbox-gallery-bGlnaHRib3gtZ2FsbGVyeS1qTXcwUzBQVQ==\" data-rl_title=\"\" data-rl_caption=\"\" data-rl_title=\"\" data-rl_caption=\"\" title=\"\"><img loading=\"lazy\" decoding=\"async\" class=\"galleria alignnone wp-image-2697 size-thumbnail\" src=\"https:\/\/maisemabetoni.fi\/fin\/wp-content\/uploads\/2020\/10\/Bryga3U-2-170x170.jpg\" alt=\"Bryga3U\" width=\"170\" height=\"170\" srcset=\"https:\/\/maisemabetoni.fi\/fin\/wp-content\/uploads\/2020\/10\/Bryga3U-2-170x170.jpg 170w, https:\/\/maisemabetoni.fi\/fin\/wp-content\/uploads\/2020\/10\/Bryga3U-2-125x125.jpg 125w, https:\/\/maisemabetoni.fi\/fin\/wp-content\/uploads\/2020\/10\/Bryga3U-2-18x18.jpg 18w\" sizes=\"auto, (max-width: 170px) 100vw, 170px\" \/><\/a><a href=\"https:\/\/maisemabetoni.fi\/fin\/wp-content\/uploads\/2020\/01\/bryga4.jpg\" data-rel=\"lightbox-gallery-bGlnaHRib3gtZ2FsbGVyeS1qTXcwUzBQVQ==\" data-rl_title=\"\" data-rl_caption=\"\" data-rl_title=\"\" data-rl_caption=\"\" title=\"\"><img loading=\"lazy\" decoding=\"async\" class=\"galleria alignnone wp-image-2323 size-thumbnail\" src=\"https:\/\/maisemabetoni.fi\/fin\/wp-content\/uploads\/2020\/01\/bryga4-170x170.jpg\" alt=\"bryga4\" width=\"170\" height=\"170\" srcset=\"https:\/\/maisemabetoni.fi\/fin\/wp-content\/uploads\/2020\/01\/bryga4-170x170.jpg 170w, https:\/\/maisemabetoni.fi\/fin\/wp-content\/uploads\/2020\/01\/bryga4-125x125.jpg 125w, https:\/\/maisemabetoni.fi\/fin\/wp-content\/uploads\/2020\/01\/bryga4-18x18.jpg 18w\" sizes=\"auto, (max-width: 170px) 100vw, 170px\" \/><\/a><a href=\"https:\/\/maisemabetoni.fi\/fin\/wp-content\/uploads\/2020\/10\/bryga5u.jpg\" data-rel=\"lightbox-gallery-bGlnaHRib3gtZ2FsbGVyeS1qTXcwUzBQVQ==\" data-rl_title=\"\" data-rl_caption=\"\" data-rl_title=\"\" data-rl_caption=\"\" title=\"\"><img loading=\"lazy\" decoding=\"async\" class=\"galleria alignnone wp-image-2698 size-thumbnail\" src=\"https:\/\/maisemabetoni.fi\/fin\/wp-content\/uploads\/2020\/10\/bryga5u-170x170.jpg\" alt=\"bryga5u\" width=\"170\" height=\"170\" srcset=\"https:\/\/maisemabetoni.fi\/fin\/wp-content\/uploads\/2020\/10\/bryga5u-170x170.jpg 170w, https:\/\/maisemabetoni.fi\/fin\/wp-content\/uploads\/2020\/10\/bryga5u-125x125.jpg 125w, https:\/\/maisemabetoni.fi\/fin\/wp-content\/uploads\/2020\/10\/bryga5u-18x18.jpg 18w\" sizes=\"auto, (max-width: 170px) 100vw, 170px\" \/><\/a><a href=\"https:\/\/maisemabetoni.fi\/fin\/wp-content\/uploads\/2020\/01\/bryga6.jpg\" data-rel=\"lightbox-gallery-bGlnaHRib3gtZ2FsbGVyeS1qTXcwUzBQVQ==\" data-rl_title=\"\" data-rl_caption=\"\" data-rl_title=\"\" data-rl_caption=\"\" title=\"\"><img loading=\"lazy\" decoding=\"async\" class=\"galleria alignnone wp-image-2325 size-thumbnail\" src=\"https:\/\/maisemabetoni.fi\/fin\/wp-content\/uploads\/2020\/01\/bryga6-170x170.jpg\" alt=\"bryga6\" width=\"170\" height=\"170\" srcset=\"https:\/\/maisemabetoni.fi\/fin\/wp-content\/uploads\/2020\/01\/bryga6-170x170.jpg 170w, https:\/\/maisemabetoni.fi\/fin\/wp-content\/uploads\/2020\/01\/bryga6-125x125.jpg 125w, https:\/\/maisemabetoni.fi\/fin\/wp-content\/uploads\/2020\/01\/bryga6-18x18.jpg 18w\" sizes=\"auto, (max-width: 170px) 100vw, 170px\" \/><\/a><a href=\"https:\/\/maisemabetoni.fi\/fin\/wp-content\/uploads\/2020\/10\/bryga7U.jpg\" data-rel=\"lightbox-gallery-bGlnaHRib3gtZ2FsbGVyeS1qTXcwUzBQVQ==\" data-rl_title=\"\" data-rl_caption=\"\" data-rl_title=\"\" data-rl_caption=\"\" title=\"\"><img loading=\"lazy\" decoding=\"async\" class=\"galleria alignnone wp-image-2699 size-thumbnail\" src=\"https:\/\/maisemabetoni.fi\/fin\/wp-content\/uploads\/2020\/10\/bryga7U-170x170.jpg\" alt=\"bryga7U\" width=\"170\" height=\"170\" srcset=\"https:\/\/maisemabetoni.fi\/fin\/wp-content\/uploads\/2020\/10\/bryga7U-170x170.jpg 170w, https:\/\/maisemabetoni.fi\/fin\/wp-content\/uploads\/2020\/10\/bryga7U-125x125.jpg 125w, https:\/\/maisemabetoni.fi\/fin\/wp-content\/uploads\/2020\/10\/bryga7U-18x18.jpg 18w\" sizes=\"auto, (max-width: 170px) 100vw, 170px\" \/><\/a><a href=\"https:\/\/maisemabetoni.fi\/fin\/wp-content\/uploads\/2020\/01\/bryga8.jpg\" data-rel=\"lightbox-gallery-bGlnaHRib3gtZ2FsbGVyeS1qTXcwUzBQVQ==\" data-rl_title=\"\" data-rl_caption=\"\" data-rl_title=\"\" data-rl_caption=\"\" title=\"\"><img loading=\"lazy\" decoding=\"async\" class=\"galleria alignnone wp-image-2328 size-thumbnail\" src=\"https:\/\/maisemabetoni.fi\/fin\/wp-content\/uploads\/2020\/01\/bryga8-170x170.jpg\" alt=\"bryga8\" width=\"170\" height=\"170\" srcset=\"https:\/\/maisemabetoni.fi\/fin\/wp-content\/uploads\/2020\/01\/bryga8-170x170.jpg 170w, https:\/\/maisemabetoni.fi\/fin\/wp-content\/uploads\/2020\/01\/bryga8-125x125.jpg 125w, https:\/\/maisemabetoni.fi\/fin\/wp-content\/uploads\/2020\/01\/bryga8-18x18.jpg 18w\" sizes=\"auto, (max-width: 170px) 100vw, 170px\" \/><\/a><a href=\"https:\/\/maisemabetoni.fi\/fin\/wp-content\/uploads\/2020\/01\/bryga9.jpg\" data-rel=\"lightbox-gallery-bGlnaHRib3gtZ2FsbGVyeS1qTXcwUzBQVQ==\" data-rl_title=\"\" data-rl_caption=\"\" data-rl_title=\"\" data-rl_caption=\"\" title=\"\"><img loading=\"lazy\" decoding=\"async\" class=\"galleria alignnone wp-image-2329 size-thumbnail\" src=\"https:\/\/maisemabetoni.fi\/fin\/wp-content\/uploads\/2020\/01\/bryga9-170x170.jpg\" alt=\"bryga9\" width=\"170\" height=\"170\" srcset=\"https:\/\/maisemabetoni.fi\/fin\/wp-content\/uploads\/2020\/01\/bryga9-170x170.jpg 170w, https:\/\/maisemabetoni.fi\/fin\/wp-content\/uploads\/2020\/01\/bryga9-125x125.jpg 125w, https:\/\/maisemabetoni.fi\/fin\/wp-content\/uploads\/2020\/01\/bryga9-18x18.jpg 18w\" sizes=\"auto, (max-width: 170px) 100vw, 170px\" \/><\/a><a href=\"https:\/\/maisemabetoni.fi\/fin\/wp-content\/uploads\/2020\/01\/bryga10.jpg\" data-rel=\"lightbox-gallery-bGlnaHRib3gtZ2FsbGVyeS1qTXcwUzBQVQ==\" data-rl_title=\"\" data-rl_caption=\"\" data-rl_title=\"\" data-rl_caption=\"\" title=\"\"><img loading=\"lazy\" decoding=\"async\" class=\"galleria alignnone wp-image-2330 size-thumbnail\" src=\"https:\/\/maisemabetoni.fi\/fin\/wp-content\/uploads\/2020\/01\/bryga10-170x170.jpg\" alt=\"bryga10\" width=\"170\" height=\"170\" srcset=\"https:\/\/maisemabetoni.fi\/fin\/wp-content\/uploads\/2020\/01\/bryga10-170x170.jpg 170w, https:\/\/maisemabetoni.fi\/fin\/wp-content\/uploads\/2020\/01\/bryga10-125x125.jpg 125w, https:\/\/maisemabetoni.fi\/fin\/wp-content\/uploads\/2020\/01\/bryga10-18x18.jpg 18w\" sizes=\"auto, (max-width: 170px) 100vw, 170px\" \/><\/a><\/p>\n<p>&nbsp;<\/p>\n\n","protected":false},"excerpt":{"rendered":"","protected":false},"author":1,"featured_media":0,"parent":944,"menu_order":-3,"comment_status":"closed","ping_status":"closed","template":"","meta":{"footnotes":""},"class_list":["post-2332","page","type-page","status-publish","hentry"],"yoast_head":"<!-- This site is optimized with the Yoast SEO plugin v26.8 - https:\/\/yoast.com\/product\/yoast-seo-wordpress\/ -->\n<title>Puistokansi Bryga, Helsinki, 2019 - Maisemabetoni<\/title>\n<meta name=\"robots\" content=\"noindex, follow, max-snippet:-1, max-image-preview:large, max-video-preview:-1\" \/>\n<meta property=\"og:locale\" content=\"fi_FI\" \/>\n<meta property=\"og:type\" content=\"article\" \/>\n<meta property=\"og:title\" content=\"Puistokansi Bryga, Helsinki, 2019 - Maisemabetoni\" \/>\n<meta property=\"og:url\" content=\"https:\/\/maisemabetoni.fi\/fin\/referenssit\/vuoden-ymparistorakenteet\/puistokansi-bryga-helsinki-2019\/\" \/>\n<meta property=\"og:site_name\" content=\"Maisemabetoni\" \/>\n<meta name=\"twitter:card\" content=\"summary_large_image\" \/>\n<script type=\"application\/ld+json\" class=\"yoast-schema-graph\">{\"@context\":\"https:\/\/schema.org\",\"@graph\":[{\"@type\":\"WebPage\",\"@id\":\"https:\/\/maisemabetoni.fi\/fin\/referenssit\/vuoden-ymparistorakenteet\/puistokansi-bryga-helsinki-2019\/\",\"url\":\"https:\/\/maisemabetoni.fi\/fin\/referenssit\/vuoden-ymparistorakenteet\/puistokansi-bryga-helsinki-2019\/\",\"name\":\"Puistokansi Bryga, Helsinki, 2019 - Maisemabetoni\",\"isPartOf\":{\"@id\":\"https:\/\/maisemabetoni.fi\/fin\/#website\"},\"datePublished\":\"2020-02-12T10:15:11+00:00\",\"breadcrumb\":{\"@id\":\"https:\/\/maisemabetoni.fi\/fin\/referenssit\/vuoden-ymparistorakenteet\/puistokansi-bryga-helsinki-2019\/#breadcrumb\"},\"inLanguage\":\"fi\",\"potentialAction\":[{\"@type\":\"ReadAction\",\"target\":[\"https:\/\/maisemabetoni.fi\/fin\/referenssit\/vuoden-ymparistorakenteet\/puistokansi-bryga-helsinki-2019\/\"]}]},{\"@type\":\"BreadcrumbList\",\"@id\":\"https:\/\/maisemabetoni.fi\/fin\/referenssit\/vuoden-ymparistorakenteet\/puistokansi-bryga-helsinki-2019\/#breadcrumb\",\"itemListElement\":[{\"@type\":\"ListItem\",\"position\":1,\"name\":\"Etusivu\",\"item\":\"https:\/\/maisemabetoni.fi\/fin\/\"},{\"@type\":\"ListItem\",\"position\":2,\"name\":\"VUODEN YMP\u00c4RIST\u00d6RAKENTEET\",\"item\":\"https:\/\/maisemabetoni.fi\/fin\/referenssit\/vuoden-ymparistorakenteet\/\"},{\"@type\":\"ListItem\",\"position\":3,\"name\":\"Puistokansi Bryga, Helsinki, 2019\"}]},{\"@type\":\"WebSite\",\"@id\":\"https:\/\/maisemabetoni.fi\/fin\/#website\",\"url\":\"https:\/\/maisemabetoni.fi\/fin\/\",\"name\":\"Maisemabetoni\",\"description\":\"\",\"potentialAction\":[{\"@type\":\"SearchAction\",\"target\":{\"@type\":\"EntryPoint\",\"urlTemplate\":\"https:\/\/maisemabetoni.fi\/fin\/?s={search_term_string}\"},\"query-input\":{\"@type\":\"PropertyValueSpecification\",\"valueRequired\":true,\"valueName\":\"search_term_string\"}}],\"inLanguage\":\"fi\"}]}<\/script>\n<!-- \/ Yoast SEO plugin. -->","yoast_head_json":{"title":"Puistokansi Bryga, Helsinki, 2019 - Maisemabetoni","robots":{"index":"noindex","follow":"follow","max-snippet":"max-snippet:-1","max-image-preview":"max-image-preview:large","max-video-preview":"max-video-preview:-1"},"og_locale":"fi_FI","og_type":"article","og_title":"Puistokansi Bryga, Helsinki, 2019 - Maisemabetoni","og_url":"https:\/\/maisemabetoni.fi\/fin\/referenssit\/vuoden-ymparistorakenteet\/puistokansi-bryga-helsinki-2019\/","og_site_name":"Maisemabetoni","twitter_card":"summary_large_image","schema":{"@context":"https:\/\/schema.org","@graph":[{"@type":"WebPage","@id":"https:\/\/maisemabetoni.fi\/fin\/referenssit\/vuoden-ymparistorakenteet\/puistokansi-bryga-helsinki-2019\/","url":"https:\/\/maisemabetoni.fi\/fin\/referenssit\/vuoden-ymparistorakenteet\/puistokansi-bryga-helsinki-2019\/","name":"Puistokansi Bryga, Helsinki, 2019 - Maisemabetoni","isPartOf":{"@id":"https:\/\/maisemabetoni.fi\/fin\/#website"},"datePublished":"2020-02-12T10:15:11+00:00","breadcrumb":{"@id":"https:\/\/maisemabetoni.fi\/fin\/referenssit\/vuoden-ymparistorakenteet\/puistokansi-bryga-helsinki-2019\/#breadcrumb"},"inLanguage":"fi","potentialAction":[{"@type":"ReadAction","target":["https:\/\/maisemabetoni.fi\/fin\/referenssit\/vuoden-ymparistorakenteet\/puistokansi-bryga-helsinki-2019\/"]}]},{"@type":"BreadcrumbList","@id":"https:\/\/maisemabetoni.fi\/fin\/referenssit\/vuoden-ymparistorakenteet\/puistokansi-bryga-helsinki-2019\/#breadcrumb","itemListElement":[{"@type":"ListItem","position":1,"name":"Etusivu","item":"https:\/\/maisemabetoni.fi\/fin\/"},{"@type":"ListItem","position":2,"name":"VUODEN YMP\u00c4RIST\u00d6RAKENTEET","item":"https:\/\/maisemabetoni.fi\/fin\/referenssit\/vuoden-ymparistorakenteet\/"},{"@type":"ListItem","position":3,"name":"Puistokansi Bryga, Helsinki, 2019"}]},{"@type":"WebSite","@id":"https:\/\/maisemabetoni.fi\/fin\/#website","url":"https:\/\/maisemabetoni.fi\/fin\/","name":"Maisemabetoni","description":"","potentialAction":[{"@type":"SearchAction","target":{"@type":"EntryPoint","urlTemplate":"https:\/\/maisemabetoni.fi\/fin\/?s={search_term_string}"},"query-input":{"@type":"PropertyValueSpecification","valueRequired":true,"valueName":"search_term_string"}}],"inLanguage":"fi"}]}},"_links":{"self":[{"href":"https:\/\/maisemabetoni.fi\/fin\/wp-json\/wp\/v2\/pages\/2332","targetHints":{"allow":["GET"]}}],"collection":[{"href":"https:\/\/maisemabetoni.fi\/fin\/wp-json\/wp\/v2\/pages"}],"about":[{"href":"https:\/\/maisemabetoni.fi\/fin\/wp-json\/wp\/v2\/types\/page"}],"author":[{"embeddable":true,"href":"https:\/\/maisemabetoni.fi\/fin\/wp-json\/wp\/v2\/users\/1"}],"replies":[{"embeddable":true,"href":"https:\/\/maisemabetoni.fi\/fin\/wp-json\/wp\/v2\/comments?post=2332"}],"version-history":[{"count":2,"href":"https:\/\/maisemabetoni.fi\/fin\/wp-json\/wp\/v2\/pages\/2332\/revisions"}],"predecessor-version":[{"id":2334,"href":"https:\/\/maisemabetoni.fi\/fin\/wp-json\/wp\/v2\/pages\/2332\/revisions\/2334"}],"up":[{"embeddable":true,"href":"https:\/\/maisemabetoni.fi\/fin\/wp-json\/wp\/v2\/pages\/944"}],"wp:attachment":[{"href":"https:\/\/maisemabetoni.fi\/fin\/wp-json\/wp\/v2\/media?parent=2332"}],"curies":[{"name":"wp","href":"https:\/\/api.w.org\/{rel}","templated":true}]}}