{"id":2606,"date":"2020-10-15T08:19:11","date_gmt":"2020-10-15T05:19:11","guid":{"rendered":"https:\/\/maisemabetoni.fi\/fin\/?page_id=2606"},"modified":"2021-05-04T10:56:22","modified_gmt":"2021-05-04T07:56:22","slug":"kilpailun-historia","status":"publish","type":"page","link":"https:\/\/maisemabetoni.fi\/fin\/vuoden-ymparistorakenne-kilpailu\/kilpailun-historia\/","title":{"rendered":"Kilpailun historia"},"content":{"rendered":"<div class='content-column one_half'><div style=\"padding-right:10px;\"><h1>Kilpailun historia<\/h1>\n<p>Mahdollisuus osallistua Vuoden ymp\u00e4rist\u00f6rakenne -kilpailuun julkistettiin ensimm\u00e4isen kerran alan sis\u00e4ll\u00e4 Viherp\u00e4ivill\u00e4 vuonna 1991, ja kilpailun ensimm\u00e4iset tulokset ja voittaja tuotiin julkisuuteen vuotta my\u00f6hemmin Viherp\u00e4ivien 1992 lehdist\u00f6tilaisuudessa.<\/p>\n<h4>Mist\u00e4 kilpailu l\u00e4hti liikkeelle?<\/h4>\n<p>Idea Vuoden ymp\u00e4rist\u00f6rakenne -kilpailusta syntyi Suomen Betoniteollisuuden Keskusj\u00e4rjest\u00f6ss\u00e4 (SBK). Esimerkkin\u00e4 kilpailulle oli SBK:n j\u00e4rjest\u00e4m\u00e4 Vuoden betonirakenne -kilpailu.<\/p>\n<p>Kilpailun perustamiskokous pidettiin Suomen Betoniteollisuuden Keskusj\u00e4rjest\u00f6ss\u00e4 24.7.1990. Paikalla olivat Torsti Alajoki (Soraseula Oy), Heimo Kaukolinna (Puutarhaliitto ry), Valtteri R\u00f6nn (Harjun Betoni Oy), Kari \u00d6hrnberg (Lemmink\u00e4inen Oy, pj) ja Johanna Korhonen (SBK, sihteeri).<\/p>\n<p>Palkittavan kohteen haluttiin olevan voimakkaasti sek\u00e4 viherrakentamiskohde ett\u00e4 betonikohde. Sen tulisi nostaa esille sek\u00e4 maisemasuunnittelua, kaavoitusta ja ymp\u00e4rist\u00f6rakentamista. Palkinto julkistettaisiin vuosittain Puutarhaliiton Viherp\u00e4ivill\u00e4. Palkittava kohde p\u00e4\u00e4tettiin antaa tuomariston valittavaksi.<\/p>\n<p>Kilpailu ensimm\u00e4iset s\u00e4\u00e4nn\u00f6t hyv\u00e4ksyttiin 19.9.1990. My\u00f6hemmin niit\u00e4 on tarkistettu, ja vallitsevat s\u00e4\u00e4nn\u00f6t ovat <a href=\"https:\/\/maisemabetoni.fi\/fin\/vuoden-ymparistorakenne-kilpailu\/kilpailun-saannot\/\" target=\"_blank\" rel=\"noopener noreferrer\"><strong>t\u00e4ss\u00e4 \u00bb\u00a0<\/strong><\/a><br \/><\/div><\/div><div class='content-column one_half last_column'><div style=\"padding-right:0px;\"><img loading=\"lazy\" decoding=\"async\" class=\"logo-30 alignright wp-image-2763 size-full\" src=\"https:\/\/maisemabetoni.fi\/fin\/wp-content\/uploads\/2020\/10\/ymparisto-30vP.jpg\" alt=\"ymparisto-30vP\" width=\"360\" height=\"72\" \/><br \/>\n<img loading=\"lazy\" decoding=\"async\" class=\"alignnone size-full wp-image-2834\" src=\"https:\/\/maisemabetoni.fi\/fin\/wp-content\/uploads\/2020\/10\/valkoinenpalkki.jpg\" alt=\"valkoinenpalkki\" width=\"397\" height=\"26\" srcset=\"https:\/\/maisemabetoni.fi\/fin\/wp-content\/uploads\/2020\/10\/valkoinenpalkki.jpg 397w, https:\/\/maisemabetoni.fi\/fin\/wp-content\/uploads\/2020\/10\/valkoinenpalkki-375x26.jpg 375w, https:\/\/maisemabetoni.fi\/fin\/wp-content\/uploads\/2020\/10\/valkoinenpalkki-380x26.jpg 380w\" sizes=\"auto, (max-width: 397px) 100vw, 397px\" \/><br \/>\n<a href=\"https:\/\/maisemabetoni.fi\/fin\/wp-content\/uploads\/2020\/10\/lainaus511.jpg\" data-rel=\"lightbox-gallery-a4E3AM6K\" data-rl_title=\"\" data-rl_caption=\"\" title=\"\"><img loading=\"lazy\" decoding=\"async\" class=\"alignnone wp-image-2836 size-full\" src=\"https:\/\/maisemabetoni.fi\/fin\/wp-content\/uploads\/2020\/10\/lainaus511.jpg\" alt=\"lainaus511\" width=\"511\" height=\"462\" \/><\/a><\/p><\/div><\/div><div class='clear_column'><\/div><\/p>\n","protected":false},"excerpt":{"rendered":"","protected":false},"author":1,"featured_media":0,"parent":2604,"menu_order":2,"comment_status":"closed","ping_status":"closed","template":"","meta":{"footnotes":""},"class_list":["post-2606","page","type-page","status-publish","hentry"],"yoast_head":"<!-- This site is optimized with the Yoast SEO plugin v26.8 - https:\/\/yoast.com\/product\/yoast-seo-wordpress\/ -->\n<title>Kilpailun historia - Maisemabetoni<\/title>\n<meta name=\"robots\" content=\"noindex, follow, max-snippet:-1, max-image-preview:large, max-video-preview:-1\" \/>\n<meta property=\"og:locale\" content=\"fi_FI\" \/>\n<meta property=\"og:type\" content=\"article\" \/>\n<meta property=\"og:title\" content=\"Kilpailun historia - Maisemabetoni\" \/>\n<meta property=\"og:url\" content=\"https:\/\/maisemabetoni.fi\/fin\/vuoden-ymparistorakenne-kilpailu\/kilpailun-historia\/\" \/>\n<meta property=\"og:site_name\" content=\"Maisemabetoni\" \/>\n<meta property=\"article:modified_time\" content=\"2021-05-04T07:56:22+00:00\" \/>\n<meta property=\"og:image\" content=\"https:\/\/maisemabetoni.fi\/fin\/wp-content\/uploads\/2020\/10\/ymparisto-30vP.jpg\" \/>\n<meta name=\"twitter:card\" content=\"summary_large_image\" \/>\n<meta name=\"twitter:label1\" content=\"Arvioitu lukuaika\" \/>\n\t<meta name=\"twitter:data1\" content=\"1 minuutti\" \/>\n<script type=\"application\/ld+json\" class=\"yoast-schema-graph\">{\"@context\":\"https:\/\/schema.org\",\"@graph\":[{\"@type\":\"WebPage\",\"@id\":\"https:\/\/maisemabetoni.fi\/fin\/vuoden-ymparistorakenne-kilpailu\/kilpailun-historia\/\",\"url\":\"https:\/\/maisemabetoni.fi\/fin\/vuoden-ymparistorakenne-kilpailu\/kilpailun-historia\/\",\"name\":\"Kilpailun historia - Maisemabetoni\",\"isPartOf\":{\"@id\":\"https:\/\/maisemabetoni.fi\/fin\/#website\"},\"primaryImageOfPage\":{\"@id\":\"https:\/\/maisemabetoni.fi\/fin\/vuoden-ymparistorakenne-kilpailu\/kilpailun-historia\/#primaryimage\"},\"image\":{\"@id\":\"https:\/\/maisemabetoni.fi\/fin\/vuoden-ymparistorakenne-kilpailu\/kilpailun-historia\/#primaryimage\"},\"thumbnailUrl\":\"https:\/\/maisemabetoni.fi\/fin\/wp-content\/uploads\/2020\/10\/ymparisto-30vP.jpg\",\"datePublished\":\"2020-10-15T05:19:11+00:00\",\"dateModified\":\"2021-05-04T07:56:22+00:00\",\"breadcrumb\":{\"@id\":\"https:\/\/maisemabetoni.fi\/fin\/vuoden-ymparistorakenne-kilpailu\/kilpailun-historia\/#breadcrumb\"},\"inLanguage\":\"fi\",\"potentialAction\":[{\"@type\":\"ReadAction\",\"target\":[\"https:\/\/maisemabetoni.fi\/fin\/vuoden-ymparistorakenne-kilpailu\/kilpailun-historia\/\"]}]},{\"@type\":\"ImageObject\",\"inLanguage\":\"fi\",\"@id\":\"https:\/\/maisemabetoni.fi\/fin\/vuoden-ymparistorakenne-kilpailu\/kilpailun-historia\/#primaryimage\",\"url\":\"https:\/\/maisemabetoni.fi\/fin\/wp-content\/uploads\/2020\/10\/ymparisto-30vP.jpg\",\"contentUrl\":\"https:\/\/maisemabetoni.fi\/fin\/wp-content\/uploads\/2020\/10\/ymparisto-30vP.jpg\",\"width\":360,\"height\":72,\"caption\":\"ymparisto-30vP\"},{\"@type\":\"BreadcrumbList\",\"@id\":\"https:\/\/maisemabetoni.fi\/fin\/vuoden-ymparistorakenne-kilpailu\/kilpailun-historia\/#breadcrumb\",\"itemListElement\":[{\"@type\":\"ListItem\",\"position\":1,\"name\":\"Etusivu\",\"item\":\"https:\/\/maisemabetoni.fi\/fin\/\"},{\"@type\":\"ListItem\",\"position\":2,\"name\":\"VUODEN YMP\u00c4RIST\u00d6RAKENNE\",\"item\":\"https:\/\/maisemabetoni.fi\/fin\/vuoden-ymparistorakenne-kilpailu\/\"},{\"@type\":\"ListItem\",\"position\":3,\"name\":\"Kilpailun historia\"}]},{\"@type\":\"WebSite\",\"@id\":\"https:\/\/maisemabetoni.fi\/fin\/#website\",\"url\":\"https:\/\/maisemabetoni.fi\/fin\/\",\"name\":\"Maisemabetoni\",\"description\":\"\",\"potentialAction\":[{\"@type\":\"SearchAction\",\"target\":{\"@type\":\"EntryPoint\",\"urlTemplate\":\"https:\/\/maisemabetoni.fi\/fin\/?s={search_term_string}\"},\"query-input\":{\"@type\":\"PropertyValueSpecification\",\"valueRequired\":true,\"valueName\":\"search_term_string\"}}],\"inLanguage\":\"fi\"}]}<\/script>\n<!-- \/ Yoast SEO plugin. -->","yoast_head_json":{"title":"Kilpailun historia - Maisemabetoni","robots":{"index":"noindex","follow":"follow","max-snippet":"max-snippet:-1","max-image-preview":"max-image-preview:large","max-video-preview":"max-video-preview:-1"},"og_locale":"fi_FI","og_type":"article","og_title":"Kilpailun historia - Maisemabetoni","og_url":"https:\/\/maisemabetoni.fi\/fin\/vuoden-ymparistorakenne-kilpailu\/kilpailun-historia\/","og_site_name":"Maisemabetoni","article_modified_time":"2021-05-04T07:56:22+00:00","og_image":[{"url":"https:\/\/maisemabetoni.fi\/fin\/wp-content\/uploads\/2020\/10\/ymparisto-30vP.jpg","type":"","width":"","height":""}],"twitter_card":"summary_large_image","twitter_misc":{"Arvioitu lukuaika":"1 minuutti"},"schema":{"@context":"https:\/\/schema.org","@graph":[{"@type":"WebPage","@id":"https:\/\/maisemabetoni.fi\/fin\/vuoden-ymparistorakenne-kilpailu\/kilpailun-historia\/","url":"https:\/\/maisemabetoni.fi\/fin\/vuoden-ymparistorakenne-kilpailu\/kilpailun-historia\/","name":"Kilpailun historia - Maisemabetoni","isPartOf":{"@id":"https:\/\/maisemabetoni.fi\/fin\/#website"},"primaryImageOfPage":{"@id":"https:\/\/maisemabetoni.fi\/fin\/vuoden-ymparistorakenne-kilpailu\/kilpailun-historia\/#primaryimage"},"image":{"@id":"https:\/\/maisemabetoni.fi\/fin\/vuoden-ymparistorakenne-kilpailu\/kilpailun-historia\/#primaryimage"},"thumbnailUrl":"https:\/\/maisemabetoni.fi\/fin\/wp-content\/uploads\/2020\/10\/ymparisto-30vP.jpg","datePublished":"2020-10-15T05:19:11+00:00","dateModified":"2021-05-04T07:56:22+00:00","breadcrumb":{"@id":"https:\/\/maisemabetoni.fi\/fin\/vuoden-ymparistorakenne-kilpailu\/kilpailun-historia\/#breadcrumb"},"inLanguage":"fi","potentialAction":[{"@type":"ReadAction","target":["https:\/\/maisemabetoni.fi\/fin\/vuoden-ymparistorakenne-kilpailu\/kilpailun-historia\/"]}]},{"@type":"ImageObject","inLanguage":"fi","@id":"https:\/\/maisemabetoni.fi\/fin\/vuoden-ymparistorakenne-kilpailu\/kilpailun-historia\/#primaryimage","url":"https:\/\/maisemabetoni.fi\/fin\/wp-content\/uploads\/2020\/10\/ymparisto-30vP.jpg","contentUrl":"https:\/\/maisemabetoni.fi\/fin\/wp-content\/uploads\/2020\/10\/ymparisto-30vP.jpg","width":360,"height":72,"caption":"ymparisto-30vP"},{"@type":"BreadcrumbList","@id":"https:\/\/maisemabetoni.fi\/fin\/vuoden-ymparistorakenne-kilpailu\/kilpailun-historia\/#breadcrumb","itemListElement":[{"@type":"ListItem","position":1,"name":"Etusivu","item":"https:\/\/maisemabetoni.fi\/fin\/"},{"@type":"ListItem","position":2,"name":"VUODEN YMP\u00c4RIST\u00d6RAKENNE","item":"https:\/\/maisemabetoni.fi\/fin\/vuoden-ymparistorakenne-kilpailu\/"},{"@type":"ListItem","position":3,"name":"Kilpailun historia"}]},{"@type":"WebSite","@id":"https:\/\/maisemabetoni.fi\/fin\/#website","url":"https:\/\/maisemabetoni.fi\/fin\/","name":"Maisemabetoni","description":"","potentialAction":[{"@type":"SearchAction","target":{"@type":"EntryPoint","urlTemplate":"https:\/\/maisemabetoni.fi\/fin\/?s={search_term_string}"},"query-input":{"@type":"PropertyValueSpecification","valueRequired":true,"valueName":"search_term_string"}}],"inLanguage":"fi"}]}},"_links":{"self":[{"href":"https:\/\/maisemabetoni.fi\/fin\/wp-json\/wp\/v2\/pages\/2606","targetHints":{"allow":["GET"]}}],"collection":[{"href":"https:\/\/maisemabetoni.fi\/fin\/wp-json\/wp\/v2\/pages"}],"about":[{"href":"https:\/\/maisemabetoni.fi\/fin\/wp-json\/wp\/v2\/types\/page"}],"author":[{"embeddable":true,"href":"https:\/\/maisemabetoni.fi\/fin\/wp-json\/wp\/v2\/users\/1"}],"replies":[{"embeddable":true,"href":"https:\/\/maisemabetoni.fi\/fin\/wp-json\/wp\/v2\/comments?post=2606"}],"version-history":[{"count":34,"href":"https:\/\/maisemabetoni.fi\/fin\/wp-json\/wp\/v2\/pages\/2606\/revisions"}],"predecessor-version":[{"id":3308,"href":"https:\/\/maisemabetoni.fi\/fin\/wp-json\/wp\/v2\/pages\/2606\/revisions\/3308"}],"up":[{"embeddable":true,"href":"https:\/\/maisemabetoni.fi\/fin\/wp-json\/wp\/v2\/pages\/2604"}],"wp:attachment":[{"href":"https:\/\/maisemabetoni.fi\/fin\/wp-json\/wp\/v2\/media?parent=2606"}],"curies":[{"name":"wp","href":"https:\/\/api.w.org\/{rel}","templated":true}]}}