{"id":2608,"date":"2020-10-15T08:26:33","date_gmt":"2020-10-15T05:26:33","guid":{"rendered":"https:\/\/maisemabetoni.fi\/fin\/?page_id=2608"},"modified":"2024-05-14T12:17:56","modified_gmt":"2024-05-14T09:17:56","slug":"kilpailun-esittely","status":"publish","type":"page","link":"https:\/\/maisemabetoni.fi\/fin\/vuoden-ymparistorakenne-kilpailu\/kilpailun-esittely\/","title":{"rendered":"Kilpailun esittely"},"content":{"rendered":"<h1>Kilpailun esittely<img loading=\"lazy\" decoding=\"async\" class=\"logo-30 alignright wp-image-2763 size-full\" src=\"https:\/\/maisemabetoni.fi\/fin\/wp-content\/uploads\/2020\/10\/ymparisto-30vP.jpg\" alt=\"ymparisto-30vP\" width=\"360\" height=\"72\" \/><\/h1>\n<h4><img loading=\"lazy\" decoding=\"async\" class=\"alignnone wp-image-2171\" src=\"https:\/\/maisemabetoni.fi\/fin\/wp-content\/uploads\/2019\/09\/vuolteentori_U.jpg\" alt=\"vuolteentori_U\" width=\"920\" height=\"579\" srcset=\"https:\/\/maisemabetoni.fi\/fin\/wp-content\/uploads\/2019\/09\/vuolteentori_U.jpg 870w, https:\/\/maisemabetoni.fi\/fin\/wp-content\/uploads\/2019\/09\/vuolteentori_U-530x334.jpg 530w, https:\/\/maisemabetoni.fi\/fin\/wp-content\/uploads\/2019\/09\/vuolteentori_U-768x484.jpg 768w, https:\/\/maisemabetoni.fi\/fin\/wp-content\/uploads\/2019\/09\/vuolteentori_U-700x441.jpg 700w\" sizes=\"auto, (max-width: 920px) 100vw, 920px\" \/><\/h4>\n<h4>Taustayhteis\u00f6t<\/h4>\n<p>Vuoden ymp\u00e4rist\u00f6rakenne -kilpailun ensimm\u00e4inen voittaja julkistettiin Viherp\u00e4ivill\u00e4 vuonna 1992.<\/p>\n<p>Kilpailun k\u00e4ynnistiv\u00e4t Puutarhaliitto ry ja Suomen Betoniteollisuuden Keskusj\u00e4rjest\u00f6 ry (my\u00f6hemmin Rakennustuoteteollisuus RTT ry, betonikivijaos, nyt Betoniteollisuus ry.)<br \/>\nMy\u00f6hemmin viralliseksi kilpailun j\u00e4rjest\u00e4j\u00e4tahoksi liittyi mukaan Kiviteollisuusliitto ry (nykyisin Kivi ry).<\/p>\n<p>2024 Puutarhaliitto j\u00e4tt\u00e4ytyi pois kilpailun j\u00e4rjest\u00e4jist\u00e4 ja jatkajaksi tuli mukaan Viherymp\u00e4rist\u00f6liitto ry.<\/p>\n<p>Kilpailun k\u00e4yt\u00e4nn\u00f6n j\u00e4rjestelyist\u00e4 vastaa yksi kilpailun p\u00e4\u00e4j\u00e4rjest\u00e4j\u00e4taho vuorovuosin.<\/p>\n<p><a href=\"https:\/\/maisemabetoni.fi\/fin\/wp-content\/uploads\/2024\/05\/Viherymapristoliitto_RGB.jpg\" data-rel=\"lightbox-gallery-uvwVwB5m\" data-rl_title=\"\" data-rl_caption=\"\" title=\"\"><img loading=\"lazy\" decoding=\"async\" class=\"alignnone wp-image-4304\" src=\"https:\/\/maisemabetoni.fi\/fin\/wp-content\/uploads\/2024\/05\/Viherymapristoliitto_RGB.jpg\" alt=\"\" width=\"327\" height=\"98\" \/>\u00a0 \u00a0 \u00a0 \u00a0 \u00a0 \u00a0 <\/a><img loading=\"lazy\" decoding=\"async\" class=\"alignnone wp-image-2867 size-full\" src=\"https:\/\/maisemabetoni.fi\/fin\/wp-content\/uploads\/2020\/10\/logo-betoniteollisuus-e1715677259282.jpg\" alt=\"logo-betoniteollisuus\" width=\"232\" height=\"98\" \/><img loading=\"lazy\" decoding=\"async\" class=\"alignnone size-full wp-image-2868\" src=\"https:\/\/maisemabetoni.fi\/fin\/wp-content\/uploads\/2020\/10\/logo-kivi.jpg\" alt=\"logo-kivi\" width=\"197\" height=\"98\" \/><\/p>\n<h4>Tuomaristo<\/h4>\n<p>Tuomariston kokoonpano m\u00e4\u00e4ritell\u00e4\u00e4n kilpailun s\u00e4\u00e4nn\u00f6iss\u00e4, ja se on vaihdellut vuosien mittaan. Mukana on tilaajien, suunnittelija- ja toteuttajaj\u00e4rjest\u00f6jen, ministeri\u00f6n, lehdist\u00f6n sek\u00e4 j\u00e4rjest\u00e4vien tahojen edustajia.<\/p>\n<p>Tuomaristo 2024<\/p>\n<ul>\n<li>SAFA \/ Soile Heikkinen<\/li>\n<li>MARK \/ Paula Pollock ja Sini Parikka<\/li>\n<li>MAS \/ Kaisa Koskelin<\/li>\n<li>VYL \/ Taavi Forssell<\/li>\n<li>ymp\u00e4rist\u00f6ministeri\u00f6 \/ Niina Kilpel\u00e4<\/li>\n<li>Kivi ry \/ Juuso Rainio ja Sini Laine<\/li>\n<li>Puutarhaliitto \/ Timo Taulavuori<\/li>\n<li>Betoniteollisuus ry \/ Vesa Hopponen ja Tiina Kaskiaro<\/li>\n<\/ul>\n<h4>Kilpailun aikataulu<\/h4>\n<ul>\n<li>Ilmoittautuminen: elokuun alussa<\/li>\n<li>Kohdevierailut syys-lokakuu<\/li>\n<li>Finalistien julkistus vuoden lopulla<\/li>\n<li>Voittajan julkistus Viherp\u00e4ivill\u00e4 helmikuussa<\/li>\n<\/ul>\n<h4>Kilpailun palkinto<\/h4>\n<p>Palkinto jaetaan palkitun kohteen rakennuttajille, suunnittelijoille, toteuttajille ja materiaalien toimittajille tuomariston harkinnan pohjalta.<\/p>\n<p>Kilpailupalkinnolla on haluttu edist\u00e4\u00e4 kotimaista taidetta. Ensimm\u00e4isin\u00e4 vuosina jaettiin taiteilija Maria Virkkalan suunnittelema betoniteos. Nykyisin palkinto on nuoren kotimaisen taiteilijan grafiikkaty\u00f6. Kilpailun nykyisen ilmeen ja logon on suunnitellut Aino-Maija Metsola.<\/p>\n<h4>Kilpailun osallistujam\u00e4\u00e4r\u00e4<\/h4>\n<p>Alkuvuosina kilpailuun tuli yli kaksikymment\u00e4 ehdotusta vuosittain. 1990-luvun laman edetess\u00e4 kilpailuun osallistuminen vaimeni, mutta se on palautunut viime vuosina takaisin parinkymmenen osallistujan tuntumaan.<\/p>\n<p>Kilpailuun on ilahduttavasti osallistunut hyvin erityyppisi\u00e4 kohteita \u2013 yksitt\u00e4isen tilaajan kerrostalopihasta suuren kaupungin isoon puistoalueeseen.<\/p>\n<h4>Kilpailun luonne<\/h4>\n<p>S\u00e4\u00e4nt\u00f6jen mukaan kilpailun tarkoituksena on tehd\u00e4 tunnetuksi ja edist\u00e4\u00e4 korkeatasoisia ymp\u00e4rist\u00f6kokonaisuuksia, joissa hyv\u00e4ll\u00e4 suunnittelulla ja toteutuksella on luotu esteettisesti ja toiminnallisesti kest\u00e4v\u00e4, hyv\u00e4 ymp\u00e4rist\u00f6. Erityisen\u00e4 ansiona pidet\u00e4\u00e4n uusien ratkaisumallien, k\u00e4ytt\u00f6kohteiden ja sovellutusten kehitt\u00e4mist\u00e4 sek\u00e4 kest\u00e4v\u00e4n ymp\u00e4rist\u00f6rakentamisen toimintamallin (KESY) toteutumista kilpailukohteessa. Kohteen tulee olla valmistunut viimeisen viiden vuoden aikana.<\/p>\n<p><a href=\"https:\/\/maisemabetoni.fi\/fin\/wp-content\/uploads\/2024\/05\/kriteerit.jpg\" data-rel=\"lightbox-gallery-uvwVwB5m\" data-rl_title=\"\" data-rl_caption=\"\" title=\"\"><img loading=\"lazy\" decoding=\"async\" class=\"size-medium wp-image-4308 aligncenter\" src=\"https:\/\/maisemabetoni.fi\/fin\/wp-content\/uploads\/2024\/05\/kriteerit-530x262.jpg\" alt=\"\" width=\"530\" height=\"262\" srcset=\"https:\/\/maisemabetoni.fi\/fin\/wp-content\/uploads\/2024\/05\/kriteerit-530x262.jpg 530w, https:\/\/maisemabetoni.fi\/fin\/wp-content\/uploads\/2024\/05\/kriteerit-700x347.jpg 700w, https:\/\/maisemabetoni.fi\/fin\/wp-content\/uploads\/2024\/05\/kriteerit-768x380.jpg 768w, https:\/\/maisemabetoni.fi\/fin\/wp-content\/uploads\/2024\/05\/kriteerit.jpg 1220w\" sizes=\"auto, (max-width: 530px) 100vw, 530px\" \/><\/a><\/p>\n","protected":false},"excerpt":{"rendered":"<p>Kilpailun esittely Taustayhteis&ouml;t Vuoden ymp&auml;rist&ouml;rakenne -kilpailun ensimm&auml;inen voittaja julkistettiin Viherp&auml;ivill&auml; vuonna 1992. Kilpailun k&auml;ynnistiv&auml;t Puutarhaliitto ry ja Suomen Betoniteollisuuden Keskusj&auml;rjest&ouml; ry (my&ouml;hemmin Rakennustuoteteollisuus RTT ry, betonikivijaos, nyt Betoniteollisuus ry.) My&ouml;hemmin viralliseksi kilpailun j&auml;rjest&auml;j&auml;tahoksi liittyi mukaan Kiviteollisuusliitto ry (nykyisin Kivi ry). 2024 Puutarhaliitto j&auml;tt&auml;ytyi pois kilpailun j&auml;rjest&auml;jist&auml; ja jatkajaksi tuli mukaan Viherymp&auml;rist&ouml;liitto ry. Kilpailun k&auml;yt&auml;nn&ouml;n j&auml;rjestelyist&auml;&#8230;<\/p>\n","protected":false},"author":1,"featured_media":0,"parent":2604,"menu_order":3,"comment_status":"closed","ping_status":"closed","template":"","meta":{"footnotes":""},"class_list":["post-2608","page","type-page","status-publish","hentry"],"yoast_head":"<!-- This site is optimized with the Yoast SEO plugin v26.8 - https:\/\/yoast.com\/product\/yoast-seo-wordpress\/ -->\n<title>Kilpailun esittely - Maisemabetoni<\/title>\n<meta name=\"description\" content=\"kilpailun tarkoituksena on tehd\u00e4 tunnetuksi ja edist\u00e4\u00e4 korkeatasoisia ymp\u00e4rist\u00f6kokonaisuuksia, joissa hyv\u00e4ll\u00e4 suunnittelulla ja toteutuksella on luotu esteettisesti ja toiminnallisesti kest\u00e4v\u00e4, hyv\u00e4 ymp\u00e4rist\u00f6.\" \/>\n<meta name=\"robots\" content=\"noindex, follow, max-snippet:-1, max-image-preview:large, max-video-preview:-1\" \/>\n<meta property=\"og:locale\" content=\"fi_FI\" \/>\n<meta property=\"og:type\" content=\"article\" \/>\n<meta property=\"og:title\" content=\"Kilpailun esittely - Maisemabetoni\" \/>\n<meta property=\"og:description\" content=\"kilpailun tarkoituksena on tehd\u00e4 tunnetuksi ja edist\u00e4\u00e4 korkeatasoisia ymp\u00e4rist\u00f6kokonaisuuksia, joissa hyv\u00e4ll\u00e4 suunnittelulla ja toteutuksella on luotu esteettisesti ja toiminnallisesti kest\u00e4v\u00e4, hyv\u00e4 ymp\u00e4rist\u00f6.\" \/>\n<meta property=\"og:url\" content=\"https:\/\/maisemabetoni.fi\/fin\/vuoden-ymparistorakenne-kilpailu\/kilpailun-esittely\/\" \/>\n<meta property=\"og:site_name\" content=\"Maisemabetoni\" \/>\n<meta property=\"article:modified_time\" content=\"2024-05-14T09:17:56+00:00\" \/>\n<meta property=\"og:image\" content=\"https:\/\/maisemabetoni.fi\/fin\/wp-content\/uploads\/2020\/10\/ymparisto-30vP.jpg\" \/>\n<meta name=\"twitter:card\" content=\"summary_large_image\" \/>\n<meta name=\"twitter:label1\" content=\"Arvioitu lukuaika\" \/>\n\t<meta name=\"twitter:data1\" content=\"3 minuuttia\" \/>\n<script type=\"application\/ld+json\" class=\"yoast-schema-graph\">{\"@context\":\"https:\/\/schema.org\",\"@graph\":[{\"@type\":\"WebPage\",\"@id\":\"https:\/\/maisemabetoni.fi\/fin\/vuoden-ymparistorakenne-kilpailu\/kilpailun-esittely\/\",\"url\":\"https:\/\/maisemabetoni.fi\/fin\/vuoden-ymparistorakenne-kilpailu\/kilpailun-esittely\/\",\"name\":\"Kilpailun esittely - Maisemabetoni\",\"isPartOf\":{\"@id\":\"https:\/\/maisemabetoni.fi\/fin\/#website\"},\"primaryImageOfPage\":{\"@id\":\"https:\/\/maisemabetoni.fi\/fin\/vuoden-ymparistorakenne-kilpailu\/kilpailun-esittely\/#primaryimage\"},\"image\":{\"@id\":\"https:\/\/maisemabetoni.fi\/fin\/vuoden-ymparistorakenne-kilpailu\/kilpailun-esittely\/#primaryimage\"},\"thumbnailUrl\":\"https:\/\/maisemabetoni.fi\/fin\/wp-content\/uploads\/2020\/10\/ymparisto-30vP.jpg\",\"datePublished\":\"2020-10-15T05:26:33+00:00\",\"dateModified\":\"2024-05-14T09:17:56+00:00\",\"description\":\"kilpailun tarkoituksena on tehd\u00e4 tunnetuksi ja edist\u00e4\u00e4 korkeatasoisia ymp\u00e4rist\u00f6kokonaisuuksia, joissa hyv\u00e4ll\u00e4 suunnittelulla ja toteutuksella on luotu esteettisesti ja toiminnallisesti kest\u00e4v\u00e4, hyv\u00e4 ymp\u00e4rist\u00f6.\",\"breadcrumb\":{\"@id\":\"https:\/\/maisemabetoni.fi\/fin\/vuoden-ymparistorakenne-kilpailu\/kilpailun-esittely\/#breadcrumb\"},\"inLanguage\":\"fi\",\"potentialAction\":[{\"@type\":\"ReadAction\",\"target\":[\"https:\/\/maisemabetoni.fi\/fin\/vuoden-ymparistorakenne-kilpailu\/kilpailun-esittely\/\"]}]},{\"@type\":\"ImageObject\",\"inLanguage\":\"fi\",\"@id\":\"https:\/\/maisemabetoni.fi\/fin\/vuoden-ymparistorakenne-kilpailu\/kilpailun-esittely\/#primaryimage\",\"url\":\"https:\/\/maisemabetoni.fi\/fin\/wp-content\/uploads\/2020\/10\/ymparisto-30vP.jpg\",\"contentUrl\":\"https:\/\/maisemabetoni.fi\/fin\/wp-content\/uploads\/2020\/10\/ymparisto-30vP.jpg\",\"width\":360,\"height\":72,\"caption\":\"ymparisto-30vP\"},{\"@type\":\"BreadcrumbList\",\"@id\":\"https:\/\/maisemabetoni.fi\/fin\/vuoden-ymparistorakenne-kilpailu\/kilpailun-esittely\/#breadcrumb\",\"itemListElement\":[{\"@type\":\"ListItem\",\"position\":1,\"name\":\"Etusivu\",\"item\":\"https:\/\/maisemabetoni.fi\/fin\/\"},{\"@type\":\"ListItem\",\"position\":2,\"name\":\"VUODEN YMP\u00c4RIST\u00d6RAKENNE\",\"item\":\"https:\/\/maisemabetoni.fi\/fin\/vuoden-ymparistorakenne-kilpailu\/\"},{\"@type\":\"ListItem\",\"position\":3,\"name\":\"Kilpailun esittely\"}]},{\"@type\":\"WebSite\",\"@id\":\"https:\/\/maisemabetoni.fi\/fin\/#website\",\"url\":\"https:\/\/maisemabetoni.fi\/fin\/\",\"name\":\"Maisemabetoni\",\"description\":\"\",\"potentialAction\":[{\"@type\":\"SearchAction\",\"target\":{\"@type\":\"EntryPoint\",\"urlTemplate\":\"https:\/\/maisemabetoni.fi\/fin\/?s={search_term_string}\"},\"query-input\":{\"@type\":\"PropertyValueSpecification\",\"valueRequired\":true,\"valueName\":\"search_term_string\"}}],\"inLanguage\":\"fi\"}]}<\/script>\n<!-- \/ Yoast SEO plugin. -->","yoast_head_json":{"title":"Kilpailun esittely - Maisemabetoni","description":"kilpailun tarkoituksena on tehd\u00e4 tunnetuksi ja edist\u00e4\u00e4 korkeatasoisia ymp\u00e4rist\u00f6kokonaisuuksia, joissa hyv\u00e4ll\u00e4 suunnittelulla ja toteutuksella on luotu esteettisesti ja toiminnallisesti kest\u00e4v\u00e4, hyv\u00e4 ymp\u00e4rist\u00f6.","robots":{"index":"noindex","follow":"follow","max-snippet":"max-snippet:-1","max-image-preview":"max-image-preview:large","max-video-preview":"max-video-preview:-1"},"og_locale":"fi_FI","og_type":"article","og_title":"Kilpailun esittely - Maisemabetoni","og_description":"kilpailun tarkoituksena on tehd\u00e4 tunnetuksi ja edist\u00e4\u00e4 korkeatasoisia ymp\u00e4rist\u00f6kokonaisuuksia, joissa hyv\u00e4ll\u00e4 suunnittelulla ja toteutuksella on luotu esteettisesti ja toiminnallisesti kest\u00e4v\u00e4, hyv\u00e4 ymp\u00e4rist\u00f6.","og_url":"https:\/\/maisemabetoni.fi\/fin\/vuoden-ymparistorakenne-kilpailu\/kilpailun-esittely\/","og_site_name":"Maisemabetoni","article_modified_time":"2024-05-14T09:17:56+00:00","og_image":[{"url":"https:\/\/maisemabetoni.fi\/fin\/wp-content\/uploads\/2020\/10\/ymparisto-30vP.jpg","type":"","width":"","height":""}],"twitter_card":"summary_large_image","twitter_misc":{"Arvioitu lukuaika":"3 minuuttia"},"schema":{"@context":"https:\/\/schema.org","@graph":[{"@type":"WebPage","@id":"https:\/\/maisemabetoni.fi\/fin\/vuoden-ymparistorakenne-kilpailu\/kilpailun-esittely\/","url":"https:\/\/maisemabetoni.fi\/fin\/vuoden-ymparistorakenne-kilpailu\/kilpailun-esittely\/","name":"Kilpailun esittely - Maisemabetoni","isPartOf":{"@id":"https:\/\/maisemabetoni.fi\/fin\/#website"},"primaryImageOfPage":{"@id":"https:\/\/maisemabetoni.fi\/fin\/vuoden-ymparistorakenne-kilpailu\/kilpailun-esittely\/#primaryimage"},"image":{"@id":"https:\/\/maisemabetoni.fi\/fin\/vuoden-ymparistorakenne-kilpailu\/kilpailun-esittely\/#primaryimage"},"thumbnailUrl":"https:\/\/maisemabetoni.fi\/fin\/wp-content\/uploads\/2020\/10\/ymparisto-30vP.jpg","datePublished":"2020-10-15T05:26:33+00:00","dateModified":"2024-05-14T09:17:56+00:00","description":"kilpailun tarkoituksena on tehd\u00e4 tunnetuksi ja edist\u00e4\u00e4 korkeatasoisia ymp\u00e4rist\u00f6kokonaisuuksia, joissa hyv\u00e4ll\u00e4 suunnittelulla ja toteutuksella on luotu esteettisesti ja toiminnallisesti kest\u00e4v\u00e4, hyv\u00e4 ymp\u00e4rist\u00f6.","breadcrumb":{"@id":"https:\/\/maisemabetoni.fi\/fin\/vuoden-ymparistorakenne-kilpailu\/kilpailun-esittely\/#breadcrumb"},"inLanguage":"fi","potentialAction":[{"@type":"ReadAction","target":["https:\/\/maisemabetoni.fi\/fin\/vuoden-ymparistorakenne-kilpailu\/kilpailun-esittely\/"]}]},{"@type":"ImageObject","inLanguage":"fi","@id":"https:\/\/maisemabetoni.fi\/fin\/vuoden-ymparistorakenne-kilpailu\/kilpailun-esittely\/#primaryimage","url":"https:\/\/maisemabetoni.fi\/fin\/wp-content\/uploads\/2020\/10\/ymparisto-30vP.jpg","contentUrl":"https:\/\/maisemabetoni.fi\/fin\/wp-content\/uploads\/2020\/10\/ymparisto-30vP.jpg","width":360,"height":72,"caption":"ymparisto-30vP"},{"@type":"BreadcrumbList","@id":"https:\/\/maisemabetoni.fi\/fin\/vuoden-ymparistorakenne-kilpailu\/kilpailun-esittely\/#breadcrumb","itemListElement":[{"@type":"ListItem","position":1,"name":"Etusivu","item":"https:\/\/maisemabetoni.fi\/fin\/"},{"@type":"ListItem","position":2,"name":"VUODEN YMP\u00c4RIST\u00d6RAKENNE","item":"https:\/\/maisemabetoni.fi\/fin\/vuoden-ymparistorakenne-kilpailu\/"},{"@type":"ListItem","position":3,"name":"Kilpailun esittely"}]},{"@type":"WebSite","@id":"https:\/\/maisemabetoni.fi\/fin\/#website","url":"https:\/\/maisemabetoni.fi\/fin\/","name":"Maisemabetoni","description":"","potentialAction":[{"@type":"SearchAction","target":{"@type":"EntryPoint","urlTemplate":"https:\/\/maisemabetoni.fi\/fin\/?s={search_term_string}"},"query-input":{"@type":"PropertyValueSpecification","valueRequired":true,"valueName":"search_term_string"}}],"inLanguage":"fi"}]}},"_links":{"self":[{"href":"https:\/\/maisemabetoni.fi\/fin\/wp-json\/wp\/v2\/pages\/2608","targetHints":{"allow":["GET"]}}],"collection":[{"href":"https:\/\/maisemabetoni.fi\/fin\/wp-json\/wp\/v2\/pages"}],"about":[{"href":"https:\/\/maisemabetoni.fi\/fin\/wp-json\/wp\/v2\/types\/page"}],"author":[{"embeddable":true,"href":"https:\/\/maisemabetoni.fi\/fin\/wp-json\/wp\/v2\/users\/1"}],"replies":[{"embeddable":true,"href":"https:\/\/maisemabetoni.fi\/fin\/wp-json\/wp\/v2\/comments?post=2608"}],"version-history":[{"count":20,"href":"https:\/\/maisemabetoni.fi\/fin\/wp-json\/wp\/v2\/pages\/2608\/revisions"}],"predecessor-version":[{"id":4309,"href":"https:\/\/maisemabetoni.fi\/fin\/wp-json\/wp\/v2\/pages\/2608\/revisions\/4309"}],"up":[{"embeddable":true,"href":"https:\/\/maisemabetoni.fi\/fin\/wp-json\/wp\/v2\/pages\/2604"}],"wp:attachment":[{"href":"https:\/\/maisemabetoni.fi\/fin\/wp-json\/wp\/v2\/media?parent=2608"}],"curies":[{"name":"wp","href":"https:\/\/api.w.org\/{rel}","templated":true}]}}