{"id":2626,"date":"2020-10-15T08:54:10","date_gmt":"2020-10-15T05:54:10","guid":{"rendered":"https:\/\/maisemabetoni.fi\/fin\/?page_id=2626"},"modified":"2020-10-19T15:18:07","modified_gmt":"2020-10-19T12:18:07","slug":"palkitut-kohteet","status":"publish","type":"page","link":"https:\/\/maisemabetoni.fi\/fin\/vuoden-ymparistorakenne-kilpailu\/palkitut-kohteet\/","title":{"rendered":"Palkitut kohteet"},"content":{"rendered":"<h1>Palkitut kohteet<img loading=\"lazy\" decoding=\"async\" class=\"logo-30 alignright wp-image-2763 size-full\" src=\"https:\/\/maisemabetoni.fi\/fin\/wp-content\/uploads\/2020\/10\/ymparisto-30vP.jpg\" alt=\"ymparisto-30vP\" width=\"360\" height=\"72\" \/><\/h1>\n<h4><a href=\"https:\/\/maisemabetoni.fi\/fin\/wp-content\/uploads\/2020\/01\/bryga1_iso.jpg\" data-rel=\"lightbox-gallery-4rLO6DlT\" data-rl_title=\"\" data-rl_caption=\"\" title=\"\"><img loading=\"lazy\" decoding=\"async\" class=\"alignnone wp-image-2318\" src=\"https:\/\/maisemabetoni.fi\/fin\/wp-content\/uploads\/2020\/01\/bryga1_iso-700x465.jpg\" alt=\"bryga1_iso\" width=\"920\" height=\"611\" srcset=\"https:\/\/maisemabetoni.fi\/fin\/wp-content\/uploads\/2020\/01\/bryga1_iso-700x465.jpg 700w, https:\/\/maisemabetoni.fi\/fin\/wp-content\/uploads\/2020\/01\/bryga1_iso-530x352.jpg 530w, https:\/\/maisemabetoni.fi\/fin\/wp-content\/uploads\/2020\/01\/bryga1_iso-768x510.jpg 768w, https:\/\/maisemabetoni.fi\/fin\/wp-content\/uploads\/2020\/01\/bryga1_iso-375x250.jpg 375w, https:\/\/maisemabetoni.fi\/fin\/wp-content\/uploads\/2020\/01\/bryga1_iso-233x156.jpg 233w, https:\/\/maisemabetoni.fi\/fin\/wp-content\/uploads\/2020\/01\/bryga1_iso-380x252.jpg 380w, https:\/\/maisemabetoni.fi\/fin\/wp-content\/uploads\/2020\/01\/bryga1_iso.jpg 1336w\" sizes=\"auto, (max-width: 920px) 100vw, 920px\" \/><\/a><\/h4>\n<p>Eniten <a href=\"https:\/\/maisemabetoni.fi\/fin\/referenssit\/vuoden-ymparistorakenteet\/\"><strong>kilpailuvoittoja \u00bb<\/strong><\/a> \u00a0ovat saaneet erilaiset puistot. Taustalla n\u00e4kyv\u00e4t ymp\u00e4rist\u00f6n parantaminen, ymp\u00e4rist\u00f6asiat, monimuotoisuus sek\u00e4 imagon rakentaminen.<\/p>\n<h4>Kilpailussa palkitut kohteet ovat edustaneet aina my\u00f6s ajan ilmi\u00f6it\u00e4:<\/h4>\n<ul>\n<li>K\u00e4velykadut ja aukiot nousivat esiin 1990-luvulla kaupunkikeskustojen kehitt\u00e4misess\u00e4.<\/li>\n<li>2000-luvulla alettiin kiinnitt\u00e4\u00e4 yh\u00e4 enemm\u00e4n huomiota rantoihin ja vesist\u00f6n\u00e4kymiin.<\/li>\n<li>Ensimm\u00e4inen yritysymp\u00e4rist\u00f6 voitti palkinnon vuonna 1993.<\/li>\n<li>Erilaiset ymp\u00e4rist\u00f6\u00e4 parantavat kohteet ovat saaneet useita palkintoja. Esimerkkein\u00e4 Sapokan vesipuisto vuonna 1994 ja Katariinan Meripuisto 2012 sek\u00e4 jokiymp\u00e4rist\u00f6\u00e4 ennallistava Lasaretinsaaren alue vuonna 2005.<\/li>\n<li>Asuntoyhti\u00f6- ja yrityspihat nousivat ajan ilmi\u00f6iksi, mutta n\u00e4kyiv\u00e4t kilpailussa viiveell\u00e4. Ensimm\u00e4isen asuntoyhti\u00f6voittaja valittiin 2016.<\/li>\n<li>Ymp\u00e4rist\u00f6taidetta on voittajakohteissa ollut useina vuosina.<\/li>\n<li>Katuymp\u00e4rist\u00f6 on palkittu, mutta yht\u00e4\u00e4n tieymp\u00e4rist\u00f6\u00e4 ei ole viel\u00e4 ollut voittajakohteissa.<\/li>\n<li>Vuonna 2019 voittajakohde edusti aikansa ilmi\u00f6t\u00e4 kansipihat ja viherkatot.<\/li>\n<\/ul>\n<p>Voittajakohteiden tilaajina ovat olleet erityisesti julkisen sektorin edustajat, erityisesti kaupungit (76,7 %), ja palkinnot keskittyv\u00e4t muutamiin kaupunkeihin. Yritysten osuus tilaajina on ollut 20 %.<\/p>\n<h4>Mit\u00e4 palkitut kohteet ovat olleet?<\/h4>\n<p>Sama kohde voi olla useammassa kategoriassa (29 palkintoa)<\/p>\n<ul>\n<li>puisto 45 %<\/li>\n<li>katu- ja k\u00e4velyalue tai tori 17,3 %<\/li>\n<li>asuntoyhti\u00f6piha 7,0 %<\/li>\n<li>yritysymp\u00e4rist\u00f6 10,3 %<\/li>\n<li>kansipiha 3,3 %<\/li>\n<li>oppilaitos, toimintakeskus 10,3 %<\/li>\n<li>ranta-alue, kanava 31,0 %<\/li>\n<\/ul>\n<h4>Tutustu Vuoden Ymp\u00e4rist\u00f6rakenne -kilpailun voittajakohteisiin<\/h4>\n<p><a class=\"nappi4\" style=\"color: #fff;\" href=\"https:\/\/maisemabetoni.fi\/fin\/referenssit\/vuoden-ymparistorakenteet\/\">Voittajakohteet \u00bb<\/a><\/p>\n","protected":false},"excerpt":{"rendered":"<p>Palkitut kohteet Eniten kilpailuvoittoja &raquo; &nbsp;ovat saaneet erilaiset puistot. Taustalla n&auml;kyv&auml;t ymp&auml;rist&ouml;n parantaminen, ymp&auml;rist&ouml;asiat, monimuotoisuus sek&auml; imagon rakentaminen. Kilpailussa palkitut kohteet ovat edustaneet aina my&ouml;s ajan ilmi&ouml;it&auml;: K&auml;velykadut ja aukiot nousivat esiin 1990-luvulla kaupunkikeskustojen kehitt&auml;misess&auml;. 2000-luvulla alettiin kiinnitt&auml;&auml; yh&auml; enemm&auml;n huomiota rantoihin ja vesist&ouml;n&auml;kymiin. Ensimm&auml;inen yritysymp&auml;rist&ouml; voitti palkinnon vuonna 1993. Erilaiset ymp&auml;rist&ouml;&auml; parantavat kohteet ovat&#8230;<\/p>\n","protected":false},"author":1,"featured_media":0,"parent":2604,"menu_order":4,"comment_status":"closed","ping_status":"closed","template":"","meta":{"footnotes":""},"class_list":["post-2626","page","type-page","status-publish","hentry"],"yoast_head":"<!-- This site is optimized with the Yoast SEO plugin v26.8 - https:\/\/yoast.com\/product\/yoast-seo-wordpress\/ -->\n<title>Palkitut kohteet - Maisemabetoni<\/title>\n<meta name=\"robots\" content=\"noindex, follow, max-snippet:-1, max-image-preview:large, max-video-preview:-1\" \/>\n<meta property=\"og:locale\" content=\"fi_FI\" \/>\n<meta property=\"og:type\" content=\"article\" \/>\n<meta property=\"og:title\" content=\"Palkitut kohteet - Maisemabetoni\" \/>\n<meta property=\"og:description\" content=\"Palkitut kohteet Eniten kilpailuvoittoja &raquo; &nbsp;ovat saaneet erilaiset puistot. Taustalla n&auml;kyv&auml;t ymp&auml;rist&ouml;n parantaminen, ymp&auml;rist&ouml;asiat, monimuotoisuus sek&auml; imagon rakentaminen. Kilpailussa palkitut kohteet ovat edustaneet aina my&ouml;s ajan ilmi&ouml;it&auml;: K&auml;velykadut ja aukiot nousivat esiin 1990-luvulla kaupunkikeskustojen kehitt&auml;misess&auml;. 2000-luvulla alettiin kiinnitt&auml;&auml; yh&auml; enemm&auml;n huomiota rantoihin ja vesist&ouml;n&auml;kymiin. Ensimm&auml;inen yritysymp&auml;rist&ouml; voitti palkinnon vuonna 1993. Erilaiset ymp&auml;rist&ouml;&auml; parantavat kohteet ovat...\" \/>\n<meta property=\"og:url\" content=\"https:\/\/maisemabetoni.fi\/fin\/vuoden-ymparistorakenne-kilpailu\/palkitut-kohteet\/\" \/>\n<meta property=\"og:site_name\" content=\"Maisemabetoni\" \/>\n<meta property=\"article:modified_time\" content=\"2020-10-19T12:18:07+00:00\" \/>\n<meta property=\"og:image\" content=\"https:\/\/maisemabetoni.fi\/fin\/wp-content\/uploads\/2020\/10\/ymparisto-30vP.jpg\" \/>\n<meta name=\"twitter:card\" content=\"summary_large_image\" \/>\n<meta name=\"twitter:label1\" content=\"Arvioitu lukuaika\" \/>\n\t<meta name=\"twitter:data1\" content=\"1 minuutti\" \/>\n<script type=\"application\/ld+json\" class=\"yoast-schema-graph\">{\"@context\":\"https:\/\/schema.org\",\"@graph\":[{\"@type\":\"WebPage\",\"@id\":\"https:\/\/maisemabetoni.fi\/fin\/vuoden-ymparistorakenne-kilpailu\/palkitut-kohteet\/\",\"url\":\"https:\/\/maisemabetoni.fi\/fin\/vuoden-ymparistorakenne-kilpailu\/palkitut-kohteet\/\",\"name\":\"Palkitut kohteet - Maisemabetoni\",\"isPartOf\":{\"@id\":\"https:\/\/maisemabetoni.fi\/fin\/#website\"},\"primaryImageOfPage\":{\"@id\":\"https:\/\/maisemabetoni.fi\/fin\/vuoden-ymparistorakenne-kilpailu\/palkitut-kohteet\/#primaryimage\"},\"image\":{\"@id\":\"https:\/\/maisemabetoni.fi\/fin\/vuoden-ymparistorakenne-kilpailu\/palkitut-kohteet\/#primaryimage\"},\"thumbnailUrl\":\"https:\/\/maisemabetoni.fi\/fin\/wp-content\/uploads\/2020\/10\/ymparisto-30vP.jpg\",\"datePublished\":\"2020-10-15T05:54:10+00:00\",\"dateModified\":\"2020-10-19T12:18:07+00:00\",\"breadcrumb\":{\"@id\":\"https:\/\/maisemabetoni.fi\/fin\/vuoden-ymparistorakenne-kilpailu\/palkitut-kohteet\/#breadcrumb\"},\"inLanguage\":\"fi\",\"potentialAction\":[{\"@type\":\"ReadAction\",\"target\":[\"https:\/\/maisemabetoni.fi\/fin\/vuoden-ymparistorakenne-kilpailu\/palkitut-kohteet\/\"]}]},{\"@type\":\"ImageObject\",\"inLanguage\":\"fi\",\"@id\":\"https:\/\/maisemabetoni.fi\/fin\/vuoden-ymparistorakenne-kilpailu\/palkitut-kohteet\/#primaryimage\",\"url\":\"https:\/\/maisemabetoni.fi\/fin\/wp-content\/uploads\/2020\/10\/ymparisto-30vP.jpg\",\"contentUrl\":\"https:\/\/maisemabetoni.fi\/fin\/wp-content\/uploads\/2020\/10\/ymparisto-30vP.jpg\",\"width\":360,\"height\":72,\"caption\":\"ymparisto-30vP\"},{\"@type\":\"BreadcrumbList\",\"@id\":\"https:\/\/maisemabetoni.fi\/fin\/vuoden-ymparistorakenne-kilpailu\/palkitut-kohteet\/#breadcrumb\",\"itemListElement\":[{\"@type\":\"ListItem\",\"position\":1,\"name\":\"Etusivu\",\"item\":\"https:\/\/maisemabetoni.fi\/fin\/\"},{\"@type\":\"ListItem\",\"position\":2,\"name\":\"VUODEN YMP\u00c4RIST\u00d6RAKENNE\",\"item\":\"https:\/\/maisemabetoni.fi\/fin\/vuoden-ymparistorakenne-kilpailu\/\"},{\"@type\":\"ListItem\",\"position\":3,\"name\":\"Palkitut kohteet\"}]},{\"@type\":\"WebSite\",\"@id\":\"https:\/\/maisemabetoni.fi\/fin\/#website\",\"url\":\"https:\/\/maisemabetoni.fi\/fin\/\",\"name\":\"Maisemabetoni\",\"description\":\"\",\"potentialAction\":[{\"@type\":\"SearchAction\",\"target\":{\"@type\":\"EntryPoint\",\"urlTemplate\":\"https:\/\/maisemabetoni.fi\/fin\/?s={search_term_string}\"},\"query-input\":{\"@type\":\"PropertyValueSpecification\",\"valueRequired\":true,\"valueName\":\"search_term_string\"}}],\"inLanguage\":\"fi\"}]}<\/script>\n<!-- \/ Yoast SEO plugin. -->","yoast_head_json":{"title":"Palkitut kohteet - Maisemabetoni","robots":{"index":"noindex","follow":"follow","max-snippet":"max-snippet:-1","max-image-preview":"max-image-preview:large","max-video-preview":"max-video-preview:-1"},"og_locale":"fi_FI","og_type":"article","og_title":"Palkitut kohteet - Maisemabetoni","og_description":"Palkitut kohteet Eniten kilpailuvoittoja &raquo; &nbsp;ovat saaneet erilaiset puistot. Taustalla n&auml;kyv&auml;t ymp&auml;rist&ouml;n parantaminen, ymp&auml;rist&ouml;asiat, monimuotoisuus sek&auml; imagon rakentaminen. Kilpailussa palkitut kohteet ovat edustaneet aina my&ouml;s ajan ilmi&ouml;it&auml;: K&auml;velykadut ja aukiot nousivat esiin 1990-luvulla kaupunkikeskustojen kehitt&auml;misess&auml;. 2000-luvulla alettiin kiinnitt&auml;&auml; yh&auml; enemm&auml;n huomiota rantoihin ja vesist&ouml;n&auml;kymiin. Ensimm&auml;inen yritysymp&auml;rist&ouml; voitti palkinnon vuonna 1993. Erilaiset ymp&auml;rist&ouml;&auml; parantavat kohteet ovat...","og_url":"https:\/\/maisemabetoni.fi\/fin\/vuoden-ymparistorakenne-kilpailu\/palkitut-kohteet\/","og_site_name":"Maisemabetoni","article_modified_time":"2020-10-19T12:18:07+00:00","og_image":[{"url":"https:\/\/maisemabetoni.fi\/fin\/wp-content\/uploads\/2020\/10\/ymparisto-30vP.jpg","type":"","width":"","height":""}],"twitter_card":"summary_large_image","twitter_misc":{"Arvioitu lukuaika":"1 minuutti"},"schema":{"@context":"https:\/\/schema.org","@graph":[{"@type":"WebPage","@id":"https:\/\/maisemabetoni.fi\/fin\/vuoden-ymparistorakenne-kilpailu\/palkitut-kohteet\/","url":"https:\/\/maisemabetoni.fi\/fin\/vuoden-ymparistorakenne-kilpailu\/palkitut-kohteet\/","name":"Palkitut kohteet - Maisemabetoni","isPartOf":{"@id":"https:\/\/maisemabetoni.fi\/fin\/#website"},"primaryImageOfPage":{"@id":"https:\/\/maisemabetoni.fi\/fin\/vuoden-ymparistorakenne-kilpailu\/palkitut-kohteet\/#primaryimage"},"image":{"@id":"https:\/\/maisemabetoni.fi\/fin\/vuoden-ymparistorakenne-kilpailu\/palkitut-kohteet\/#primaryimage"},"thumbnailUrl":"https:\/\/maisemabetoni.fi\/fin\/wp-content\/uploads\/2020\/10\/ymparisto-30vP.jpg","datePublished":"2020-10-15T05:54:10+00:00","dateModified":"2020-10-19T12:18:07+00:00","breadcrumb":{"@id":"https:\/\/maisemabetoni.fi\/fin\/vuoden-ymparistorakenne-kilpailu\/palkitut-kohteet\/#breadcrumb"},"inLanguage":"fi","potentialAction":[{"@type":"ReadAction","target":["https:\/\/maisemabetoni.fi\/fin\/vuoden-ymparistorakenne-kilpailu\/palkitut-kohteet\/"]}]},{"@type":"ImageObject","inLanguage":"fi","@id":"https:\/\/maisemabetoni.fi\/fin\/vuoden-ymparistorakenne-kilpailu\/palkitut-kohteet\/#primaryimage","url":"https:\/\/maisemabetoni.fi\/fin\/wp-content\/uploads\/2020\/10\/ymparisto-30vP.jpg","contentUrl":"https:\/\/maisemabetoni.fi\/fin\/wp-content\/uploads\/2020\/10\/ymparisto-30vP.jpg","width":360,"height":72,"caption":"ymparisto-30vP"},{"@type":"BreadcrumbList","@id":"https:\/\/maisemabetoni.fi\/fin\/vuoden-ymparistorakenne-kilpailu\/palkitut-kohteet\/#breadcrumb","itemListElement":[{"@type":"ListItem","position":1,"name":"Etusivu","item":"https:\/\/maisemabetoni.fi\/fin\/"},{"@type":"ListItem","position":2,"name":"VUODEN YMP\u00c4RIST\u00d6RAKENNE","item":"https:\/\/maisemabetoni.fi\/fin\/vuoden-ymparistorakenne-kilpailu\/"},{"@type":"ListItem","position":3,"name":"Palkitut kohteet"}]},{"@type":"WebSite","@id":"https:\/\/maisemabetoni.fi\/fin\/#website","url":"https:\/\/maisemabetoni.fi\/fin\/","name":"Maisemabetoni","description":"","potentialAction":[{"@type":"SearchAction","target":{"@type":"EntryPoint","urlTemplate":"https:\/\/maisemabetoni.fi\/fin\/?s={search_term_string}"},"query-input":{"@type":"PropertyValueSpecification","valueRequired":true,"valueName":"search_term_string"}}],"inLanguage":"fi"}]}},"_links":{"self":[{"href":"https:\/\/maisemabetoni.fi\/fin\/wp-json\/wp\/v2\/pages\/2626","targetHints":{"allow":["GET"]}}],"collection":[{"href":"https:\/\/maisemabetoni.fi\/fin\/wp-json\/wp\/v2\/pages"}],"about":[{"href":"https:\/\/maisemabetoni.fi\/fin\/wp-json\/wp\/v2\/types\/page"}],"author":[{"embeddable":true,"href":"https:\/\/maisemabetoni.fi\/fin\/wp-json\/wp\/v2\/users\/1"}],"replies":[{"embeddable":true,"href":"https:\/\/maisemabetoni.fi\/fin\/wp-json\/wp\/v2\/comments?post=2626"}],"version-history":[{"count":11,"href":"https:\/\/maisemabetoni.fi\/fin\/wp-json\/wp\/v2\/pages\/2626\/revisions"}],"predecessor-version":[{"id":2908,"href":"https:\/\/maisemabetoni.fi\/fin\/wp-json\/wp\/v2\/pages\/2626\/revisions\/2908"}],"up":[{"embeddable":true,"href":"https:\/\/maisemabetoni.fi\/fin\/wp-json\/wp\/v2\/pages\/2604"}],"wp:attachment":[{"href":"https:\/\/maisemabetoni.fi\/fin\/wp-json\/wp\/v2\/media?parent=2626"}],"curies":[{"name":"wp","href":"https:\/\/api.w.org\/{rel}","templated":true}]}}