{"id":2640,"date":"2020-10-15T09:23:24","date_gmt":"2020-10-15T06:23:24","guid":{"rendered":"https:\/\/maisemabetoni.fi\/fin\/?page_id=2640"},"modified":"2024-05-14T12:19:50","modified_gmt":"2024-05-14T09:19:50","slug":"kilpailuun-osallistuminen","status":"publish","type":"page","link":"https:\/\/maisemabetoni.fi\/fin\/vuoden-ymparistorakenne-kilpailu\/kilpailuun-osallistuminen\/","title":{"rendered":"Kilpailuun osallistuminen"},"content":{"rendered":"<div class='content-column two_third'><div style=\"padding-right:20px;\"><h1><strong>Kilpailuun osallistuminen<\/strong><\/h1>\n<p><img loading=\"lazy\" decoding=\"async\" class=\"alignnone wp-image-2910 size-full\" src=\"https:\/\/maisemabetoni.fi\/fin\/wp-content\/uploads\/2020\/10\/hiljentymisenpiha.jpg\" alt=\"hiljentymisenpiha\" width=\"680\" height=\"405\" srcset=\"https:\/\/maisemabetoni.fi\/fin\/wp-content\/uploads\/2020\/10\/hiljentymisenpiha.jpg 680w, https:\/\/maisemabetoni.fi\/fin\/wp-content\/uploads\/2020\/10\/hiljentymisenpiha-530x316.jpg 530w\" sizes=\"auto, (max-width: 680px) 100vw, 680px\" \/><\/p>\n<p>Korkeatasoinen, kaunis ymp\u00e4rist\u00f6 on hyv\u00e4n suunnittelun ja ammattitaitoisen toteutuksen tulos. Se on onnistunut kokonaisuus, joka houkuttelee viihtym\u00e4\u00e4n, tarjoaa mahdollisuuden lepohetkeen sek\u00e4 virikkeit\u00e4 leikkiin ja toimintaan. Hyv\u00e4 ymp\u00e4rist\u00f6 on luontoa sellaisessa muodossa, joka kest\u00e4\u00e4 monenlaisen toiminnan ja vaikeidenkin olosuhteiden aiheuttamat rasitukset.<\/p>\n<p>Kilpailu j\u00e4rjestet\u00e4\u00e4n vuosittain ja ehdotuksia voi tehd\u00e4 j\u00e4rjest\u00e4ville tahoille jatkuvasti. Ehdotuksia voivat tehd\u00e4 asiantuntijat, yhteis\u00f6t ja yksityiset henkil\u00f6t.<\/p>\n<p><strong>Kilpailukohde<\/strong> voi olla julkinen tai yksityinen, laaja tai suppea kokonaisuus. Siksi kilpailuun voivat osallistua esimerkiksi taloyhti\u00f6pihat, ulkoilu- ja virkistysalueet, teiden ja liikennealueiden ymp\u00e4rist\u00f6t, puistot, liikekeskusten ja julkisten rakennusten ymp\u00e4rist\u00f6t, k\u00e4velykadut ja jopa kokonaiset asuinalueet. Kilpailun ulkopuolelle on rajattu vain yksityiset omakotitalopihat. Ehdotuksia voivat tehd\u00e4 asiantuntijat, yhteis\u00f6t ja yksityiset henkil\u00f6t. Vuoden Ymp\u00e4rist\u00f6rakenne -kilpailun tulokset julkistetaan j\u00e4rjest\u00e4jien p\u00e4\u00e4tt\u00e4m\u00e4n\u00e4 ajankohtana.<\/p>\n<p><a href=\"https:\/\/maisemabetoni.fi\/fin\/wp-content\/uploads\/2024\/05\/kriteerit.jpg\" data-rel=\"lightbox-gallery-twM3bmMy\" data-rl_title=\"\" data-rl_caption=\"\" title=\"\"><img loading=\"lazy\" decoding=\"async\" class=\"size-medium wp-image-4308 aligncenter\" src=\"https:\/\/maisemabetoni.fi\/fin\/wp-content\/uploads\/2024\/05\/kriteerit-530x262.jpg\" alt=\"\" width=\"530\" height=\"262\" srcset=\"https:\/\/maisemabetoni.fi\/fin\/wp-content\/uploads\/2024\/05\/kriteerit-530x262.jpg 530w, https:\/\/maisemabetoni.fi\/fin\/wp-content\/uploads\/2024\/05\/kriteerit-700x347.jpg 700w, https:\/\/maisemabetoni.fi\/fin\/wp-content\/uploads\/2024\/05\/kriteerit-768x380.jpg 768w, https:\/\/maisemabetoni.fi\/fin\/wp-content\/uploads\/2024\/05\/kriteerit.jpg 1220w\" sizes=\"auto, (max-width: 530px) 100vw, 530px\" \/><\/a><\/p>\n<p><strong>Kilpailuaika 2024<\/strong><\/p>\n<p><span class=\"TextRun SCXW69383046 BCX0\" lang=\"FI-FI\" xml:lang=\"FI-FI\" data-contrast=\"auto\"><span class=\"NormalTextRun SCXW69383046 BCX0\">Ehdotukset Vuoden Ymp\u00e4rist\u00f6rakenne -kilpailuun voi tehd\u00e4 t\u00e4ytt\u00e4m\u00e4ll\u00e4 ilmoittautumislomake<\/span> <\/span><span class=\"TextRun SCXW69383046 BCX0\" lang=\"FI-FI\" xml:lang=\"FI-FI\" data-contrast=\"auto\"><span class=\"NormalTextRun SCXW69383046 BCX0\">18<\/span><span class=\"NormalTextRun SCXW69383046 BCX0\">.8.202<\/span><span class=\"NormalTextRun SCXW69383046 BCX0\">4<\/span><span class=\"NormalTextRun SCXW69383046 BCX0\"> menness\u00e4<\/span><span class=\"NormalTextRun SCXW69383046 BCX0\">.<\/span><\/span><span class=\"EOP SCXW69383046 BCX0\" data-ccp-props=\"{&quot;201341983&quot;:0,&quot;335559685&quot;:576,&quot;335559740&quot;:312}\">\u00a0<\/span><\/p>\n<p><a class=\"nappi4\" style=\"color: #fff;\" href=\"https:\/\/link.webropolsurveys.com\/S\/6A475AB0034CA34C\" target=\"_blank\" rel=\"noopener noreferrer\">Ilmoittautumislomake \u00bb<\/a><\/p>\n<p>&nbsp;<\/p><\/div><\/div>\n<div class='content-column one_third last_column'><p><img loading=\"lazy\" decoding=\"async\" class=\"logo-30 alignright wp-image-2763 size-full\" src=\"https:\/\/maisemabetoni.fi\/fin\/wp-content\/uploads\/2020\/10\/ymparisto-30vP.jpg\" alt=\"ymparisto-30vP\" width=\"360\" height=\"72\" \/><\/p>\n<p>&nbsp;<\/p>\n<p><a class=\"nappi4\" style=\"color: #fff;\" href=\"https:\/\/maisemabetoni.fi\/fin\/vuoden-ymparistorakenne-kilpailu\/kilpailun-saannot\/\" target=\"_blank\" rel=\"noopener\">S\u00e4\u00e4nn\u00f6t \u00bb<\/a><\/p>\n<p><a class=\"nappi4\" style=\"color: #fff;\" href=\"https:\/\/link.webropolsurveys.com\/S\/6A475AB0034CA34C\" target=\"_blank\" rel=\"noopener noreferrer\">Ilmoittautumislomake \u00bb<\/a><\/p><\/div><div class='clear_column'><\/div>\n<p>&nbsp;<\/p>\n","protected":false},"excerpt":{"rendered":"<p>&nbsp;<\/p>\n","protected":false},"author":1,"featured_media":0,"parent":2604,"menu_order":6,"comment_status":"closed","ping_status":"closed","template":"","meta":{"footnotes":""},"class_list":["post-2640","page","type-page","status-publish","hentry"],"yoast_head":"<!-- This site is optimized with the Yoast SEO plugin v26.8 - https:\/\/yoast.com\/product\/yoast-seo-wordpress\/ -->\n<title>Kilpailuun osallistuminen - Maisemabetoni<\/title>\n<meta name=\"robots\" content=\"noindex, follow, max-snippet:-1, max-image-preview:large, max-video-preview:-1\" \/>\n<meta property=\"og:locale\" content=\"fi_FI\" \/>\n<meta property=\"og:type\" content=\"article\" \/>\n<meta property=\"og:title\" content=\"Kilpailuun osallistuminen - Maisemabetoni\" \/>\n<meta property=\"og:description\" content=\"&nbsp;\" \/>\n<meta property=\"og:url\" content=\"https:\/\/maisemabetoni.fi\/fin\/vuoden-ymparistorakenne-kilpailu\/kilpailuun-osallistuminen\/\" \/>\n<meta property=\"og:site_name\" content=\"Maisemabetoni\" \/>\n<meta property=\"article:modified_time\" content=\"2024-05-14T09:19:50+00:00\" \/>\n<meta property=\"og:image\" content=\"https:\/\/maisemabetoni.fi\/fin\/wp-content\/uploads\/2020\/10\/hiljentymisenpiha.jpg\" \/>\n<meta name=\"twitter:card\" content=\"summary_large_image\" \/>\n<meta name=\"twitter:label1\" content=\"Arvioitu lukuaika\" \/>\n\t<meta name=\"twitter:data1\" content=\"2 minuuttia\" \/>\n<script type=\"application\/ld+json\" class=\"yoast-schema-graph\">{\"@context\":\"https:\/\/schema.org\",\"@graph\":[{\"@type\":\"WebPage\",\"@id\":\"https:\/\/maisemabetoni.fi\/fin\/vuoden-ymparistorakenne-kilpailu\/kilpailuun-osallistuminen\/\",\"url\":\"https:\/\/maisemabetoni.fi\/fin\/vuoden-ymparistorakenne-kilpailu\/kilpailuun-osallistuminen\/\",\"name\":\"Kilpailuun osallistuminen - Maisemabetoni\",\"isPartOf\":{\"@id\":\"https:\/\/maisemabetoni.fi\/fin\/#website\"},\"primaryImageOfPage\":{\"@id\":\"https:\/\/maisemabetoni.fi\/fin\/vuoden-ymparistorakenne-kilpailu\/kilpailuun-osallistuminen\/#primaryimage\"},\"image\":{\"@id\":\"https:\/\/maisemabetoni.fi\/fin\/vuoden-ymparistorakenne-kilpailu\/kilpailuun-osallistuminen\/#primaryimage\"},\"thumbnailUrl\":\"https:\/\/maisemabetoni.fi\/fin\/wp-content\/uploads\/2020\/10\/hiljentymisenpiha.jpg\",\"datePublished\":\"2020-10-15T06:23:24+00:00\",\"dateModified\":\"2024-05-14T09:19:50+00:00\",\"breadcrumb\":{\"@id\":\"https:\/\/maisemabetoni.fi\/fin\/vuoden-ymparistorakenne-kilpailu\/kilpailuun-osallistuminen\/#breadcrumb\"},\"inLanguage\":\"fi\",\"potentialAction\":[{\"@type\":\"ReadAction\",\"target\":[\"https:\/\/maisemabetoni.fi\/fin\/vuoden-ymparistorakenne-kilpailu\/kilpailuun-osallistuminen\/\"]}]},{\"@type\":\"ImageObject\",\"inLanguage\":\"fi\",\"@id\":\"https:\/\/maisemabetoni.fi\/fin\/vuoden-ymparistorakenne-kilpailu\/kilpailuun-osallistuminen\/#primaryimage\",\"url\":\"https:\/\/maisemabetoni.fi\/fin\/wp-content\/uploads\/2020\/10\/hiljentymisenpiha.jpg\",\"contentUrl\":\"https:\/\/maisemabetoni.fi\/fin\/wp-content\/uploads\/2020\/10\/hiljentymisenpiha.jpg\",\"width\":680,\"height\":405,\"caption\":\"hiljentymisenpiha\"},{\"@type\":\"BreadcrumbList\",\"@id\":\"https:\/\/maisemabetoni.fi\/fin\/vuoden-ymparistorakenne-kilpailu\/kilpailuun-osallistuminen\/#breadcrumb\",\"itemListElement\":[{\"@type\":\"ListItem\",\"position\":1,\"name\":\"Etusivu\",\"item\":\"https:\/\/maisemabetoni.fi\/fin\/\"},{\"@type\":\"ListItem\",\"position\":2,\"name\":\"VUODEN YMP\u00c4RIST\u00d6RAKENNE\",\"item\":\"https:\/\/maisemabetoni.fi\/fin\/vuoden-ymparistorakenne-kilpailu\/\"},{\"@type\":\"ListItem\",\"position\":3,\"name\":\"Kilpailuun osallistuminen\"}]},{\"@type\":\"WebSite\",\"@id\":\"https:\/\/maisemabetoni.fi\/fin\/#website\",\"url\":\"https:\/\/maisemabetoni.fi\/fin\/\",\"name\":\"Maisemabetoni\",\"description\":\"\",\"potentialAction\":[{\"@type\":\"SearchAction\",\"target\":{\"@type\":\"EntryPoint\",\"urlTemplate\":\"https:\/\/maisemabetoni.fi\/fin\/?s={search_term_string}\"},\"query-input\":{\"@type\":\"PropertyValueSpecification\",\"valueRequired\":true,\"valueName\":\"search_term_string\"}}],\"inLanguage\":\"fi\"}]}<\/script>\n<!-- \/ Yoast SEO plugin. -->","yoast_head_json":{"title":"Kilpailuun osallistuminen - Maisemabetoni","robots":{"index":"noindex","follow":"follow","max-snippet":"max-snippet:-1","max-image-preview":"max-image-preview:large","max-video-preview":"max-video-preview:-1"},"og_locale":"fi_FI","og_type":"article","og_title":"Kilpailuun osallistuminen - Maisemabetoni","og_description":"&nbsp;","og_url":"https:\/\/maisemabetoni.fi\/fin\/vuoden-ymparistorakenne-kilpailu\/kilpailuun-osallistuminen\/","og_site_name":"Maisemabetoni","article_modified_time":"2024-05-14T09:19:50+00:00","og_image":[{"url":"https:\/\/maisemabetoni.fi\/fin\/wp-content\/uploads\/2020\/10\/hiljentymisenpiha.jpg","type":"","width":"","height":""}],"twitter_card":"summary_large_image","twitter_misc":{"Arvioitu lukuaika":"2 minuuttia"},"schema":{"@context":"https:\/\/schema.org","@graph":[{"@type":"WebPage","@id":"https:\/\/maisemabetoni.fi\/fin\/vuoden-ymparistorakenne-kilpailu\/kilpailuun-osallistuminen\/","url":"https:\/\/maisemabetoni.fi\/fin\/vuoden-ymparistorakenne-kilpailu\/kilpailuun-osallistuminen\/","name":"Kilpailuun osallistuminen - Maisemabetoni","isPartOf":{"@id":"https:\/\/maisemabetoni.fi\/fin\/#website"},"primaryImageOfPage":{"@id":"https:\/\/maisemabetoni.fi\/fin\/vuoden-ymparistorakenne-kilpailu\/kilpailuun-osallistuminen\/#primaryimage"},"image":{"@id":"https:\/\/maisemabetoni.fi\/fin\/vuoden-ymparistorakenne-kilpailu\/kilpailuun-osallistuminen\/#primaryimage"},"thumbnailUrl":"https:\/\/maisemabetoni.fi\/fin\/wp-content\/uploads\/2020\/10\/hiljentymisenpiha.jpg","datePublished":"2020-10-15T06:23:24+00:00","dateModified":"2024-05-14T09:19:50+00:00","breadcrumb":{"@id":"https:\/\/maisemabetoni.fi\/fin\/vuoden-ymparistorakenne-kilpailu\/kilpailuun-osallistuminen\/#breadcrumb"},"inLanguage":"fi","potentialAction":[{"@type":"ReadAction","target":["https:\/\/maisemabetoni.fi\/fin\/vuoden-ymparistorakenne-kilpailu\/kilpailuun-osallistuminen\/"]}]},{"@type":"ImageObject","inLanguage":"fi","@id":"https:\/\/maisemabetoni.fi\/fin\/vuoden-ymparistorakenne-kilpailu\/kilpailuun-osallistuminen\/#primaryimage","url":"https:\/\/maisemabetoni.fi\/fin\/wp-content\/uploads\/2020\/10\/hiljentymisenpiha.jpg","contentUrl":"https:\/\/maisemabetoni.fi\/fin\/wp-content\/uploads\/2020\/10\/hiljentymisenpiha.jpg","width":680,"height":405,"caption":"hiljentymisenpiha"},{"@type":"BreadcrumbList","@id":"https:\/\/maisemabetoni.fi\/fin\/vuoden-ymparistorakenne-kilpailu\/kilpailuun-osallistuminen\/#breadcrumb","itemListElement":[{"@type":"ListItem","position":1,"name":"Etusivu","item":"https:\/\/maisemabetoni.fi\/fin\/"},{"@type":"ListItem","position":2,"name":"VUODEN YMP\u00c4RIST\u00d6RAKENNE","item":"https:\/\/maisemabetoni.fi\/fin\/vuoden-ymparistorakenne-kilpailu\/"},{"@type":"ListItem","position":3,"name":"Kilpailuun osallistuminen"}]},{"@type":"WebSite","@id":"https:\/\/maisemabetoni.fi\/fin\/#website","url":"https:\/\/maisemabetoni.fi\/fin\/","name":"Maisemabetoni","description":"","potentialAction":[{"@type":"SearchAction","target":{"@type":"EntryPoint","urlTemplate":"https:\/\/maisemabetoni.fi\/fin\/?s={search_term_string}"},"query-input":{"@type":"PropertyValueSpecification","valueRequired":true,"valueName":"search_term_string"}}],"inLanguage":"fi"}]}},"_links":{"self":[{"href":"https:\/\/maisemabetoni.fi\/fin\/wp-json\/wp\/v2\/pages\/2640","targetHints":{"allow":["GET"]}}],"collection":[{"href":"https:\/\/maisemabetoni.fi\/fin\/wp-json\/wp\/v2\/pages"}],"about":[{"href":"https:\/\/maisemabetoni.fi\/fin\/wp-json\/wp\/v2\/types\/page"}],"author":[{"embeddable":true,"href":"https:\/\/maisemabetoni.fi\/fin\/wp-json\/wp\/v2\/users\/1"}],"replies":[{"embeddable":true,"href":"https:\/\/maisemabetoni.fi\/fin\/wp-json\/wp\/v2\/comments?post=2640"}],"version-history":[{"count":46,"href":"https:\/\/maisemabetoni.fi\/fin\/wp-json\/wp\/v2\/pages\/2640\/revisions"}],"predecessor-version":[{"id":4311,"href":"https:\/\/maisemabetoni.fi\/fin\/wp-json\/wp\/v2\/pages\/2640\/revisions\/4311"}],"up":[{"embeddable":true,"href":"https:\/\/maisemabetoni.fi\/fin\/wp-json\/wp\/v2\/pages\/2604"}],"wp:attachment":[{"href":"https:\/\/maisemabetoni.fi\/fin\/wp-json\/wp\/v2\/media?parent=2640"}],"curies":[{"name":"wp","href":"https:\/\/api.w.org\/{rel}","templated":true}]}}