{"id":2649,"date":"2020-10-15T09:36:05","date_gmt":"2020-10-15T06:36:05","guid":{"rendered":"https:\/\/maisemabetoni.fi\/fin\/?page_id=2649"},"modified":"2024-05-14T12:57:12","modified_gmt":"2024-05-14T09:57:12","slug":"ota-yhteytta","status":"publish","type":"page","link":"https:\/\/maisemabetoni.fi\/fin\/vuoden-ymparistorakenne-kilpailu\/ota-yhteytta\/","title":{"rendered":"Ota yhteytt\u00e4"},"content":{"rendered":"<h1>Kysy meilt\u00e4 lis\u00e4\u00e4!<img loading=\"lazy\" decoding=\"async\" class=\"logo-30 alignright wp-image-2763 size-full\" src=\"https:\/\/maisemabetoni.fi\/fin\/wp-content\/uploads\/2020\/10\/ymparisto-30vP.jpg\" alt=\"ymparisto-30vP\" width=\"360\" height=\"72\" \/><\/h1>\n<p>Lis\u00e4tietoja Vuoden ymp\u00e4rist\u00f6rakenne -kilpailusta antavat:<\/p>\n<p><div class='content-column one_third'><div style=\"padding-right:20px;\"><strong><img loading=\"lazy\" decoding=\"async\" class=\"alignnone size-full wp-image-2900\" src=\"https:\/\/maisemabetoni.fi\/fin\/wp-content\/uploads\/2020\/10\/tiinakaskiaro.jpg\" alt=\"tiinakaskiaro\" width=\"150\" height=\"150\" srcset=\"https:\/\/maisemabetoni.fi\/fin\/wp-content\/uploads\/2020\/10\/tiinakaskiaro.jpg 150w, https:\/\/maisemabetoni.fi\/fin\/wp-content\/uploads\/2020\/10\/tiinakaskiaro-125x125.jpg 125w, https:\/\/maisemabetoni.fi\/fin\/wp-content\/uploads\/2020\/10\/tiinakaskiaro-18x18.jpg 18w\" sizes=\"auto, (max-width: 150px) 100vw, 150px\" \/><br \/>\nTiina Kaskiaro<\/strong><br \/>\nTuoteryhm\u00e4p\u00e4\u00e4llikk\u00f6, rakennusmateriaalit<br \/>\nRakennustuoteteollisuus RTT Ry<br \/>\npuh. 050 466 0297<br \/>\n<a href=\"mailto:tiina.kaskiaro@rakennusteollisuus.fi\">tiina.kaskiaro@rakennusteollisuus.fi<\/a><br \/><\/div><\/div><div class='content-column one_third'><div style=\"padding-right:20px;\"><strong><a href=\"https:\/\/maisemabetoni.fi\/fin\/wp-content\/uploads\/2024\/05\/Taavi_Forssell_DSC4173-Susa-Junnola-e1715680567420.jpg\" data-rel=\"lightbox-gallery-WDZPLonX\" data-rl_title=\"\" data-rl_caption=\"\" title=\"\"><img loading=\"lazy\" decoding=\"async\" class=\"alignnone wp-image-4312\" src=\"https:\/\/maisemabetoni.fi\/fin\/wp-content\/uploads\/2024\/05\/Taavi_Forssell_DSC4173-Susa-Junnola-e1715680567420-530x520.jpg\" alt=\"\" width=\"150\" height=\"147\" srcset=\"https:\/\/maisemabetoni.fi\/fin\/wp-content\/uploads\/2024\/05\/Taavi_Forssell_DSC4173-Susa-Junnola-e1715680567420-530x520.jpg 530w, https:\/\/maisemabetoni.fi\/fin\/wp-content\/uploads\/2024\/05\/Taavi_Forssell_DSC4173-Susa-Junnola-e1715680567420-18x18.jpg 18w, https:\/\/maisemabetoni.fi\/fin\/wp-content\/uploads\/2024\/05\/Taavi_Forssell_DSC4173-Susa-Junnola-e1715680567420.jpg 611w\" sizes=\"auto, (max-width: 150px) 100vw, 150px\" \/><\/a><br \/>\nTaavi Forssell<\/strong><br \/>\nToiminnanjohtaja<br \/>\nViherymp\u00e4rist\u00f6liitto<br \/>\npuh. 040 197 1273<br \/>\n<a href=\"taavi.forssell@vyl.fi\">taavi.forssell@vyl.fi<\/a><br \/><\/div><\/div><div class='content-column one_fourth last_column'><div style=\"padding-right:0px;\"><strong><img loading=\"lazy\" decoding=\"async\" class=\"alignnone size-full wp-image-2880\" src=\"https:\/\/maisemabetoni.fi\/fin\/wp-content\/uploads\/2020\/10\/sinilaine.jpg\" alt=\"\" width=\"150\" height=\"150\" srcset=\"https:\/\/maisemabetoni.fi\/fin\/wp-content\/uploads\/2020\/10\/sinilaine.jpg 150w, https:\/\/maisemabetoni.fi\/fin\/wp-content\/uploads\/2020\/10\/sinilaine-125x125.jpg 125w, https:\/\/maisemabetoni.fi\/fin\/wp-content\/uploads\/2020\/10\/sinilaine-18x18.jpg 18w\" sizes=\"auto, (max-width: 150px) 100vw, 150px\" \/><br \/>\nSini Laine<\/strong><br \/>\nToiminnanjohtaja<br \/>\nKivi Ry<br \/>\npuh. 050 330 1630<br \/>\n<a href=\"mailto:sini.laine@kivi.info\">sini.laine@kivi.info<\/a><br \/><\/div><\/div><div class='clear_column'><\/div><\/p>\n","protected":false},"excerpt":{"rendered":"<p>Kysy meilt&auml; lis&auml;&auml;! Lis&auml;tietoja Vuoden ymp&auml;rist&ouml;rakenne -kilpailusta antavat:<\/p>\n","protected":false},"author":1,"featured_media":0,"parent":2604,"menu_order":8,"comment_status":"closed","ping_status":"closed","template":"","meta":{"footnotes":""},"class_list":["post-2649","page","type-page","status-publish","hentry"],"yoast_head":"<!-- This site is optimized with the Yoast SEO plugin v26.8 - https:\/\/yoast.com\/product\/yoast-seo-wordpress\/ -->\n<title>Ota yhteytt\u00e4 - Maisemabetoni<\/title>\n<meta name=\"robots\" content=\"noindex, follow, max-snippet:-1, max-image-preview:large, max-video-preview:-1\" \/>\n<meta property=\"og:locale\" content=\"fi_FI\" \/>\n<meta property=\"og:type\" content=\"article\" \/>\n<meta property=\"og:title\" content=\"Ota yhteytt\u00e4 - Maisemabetoni\" \/>\n<meta property=\"og:description\" content=\"Kysy meilt&auml; lis&auml;&auml;! Lis&auml;tietoja Vuoden ymp&auml;rist&ouml;rakenne -kilpailusta antavat:\" \/>\n<meta property=\"og:url\" content=\"https:\/\/maisemabetoni.fi\/fin\/vuoden-ymparistorakenne-kilpailu\/ota-yhteytta\/\" \/>\n<meta property=\"og:site_name\" content=\"Maisemabetoni\" \/>\n<meta property=\"article:modified_time\" content=\"2024-05-14T09:57:12+00:00\" \/>\n<meta property=\"og:image\" content=\"https:\/\/maisemabetoni.fi\/fin\/wp-content\/uploads\/2020\/10\/ymparisto-30vP.jpg\" \/>\n<meta name=\"twitter:card\" content=\"summary_large_image\" \/>\n<meta name=\"twitter:label1\" content=\"Arvioitu lukuaika\" \/>\n\t<meta name=\"twitter:data1\" content=\"2 minuuttia\" \/>\n<script type=\"application\/ld+json\" class=\"yoast-schema-graph\">{\"@context\":\"https:\/\/schema.org\",\"@graph\":[{\"@type\":\"WebPage\",\"@id\":\"https:\/\/maisemabetoni.fi\/fin\/vuoden-ymparistorakenne-kilpailu\/ota-yhteytta\/\",\"url\":\"https:\/\/maisemabetoni.fi\/fin\/vuoden-ymparistorakenne-kilpailu\/ota-yhteytta\/\",\"name\":\"Ota yhteytt\u00e4 - Maisemabetoni\",\"isPartOf\":{\"@id\":\"https:\/\/maisemabetoni.fi\/fin\/#website\"},\"primaryImageOfPage\":{\"@id\":\"https:\/\/maisemabetoni.fi\/fin\/vuoden-ymparistorakenne-kilpailu\/ota-yhteytta\/#primaryimage\"},\"image\":{\"@id\":\"https:\/\/maisemabetoni.fi\/fin\/vuoden-ymparistorakenne-kilpailu\/ota-yhteytta\/#primaryimage\"},\"thumbnailUrl\":\"https:\/\/maisemabetoni.fi\/fin\/wp-content\/uploads\/2020\/10\/ymparisto-30vP.jpg\",\"datePublished\":\"2020-10-15T06:36:05+00:00\",\"dateModified\":\"2024-05-14T09:57:12+00:00\",\"breadcrumb\":{\"@id\":\"https:\/\/maisemabetoni.fi\/fin\/vuoden-ymparistorakenne-kilpailu\/ota-yhteytta\/#breadcrumb\"},\"inLanguage\":\"fi\",\"potentialAction\":[{\"@type\":\"ReadAction\",\"target\":[\"https:\/\/maisemabetoni.fi\/fin\/vuoden-ymparistorakenne-kilpailu\/ota-yhteytta\/\"]}]},{\"@type\":\"ImageObject\",\"inLanguage\":\"fi\",\"@id\":\"https:\/\/maisemabetoni.fi\/fin\/vuoden-ymparistorakenne-kilpailu\/ota-yhteytta\/#primaryimage\",\"url\":\"https:\/\/maisemabetoni.fi\/fin\/wp-content\/uploads\/2020\/10\/ymparisto-30vP.jpg\",\"contentUrl\":\"https:\/\/maisemabetoni.fi\/fin\/wp-content\/uploads\/2020\/10\/ymparisto-30vP.jpg\",\"width\":360,\"height\":72,\"caption\":\"ymparisto-30vP\"},{\"@type\":\"BreadcrumbList\",\"@id\":\"https:\/\/maisemabetoni.fi\/fin\/vuoden-ymparistorakenne-kilpailu\/ota-yhteytta\/#breadcrumb\",\"itemListElement\":[{\"@type\":\"ListItem\",\"position\":1,\"name\":\"Etusivu\",\"item\":\"https:\/\/maisemabetoni.fi\/fin\/\"},{\"@type\":\"ListItem\",\"position\":2,\"name\":\"VUODEN YMP\u00c4RIST\u00d6RAKENNE\",\"item\":\"https:\/\/maisemabetoni.fi\/fin\/vuoden-ymparistorakenne-kilpailu\/\"},{\"@type\":\"ListItem\",\"position\":3,\"name\":\"Ota yhteytt\u00e4\"}]},{\"@type\":\"WebSite\",\"@id\":\"https:\/\/maisemabetoni.fi\/fin\/#website\",\"url\":\"https:\/\/maisemabetoni.fi\/fin\/\",\"name\":\"Maisemabetoni\",\"description\":\"\",\"potentialAction\":[{\"@type\":\"SearchAction\",\"target\":{\"@type\":\"EntryPoint\",\"urlTemplate\":\"https:\/\/maisemabetoni.fi\/fin\/?s={search_term_string}\"},\"query-input\":{\"@type\":\"PropertyValueSpecification\",\"valueRequired\":true,\"valueName\":\"search_term_string\"}}],\"inLanguage\":\"fi\"}]}<\/script>\n<!-- \/ Yoast SEO plugin. -->","yoast_head_json":{"title":"Ota yhteytt\u00e4 - Maisemabetoni","robots":{"index":"noindex","follow":"follow","max-snippet":"max-snippet:-1","max-image-preview":"max-image-preview:large","max-video-preview":"max-video-preview:-1"},"og_locale":"fi_FI","og_type":"article","og_title":"Ota yhteytt\u00e4 - Maisemabetoni","og_description":"Kysy meilt&auml; lis&auml;&auml;! Lis&auml;tietoja Vuoden ymp&auml;rist&ouml;rakenne -kilpailusta antavat:","og_url":"https:\/\/maisemabetoni.fi\/fin\/vuoden-ymparistorakenne-kilpailu\/ota-yhteytta\/","og_site_name":"Maisemabetoni","article_modified_time":"2024-05-14T09:57:12+00:00","og_image":[{"url":"https:\/\/maisemabetoni.fi\/fin\/wp-content\/uploads\/2020\/10\/ymparisto-30vP.jpg","type":"","width":"","height":""}],"twitter_card":"summary_large_image","twitter_misc":{"Arvioitu lukuaika":"2 minuuttia"},"schema":{"@context":"https:\/\/schema.org","@graph":[{"@type":"WebPage","@id":"https:\/\/maisemabetoni.fi\/fin\/vuoden-ymparistorakenne-kilpailu\/ota-yhteytta\/","url":"https:\/\/maisemabetoni.fi\/fin\/vuoden-ymparistorakenne-kilpailu\/ota-yhteytta\/","name":"Ota yhteytt\u00e4 - Maisemabetoni","isPartOf":{"@id":"https:\/\/maisemabetoni.fi\/fin\/#website"},"primaryImageOfPage":{"@id":"https:\/\/maisemabetoni.fi\/fin\/vuoden-ymparistorakenne-kilpailu\/ota-yhteytta\/#primaryimage"},"image":{"@id":"https:\/\/maisemabetoni.fi\/fin\/vuoden-ymparistorakenne-kilpailu\/ota-yhteytta\/#primaryimage"},"thumbnailUrl":"https:\/\/maisemabetoni.fi\/fin\/wp-content\/uploads\/2020\/10\/ymparisto-30vP.jpg","datePublished":"2020-10-15T06:36:05+00:00","dateModified":"2024-05-14T09:57:12+00:00","breadcrumb":{"@id":"https:\/\/maisemabetoni.fi\/fin\/vuoden-ymparistorakenne-kilpailu\/ota-yhteytta\/#breadcrumb"},"inLanguage":"fi","potentialAction":[{"@type":"ReadAction","target":["https:\/\/maisemabetoni.fi\/fin\/vuoden-ymparistorakenne-kilpailu\/ota-yhteytta\/"]}]},{"@type":"ImageObject","inLanguage":"fi","@id":"https:\/\/maisemabetoni.fi\/fin\/vuoden-ymparistorakenne-kilpailu\/ota-yhteytta\/#primaryimage","url":"https:\/\/maisemabetoni.fi\/fin\/wp-content\/uploads\/2020\/10\/ymparisto-30vP.jpg","contentUrl":"https:\/\/maisemabetoni.fi\/fin\/wp-content\/uploads\/2020\/10\/ymparisto-30vP.jpg","width":360,"height":72,"caption":"ymparisto-30vP"},{"@type":"BreadcrumbList","@id":"https:\/\/maisemabetoni.fi\/fin\/vuoden-ymparistorakenne-kilpailu\/ota-yhteytta\/#breadcrumb","itemListElement":[{"@type":"ListItem","position":1,"name":"Etusivu","item":"https:\/\/maisemabetoni.fi\/fin\/"},{"@type":"ListItem","position":2,"name":"VUODEN YMP\u00c4RIST\u00d6RAKENNE","item":"https:\/\/maisemabetoni.fi\/fin\/vuoden-ymparistorakenne-kilpailu\/"},{"@type":"ListItem","position":3,"name":"Ota yhteytt\u00e4"}]},{"@type":"WebSite","@id":"https:\/\/maisemabetoni.fi\/fin\/#website","url":"https:\/\/maisemabetoni.fi\/fin\/","name":"Maisemabetoni","description":"","potentialAction":[{"@type":"SearchAction","target":{"@type":"EntryPoint","urlTemplate":"https:\/\/maisemabetoni.fi\/fin\/?s={search_term_string}"},"query-input":{"@type":"PropertyValueSpecification","valueRequired":true,"valueName":"search_term_string"}}],"inLanguage":"fi"}]}},"_links":{"self":[{"href":"https:\/\/maisemabetoni.fi\/fin\/wp-json\/wp\/v2\/pages\/2649","targetHints":{"allow":["GET"]}}],"collection":[{"href":"https:\/\/maisemabetoni.fi\/fin\/wp-json\/wp\/v2\/pages"}],"about":[{"href":"https:\/\/maisemabetoni.fi\/fin\/wp-json\/wp\/v2\/types\/page"}],"author":[{"embeddable":true,"href":"https:\/\/maisemabetoni.fi\/fin\/wp-json\/wp\/v2\/users\/1"}],"replies":[{"embeddable":true,"href":"https:\/\/maisemabetoni.fi\/fin\/wp-json\/wp\/v2\/comments?post=2649"}],"version-history":[{"count":17,"href":"https:\/\/maisemabetoni.fi\/fin\/wp-json\/wp\/v2\/pages\/2649\/revisions"}],"predecessor-version":[{"id":4302,"href":"https:\/\/maisemabetoni.fi\/fin\/wp-json\/wp\/v2\/pages\/2649\/revisions\/4302"}],"up":[{"embeddable":true,"href":"https:\/\/maisemabetoni.fi\/fin\/wp-json\/wp\/v2\/pages\/2604"}],"wp:attachment":[{"href":"https:\/\/maisemabetoni.fi\/fin\/wp-json\/wp\/v2\/media?parent=2649"}],"curies":[{"name":"wp","href":"https:\/\/api.w.org\/{rel}","templated":true}]}}