{"id":2839,"date":"2020-10-16T13:36:21","date_gmt":"2020-10-16T10:36:21","guid":{"rendered":"https:\/\/maisemabetoni.fi\/fin\/?page_id=2839"},"modified":"2024-05-14T12:18:44","modified_gmt":"2024-05-14T09:18:44","slug":"kilpailun-saannot","status":"publish","type":"page","link":"https:\/\/maisemabetoni.fi\/fin\/vuoden-ymparistorakenne-kilpailu\/kilpailun-saannot\/","title":{"rendered":"Kilpailun s\u00e4\u00e4nn\u00f6t"},"content":{"rendered":"<h1>Kilpailun s\u00e4\u00e4nn\u00f6t<img loading=\"lazy\" decoding=\"async\" class=\"logo-30 alignright wp-image-2763 size-full\" src=\"https:\/\/maisemabetoni.fi\/fin\/wp-content\/uploads\/2020\/10\/ymparisto-30vP.jpg\" alt=\"ymparisto-30vP\" width=\"360\" height=\"72\" \/><\/h1>\n<h3>1 \u00a7<\/h3>\n<p>Vuoden Ymp\u00e4rist\u00f6rakenne -palkinnon my\u00f6nt\u00e4v\u00e4t Betoniteollisuus ry, Kivi ry ja Viherymp\u00e4rist\u00f6liitto ry tunnustuksena ansiokkaasta rakennetun ymp\u00e4rist\u00f6n suunnittelusta ja toteutuksesta.<\/p>\n<h3>2 \u00a7<\/h3>\n<p>Palkinnon tarkoituksena on tehd\u00e4 tunnetuksi ja edist\u00e4\u00e4 korkeatasoisia ymp\u00e4rist\u00f6kokonaisuuksia, joissa hyv\u00e4ll\u00e4 suunnittelulla ja toteutuksella on luotu esteettisesti ja toiminnallisesti kest\u00e4v\u00e4, hyv\u00e4 ymp\u00e4rist\u00f6. Erityisen\u00e4 ansiona pidet\u00e4\u00e4n uusien ratkaisumallien, k\u00e4ytt\u00f6kohteiden ja sovellutusten kehitt\u00e4mist\u00e4 sek\u00e4 kest\u00e4v\u00e4n ymp\u00e4rist\u00f6rakentamisen toimintamallin (KESY) toteutumista kilpailukohteessa.<\/p>\n<p>Kohteen tulee olla valmistunut viimeisen viiden (5) vuoden aikana.<\/p>\n<h3>3 \u00a7<\/h3>\n<p>Tuomariston muodostavat seuraavat tahot: Suomen Arkkitehtiliitto, ymp\u00e4rist\u00f6ministeri\u00f6, Suomen Maisema-arkkitehtiliitto, Viherymp\u00e4rist\u00f6liitto, Viher- ja ymp\u00e4rist\u00f6rakentajat, Maisemasuunnittelijat, lehdist\u00f6n edustaja sek\u00e4 j\u00e4rjest\u00e4jien edustajat.<\/p>\n<p>Tuomaristo valitsee keskuudestaan vuosittain puheenjohtajan. Sihteerin asettavat Betoniteollisuus ry, Kivi ry ja Viherymp\u00e4rist\u00f6liitto ry, jotka toimivat vuorovuosin tuomariston kokoonkutsujina.<\/p>\n<h3>4 \u00a7<\/h3>\n<p>Palkittavat kohteet valitsee tuomaristo. Palkinto my\u00f6nnet\u00e4\u00e4n yhdelle tai tuomariston harkinnan mukaan useammalle kohteelle.<\/p>\n<p>Tuomaristo voi esitt\u00e4\u00e4 my\u00f6nnett\u00e4v\u00e4ksi my\u00f6s kunniamainintoja tai j\u00e4tt\u00e4\u00e4 palkinnon my\u00f6nt\u00e4m\u00e4tt\u00e4, mik\u00e4li sopivaa kohdetta ei l\u00f6ydy.<\/p>\n<p>Palkinto jaetaan palkitun kohteen rakennuttajille, suunnittelijoille, toteuttajille ja materiaalien toimittajille rakennuttajan ehdotuksen ja tuomariston harkinnan pohjalta.<\/p>\n<h3>5 \u00a7<\/h3>\n<p>Kilpailu julistetaan erikseen vuosittain kev\u00e4\u00e4ll\u00e4. Ehdotukset tehd\u00e4\u00e4n kirjallisesti j\u00e4rjest\u00e4jien erikseen ilmoittamalla tavalla m\u00e4\u00e4r\u00e4p\u00e4iv\u00e4\u00e4n menness\u00e4.<\/p>\n<p>Ehdotusten tulee sis\u00e4lt\u00e4\u00e4 sijainti- tai asemapiirros ja selostus kohteesta sek\u00e4 valokuvia ja muuta ehdotukseen liittyv\u00e4\u00e4 havainnemateriaalia tuomariston k\u00e4sittely\u00e4 ja mahdollista julkistamista varten.<\/p>\n<p>Kohteen on oltava julkisesti esitelt\u00e4viss\u00e4 erikseen sovittavina aikoina. Sama kohde voidaan ilmoittaa kilpailuun kahdesti.<\/p>\n<h3>6 \u00a7<\/h3>\n<p>Palkituista kohteista laaditaan lehdist\u00f6aineisto tiedotusv\u00e4lineiden vapaaseen k\u00e4ytt\u00f6\u00f6n. Kilpailun j\u00e4rjest\u00e4j\u00e4t esittelev\u00e4t tulosta omien alojensa ammattilehdiss\u00e4 ja -tilaisuuksissa harkintansa mukaan<\/p>\n","protected":false},"excerpt":{"rendered":"<p>Kilpailun s&auml;&auml;nn&ouml;t 1 &sect; Vuoden Ymp&auml;rist&ouml;rakenne -palkinnon my&ouml;nt&auml;v&auml;t Betoniteollisuus ry, Kivi ry ja Viherymp&auml;rist&ouml;liitto ry tunnustuksena ansiokkaasta rakennetun ymp&auml;rist&ouml;n suunnittelusta ja toteutuksesta. 2 &sect; Palkinnon tarkoituksena on tehd&auml; tunnetuksi ja edist&auml;&auml; korkeatasoisia ymp&auml;rist&ouml;kokonaisuuksia, joissa hyv&auml;ll&auml; suunnittelulla ja toteutuksella on luotu esteettisesti ja toiminnallisesti kest&auml;v&auml;, hyv&auml; ymp&auml;rist&ouml;. Erityisen&auml; ansiona pidet&auml;&auml;n uusien ratkaisumallien, k&auml;ytt&ouml;kohteiden ja sovellutusten kehitt&auml;mist&auml;&#8230;<\/p>\n","protected":false},"author":1,"featured_media":0,"parent":2604,"menu_order":3,"comment_status":"closed","ping_status":"closed","template":"","meta":{"footnotes":""},"class_list":["post-2839","page","type-page","status-publish","hentry"],"yoast_head":"<!-- This site is optimized with the Yoast SEO plugin v26.8 - https:\/\/yoast.com\/product\/yoast-seo-wordpress\/ -->\n<title>Kilpailun s\u00e4\u00e4nn\u00f6t - Maisemabetoni<\/title>\n<meta name=\"robots\" content=\"noindex, follow, max-snippet:-1, max-image-preview:large, max-video-preview:-1\" \/>\n<meta property=\"og:locale\" content=\"fi_FI\" \/>\n<meta property=\"og:type\" content=\"article\" \/>\n<meta property=\"og:title\" content=\"Kilpailun s\u00e4\u00e4nn\u00f6t - Maisemabetoni\" \/>\n<meta property=\"og:description\" content=\"Kilpailun s&auml;&auml;nn&ouml;t 1 &sect; Vuoden Ymp&auml;rist&ouml;rakenne -palkinnon my&ouml;nt&auml;v&auml;t Betoniteollisuus ry, Kivi ry ja Viherymp&auml;rist&ouml;liitto ry tunnustuksena ansiokkaasta rakennetun ymp&auml;rist&ouml;n suunnittelusta ja toteutuksesta. 2 &sect; Palkinnon tarkoituksena on tehd&auml; tunnetuksi ja edist&auml;&auml; korkeatasoisia ymp&auml;rist&ouml;kokonaisuuksia, joissa hyv&auml;ll&auml; suunnittelulla ja toteutuksella on luotu esteettisesti ja toiminnallisesti kest&auml;v&auml;, hyv&auml; ymp&auml;rist&ouml;. Erityisen&auml; ansiona pidet&auml;&auml;n uusien ratkaisumallien, k&auml;ytt&ouml;kohteiden ja sovellutusten kehitt&auml;mist&auml;...\" \/>\n<meta property=\"og:url\" content=\"https:\/\/maisemabetoni.fi\/fin\/vuoden-ymparistorakenne-kilpailu\/kilpailun-saannot\/\" \/>\n<meta property=\"og:site_name\" content=\"Maisemabetoni\" \/>\n<meta property=\"article:modified_time\" content=\"2024-05-14T09:18:44+00:00\" \/>\n<meta property=\"og:image\" content=\"https:\/\/maisemabetoni.fi\/fin\/wp-content\/uploads\/2020\/10\/ymparisto-30vP.jpg\" \/>\n<meta name=\"twitter:card\" content=\"summary_large_image\" \/>\n<meta name=\"twitter:label1\" content=\"Arvioitu lukuaika\" \/>\n\t<meta name=\"twitter:data1\" content=\"2 minuuttia\" \/>\n<script type=\"application\/ld+json\" class=\"yoast-schema-graph\">{\"@context\":\"https:\/\/schema.org\",\"@graph\":[{\"@type\":\"WebPage\",\"@id\":\"https:\/\/maisemabetoni.fi\/fin\/vuoden-ymparistorakenne-kilpailu\/kilpailun-saannot\/\",\"url\":\"https:\/\/maisemabetoni.fi\/fin\/vuoden-ymparistorakenne-kilpailu\/kilpailun-saannot\/\",\"name\":\"Kilpailun s\u00e4\u00e4nn\u00f6t - Maisemabetoni\",\"isPartOf\":{\"@id\":\"https:\/\/maisemabetoni.fi\/fin\/#website\"},\"primaryImageOfPage\":{\"@id\":\"https:\/\/maisemabetoni.fi\/fin\/vuoden-ymparistorakenne-kilpailu\/kilpailun-saannot\/#primaryimage\"},\"image\":{\"@id\":\"https:\/\/maisemabetoni.fi\/fin\/vuoden-ymparistorakenne-kilpailu\/kilpailun-saannot\/#primaryimage\"},\"thumbnailUrl\":\"https:\/\/maisemabetoni.fi\/fin\/wp-content\/uploads\/2020\/10\/ymparisto-30vP.jpg\",\"datePublished\":\"2020-10-16T10:36:21+00:00\",\"dateModified\":\"2024-05-14T09:18:44+00:00\",\"breadcrumb\":{\"@id\":\"https:\/\/maisemabetoni.fi\/fin\/vuoden-ymparistorakenne-kilpailu\/kilpailun-saannot\/#breadcrumb\"},\"inLanguage\":\"fi\",\"potentialAction\":[{\"@type\":\"ReadAction\",\"target\":[\"https:\/\/maisemabetoni.fi\/fin\/vuoden-ymparistorakenne-kilpailu\/kilpailun-saannot\/\"]}]},{\"@type\":\"ImageObject\",\"inLanguage\":\"fi\",\"@id\":\"https:\/\/maisemabetoni.fi\/fin\/vuoden-ymparistorakenne-kilpailu\/kilpailun-saannot\/#primaryimage\",\"url\":\"https:\/\/maisemabetoni.fi\/fin\/wp-content\/uploads\/2020\/10\/ymparisto-30vP.jpg\",\"contentUrl\":\"https:\/\/maisemabetoni.fi\/fin\/wp-content\/uploads\/2020\/10\/ymparisto-30vP.jpg\",\"width\":360,\"height\":72,\"caption\":\"ymparisto-30vP\"},{\"@type\":\"BreadcrumbList\",\"@id\":\"https:\/\/maisemabetoni.fi\/fin\/vuoden-ymparistorakenne-kilpailu\/kilpailun-saannot\/#breadcrumb\",\"itemListElement\":[{\"@type\":\"ListItem\",\"position\":1,\"name\":\"Etusivu\",\"item\":\"https:\/\/maisemabetoni.fi\/fin\/\"},{\"@type\":\"ListItem\",\"position\":2,\"name\":\"VUODEN YMP\u00c4RIST\u00d6RAKENNE\",\"item\":\"https:\/\/maisemabetoni.fi\/fin\/vuoden-ymparistorakenne-kilpailu\/\"},{\"@type\":\"ListItem\",\"position\":3,\"name\":\"Kilpailun s\u00e4\u00e4nn\u00f6t\"}]},{\"@type\":\"WebSite\",\"@id\":\"https:\/\/maisemabetoni.fi\/fin\/#website\",\"url\":\"https:\/\/maisemabetoni.fi\/fin\/\",\"name\":\"Maisemabetoni\",\"description\":\"\",\"potentialAction\":[{\"@type\":\"SearchAction\",\"target\":{\"@type\":\"EntryPoint\",\"urlTemplate\":\"https:\/\/maisemabetoni.fi\/fin\/?s={search_term_string}\"},\"query-input\":{\"@type\":\"PropertyValueSpecification\",\"valueRequired\":true,\"valueName\":\"search_term_string\"}}],\"inLanguage\":\"fi\"}]}<\/script>\n<!-- \/ Yoast SEO plugin. -->","yoast_head_json":{"title":"Kilpailun s\u00e4\u00e4nn\u00f6t - Maisemabetoni","robots":{"index":"noindex","follow":"follow","max-snippet":"max-snippet:-1","max-image-preview":"max-image-preview:large","max-video-preview":"max-video-preview:-1"},"og_locale":"fi_FI","og_type":"article","og_title":"Kilpailun s\u00e4\u00e4nn\u00f6t - Maisemabetoni","og_description":"Kilpailun s&auml;&auml;nn&ouml;t 1 &sect; Vuoden Ymp&auml;rist&ouml;rakenne -palkinnon my&ouml;nt&auml;v&auml;t Betoniteollisuus ry, Kivi ry ja Viherymp&auml;rist&ouml;liitto ry tunnustuksena ansiokkaasta rakennetun ymp&auml;rist&ouml;n suunnittelusta ja toteutuksesta. 2 &sect; Palkinnon tarkoituksena on tehd&auml; tunnetuksi ja edist&auml;&auml; korkeatasoisia ymp&auml;rist&ouml;kokonaisuuksia, joissa hyv&auml;ll&auml; suunnittelulla ja toteutuksella on luotu esteettisesti ja toiminnallisesti kest&auml;v&auml;, hyv&auml; ymp&auml;rist&ouml;. Erityisen&auml; ansiona pidet&auml;&auml;n uusien ratkaisumallien, k&auml;ytt&ouml;kohteiden ja sovellutusten kehitt&auml;mist&auml;...","og_url":"https:\/\/maisemabetoni.fi\/fin\/vuoden-ymparistorakenne-kilpailu\/kilpailun-saannot\/","og_site_name":"Maisemabetoni","article_modified_time":"2024-05-14T09:18:44+00:00","og_image":[{"url":"https:\/\/maisemabetoni.fi\/fin\/wp-content\/uploads\/2020\/10\/ymparisto-30vP.jpg","type":"","width":"","height":""}],"twitter_card":"summary_large_image","twitter_misc":{"Arvioitu lukuaika":"2 minuuttia"},"schema":{"@context":"https:\/\/schema.org","@graph":[{"@type":"WebPage","@id":"https:\/\/maisemabetoni.fi\/fin\/vuoden-ymparistorakenne-kilpailu\/kilpailun-saannot\/","url":"https:\/\/maisemabetoni.fi\/fin\/vuoden-ymparistorakenne-kilpailu\/kilpailun-saannot\/","name":"Kilpailun s\u00e4\u00e4nn\u00f6t - Maisemabetoni","isPartOf":{"@id":"https:\/\/maisemabetoni.fi\/fin\/#website"},"primaryImageOfPage":{"@id":"https:\/\/maisemabetoni.fi\/fin\/vuoden-ymparistorakenne-kilpailu\/kilpailun-saannot\/#primaryimage"},"image":{"@id":"https:\/\/maisemabetoni.fi\/fin\/vuoden-ymparistorakenne-kilpailu\/kilpailun-saannot\/#primaryimage"},"thumbnailUrl":"https:\/\/maisemabetoni.fi\/fin\/wp-content\/uploads\/2020\/10\/ymparisto-30vP.jpg","datePublished":"2020-10-16T10:36:21+00:00","dateModified":"2024-05-14T09:18:44+00:00","breadcrumb":{"@id":"https:\/\/maisemabetoni.fi\/fin\/vuoden-ymparistorakenne-kilpailu\/kilpailun-saannot\/#breadcrumb"},"inLanguage":"fi","potentialAction":[{"@type":"ReadAction","target":["https:\/\/maisemabetoni.fi\/fin\/vuoden-ymparistorakenne-kilpailu\/kilpailun-saannot\/"]}]},{"@type":"ImageObject","inLanguage":"fi","@id":"https:\/\/maisemabetoni.fi\/fin\/vuoden-ymparistorakenne-kilpailu\/kilpailun-saannot\/#primaryimage","url":"https:\/\/maisemabetoni.fi\/fin\/wp-content\/uploads\/2020\/10\/ymparisto-30vP.jpg","contentUrl":"https:\/\/maisemabetoni.fi\/fin\/wp-content\/uploads\/2020\/10\/ymparisto-30vP.jpg","width":360,"height":72,"caption":"ymparisto-30vP"},{"@type":"BreadcrumbList","@id":"https:\/\/maisemabetoni.fi\/fin\/vuoden-ymparistorakenne-kilpailu\/kilpailun-saannot\/#breadcrumb","itemListElement":[{"@type":"ListItem","position":1,"name":"Etusivu","item":"https:\/\/maisemabetoni.fi\/fin\/"},{"@type":"ListItem","position":2,"name":"VUODEN YMP\u00c4RIST\u00d6RAKENNE","item":"https:\/\/maisemabetoni.fi\/fin\/vuoden-ymparistorakenne-kilpailu\/"},{"@type":"ListItem","position":3,"name":"Kilpailun s\u00e4\u00e4nn\u00f6t"}]},{"@type":"WebSite","@id":"https:\/\/maisemabetoni.fi\/fin\/#website","url":"https:\/\/maisemabetoni.fi\/fin\/","name":"Maisemabetoni","description":"","potentialAction":[{"@type":"SearchAction","target":{"@type":"EntryPoint","urlTemplate":"https:\/\/maisemabetoni.fi\/fin\/?s={search_term_string}"},"query-input":{"@type":"PropertyValueSpecification","valueRequired":true,"valueName":"search_term_string"}}],"inLanguage":"fi"}]}},"_links":{"self":[{"href":"https:\/\/maisemabetoni.fi\/fin\/wp-json\/wp\/v2\/pages\/2839","targetHints":{"allow":["GET"]}}],"collection":[{"href":"https:\/\/maisemabetoni.fi\/fin\/wp-json\/wp\/v2\/pages"}],"about":[{"href":"https:\/\/maisemabetoni.fi\/fin\/wp-json\/wp\/v2\/types\/page"}],"author":[{"embeddable":true,"href":"https:\/\/maisemabetoni.fi\/fin\/wp-json\/wp\/v2\/users\/1"}],"replies":[{"embeddable":true,"href":"https:\/\/maisemabetoni.fi\/fin\/wp-json\/wp\/v2\/comments?post=2839"}],"version-history":[{"count":10,"href":"https:\/\/maisemabetoni.fi\/fin\/wp-json\/wp\/v2\/pages\/2839\/revisions"}],"predecessor-version":[{"id":4310,"href":"https:\/\/maisemabetoni.fi\/fin\/wp-json\/wp\/v2\/pages\/2839\/revisions\/4310"}],"up":[{"embeddable":true,"href":"https:\/\/maisemabetoni.fi\/fin\/wp-json\/wp\/v2\/pages\/2604"}],"wp:attachment":[{"href":"https:\/\/maisemabetoni.fi\/fin\/wp-json\/wp\/v2\/media?parent=2839"}],"curies":[{"name":"wp","href":"https:\/\/api.w.org\/{rel}","templated":true}]}}