{"id":3204,"date":"2020-12-01T12:21:39","date_gmt":"2020-12-01T10:21:39","guid":{"rendered":"https:\/\/maisemabetoni.fi\/fin\/?page_id=3204"},"modified":"2020-12-01T12:34:58","modified_gmt":"2020-12-01T10:34:58","slug":"hyvantoivonpuisto-2020","status":"publish","type":"page","link":"https:\/\/maisemabetoni.fi\/fin\/referenssit\/vuoden-ymparistorakenteet\/hyvantoivonpuisto-2020\/","title":{"rendered":"Hyv\u00e4ntoivonpuisto, Helsinki, 2020"},"content":{"rendered":"<h4><img loading=\"lazy\" decoding=\"async\" class=\"alignright size-full wp-image-3165\" src=\"https:\/\/maisemabetoni.fi\/fin\/wp-content\/uploads\/2020\/11\/hyvantoivonpuisto.jpg\" alt=\"hyvantoivonpuisto\" width=\"700\" height=\"363\" srcset=\"https:\/\/maisemabetoni.fi\/fin\/wp-content\/uploads\/2020\/11\/hyvantoivonpuisto.jpg 700w, https:\/\/maisemabetoni.fi\/fin\/wp-content\/uploads\/2020\/11\/hyvantoivonpuisto-530x275.jpg 530w\" sizes=\"auto, (max-width: 700px) 100vw, 700px\" \/>Hyv\u00e4ntoivonpuisto<br \/>\nJ\u00e4tk\u00e4saari, Helsinki<\/h4>\n<p>RAKENNUTTAJA<strong><br \/>\n<\/strong>Helsingin kaupunki, KYMP<\/p>\n<p>SUUNNITTELIJAT<br \/>\nVSU maisema-arkkitehdit oy, Plaana Oy, Ponvia Oy,<br \/>\nGeobotnia Oy, LiCon-AT Oy, Arja Lehtim\u00e4ki<\/p>\n<p>TOTEUTTAJAT<br \/>\nStara, GRK Infra Oy<\/p>\n<div class='content-column full_width'><div style=\"padding-top:20px;padding-bottom:0px;\"><p>Hyv\u00e4ntoivonpuisto on kaupunkikuvallisesti ja toiminnallisesti korkeatasoinen uusi virkistysalue Helsingin uudessa J\u00e4tk\u00e4saaren kantakaupunginosassa. Miellytt\u00e4v\u00e4t maisematilat, maisematilojen sarjat ja niist\u00e4 muodostuva harmoninen kokonaisuus ovat olleet suunnittelun tavoitteina. Puisto ja sen taitorakenteet, sillat ja betoniset taidetukimuurit, toimivat kaupunginosan maamerkkein\u00e4 ja luovat alueelle vahvan identiteetin.<\/p>\n<p>Puistossa sijaitsee p\u00e4iv\u00e4kodin piha, leikkialueita, liikuntakentti\u00e4, koirapuisto, kaupunkiaukioita sek\u00e4 runsaasti vapaita nurmi- sek\u00e4 niittyalueita oleskeluun, virkist\u00e4ytymiseen ja liikkumiseen. Puistosta kehittyy vuosien kuluessa satojen puiden kasvaessa puistomets\u00e4, mik\u00e4 tukee paikallisia ja valtakunnallisia ilmastotavoitteita.<\/p>\n<p>Kasvillisuus on runsasta ja puita on istutettu paikoitellen hyvinkin tihe\u00e4\u00e4n tavoitellen l\u00e4himets\u00e4n tunnelmaa. Laajat nurmi- ja niittyalueet ovat merkitt\u00e4vi\u00e4 niin k\u00e4yt\u00f6n kuin maiseman ja maisematilojen kannalta. Pitk\u00e4t n\u00e4kym\u00e4t ovat t\u00e4rke\u00e4 osa alueen luontaista saaristomaisemaa.<br \/>\nPuiston suunnittelussa ja rakentamisessa on hy\u00f6dynnetty kattavasti tietomallintamista. Puiston rakennussuunnitteluvaiheessa laadittiin Suomen ensimm\u00e4inen puistorakentamisen tietomalli vuonna 2014.<\/p>\n<p>Hyv\u00e4ntoivonpuisto sai Vuoden 2020 Ymp\u00e4rist\u00f6rakenne -tunnustuksen.<\/p>\n<p><em>Hyv\u00e4ntoivonpuisto on Helsingin J\u00e4tk\u00e4saaren syd\u00e4n, uudenlainen viheralue ja asukkaiden olohuone, joka on t\u00e4ynn\u00e4 el\u00e4m\u00e4\u00e4. Hyv\u00e4ntoivonpuistosta on jo muodostunut toimiva kaupunginosan maamerkki ja sill\u00e4 on vahva oma identiteetti.\u201d Muun muassa n\u00e4in Vuoden Ymp\u00e4rist\u00f6rakenne 2020 -kilpailun tuomaristo luonnehti voittajaa<\/em><\/p>\n<p><a class=\"nappi4\" style=\"color: #fff;\" href=\"https:\/\/maisemabetoni.fi\/fin\/wp-content\/uploads\/2020\/11\/Hyvantoivonpuisto.pdf\" target=\"_blank\" rel=\"noopener noreferrer\">Lue kohteen esittely Betonilehdess\u00e4 \u00bb<\/a><\/p><\/div><\/div>\n<div class='content-column full_width'><p><a href=\"https:\/\/maisemabetoni.fi\/fin\/wp-content\/uploads\/2020\/11\/1-laajakuva-scaled.jpg\" data-rel=\"lightbox-gallery-PAYnlWp3\" data-rl_title=\"\" data-rl_caption=\"\" title=\"\"><img loading=\"lazy\" decoding=\"async\" class=\"galleria alignnone wp-image-3140 size-thumbnail\" src=\"https:\/\/maisemabetoni.fi\/fin\/wp-content\/uploads\/2020\/11\/1-laajakuva-170x170.jpg\" alt=\"Hyv\u00e4ntoivonpuisto1\" width=\"170\" height=\"170\" srcset=\"https:\/\/maisemabetoni.fi\/fin\/wp-content\/uploads\/2020\/11\/1-laajakuva-170x170.jpg 170w, https:\/\/maisemabetoni.fi\/fin\/wp-content\/uploads\/2020\/11\/1-laajakuva-125x125.jpg 125w, https:\/\/maisemabetoni.fi\/fin\/wp-content\/uploads\/2020\/11\/1-laajakuva-18x18.jpg 18w\" sizes=\"auto, (max-width: 170px) 100vw, 170px\" \/><img loading=\"lazy\" decoding=\"async\" class=\"galleria alignnone wp-image-3130 size-thumbnail\" src=\"https:\/\/maisemabetoni.fi\/fin\/wp-content\/uploads\/2020\/11\/2-170x170.jpg\" alt=\"hyv\u00e4ntoivonpuisto2\" width=\"170\" height=\"170\" srcset=\"https:\/\/maisemabetoni.fi\/fin\/wp-content\/uploads\/2020\/11\/2-170x170.jpg 170w, https:\/\/maisemabetoni.fi\/fin\/wp-content\/uploads\/2020\/11\/2-125x125.jpg 125w, https:\/\/maisemabetoni.fi\/fin\/wp-content\/uploads\/2020\/11\/2-18x18.jpg 18w\" sizes=\"auto, (max-width: 170px) 100vw, 170px\" \/><img loading=\"lazy\" decoding=\"async\" class=\"galleria alignnone wp-image-3131 size-thumbnail\" src=\"https:\/\/maisemabetoni.fi\/fin\/wp-content\/uploads\/2020\/11\/3-170x170.jpg\" alt=\"hyv\u00e4ntoivonpuisto3\" width=\"170\" height=\"170\" \/><img loading=\"lazy\" decoding=\"async\" class=\"galleria alignnone wp-image-3132 size-thumbnail\" src=\"https:\/\/maisemabetoni.fi\/fin\/wp-content\/uploads\/2020\/11\/4-170x170.jpg\" alt=\"hyv\u00e4ntoivonpuisto 4\" width=\"170\" height=\"170\" srcset=\"https:\/\/maisemabetoni.fi\/fin\/wp-content\/uploads\/2020\/11\/4-170x170.jpg 170w, https:\/\/maisemabetoni.fi\/fin\/wp-content\/uploads\/2020\/11\/4-125x125.jpg 125w, https:\/\/maisemabetoni.fi\/fin\/wp-content\/uploads\/2020\/11\/4-18x18.jpg 18w\" sizes=\"auto, (max-width: 170px) 100vw, 170px\" \/><img loading=\"lazy\" decoding=\"async\" class=\"galleria alignnone wp-image-3133 size-thumbnail\" src=\"https:\/\/maisemabetoni.fi\/fin\/wp-content\/uploads\/2020\/11\/5-170x170.jpg\" alt=\"hyv\u00e4ntoivonpuisto \" width=\"170\" height=\"170\" \/><img loading=\"lazy\" decoding=\"async\" class=\"galleria alignnone wp-image-3134 size-thumbnail\" src=\"https:\/\/maisemabetoni.fi\/fin\/wp-content\/uploads\/2020\/11\/6-170x170.jpg\" alt=\"hyv\u00e4ntoivonpuisto 6\" width=\"170\" height=\"170\" srcset=\"https:\/\/maisemabetoni.fi\/fin\/wp-content\/uploads\/2020\/11\/6-170x170.jpg 170w, https:\/\/maisemabetoni.fi\/fin\/wp-content\/uploads\/2020\/11\/6-125x125.jpg 125w, https:\/\/maisemabetoni.fi\/fin\/wp-content\/uploads\/2020\/11\/6-18x18.jpg 18w\" sizes=\"auto, (max-width: 170px) 100vw, 170px\" \/><img loading=\"lazy\" decoding=\"async\" class=\"galleria alignnone wp-image-3135 size-thumbnail\" src=\"https:\/\/maisemabetoni.fi\/fin\/wp-content\/uploads\/2020\/11\/7-170x170.jpg\" alt=\"hyv\u00e4ntoivonpuisto 7\" width=\"170\" height=\"170\" \/><img loading=\"lazy\" decoding=\"async\" class=\"galleria alignnone wp-image-3136 size-thumbnail\" src=\"https:\/\/maisemabetoni.fi\/fin\/wp-content\/uploads\/2020\/11\/8-170x170.jpg\" alt=\"hyv\u00e4ntoivonpuisto 8\" width=\"170\" height=\"170\" srcset=\"https:\/\/maisemabetoni.fi\/fin\/wp-content\/uploads\/2020\/11\/8-170x170.jpg 170w, https:\/\/maisemabetoni.fi\/fin\/wp-content\/uploads\/2020\/11\/8-125x125.jpg 125w, https:\/\/maisemabetoni.fi\/fin\/wp-content\/uploads\/2020\/11\/8-18x18.jpg 18w\" sizes=\"auto, (max-width: 170px) 100vw, 170px\" \/><img loading=\"lazy\" decoding=\"async\" class=\"galleria alignnone wp-image-3137 size-thumbnail\" src=\"https:\/\/maisemabetoni.fi\/fin\/wp-content\/uploads\/2020\/11\/9-170x170.jpg\" alt=\"hyv\u00e4ntoivonpuisto 9\" width=\"170\" height=\"170\" srcset=\"https:\/\/maisemabetoni.fi\/fin\/wp-content\/uploads\/2020\/11\/9-170x170.jpg 170w, https:\/\/maisemabetoni.fi\/fin\/wp-content\/uploads\/2020\/11\/9-125x125.jpg 125w, https:\/\/maisemabetoni.fi\/fin\/wp-content\/uploads\/2020\/11\/9-18x18.jpg 18w\" sizes=\"auto, (max-width: 170px) 100vw, 170px\" \/><\/a><a href=\"https:\/\/maisemabetoni.fi\/fin\/wp-content\/uploads\/2020\/11\/10.jpg\" data-rel=\"lightbox-gallery-PAYnlWp3\" data-rl_title=\"\" data-rl_caption=\"\" title=\"\"><img loading=\"lazy\" decoding=\"async\" class=\"galleria alignnone wp-image-3138 size-thumbnail\" src=\"https:\/\/maisemabetoni.fi\/fin\/wp-content\/uploads\/2020\/11\/10-170x170.jpg\" alt=\"hyv\u00e4ntoivonpuisto 10\" width=\"170\" height=\"170\" srcset=\"https:\/\/maisemabetoni.fi\/fin\/wp-content\/uploads\/2020\/11\/10-170x170.jpg 170w, https:\/\/maisemabetoni.fi\/fin\/wp-content\/uploads\/2020\/11\/10-530x530.jpg 530w, https:\/\/maisemabetoni.fi\/fin\/wp-content\/uploads\/2020\/11\/10-700x700.jpg 700w, https:\/\/maisemabetoni.fi\/fin\/wp-content\/uploads\/2020\/11\/10-768x768.jpg 768w, https:\/\/maisemabetoni.fi\/fin\/wp-content\/uploads\/2020\/11\/10-125x125.jpg 125w, https:\/\/maisemabetoni.fi\/fin\/wp-content\/uploads\/2020\/11\/10-18x18.jpg 18w, https:\/\/maisemabetoni.fi\/fin\/wp-content\/uploads\/2020\/11\/10.jpg 1361w\" sizes=\"auto, (max-width: 170px) 100vw, 170px\" \/><\/a><\/p><\/div>\n","protected":false},"excerpt":{"rendered":"<p>Hyv&auml;ntoivonpuisto J&auml;tk&auml;saari, Helsinki RAKENNUTTAJA Helsingin kaupunki, KYMP SUUNNITTELIJAT VSU maisema-arkkitehdit oy, Plaana Oy, Ponvia Oy, Geobotnia Oy, LiCon-AT Oy, Arja Lehtim&auml;ki TOTEUTTAJAT Stara, GRK Infra Oy<\/p>\n","protected":false},"author":1,"featured_media":0,"parent":944,"menu_order":-4,"comment_status":"closed","ping_status":"closed","template":"","meta":{"footnotes":""},"class_list":["post-3204","page","type-page","status-publish","hentry"],"yoast_head":"<!-- This site is optimized with the Yoast SEO plugin v26.8 - https:\/\/yoast.com\/product\/yoast-seo-wordpress\/ -->\n<title>Hyv\u00e4ntoivonpuisto, Helsinki, 2020 - Maisemabetoni<\/title>\n<meta name=\"robots\" content=\"noindex, follow, max-snippet:-1, max-image-preview:large, max-video-preview:-1\" \/>\n<meta property=\"og:locale\" content=\"fi_FI\" \/>\n<meta property=\"og:type\" content=\"article\" \/>\n<meta property=\"og:title\" content=\"Hyv\u00e4ntoivonpuisto, Helsinki, 2020 - Maisemabetoni\" \/>\n<meta property=\"og:description\" content=\"Hyv&auml;ntoivonpuisto J&auml;tk&auml;saari, Helsinki RAKENNUTTAJA Helsingin kaupunki, KYMP SUUNNITTELIJAT VSU maisema-arkkitehdit oy, Plaana Oy, Ponvia Oy, Geobotnia Oy, LiCon-AT Oy, Arja Lehtim&auml;ki TOTEUTTAJAT Stara, GRK Infra Oy\" \/>\n<meta property=\"og:url\" content=\"https:\/\/maisemabetoni.fi\/fin\/referenssit\/vuoden-ymparistorakenteet\/hyvantoivonpuisto-2020\/\" \/>\n<meta property=\"og:site_name\" content=\"Maisemabetoni\" \/>\n<meta property=\"article:modified_time\" content=\"2020-12-01T10:34:58+00:00\" \/>\n<meta property=\"og:image\" content=\"https:\/\/maisemabetoni.fi\/fin\/wp-content\/uploads\/2020\/11\/hyvantoivonpuisto.jpg\" \/>\n<meta name=\"twitter:card\" content=\"summary_large_image\" \/>\n<meta name=\"twitter:label1\" content=\"Arvioitu lukuaika\" \/>\n\t<meta name=\"twitter:data1\" content=\"1 minuutti\" \/>\n<script type=\"application\/ld+json\" class=\"yoast-schema-graph\">{\"@context\":\"https:\/\/schema.org\",\"@graph\":[{\"@type\":\"WebPage\",\"@id\":\"https:\/\/maisemabetoni.fi\/fin\/referenssit\/vuoden-ymparistorakenteet\/hyvantoivonpuisto-2020\/\",\"url\":\"https:\/\/maisemabetoni.fi\/fin\/referenssit\/vuoden-ymparistorakenteet\/hyvantoivonpuisto-2020\/\",\"name\":\"Hyv\u00e4ntoivonpuisto, Helsinki, 2020 - Maisemabetoni\",\"isPartOf\":{\"@id\":\"https:\/\/maisemabetoni.fi\/fin\/#website\"},\"primaryImageOfPage\":{\"@id\":\"https:\/\/maisemabetoni.fi\/fin\/referenssit\/vuoden-ymparistorakenteet\/hyvantoivonpuisto-2020\/#primaryimage\"},\"image\":{\"@id\":\"https:\/\/maisemabetoni.fi\/fin\/referenssit\/vuoden-ymparistorakenteet\/hyvantoivonpuisto-2020\/#primaryimage\"},\"thumbnailUrl\":\"https:\/\/maisemabetoni.fi\/fin\/wp-content\/uploads\/2020\/11\/hyvantoivonpuisto.jpg\",\"datePublished\":\"2020-12-01T10:21:39+00:00\",\"dateModified\":\"2020-12-01T10:34:58+00:00\",\"breadcrumb\":{\"@id\":\"https:\/\/maisemabetoni.fi\/fin\/referenssit\/vuoden-ymparistorakenteet\/hyvantoivonpuisto-2020\/#breadcrumb\"},\"inLanguage\":\"fi\",\"potentialAction\":[{\"@type\":\"ReadAction\",\"target\":[\"https:\/\/maisemabetoni.fi\/fin\/referenssit\/vuoden-ymparistorakenteet\/hyvantoivonpuisto-2020\/\"]}]},{\"@type\":\"ImageObject\",\"inLanguage\":\"fi\",\"@id\":\"https:\/\/maisemabetoni.fi\/fin\/referenssit\/vuoden-ymparistorakenteet\/hyvantoivonpuisto-2020\/#primaryimage\",\"url\":\"https:\/\/maisemabetoni.fi\/fin\/wp-content\/uploads\/2020\/11\/hyvantoivonpuisto.jpg\",\"contentUrl\":\"https:\/\/maisemabetoni.fi\/fin\/wp-content\/uploads\/2020\/11\/hyvantoivonpuisto.jpg\",\"width\":700,\"height\":363,\"caption\":\"hyvantoivonpuisto\"},{\"@type\":\"BreadcrumbList\",\"@id\":\"https:\/\/maisemabetoni.fi\/fin\/referenssit\/vuoden-ymparistorakenteet\/hyvantoivonpuisto-2020\/#breadcrumb\",\"itemListElement\":[{\"@type\":\"ListItem\",\"position\":1,\"name\":\"Etusivu\",\"item\":\"https:\/\/maisemabetoni.fi\/fin\/\"},{\"@type\":\"ListItem\",\"position\":2,\"name\":\"VUODEN YMP\u00c4RIST\u00d6RAKENTEET\",\"item\":\"https:\/\/maisemabetoni.fi\/fin\/referenssit\/vuoden-ymparistorakenteet\/\"},{\"@type\":\"ListItem\",\"position\":3,\"name\":\"Hyv\u00e4ntoivonpuisto, Helsinki, 2020\"}]},{\"@type\":\"WebSite\",\"@id\":\"https:\/\/maisemabetoni.fi\/fin\/#website\",\"url\":\"https:\/\/maisemabetoni.fi\/fin\/\",\"name\":\"Maisemabetoni\",\"description\":\"\",\"potentialAction\":[{\"@type\":\"SearchAction\",\"target\":{\"@type\":\"EntryPoint\",\"urlTemplate\":\"https:\/\/maisemabetoni.fi\/fin\/?s={search_term_string}\"},\"query-input\":{\"@type\":\"PropertyValueSpecification\",\"valueRequired\":true,\"valueName\":\"search_term_string\"}}],\"inLanguage\":\"fi\"}]}<\/script>\n<!-- \/ Yoast SEO plugin. -->","yoast_head_json":{"title":"Hyv\u00e4ntoivonpuisto, Helsinki, 2020 - Maisemabetoni","robots":{"index":"noindex","follow":"follow","max-snippet":"max-snippet:-1","max-image-preview":"max-image-preview:large","max-video-preview":"max-video-preview:-1"},"og_locale":"fi_FI","og_type":"article","og_title":"Hyv\u00e4ntoivonpuisto, Helsinki, 2020 - Maisemabetoni","og_description":"Hyv&auml;ntoivonpuisto J&auml;tk&auml;saari, Helsinki RAKENNUTTAJA Helsingin kaupunki, KYMP SUUNNITTELIJAT VSU maisema-arkkitehdit oy, Plaana Oy, Ponvia Oy, Geobotnia Oy, LiCon-AT Oy, Arja Lehtim&auml;ki TOTEUTTAJAT Stara, GRK Infra Oy","og_url":"https:\/\/maisemabetoni.fi\/fin\/referenssit\/vuoden-ymparistorakenteet\/hyvantoivonpuisto-2020\/","og_site_name":"Maisemabetoni","article_modified_time":"2020-12-01T10:34:58+00:00","og_image":[{"url":"https:\/\/maisemabetoni.fi\/fin\/wp-content\/uploads\/2020\/11\/hyvantoivonpuisto.jpg","type":"","width":"","height":""}],"twitter_card":"summary_large_image","twitter_misc":{"Arvioitu lukuaika":"1 minuutti"},"schema":{"@context":"https:\/\/schema.org","@graph":[{"@type":"WebPage","@id":"https:\/\/maisemabetoni.fi\/fin\/referenssit\/vuoden-ymparistorakenteet\/hyvantoivonpuisto-2020\/","url":"https:\/\/maisemabetoni.fi\/fin\/referenssit\/vuoden-ymparistorakenteet\/hyvantoivonpuisto-2020\/","name":"Hyv\u00e4ntoivonpuisto, Helsinki, 2020 - Maisemabetoni","isPartOf":{"@id":"https:\/\/maisemabetoni.fi\/fin\/#website"},"primaryImageOfPage":{"@id":"https:\/\/maisemabetoni.fi\/fin\/referenssit\/vuoden-ymparistorakenteet\/hyvantoivonpuisto-2020\/#primaryimage"},"image":{"@id":"https:\/\/maisemabetoni.fi\/fin\/referenssit\/vuoden-ymparistorakenteet\/hyvantoivonpuisto-2020\/#primaryimage"},"thumbnailUrl":"https:\/\/maisemabetoni.fi\/fin\/wp-content\/uploads\/2020\/11\/hyvantoivonpuisto.jpg","datePublished":"2020-12-01T10:21:39+00:00","dateModified":"2020-12-01T10:34:58+00:00","breadcrumb":{"@id":"https:\/\/maisemabetoni.fi\/fin\/referenssit\/vuoden-ymparistorakenteet\/hyvantoivonpuisto-2020\/#breadcrumb"},"inLanguage":"fi","potentialAction":[{"@type":"ReadAction","target":["https:\/\/maisemabetoni.fi\/fin\/referenssit\/vuoden-ymparistorakenteet\/hyvantoivonpuisto-2020\/"]}]},{"@type":"ImageObject","inLanguage":"fi","@id":"https:\/\/maisemabetoni.fi\/fin\/referenssit\/vuoden-ymparistorakenteet\/hyvantoivonpuisto-2020\/#primaryimage","url":"https:\/\/maisemabetoni.fi\/fin\/wp-content\/uploads\/2020\/11\/hyvantoivonpuisto.jpg","contentUrl":"https:\/\/maisemabetoni.fi\/fin\/wp-content\/uploads\/2020\/11\/hyvantoivonpuisto.jpg","width":700,"height":363,"caption":"hyvantoivonpuisto"},{"@type":"BreadcrumbList","@id":"https:\/\/maisemabetoni.fi\/fin\/referenssit\/vuoden-ymparistorakenteet\/hyvantoivonpuisto-2020\/#breadcrumb","itemListElement":[{"@type":"ListItem","position":1,"name":"Etusivu","item":"https:\/\/maisemabetoni.fi\/fin\/"},{"@type":"ListItem","position":2,"name":"VUODEN YMP\u00c4RIST\u00d6RAKENTEET","item":"https:\/\/maisemabetoni.fi\/fin\/referenssit\/vuoden-ymparistorakenteet\/"},{"@type":"ListItem","position":3,"name":"Hyv\u00e4ntoivonpuisto, Helsinki, 2020"}]},{"@type":"WebSite","@id":"https:\/\/maisemabetoni.fi\/fin\/#website","url":"https:\/\/maisemabetoni.fi\/fin\/","name":"Maisemabetoni","description":"","potentialAction":[{"@type":"SearchAction","target":{"@type":"EntryPoint","urlTemplate":"https:\/\/maisemabetoni.fi\/fin\/?s={search_term_string}"},"query-input":{"@type":"PropertyValueSpecification","valueRequired":true,"valueName":"search_term_string"}}],"inLanguage":"fi"}]}},"_links":{"self":[{"href":"https:\/\/maisemabetoni.fi\/fin\/wp-json\/wp\/v2\/pages\/3204","targetHints":{"allow":["GET"]}}],"collection":[{"href":"https:\/\/maisemabetoni.fi\/fin\/wp-json\/wp\/v2\/pages"}],"about":[{"href":"https:\/\/maisemabetoni.fi\/fin\/wp-json\/wp\/v2\/types\/page"}],"author":[{"embeddable":true,"href":"https:\/\/maisemabetoni.fi\/fin\/wp-json\/wp\/v2\/users\/1"}],"replies":[{"embeddable":true,"href":"https:\/\/maisemabetoni.fi\/fin\/wp-json\/wp\/v2\/comments?post=3204"}],"version-history":[{"count":8,"href":"https:\/\/maisemabetoni.fi\/fin\/wp-json\/wp\/v2\/pages\/3204\/revisions"}],"predecessor-version":[{"id":3212,"href":"https:\/\/maisemabetoni.fi\/fin\/wp-json\/wp\/v2\/pages\/3204\/revisions\/3212"}],"up":[{"embeddable":true,"href":"https:\/\/maisemabetoni.fi\/fin\/wp-json\/wp\/v2\/pages\/944"}],"wp:attachment":[{"href":"https:\/\/maisemabetoni.fi\/fin\/wp-json\/wp\/v2\/media?parent=3204"}],"curies":[{"name":"wp","href":"https:\/\/api.w.org\/{rel}","templated":true}]}}