{"id":345,"date":"2017-12-04T13:44:37","date_gmt":"2017-12-04T11:44:37","guid":{"rendered":"https:\/\/maisemabetoni.fi\/fin\/?page_id=345"},"modified":"2021-05-27T14:17:51","modified_gmt":"2021-05-27T11:17:51","slug":"rakenteellinen-suunnittelu","status":"publish","type":"page","link":"https:\/\/maisemabetoni.fi\/fin\/paallysteen-suunnittelu\/rakenteellinen-suunnittelu\/","title":{"rendered":"RAKENTEELLINEN SUUNNITTELU"},"content":{"rendered":"<div class='content-column three_fourth'><img decoding=\"async\" src=\"https:\/\/maisemabetoni.fi\/wp-content\/uploads\/2013\/05\/lorenzo-lauttasaari-koivisto-680x402.jpg\" \/><\/p>\n<h1>Rakenteellinen suunnittelu<\/h1>\n<p><b>Kivityyppi kohteen vaatimusten mukaan<\/b><\/p>\n<p class=\"MsoNormal\">P\u00e4\u00e4llystekivet tulee aina\u00a0valita kohteen vaatimusten mukaisesti eli esim. ajoneuvoliikenteen alueille tulisi valita l\u00e4piv\u00e4rj\u00e4tyt kivet. Pintav\u00e4rj\u00e4tty\u00e4 kive\u00e4 k\u00e4ytett\u00e4ess\u00e4 ohut pintakerros (minimiss\u00e4\u00e4n 4 mm) kuluu ajan my\u00f6t\u00e4 pois, jolloin alta paljastuu harmaa pohjamassa. Kivien valinnan kriteerein\u00e4 tulisi k\u00e4ytt\u00e4\u00e4 my\u00f6s kulumis- ja lujuusominaisuuksia eik\u00e4 pelkk\u00e4\u00e4 ulkon\u00e4k\u00f6\u00e4.<\/p>\n<p align=\"LEFT\">Toimitusketjussa tulisi olla henkil\u00f6, joka osaa arvioida kiven soveltuvuuden kohteeseen tai urakka-asiakirjoissa tulisi olla selv\u00e4t vaatimukset kiven laadulle, jotta voitaisiin varmistaa, ett\u00e4 kivi vastaa kohteen asettamia vaatimuksia. T\u00e4m\u00e4 on sek\u00e4 tilaajan ett\u00e4 kivien valmistajan etu. Tilaaja haluaa rakenteelle pitk\u00e4\u00e4 elinkaarta ja toimittaja ei halua tuotteelleen huonoa mainetta siit\u00e4 itsest\u00e4\u00e4n riippumattomista syist\u00e4.<\/p>\n<p align=\"LEFT\"><strong>Rakenne olosuhteiden ja kuormituksen mukaiseksi<\/strong><\/p>\n<p>Rakenteen suunnittelussa valitaan olosuhteisiin n\u00e4hden sopivat materiaalikerrokset ja suunnitellaan riitt\u00e4v\u00e4t kerrospaksuudet. P\u00e4\u00e4llysrakenteen mitoitukseen vaikuttavat liikennekuormitus, alusrakenteen kantavuus ja materiaali sek\u00e4 kerrosmateriaalien E2-moduulit.<\/p>\n<p>P\u00e4\u00e4llysrakenteen suunnittelun l\u00e4ht\u00f6kohtana on k\u00e4ytt\u00f6ik\u00e4vaatimus, joka valmiin rakenteen on t\u00e4ytett\u00e4v\u00e4. K\u00e4ytt\u00f6ik\u00e4 ilmaistaan erikseen eri toimivuusominaisuuksien suhteen. Alemman kerroksen kestoik\u00e4vaatimus on aina suurempi kuin ylemm\u00e4n kerroksen.<\/p>\n<p>P\u00e4\u00e4llysteen alapuoliset kerrokset, kantava- ja tukikerros, m\u00e4\u00e4r\u00e4ytyv\u00e4t pohjamaan ominaisuuksien ja alueen kuormituksen perusteella.\u00a0 Kantavuus mitataan kantavan kerroksen p\u00e4\u00e4lt\u00e4 ja sille asetetaan tavoitearvo.<\/p>\n<p>P\u00e4\u00e4llysrakenteet joutuvat alttiiksi monenlaisille kuormituksille ja rasituksille. Rasitukset ovat joko liikenne- tai ilmastoper\u00e4isi\u00e4 tai painumisesta rakenteellisesta puutteesta johtuvia.<\/p>\n<p>P\u00e4\u00e4asiallisesti kuormitusta aiheuttaa liikenne, kun py\u00f6r\u00e4kuormat aiheuttavat v\u00e4ylien rakenteeseen erilaisia puristus-, veto- ja leikkausj\u00e4nnityksi\u00e4. Py\u00f6r\u00e4kuorma m\u00e4\u00e4r\u00e4ytyy ajoneuvon painon ja renkaiden aiheuttaman pintapaineen mukaan. Henkil\u00f6auton ja kuorma-auton aiheuttamat rasitukset poikkeavat selv\u00e4sti toisistaan. Vain kuorma-autot aiheuttavat rakenteeseen p\u00e4\u00e4llysteen paksuusmitoitukseen vaikuttavia j\u00e4nnityksi\u00e4 tai muodonmuutoksia.<\/p>\n<p>Rakennesuunnittelussa huomioon otettavia t\u00e4rkeit\u00e4 tekij\u00f6it\u00e4 ovat my\u00f6s ajoneuvon jarruttaessa, kiihdytt\u00e4ess\u00e4 tai kaarreajossa syntyv\u00e4t horisontaaliset voimat. Tyypillisesti n\u00e4it\u00e4 rasituksia esiintyy bussikaistoilla ja -pys\u00e4keill\u00e4 sek\u00e4 katujen risteysalueilla ja lastausreiteill\u00e4.<\/p>\n<p>P\u00e4\u00e4llysrakenteeseen k\u00e4ytett\u00e4v\u00e4n kivimateriaalin paksuus ja sen edellytt\u00e4m\u00e4t asennusvarat m\u00e4\u00e4r\u00e4\u00e4v\u00e4t kantavan kerroksen yl\u00e4pinnan korkeuden.<\/p>\n<p>Betonip\u00e4\u00e4llysteiden mitoituksessa noudatetaan yleens\u00e4 samoja ohjeita kuin muitakin p\u00e4\u00e4llysteit\u00e4 suunnitellessa.<\/p>\n<p>Rakennekerrosten yksityiskohtaiset ohjeet ja vaatimukset on esitetty Infra RYL:ssa.<br \/><\/div>\n<p>\u00a0<\/p>\n","protected":false},"excerpt":{"rendered":"<p>&nbsp;<\/p>\n","protected":false},"author":1,"featured_media":0,"parent":299,"menu_order":3,"comment_status":"closed","ping_status":"closed","template":"","meta":{"footnotes":""},"class_list":["post-345","page","type-page","status-publish","hentry"],"yoast_head":"<!-- This site is optimized with the Yoast SEO plugin v26.8 - https:\/\/yoast.com\/product\/yoast-seo-wordpress\/ -->\n<title>RAKENTEELLINEN SUUNNITTELU - Maisemabetoni<\/title>\n<meta name=\"robots\" content=\"noindex, follow, max-snippet:-1, max-image-preview:large, max-video-preview:-1\" \/>\n<meta property=\"og:locale\" content=\"fi_FI\" \/>\n<meta property=\"og:type\" content=\"article\" \/>\n<meta property=\"og:title\" content=\"RAKENTEELLINEN SUUNNITTELU - Maisemabetoni\" \/>\n<meta property=\"og:description\" content=\"&nbsp;\" \/>\n<meta property=\"og:url\" content=\"https:\/\/maisemabetoni.fi\/fin\/paallysteen-suunnittelu\/rakenteellinen-suunnittelu\/\" \/>\n<meta property=\"og:site_name\" content=\"Maisemabetoni\" \/>\n<meta property=\"article:modified_time\" content=\"2021-05-27T11:17:51+00:00\" \/>\n<meta property=\"og:image\" content=\"https:\/\/maisemabetoni.fi\/wp-content\/uploads\/2013\/05\/lorenzo-lauttasaari-koivisto-680x402.jpg\" \/>\n<meta name=\"twitter:card\" content=\"summary_large_image\" \/>\n<meta name=\"twitter:label1\" content=\"Arvioitu lukuaika\" \/>\n\t<meta name=\"twitter:data1\" content=\"2 minuuttia\" \/>\n<script type=\"application\/ld+json\" class=\"yoast-schema-graph\">{\"@context\":\"https:\/\/schema.org\",\"@graph\":[{\"@type\":\"WebPage\",\"@id\":\"https:\/\/maisemabetoni.fi\/fin\/paallysteen-suunnittelu\/rakenteellinen-suunnittelu\/\",\"url\":\"https:\/\/maisemabetoni.fi\/fin\/paallysteen-suunnittelu\/rakenteellinen-suunnittelu\/\",\"name\":\"RAKENTEELLINEN SUUNNITTELU - Maisemabetoni\",\"isPartOf\":{\"@id\":\"https:\/\/maisemabetoni.fi\/fin\/#website\"},\"primaryImageOfPage\":{\"@id\":\"https:\/\/maisemabetoni.fi\/fin\/paallysteen-suunnittelu\/rakenteellinen-suunnittelu\/#primaryimage\"},\"image\":{\"@id\":\"https:\/\/maisemabetoni.fi\/fin\/paallysteen-suunnittelu\/rakenteellinen-suunnittelu\/#primaryimage\"},\"thumbnailUrl\":\"https:\/\/maisemabetoni.fi\/wp-content\/uploads\/2013\/05\/lorenzo-lauttasaari-koivisto-680x402.jpg\",\"datePublished\":\"2017-12-04T11:44:37+00:00\",\"dateModified\":\"2021-05-27T11:17:51+00:00\",\"breadcrumb\":{\"@id\":\"https:\/\/maisemabetoni.fi\/fin\/paallysteen-suunnittelu\/rakenteellinen-suunnittelu\/#breadcrumb\"},\"inLanguage\":\"fi\",\"potentialAction\":[{\"@type\":\"ReadAction\",\"target\":[\"https:\/\/maisemabetoni.fi\/fin\/paallysteen-suunnittelu\/rakenteellinen-suunnittelu\/\"]}]},{\"@type\":\"ImageObject\",\"inLanguage\":\"fi\",\"@id\":\"https:\/\/maisemabetoni.fi\/fin\/paallysteen-suunnittelu\/rakenteellinen-suunnittelu\/#primaryimage\",\"url\":\"https:\/\/maisemabetoni.fi\/wp-content\/uploads\/2013\/05\/lorenzo-lauttasaari-koivisto-680x402.jpg\",\"contentUrl\":\"https:\/\/maisemabetoni.fi\/wp-content\/uploads\/2013\/05\/lorenzo-lauttasaari-koivisto-680x402.jpg\"},{\"@type\":\"BreadcrumbList\",\"@id\":\"https:\/\/maisemabetoni.fi\/fin\/paallysteen-suunnittelu\/rakenteellinen-suunnittelu\/#breadcrumb\",\"itemListElement\":[{\"@type\":\"ListItem\",\"position\":1,\"name\":\"Etusivu\",\"item\":\"https:\/\/maisemabetoni.fi\/fin\/\"},{\"@type\":\"ListItem\",\"position\":2,\"name\":\"RAKENTEELLINEN SUUNNITTELU\"}]},{\"@type\":\"WebSite\",\"@id\":\"https:\/\/maisemabetoni.fi\/fin\/#website\",\"url\":\"https:\/\/maisemabetoni.fi\/fin\/\",\"name\":\"Maisemabetoni\",\"description\":\"\",\"potentialAction\":[{\"@type\":\"SearchAction\",\"target\":{\"@type\":\"EntryPoint\",\"urlTemplate\":\"https:\/\/maisemabetoni.fi\/fin\/?s={search_term_string}\"},\"query-input\":{\"@type\":\"PropertyValueSpecification\",\"valueRequired\":true,\"valueName\":\"search_term_string\"}}],\"inLanguage\":\"fi\"}]}<\/script>\n<!-- \/ Yoast SEO plugin. -->","yoast_head_json":{"title":"RAKENTEELLINEN SUUNNITTELU - Maisemabetoni","robots":{"index":"noindex","follow":"follow","max-snippet":"max-snippet:-1","max-image-preview":"max-image-preview:large","max-video-preview":"max-video-preview:-1"},"og_locale":"fi_FI","og_type":"article","og_title":"RAKENTEELLINEN SUUNNITTELU - Maisemabetoni","og_description":"&nbsp;","og_url":"https:\/\/maisemabetoni.fi\/fin\/paallysteen-suunnittelu\/rakenteellinen-suunnittelu\/","og_site_name":"Maisemabetoni","article_modified_time":"2021-05-27T11:17:51+00:00","og_image":[{"url":"https:\/\/maisemabetoni.fi\/wp-content\/uploads\/2013\/05\/lorenzo-lauttasaari-koivisto-680x402.jpg","type":"","width":"","height":""}],"twitter_card":"summary_large_image","twitter_misc":{"Arvioitu lukuaika":"2 minuuttia"},"schema":{"@context":"https:\/\/schema.org","@graph":[{"@type":"WebPage","@id":"https:\/\/maisemabetoni.fi\/fin\/paallysteen-suunnittelu\/rakenteellinen-suunnittelu\/","url":"https:\/\/maisemabetoni.fi\/fin\/paallysteen-suunnittelu\/rakenteellinen-suunnittelu\/","name":"RAKENTEELLINEN SUUNNITTELU - Maisemabetoni","isPartOf":{"@id":"https:\/\/maisemabetoni.fi\/fin\/#website"},"primaryImageOfPage":{"@id":"https:\/\/maisemabetoni.fi\/fin\/paallysteen-suunnittelu\/rakenteellinen-suunnittelu\/#primaryimage"},"image":{"@id":"https:\/\/maisemabetoni.fi\/fin\/paallysteen-suunnittelu\/rakenteellinen-suunnittelu\/#primaryimage"},"thumbnailUrl":"https:\/\/maisemabetoni.fi\/wp-content\/uploads\/2013\/05\/lorenzo-lauttasaari-koivisto-680x402.jpg","datePublished":"2017-12-04T11:44:37+00:00","dateModified":"2021-05-27T11:17:51+00:00","breadcrumb":{"@id":"https:\/\/maisemabetoni.fi\/fin\/paallysteen-suunnittelu\/rakenteellinen-suunnittelu\/#breadcrumb"},"inLanguage":"fi","potentialAction":[{"@type":"ReadAction","target":["https:\/\/maisemabetoni.fi\/fin\/paallysteen-suunnittelu\/rakenteellinen-suunnittelu\/"]}]},{"@type":"ImageObject","inLanguage":"fi","@id":"https:\/\/maisemabetoni.fi\/fin\/paallysteen-suunnittelu\/rakenteellinen-suunnittelu\/#primaryimage","url":"https:\/\/maisemabetoni.fi\/wp-content\/uploads\/2013\/05\/lorenzo-lauttasaari-koivisto-680x402.jpg","contentUrl":"https:\/\/maisemabetoni.fi\/wp-content\/uploads\/2013\/05\/lorenzo-lauttasaari-koivisto-680x402.jpg"},{"@type":"BreadcrumbList","@id":"https:\/\/maisemabetoni.fi\/fin\/paallysteen-suunnittelu\/rakenteellinen-suunnittelu\/#breadcrumb","itemListElement":[{"@type":"ListItem","position":1,"name":"Etusivu","item":"https:\/\/maisemabetoni.fi\/fin\/"},{"@type":"ListItem","position":2,"name":"RAKENTEELLINEN SUUNNITTELU"}]},{"@type":"WebSite","@id":"https:\/\/maisemabetoni.fi\/fin\/#website","url":"https:\/\/maisemabetoni.fi\/fin\/","name":"Maisemabetoni","description":"","potentialAction":[{"@type":"SearchAction","target":{"@type":"EntryPoint","urlTemplate":"https:\/\/maisemabetoni.fi\/fin\/?s={search_term_string}"},"query-input":{"@type":"PropertyValueSpecification","valueRequired":true,"valueName":"search_term_string"}}],"inLanguage":"fi"}]}},"_links":{"self":[{"href":"https:\/\/maisemabetoni.fi\/fin\/wp-json\/wp\/v2\/pages\/345","targetHints":{"allow":["GET"]}}],"collection":[{"href":"https:\/\/maisemabetoni.fi\/fin\/wp-json\/wp\/v2\/pages"}],"about":[{"href":"https:\/\/maisemabetoni.fi\/fin\/wp-json\/wp\/v2\/types\/page"}],"author":[{"embeddable":true,"href":"https:\/\/maisemabetoni.fi\/fin\/wp-json\/wp\/v2\/users\/1"}],"replies":[{"embeddable":true,"href":"https:\/\/maisemabetoni.fi\/fin\/wp-json\/wp\/v2\/comments?post=345"}],"version-history":[{"count":12,"href":"https:\/\/maisemabetoni.fi\/fin\/wp-json\/wp\/v2\/pages\/345\/revisions"}],"predecessor-version":[{"id":3336,"href":"https:\/\/maisemabetoni.fi\/fin\/wp-json\/wp\/v2\/pages\/345\/revisions\/3336"}],"up":[{"embeddable":true,"href":"https:\/\/maisemabetoni.fi\/fin\/wp-json\/wp\/v2\/pages\/299"}],"wp:attachment":[{"href":"https:\/\/maisemabetoni.fi\/fin\/wp-json\/wp\/v2\/media?parent=345"}],"curies":[{"name":"wp","href":"https:\/\/api.w.org\/{rel}","templated":true}]}}