{"id":3883,"date":"2022-02-08T16:25:13","date_gmt":"2022-02-08T14:25:13","guid":{"rendered":"https:\/\/maisemabetoni.fi\/fin\/?page_id=3883"},"modified":"2022-02-08T16:56:28","modified_gmt":"2022-02-08T14:56:28","slug":"ranta-tampella","status":"publish","type":"page","link":"https:\/\/maisemabetoni.fi\/fin\/referenssit\/vuoden-ymparistorakenteet\/ranta-tampella\/","title":{"rendered":"Ranta-Tampella, 2021"},"content":{"rendered":"<h4>Ranta-Tampellan julkiset ulkotilat, Tampere<\/h4>\n<p><em>Ranta-Tampellan asuin- ja ty\u00f6paikka-alueen ulkotiloja on suunniteltu laajana hankkeena suunnittelukilpailusta toteutukseen. Puistot, aukiot, sillat ja kanava rakenteineen muodostavan yhten\u00e4isen, huolella suunnitellun ja taidolla toteutetun ulkotilakokonaisuuden.<\/em><\/p>\n<p><a href=\"https:\/\/maisemabetoni.fi\/fin\/wp-content\/uploads\/2022\/02\/04_RantaTampella_Nyrkkakallio_ja_Telakanpuisto-\u00a9Jussi-Murole-scaled.jpg\" data-rel=\"lightbox-gallery-bGlnaHRib3gtZ2FsbGVyeS1Id0VvaDFTNA==\" data-rl_title=\"\" data-rl_caption=\"\" data-rl_title=\"\" data-rl_caption=\"\" title=\"\"><img loading=\"lazy\" decoding=\"async\" class=\"alignright wp-image-3809\" src=\"https:\/\/maisemabetoni.fi\/fin\/wp-content\/uploads\/2022\/02\/04_RantaTampella_Nyrkkakallio_ja_Telakanpuisto-\u00a9Jussi-Murole-525x700.jpg\" alt=\"\" width=\"382\" height=\"510\" srcset=\"https:\/\/maisemabetoni.fi\/fin\/wp-content\/uploads\/2022\/02\/04_RantaTampella_Nyrkkakallio_ja_Telakanpuisto-\u00a9Jussi-Murole-525x700.jpg 525w, https:\/\/maisemabetoni.fi\/fin\/wp-content\/uploads\/2022\/02\/04_RantaTampella_Nyrkkakallio_ja_Telakanpuisto-\u00a9Jussi-Murole-398x530.jpg 398w, https:\/\/maisemabetoni.fi\/fin\/wp-content\/uploads\/2022\/02\/04_RantaTampella_Nyrkkakallio_ja_Telakanpuisto-\u00a9Jussi-Murole-768x1024.jpg 768w, https:\/\/maisemabetoni.fi\/fin\/wp-content\/uploads\/2022\/02\/04_RantaTampella_Nyrkkakallio_ja_Telakanpuisto-\u00a9Jussi-Murole-1152x1536.jpg 1152w, https:\/\/maisemabetoni.fi\/fin\/wp-content\/uploads\/2022\/02\/04_RantaTampella_Nyrkkakallio_ja_Telakanpuisto-\u00a9Jussi-Murole-1536x2048.jpg 1536w, https:\/\/maisemabetoni.fi\/fin\/wp-content\/uploads\/2022\/02\/04_RantaTampella_Nyrkkakallio_ja_Telakanpuisto-\u00a9Jussi-Murole-scaled.jpg 1920w\" sizes=\"auto, (max-width: 382px) 100vw, 382px\" \/><\/a><\/p>\n<p><strong>\u00a0<\/strong><strong>Tilaaja<\/strong><\/p>\n<ul>\n<li>Tampereen kaupunki\/Kaupunkiymp\u00e4rist\u00f6n palvelualue\/Rakennuttaminen<\/li>\n<\/ul>\n<p><strong>Suunnittelijat<\/strong><\/p>\n<ul>\n<li>Maisema-arkkitehtitoimisto Maanlumo Oy &#8211; Maisema-arkkitehtisuunnittelu<\/li>\n<li>Insin\u00f6\u00f6ritoimisto Pontek Oy\/Ylitys Oy Siltojen ja kanavan arkkitehti- ja rakennesuunnittelusuunnittelu<\/li>\n<li>Insin\u00f6\u00f6ritoimisto Arcus Oy \u2013 Siltojen ja kanavan geosuunnittelu<\/li>\n<li>Suunnittelukide Oy \u2013 Kiiskisaarenpuiston rantarakenteet ja Gustaf Aspin aukion rakennesuunnittelu<\/li>\n<li>AFRY Oy \u2013 Kiiskisaarenpuiston geotekninen suunnittelu<\/li>\n<li>Aihio Arkkitehdit Oy \u2013 Gustaf Aspin aukion porraskiveysten tekninen toteutussuunnittelu<\/li>\n<li>Tampereen kaupunki \u2013 Katu-, liikenne- ja kunnallistekninensuunnittelu<\/li>\n<li>Ramboll Finland Oy \u2013 Valaistus- ja s\u00e4hk\u00f6suunnittelu<\/li>\n<\/ul>\n<p><strong>Urakoitsijat<\/strong><\/p>\n<ul>\n<li>Terrawise Oy<\/li>\n<li>Destia Oy<\/li>\n<li>GRK Infra Oy<\/li>\n<li>Kreate Oy<\/li>\n<li>Normivalaistus Oy<\/li>\n<li>Tampereen Puutarha-Center<\/li>\n<\/ul>\n<p>Ranta-Tampella sijoittuu Tampereen keskustan pohjoispuolelle ja liittyy N\u00e4sij\u00e4rveen, Tammerkosken yl\u00e4juoksuun sek\u00e4 historiallisesti merkitt\u00e4v\u00e4\u00e4n teollisuusaluekokonaisuuteen. Alue rakentuu p\u00e4\u00e4osin t\u00e4ytt\u00f6maalle ja muodostaa satoja metrej\u00e4 uutta rantaviivaa. Alueen poikkeuksellisen laaja suunnitteluhanke alkoi vuonna 2014 suunnittelukilpailulla. Ty\u00f6 on jatkunut kaupungin tilaamana julkisten ulkotilojen yleissuunnitteluna ja eri osa-alueiden rakennussuunnitteluna. 11 hehtaarin alue koostuu erilaisista ulkotiloista: aukioista, kanavan rannoista, puistoista, virkistysreiteist\u00e4, kaduista, laitureista ja silloista, jotka yhdistyv\u00e4t monipuoliseksi ulkotilojen sarjaksi.<\/p>\n<p>Suunnittelukonseptina on uuden rakennetun kaupunkiymp\u00e4rist\u00f6n ja luonnonymp\u00e4rist\u00f6n limittyminen. S\u00e4ilyvien aiheiden korostaminen ja uusien aiheiden yhdist\u00e4minen osaksi historiallista maisemaa on ollut keskeist\u00e4. Ulkoalueiden ydinosat ovat N\u00e4sij\u00e4rven rantaa j\u00e4sent\u00e4v\u00e4 Kiiskisaarenpuisto sek\u00e4 j\u00e4rven ja Tammerkosken yhdist\u00e4v\u00e4 kanava rantoineen. N\u00e4sij\u00e4rven puolella rakentaminen on luonnonmukaista, kanavan rannat ovat urbaanit.<\/p>\n<h3>Monipuolisesti kive\u00e4 ja luonnonmukaista hulevesien k\u00e4ytt\u00f6\u00e4<\/h3>\n<p>Ranta-Tampellassa materiaaleina on k\u00e4ytetty monipuolisesti ja paikkaan soveltuen luonnonkive\u00e4, betonikive\u00e4 ja valubetonipintoja. Kiveyksiss\u00e4, rantapenkereiss\u00e4 ja rakenteissa on huomioitu kiertotalous hy\u00f6dynt\u00e4m\u00e4ll\u00e4\u00a0 l\u00e4hialueen r\u00e4j\u00e4ytyskive\u00e4 ja kierr\u00e4tettyj\u00e4 kivimateriaaleja. Sillat ja kanava liittyv\u00e4t saumattomasti alueen maisema-arkkitehtuuriin. Rantamuurien n\u00e4kyv\u00e4t pinnat on toteutettu suurista valubetonielementeist\u00e4, joiden reliefeihin on l\u00f6ydetty innoitus veden liikkeest\u00e4. Veistokselliset betoniulokkeet muodostavat oleskelutasoja veden p\u00e4\u00e4lle.<\/p>\n<p>Hulevesien hallinta on suunniteltu yhten\u00e4iseksi osaksi puisto- ja aukiokokonaisuuksia. Pintavedet ohjataan tasaussuunnittelun ja t\u00e4sm\u00e4llisen toteutuksen my\u00f6t\u00e4 imeytyspainanteisiin ja kasvillisuuden k\u00e4ytt\u00f6\u00f6n. Kasvualustoissa on k\u00e4ytetty biohiilt\u00e4 ja kansirakenteiden p\u00e4\u00e4ll\u00e4 vedenker\u00e4yskennostoja tasaamaan \u00e4\u00e4revi\u00e4 kosteusolosuhteita.<\/p>\n<h3>Kunnianhimoa niin suunnittelussa kuin toteutuksessa<\/h3>\n<p>Rautatien l\u00e4heisyys, ty\u00f6naikaiset johtosiirrot ja N\u00e4sij\u00e4rven vedenpinnan vaihtelut sek\u00e4 rajut syysmyrskyt ovat luoneet haasteita toteutukselle. Hankkeessa on tehty vedenalaisia valuja ja sukellusty\u00f6t\u00e4. Lukuisten eri toimijoiden yht\u00e4aikaiset hankkeet rajatulla alueella ovat vaatineet tarkkoja j\u00e4rjestelyj\u00e4, jotta jo ensimm\u00e4isten asukkaiden asuin- ja kulkuymp\u00e4rist\u00f6jen turvallisuus on voitu taata.<\/p>\n<p>Ranta-Tampella edustaa suomalaista ymp\u00e4rist\u00f6rakentamista parhaimmillaan. Koko projektin ajan on k\u00e4ytetty uusinta tietoa ja innovatiivisia ratkaisuja vastaamaan ymp\u00e4rist\u00f6rakentamisen tavoitteita hiilineutraalin, resurssiviisaan ja monimuotoisen kaupungin rakentamiseksi.<\/p>\n<p><a href=\"https:\/\/maisemabetoni.fi\/fin\/wp-content\/uploads\/2022\/02\/53_RantaTampella_GustafAspinAukion_rantaportaat_ja_RantaTampellan_silta-\u00a9Maanlumo-scaled.jpg\" data-rel=\"lightbox-gallery-bGlnaHRib3gtZ2FsbGVyeS1Id0VvaDFTNA==\" data-rl_title=\"\" data-rl_caption=\"\" data-rl_title=\"\" data-rl_caption=\"\" title=\"\"><img loading=\"lazy\" decoding=\"async\" class=\"galleria alignnone wp-image-3787 size-thumbnail\" src=\"https:\/\/maisemabetoni.fi\/fin\/wp-content\/uploads\/2022\/02\/53_RantaTampella_GustafAspinAukion_rantaportaat_ja_RantaTampellan_silta-\u00a9Maanlumo-170x170.jpg\" alt=\"\" width=\"170\" height=\"170\" srcset=\"https:\/\/maisemabetoni.fi\/fin\/wp-content\/uploads\/2022\/02\/53_RantaTampella_GustafAspinAukion_rantaportaat_ja_RantaTampellan_silta-\u00a9Maanlumo-170x170.jpg 170w, https:\/\/maisemabetoni.fi\/fin\/wp-content\/uploads\/2022\/02\/53_RantaTampella_GustafAspinAukion_rantaportaat_ja_RantaTampellan_silta-\u00a9Maanlumo-125x125.jpg 125w, https:\/\/maisemabetoni.fi\/fin\/wp-content\/uploads\/2022\/02\/53_RantaTampella_GustafAspinAukion_rantaportaat_ja_RantaTampellan_silta-\u00a9Maanlumo-18x18.jpg 18w\" sizes=\"auto, (max-width: 170px) 100vw, 170px\" \/><\/a> <a href=\"https:\/\/maisemabetoni.fi\/fin\/wp-content\/uploads\/2022\/02\/37_RantaTampella_Kanavanranta-\u00a9Maanlumo-scaled.jpg\" data-rel=\"lightbox-gallery-bGlnaHRib3gtZ2FsbGVyeS1Id0VvaDFTNA==\" data-rl_title=\"\" data-rl_caption=\"\" data-rl_title=\"\" data-rl_caption=\"\" title=\"\"><img loading=\"lazy\" decoding=\"async\" class=\"galleria alignnone wp-image-3786 size-thumbnail\" src=\"https:\/\/maisemabetoni.fi\/fin\/wp-content\/uploads\/2022\/02\/37_RantaTampella_Kanavanranta-\u00a9Maanlumo-170x170.jpg\" alt=\"\" width=\"170\" height=\"170\" srcset=\"https:\/\/maisemabetoni.fi\/fin\/wp-content\/uploads\/2022\/02\/37_RantaTampella_Kanavanranta-\u00a9Maanlumo-170x170.jpg 170w, https:\/\/maisemabetoni.fi\/fin\/wp-content\/uploads\/2022\/02\/37_RantaTampella_Kanavanranta-\u00a9Maanlumo-125x125.jpg 125w, https:\/\/maisemabetoni.fi\/fin\/wp-content\/uploads\/2022\/02\/37_RantaTampella_Kanavanranta-\u00a9Maanlumo-18x18.jpg 18w\" sizes=\"auto, (max-width: 170px) 100vw, 170px\" \/><\/a> <a href=\"https:\/\/maisemabetoni.fi\/fin\/wp-content\/uploads\/2022\/01\/34_RantaTampella_.jpg\" data-rel=\"lightbox-gallery-bGlnaHRib3gtZ2FsbGVyeS1Id0VvaDFTNA==\" data-rl_title=\"\" data-rl_caption=\"\" data-rl_title=\"\" data-rl_caption=\"\" title=\"\"><img loading=\"lazy\" decoding=\"async\" class=\"galleria alignnone wp-image-3770 size-thumbnail\" src=\"https:\/\/maisemabetoni.fi\/fin\/wp-content\/uploads\/2022\/01\/34_RantaTampella_-170x170.jpg\" alt=\"\" width=\"170\" height=\"170\" srcset=\"https:\/\/maisemabetoni.fi\/fin\/wp-content\/uploads\/2022\/01\/34_RantaTampella_-170x170.jpg 170w, https:\/\/maisemabetoni.fi\/fin\/wp-content\/uploads\/2022\/01\/34_RantaTampella_-125x125.jpg 125w, https:\/\/maisemabetoni.fi\/fin\/wp-content\/uploads\/2022\/01\/34_RantaTampella_-18x18.jpg 18w\" sizes=\"auto, (max-width: 170px) 100vw, 170px\" \/><\/a> <a href=\"https:\/\/maisemabetoni.fi\/fin\/wp-content\/uploads\/2022\/02\/Ranta-Tampella-0821m-DJI_0073-skyfox.jpg\" data-rel=\"lightbox-gallery-bGlnaHRib3gtZ2FsbGVyeS1Id0VvaDFTNA==\" data-rl_title=\"\" data-rl_caption=\"\" data-rl_title=\"\" data-rl_caption=\"\" title=\"\"><img loading=\"lazy\" decoding=\"async\" class=\"galleria alignnone wp-image-3789 size-thumbnail\" src=\"https:\/\/maisemabetoni.fi\/fin\/wp-content\/uploads\/2022\/02\/Ranta-Tampella-0821m-DJI_0073-skyfox-170x170.jpg\" alt=\"\" width=\"170\" height=\"170\" srcset=\"https:\/\/maisemabetoni.fi\/fin\/wp-content\/uploads\/2022\/02\/Ranta-Tampella-0821m-DJI_0073-skyfox-170x170.jpg 170w, https:\/\/maisemabetoni.fi\/fin\/wp-content\/uploads\/2022\/02\/Ranta-Tampella-0821m-DJI_0073-skyfox-125x125.jpg 125w, https:\/\/maisemabetoni.fi\/fin\/wp-content\/uploads\/2022\/02\/Ranta-Tampella-0821m-DJI_0073-skyfox-18x18.jpg 18w\" sizes=\"auto, (max-width: 170px) 100vw, 170px\" \/><\/a> <a href=\"https:\/\/maisemabetoni.fi\/fin\/wp-content\/uploads\/2022\/02\/Ranta-Tampella-0821-IMG_3027Skyfox.jpg\" data-rel=\"lightbox-gallery-bGlnaHRib3gtZ2FsbGVyeS1Id0VvaDFTNA==\" data-rl_title=\"\" data-rl_caption=\"\" data-rl_title=\"\" data-rl_caption=\"\" title=\"\"><img loading=\"lazy\" decoding=\"async\" class=\"galleria alignnone wp-image-3788 size-thumbnail\" src=\"https:\/\/maisemabetoni.fi\/fin\/wp-content\/uploads\/2022\/02\/Ranta-Tampella-0821-IMG_3027Skyfox-170x170.jpg\" alt=\"\" width=\"170\" height=\"170\" srcset=\"https:\/\/maisemabetoni.fi\/fin\/wp-content\/uploads\/2022\/02\/Ranta-Tampella-0821-IMG_3027Skyfox-170x170.jpg 170w, https:\/\/maisemabetoni.fi\/fin\/wp-content\/uploads\/2022\/02\/Ranta-Tampella-0821-IMG_3027Skyfox-125x125.jpg 125w, https:\/\/maisemabetoni.fi\/fin\/wp-content\/uploads\/2022\/02\/Ranta-Tampella-0821-IMG_3027Skyfox-18x18.jpg 18w\" sizes=\"auto, (max-width: 170px) 100vw, 170px\" \/><\/a> <a href=\"https:\/\/maisemabetoni.fi\/fin\/wp-content\/uploads\/2022\/02\/221_RantaTampella_Kiiskisaarenpuisto-\u00a9Maanlumo.jpg\" data-rel=\"lightbox-gallery-bGlnaHRib3gtZ2FsbGVyeS1Id0VvaDFTNA==\" data-rl_title=\"\" data-rl_caption=\"\" data-rl_title=\"\" data-rl_caption=\"\" title=\"\"><img loading=\"lazy\" decoding=\"async\" class=\"galleria alignnone wp-image-3791 size-thumbnail\" src=\"https:\/\/maisemabetoni.fi\/fin\/wp-content\/uploads\/2022\/02\/221_RantaTampella_Kiiskisaarenpuisto-\u00a9Maanlumo-170x170.jpg\" alt=\"\" width=\"170\" height=\"170\" srcset=\"https:\/\/maisemabetoni.fi\/fin\/wp-content\/uploads\/2022\/02\/221_RantaTampella_Kiiskisaarenpuisto-\u00a9Maanlumo-170x170.jpg 170w, https:\/\/maisemabetoni.fi\/fin\/wp-content\/uploads\/2022\/02\/221_RantaTampella_Kiiskisaarenpuisto-\u00a9Maanlumo-125x125.jpg 125w, https:\/\/maisemabetoni.fi\/fin\/wp-content\/uploads\/2022\/02\/221_RantaTampella_Kiiskisaarenpuisto-\u00a9Maanlumo-18x18.jpg 18w\" sizes=\"auto, (max-width: 170px) 100vw, 170px\" \/><\/a><a href=\"https:\/\/maisemabetoni.fi\/fin\/wp-content\/uploads\/2022\/02\/04_RantaTampella_Nyrkkakallio_ja_Telakanpuisto-\u00a9Jussi-Murole-1-scaled.jpg\" data-rel=\"lightbox-gallery-bGlnaHRib3gtZ2FsbGVyeS1Id0VvaDFTNA==\" data-rl_title=\"\" data-rl_caption=\"\" data-rl_title=\"\" data-rl_caption=\"\" title=\"\"><img loading=\"lazy\" decoding=\"async\" class=\"galleria alignnone wp-image-3820 size-thumbnail\" src=\"https:\/\/maisemabetoni.fi\/fin\/wp-content\/uploads\/2022\/02\/04_RantaTampella_Nyrkkakallio_ja_Telakanpuisto-\u00a9Jussi-Murole-1-170x170.jpg\" alt=\"\" width=\"170\" height=\"170\" srcset=\"https:\/\/maisemabetoni.fi\/fin\/wp-content\/uploads\/2022\/02\/04_RantaTampella_Nyrkkakallio_ja_Telakanpuisto-\u00a9Jussi-Murole-1-170x170.jpg 170w, https:\/\/maisemabetoni.fi\/fin\/wp-content\/uploads\/2022\/02\/04_RantaTampella_Nyrkkakallio_ja_Telakanpuisto-\u00a9Jussi-Murole-1-125x125.jpg 125w, https:\/\/maisemabetoni.fi\/fin\/wp-content\/uploads\/2022\/02\/04_RantaTampella_Nyrkkakallio_ja_Telakanpuisto-\u00a9Jussi-Murole-1-18x18.jpg 18w\" sizes=\"auto, (max-width: 170px) 100vw, 170px\" \/><\/a> <a href=\"https:\/\/maisemabetoni.fi\/fin\/wp-content\/uploads\/2022\/02\/41_RantaTampella_GustafAspinAukio_ja_Koelaitoksenkatu-\u00a9Maanlumo-1-scaled.jpg\" data-rel=\"lightbox-gallery-bGlnaHRib3gtZ2FsbGVyeS1Id0VvaDFTNA==\" data-rl_title=\"\" data-rl_caption=\"\" data-rl_title=\"\" data-rl_caption=\"\" title=\"\"><img loading=\"lazy\" decoding=\"async\" class=\"galleria alignnone wp-image-3816 size-thumbnail\" src=\"https:\/\/maisemabetoni.fi\/fin\/wp-content\/uploads\/2022\/02\/41_RantaTampella_GustafAspinAukio_ja_Koelaitoksenkatu-\u00a9Maanlumo-1-170x170.jpg\" alt=\"\" width=\"170\" height=\"170\" srcset=\"https:\/\/maisemabetoni.fi\/fin\/wp-content\/uploads\/2022\/02\/41_RantaTampella_GustafAspinAukio_ja_Koelaitoksenkatu-\u00a9Maanlumo-1-170x170.jpg 170w, https:\/\/maisemabetoni.fi\/fin\/wp-content\/uploads\/2022\/02\/41_RantaTampella_GustafAspinAukio_ja_Koelaitoksenkatu-\u00a9Maanlumo-1-125x125.jpg 125w, https:\/\/maisemabetoni.fi\/fin\/wp-content\/uploads\/2022\/02\/41_RantaTampella_GustafAspinAukio_ja_Koelaitoksenkatu-\u00a9Maanlumo-1-18x18.jpg 18w\" sizes=\"auto, (max-width: 170px) 100vw, 170px\" \/><\/a> <a href=\"https:\/\/maisemabetoni.fi\/fin\/wp-content\/uploads\/2022\/02\/17_RantaTampella_Taskupuisto_-\u00a9Maanlumo-1-scaled.jpg\" data-rel=\"lightbox-gallery-bGlnaHRib3gtZ2FsbGVyeS1Id0VvaDFTNA==\" data-rl_title=\"\" data-rl_caption=\"\" data-rl_title=\"\" data-rl_caption=\"\" title=\"\"><img loading=\"lazy\" decoding=\"async\" class=\"galleria alignnone wp-image-3813 size-thumbnail\" src=\"https:\/\/maisemabetoni.fi\/fin\/wp-content\/uploads\/2022\/02\/17_RantaTampella_Taskupuisto_-\u00a9Maanlumo-1-170x170.jpg\" alt=\"\" width=\"170\" height=\"170\" srcset=\"https:\/\/maisemabetoni.fi\/fin\/wp-content\/uploads\/2022\/02\/17_RantaTampella_Taskupuisto_-\u00a9Maanlumo-1-170x170.jpg 170w, https:\/\/maisemabetoni.fi\/fin\/wp-content\/uploads\/2022\/02\/17_RantaTampella_Taskupuisto_-\u00a9Maanlumo-1-125x125.jpg 125w, https:\/\/maisemabetoni.fi\/fin\/wp-content\/uploads\/2022\/02\/17_RantaTampella_Taskupuisto_-\u00a9Maanlumo-1-18x18.jpg 18w\" sizes=\"auto, (max-width: 170px) 100vw, 170px\" \/><\/a><\/p>\n<p>Kuvat: Maanlumo, Jussi Murole ja Skyfox<\/p>\n<p>&nbsp;<\/p>\n\n","protected":false},"excerpt":{"rendered":"","protected":false},"author":1,"featured_media":0,"parent":944,"menu_order":-5,"comment_status":"closed","ping_status":"closed","template":"","meta":{"footnotes":""},"class_list":["post-3883","page","type-page","status-publish","hentry"],"yoast_head":"<!-- This site is optimized with the Yoast SEO plugin v26.8 - https:\/\/yoast.com\/product\/yoast-seo-wordpress\/ -->\n<title>Ranta-Tampella, 2021 - Maisemabetoni<\/title>\n<meta name=\"robots\" content=\"noindex, follow, max-snippet:-1, max-image-preview:large, max-video-preview:-1\" \/>\n<meta property=\"og:locale\" content=\"fi_FI\" \/>\n<meta property=\"og:type\" content=\"article\" \/>\n<meta property=\"og:title\" content=\"Ranta-Tampella, 2021 - Maisemabetoni\" \/>\n<meta property=\"og:url\" content=\"https:\/\/maisemabetoni.fi\/fin\/referenssit\/vuoden-ymparistorakenteet\/ranta-tampella\/\" \/>\n<meta property=\"og:site_name\" content=\"Maisemabetoni\" \/>\n<meta property=\"article:modified_time\" content=\"2022-02-08T14:56:28+00:00\" \/>\n<meta name=\"twitter:card\" content=\"summary_large_image\" \/>\n<meta name=\"twitter:label1\" content=\"Arvioitu lukuaika\" \/>\n\t<meta name=\"twitter:data1\" content=\"6 minuuttia\" \/>\n<script type=\"application\/ld+json\" class=\"yoast-schema-graph\">{\"@context\":\"https:\/\/schema.org\",\"@graph\":[{\"@type\":\"WebPage\",\"@id\":\"https:\/\/maisemabetoni.fi\/fin\/referenssit\/vuoden-ymparistorakenteet\/ranta-tampella\/\",\"url\":\"https:\/\/maisemabetoni.fi\/fin\/referenssit\/vuoden-ymparistorakenteet\/ranta-tampella\/\",\"name\":\"Ranta-Tampella, 2021 - Maisemabetoni\",\"isPartOf\":{\"@id\":\"https:\/\/maisemabetoni.fi\/fin\/#website\"},\"datePublished\":\"2022-02-08T14:25:13+00:00\",\"dateModified\":\"2022-02-08T14:56:28+00:00\",\"breadcrumb\":{\"@id\":\"https:\/\/maisemabetoni.fi\/fin\/referenssit\/vuoden-ymparistorakenteet\/ranta-tampella\/#breadcrumb\"},\"inLanguage\":\"fi\",\"potentialAction\":[{\"@type\":\"ReadAction\",\"target\":[\"https:\/\/maisemabetoni.fi\/fin\/referenssit\/vuoden-ymparistorakenteet\/ranta-tampella\/\"]}]},{\"@type\":\"BreadcrumbList\",\"@id\":\"https:\/\/maisemabetoni.fi\/fin\/referenssit\/vuoden-ymparistorakenteet\/ranta-tampella\/#breadcrumb\",\"itemListElement\":[{\"@type\":\"ListItem\",\"position\":1,\"name\":\"Etusivu\",\"item\":\"https:\/\/maisemabetoni.fi\/fin\/\"},{\"@type\":\"ListItem\",\"position\":2,\"name\":\"VUODEN YMP\u00c4RIST\u00d6RAKENTEET\",\"item\":\"https:\/\/maisemabetoni.fi\/fin\/referenssit\/vuoden-ymparistorakenteet\/\"},{\"@type\":\"ListItem\",\"position\":3,\"name\":\"Ranta-Tampella, 2021\"}]},{\"@type\":\"WebSite\",\"@id\":\"https:\/\/maisemabetoni.fi\/fin\/#website\",\"url\":\"https:\/\/maisemabetoni.fi\/fin\/\",\"name\":\"Maisemabetoni\",\"description\":\"\",\"potentialAction\":[{\"@type\":\"SearchAction\",\"target\":{\"@type\":\"EntryPoint\",\"urlTemplate\":\"https:\/\/maisemabetoni.fi\/fin\/?s={search_term_string}\"},\"query-input\":{\"@type\":\"PropertyValueSpecification\",\"valueRequired\":true,\"valueName\":\"search_term_string\"}}],\"inLanguage\":\"fi\"}]}<\/script>\n<!-- \/ Yoast SEO plugin. -->","yoast_head_json":{"title":"Ranta-Tampella, 2021 - Maisemabetoni","robots":{"index":"noindex","follow":"follow","max-snippet":"max-snippet:-1","max-image-preview":"max-image-preview:large","max-video-preview":"max-video-preview:-1"},"og_locale":"fi_FI","og_type":"article","og_title":"Ranta-Tampella, 2021 - Maisemabetoni","og_url":"https:\/\/maisemabetoni.fi\/fin\/referenssit\/vuoden-ymparistorakenteet\/ranta-tampella\/","og_site_name":"Maisemabetoni","article_modified_time":"2022-02-08T14:56:28+00:00","twitter_card":"summary_large_image","twitter_misc":{"Arvioitu lukuaika":"6 minuuttia"},"schema":{"@context":"https:\/\/schema.org","@graph":[{"@type":"WebPage","@id":"https:\/\/maisemabetoni.fi\/fin\/referenssit\/vuoden-ymparistorakenteet\/ranta-tampella\/","url":"https:\/\/maisemabetoni.fi\/fin\/referenssit\/vuoden-ymparistorakenteet\/ranta-tampella\/","name":"Ranta-Tampella, 2021 - Maisemabetoni","isPartOf":{"@id":"https:\/\/maisemabetoni.fi\/fin\/#website"},"datePublished":"2022-02-08T14:25:13+00:00","dateModified":"2022-02-08T14:56:28+00:00","breadcrumb":{"@id":"https:\/\/maisemabetoni.fi\/fin\/referenssit\/vuoden-ymparistorakenteet\/ranta-tampella\/#breadcrumb"},"inLanguage":"fi","potentialAction":[{"@type":"ReadAction","target":["https:\/\/maisemabetoni.fi\/fin\/referenssit\/vuoden-ymparistorakenteet\/ranta-tampella\/"]}]},{"@type":"BreadcrumbList","@id":"https:\/\/maisemabetoni.fi\/fin\/referenssit\/vuoden-ymparistorakenteet\/ranta-tampella\/#breadcrumb","itemListElement":[{"@type":"ListItem","position":1,"name":"Etusivu","item":"https:\/\/maisemabetoni.fi\/fin\/"},{"@type":"ListItem","position":2,"name":"VUODEN YMP\u00c4RIST\u00d6RAKENTEET","item":"https:\/\/maisemabetoni.fi\/fin\/referenssit\/vuoden-ymparistorakenteet\/"},{"@type":"ListItem","position":3,"name":"Ranta-Tampella, 2021"}]},{"@type":"WebSite","@id":"https:\/\/maisemabetoni.fi\/fin\/#website","url":"https:\/\/maisemabetoni.fi\/fin\/","name":"Maisemabetoni","description":"","potentialAction":[{"@type":"SearchAction","target":{"@type":"EntryPoint","urlTemplate":"https:\/\/maisemabetoni.fi\/fin\/?s={search_term_string}"},"query-input":{"@type":"PropertyValueSpecification","valueRequired":true,"valueName":"search_term_string"}}],"inLanguage":"fi"}]}},"_links":{"self":[{"href":"https:\/\/maisemabetoni.fi\/fin\/wp-json\/wp\/v2\/pages\/3883","targetHints":{"allow":["GET"]}}],"collection":[{"href":"https:\/\/maisemabetoni.fi\/fin\/wp-json\/wp\/v2\/pages"}],"about":[{"href":"https:\/\/maisemabetoni.fi\/fin\/wp-json\/wp\/v2\/types\/page"}],"author":[{"embeddable":true,"href":"https:\/\/maisemabetoni.fi\/fin\/wp-json\/wp\/v2\/users\/1"}],"replies":[{"embeddable":true,"href":"https:\/\/maisemabetoni.fi\/fin\/wp-json\/wp\/v2\/comments?post=3883"}],"version-history":[{"count":3,"href":"https:\/\/maisemabetoni.fi\/fin\/wp-json\/wp\/v2\/pages\/3883\/revisions"}],"predecessor-version":[{"id":3890,"href":"https:\/\/maisemabetoni.fi\/fin\/wp-json\/wp\/v2\/pages\/3883\/revisions\/3890"}],"up":[{"embeddable":true,"href":"https:\/\/maisemabetoni.fi\/fin\/wp-json\/wp\/v2\/pages\/944"}],"wp:attachment":[{"href":"https:\/\/maisemabetoni.fi\/fin\/wp-json\/wp\/v2\/media?parent=3883"}],"curies":[{"name":"wp","href":"https:\/\/api.w.org\/{rel}","templated":true}]}}