{"id":4354,"date":"2025-02-07T13:59:02","date_gmt":"2025-02-07T11:59:02","guid":{"rendered":"https:\/\/maisemabetoni.fi\/fin\/?page_id=4354"},"modified":"2025-02-07T14:50:47","modified_gmt":"2025-02-07T12:50:47","slug":"espoon-hatsinanpuisto","status":"publish","type":"page","link":"https:\/\/maisemabetoni.fi\/fin\/referenssit\/vuoden-ymparistorakenteet\/espoon-hatsinanpuisto\/","title":{"rendered":"Hatsinanpuisto, Espoo 2024"},"content":{"rendered":"<p><img loading=\"lazy\" decoding=\"async\" class=\"alignnone wp-image-4371 size-full\" src=\"https:\/\/maisemabetoni.fi\/fin\/wp-content\/uploads\/2025\/02\/VYR2024.jpg\" alt=\"VYR 2024\" width=\"1020\" height=\"576\" srcset=\"https:\/\/maisemabetoni.fi\/fin\/wp-content\/uploads\/2025\/02\/VYR2024.jpg 1020w, https:\/\/maisemabetoni.fi\/fin\/wp-content\/uploads\/2025\/02\/VYR2024-530x299.jpg 530w, https:\/\/maisemabetoni.fi\/fin\/wp-content\/uploads\/2025\/02\/VYR2024-700x395.jpg 700w, https:\/\/maisemabetoni.fi\/fin\/wp-content\/uploads\/2025\/02\/VYR2024-768x434.jpg 768w\" sizes=\"auto, (max-width: 1020px) 100vw, 1020px\" \/><\/p>\n<h4>Vehre\u00e4 keidas keskell\u00e4 kaupunkia \u00a0\u2013 Espoon Hatsinanpuisto on Vuoden Ymp\u00e4rist\u00f6rakenne 2024 -kilpailun voittaja<\/h4>\n<p><em>Espoon Lepp\u00e4vaarassa sijaitseva Hatsinanpuisto on voittanut Vuoden Ymp\u00e4rist\u00f6rakenne 2024 -kilpailun. Palkinto my\u00f6nnet\u00e4\u00e4n tunnustuksena ansiokkaasta rakennetun ymp\u00e4rist\u00f6n suunnittelusta ja toteutuksesta.<\/em><\/p>\n<p>Hatsinanpuisto sijaitsee Suur-Lepp\u00e4vaaran alueella, joka on reilulla 80 000 asukkaalla Espoon suurin kaupunginosa. Lepp\u00e4vaaran asema on p\u00e4\u00e4kaupunkiseudun kolmanneksi vilkkain joukkoliikenteen solmukohta. Puisto toimii niin kaupunkikuvallisena kuin Lepp\u00e4vaaran asemalta suuntautuvan kevyenliikenteen porttina Perkkaalle ja Vermoon. Asukkaat ovat kaivanneet alueelle vehre\u00e4\u00e4 ja monipuolista ymp\u00e4rist\u00f6\u00e4 sek\u00e4 parempia py\u00f6r\u00e4ily- ja k\u00e4vely-yhteyksi\u00e4. Hatsinanpuisto luotiin vastaamaan t\u00e4h\u00e4n toiveeseen, kun aiemmin &#8220;v\u00e4litilana&#8221; ollut alue muutettiin el\u00e4v\u00e4ksi ja monimuotoiseksi puistoksi.<\/p>\n<ul>\n<li>Puistosta haluttiin luoda aikaa kest\u00e4v\u00e4 ja monimuotoinen ymp\u00e4rist\u00f6, joka huomioi sek\u00e4 ihmisen ett\u00e4 luonnon, kertoo maisema-arkkitehti <strong>Kristina Rocha<\/strong> Espoon kaupungilta.<\/li>\n<\/ul>\n<p>Hanke toteuttaa Espoon kaupungin tavoitetta turvata ja lis\u00e4t\u00e4 luonnon monimuotoisuutta Espoossa. Vuonna 2023 valmistunut puisto on muodostunut suosituksi oleskelu- ja tapaamispaikaksi, ja se on saanut my\u00f6nteist\u00e4 palautetta k\u00e4ytt\u00e4jilt\u00e4.<\/p>\n<p><strong>Luonnon ja kaupungin vuoropuhelua<\/strong><\/p>\n<p>Puiston maisema-arkkitehtuurin perustana oli Vermonojan tulviminen sek\u00e4 taimenen elinymp\u00e4rist\u00f6n tukeminen keskell\u00e4 rakennettua ymp\u00e4rist\u00f6\u00e4.<\/p>\n<ul>\n<li>Suunnittelulla halusimme luoda kaupunkitilan, jossa estetiikka ja ekologinen kest\u00e4vyys nivoutuvat dynaamiseksi kokonaisuudeksi \u2013 ymp\u00e4rist\u00f6ksi, joka el\u00e4\u00e4 ajassa ja kutsuu kaupunkilaisia osaksi maisemaa. N\u00e4ist\u00e4 l\u00e4ht\u00f6kohdista muotoutui my\u00f6s ratkaisuja, kuten tulvan ja kuivuuden kest\u00e4vien kasvilajien valinta ja oleskelualueiden sijoittelu eri tulvakorkeuksille, kertoo puiston p\u00e4\u00e4suunnittelija <strong>Pia Kuusiniemi <\/strong>Loci Maisema-arkkitehdit Oy:st\u00e4.<\/li>\n<\/ul>\n<p>Vermonojan uoman siirto oli keskeinen kysymys Hatsinanpuiston suunnittelussa. Siirron avulla luotiin tilaa toimistoille, liiketiloille ja hotellille sek\u00e4 luotiin meritaimenelle hyv\u00e4t elinolosuhteet. Suunnittelussa tehtiin yhteisty\u00f6t\u00e4 my\u00f6s sidosryhmien sek\u00e4 virtavesiluonnon ja taimenen elinymp\u00e4rist\u00f6n asiantuntijoiden kanssa.<\/p>\n<p>Valmistunut Hatsinanpuisto tarjoaa vehre\u00e4n keitaan, jonka ilme vaihtuu vuodenaikojen ja tulvien mukaan. Uudet kevyen liikenteen v\u00e4yl\u00e4t tarjoavat mahdollisuuden liikkua py\u00f6r\u00e4ll\u00e4 ja k\u00e4vellen Lepp\u00e4vaaran keskustaan. My\u00f6s taimen on kutenut puistossa. Kutusora-alueita on hienos\u00e4\u00e4detty ja sorastusta lis\u00e4ttiin viel\u00e4 vuonna 2024.Uoman soraikkojen kunnostaminen on vaativaa erityisasiantuntemusta vaativaa ty\u00f6t\u00e4, jota tekev\u00e4t mm. virtavesien kunnostuksen aktiivit.<\/p>\n<p><strong>Korkeatasoinen kilpailu<\/strong><\/p>\n<p>Kilpailuun osallistui suuri joukko ehdokkaita, ja finaaliin valikoitui viisi poikkeuksellisen tasokasta kohdetta, joista jokaisella oli edellytykset voittoon. Koska kilpailussa ei ole erillisi\u00e4 sarjoja eri mittakaavan kohteille, tuomaristo arvioi ehdokkaita monesta n\u00e4k\u00f6kulmasta, miten kohteet erottuvat toisistaan laadullisesti ja ilment\u00e4miens\u00e4 arvojen perusteella niiden koosta ja budjetista riippumatta.<\/p>\n<p>Tuomariston mukaan voittajaksi valitussa Hatsinanpuistossa nousi esiin useita keskeisi\u00e4 vahvuuksia. Kokonaisuutena puisto vakuutti tuomariston upeasti toteutettuna ja vahvailmeisen\u00e4 kokonaisuutena, jossa v\u00e4rimaailma, materiaalivalinnat sek\u00e4 k\u00e4ytett\u00e4vyys ja virkistysarvot muodostavat harmonisen ja el\u00e4myksellisen ymp\u00e4rist\u00f6n.<\/p>\n<ul>\n<li>Puisto tarjoaa elinymp\u00e4rist\u00f6j\u00e4 luonnonkirjolle, tukee el\u00e4v\u00e4\u00e4 l\u00e4hivihre\u00e4\u00e4 urbaanissa ymp\u00e4rist\u00f6ss\u00e4 ja muotoilee alueelle vahvan, omaleimaisen identiteetin, kuvailee tuomariston puheenjohtaja <strong>Kaisa Koskelin<\/strong> Maisemasuunnittelijat ry:st\u00e4.<\/li>\n<\/ul>\n<p>TEKIJ\u00c4T:<\/p>\n<p><strong>Kohteen tilaajat:<\/strong> Espoon kaupunki ja NCC Property Development Oy<br \/>\n<strong>Suunnittelijat: <\/strong>Loci maisema-arkkitehdit Oy, A-insin\u00f6\u00f6rit Oy, Ramboll Finland Oy, WSP Finland Oy, Suomen Energia-Urakointi Oy<br \/>\n<strong>Rakentajat:<\/strong> VRJ Etel\u00e4-Suomi Oy, Skanska Infra Oy, Graniittirakennus Kallio Oy<br \/>\n<strong>Kunnossapit\u00e4j\u00e4t:<\/strong> Espoon kaupunki ja VRJ Etel\u00e4-Suomi<br \/>\n<strong>Valmistumisvuosi:<\/strong> valmistunut osissa vuosina 2019, 2021 ja 2023<br \/>\n<strong>Sijainti:<\/strong> kohteeseen kuuluvat osat sijaitsevat osoitteissa Hevosenkenk\u00e4 1, Hatsinanpuisto 12, Hatsinanpuisto 1 ja Perkkaanpuronkuja 2<\/p>\n<p><em>Vuoden Ymp\u00e4rist\u00f6rakenne -palkinto julkistettiin Viherp\u00e4ivien ViherGaalassa 5.2.2025. Kilpailu on nostanut esille esimerkillisi\u00e4 ymp\u00e4rist\u00f6kohteita jo vuodesta 1992. Kilpailun j\u00e4rjest\u00e4v\u00e4t ja palkinnon my\u00f6nt\u00e4v\u00e4t Betoniteollisuus ry, Kivi ry ja Viherymp\u00e4rist\u00f6liitto ry. J\u00e4rjest\u00e4j\u00e4tahojen lis\u00e4ksi kilpailun tuomaristoon kuuluvat edustajat Suomen Arkkitehtiliitosta, ymp\u00e4rist\u00f6ministeri\u00f6st\u00e4, Suomen Maisema-arkkitehtiliitosta, Viher- ja ymp\u00e4rist\u00f6rakentajat ry:st\u00e4, Maisemasuunnittelijat ry:st\u00e4 sek\u00e4 lehdist\u00f6st\u00e4. Lue lis\u00e4\u00e4 kilpailusta: <\/em><a href=\"https:\/\/maisemabetoni.fi\/fin\/vuoden-ymparistorakenne-kilpailu\/kilpailuun-osallistuminen\/\"><em>maisemabetoni.fi<\/em><\/a><\/p>\n<p>Kuvat: Maite Gonzales Laurens<\/p>\n<p>LIS\u00c4TIEDOT:<\/p>\n<p>Taavi Forssell, Viherymp\u00e4rist\u00f6liitto<br \/>\n040 197 1273,\u202ftaavi.forssell@vyl.fi<\/p>\n<p>Sini Laine, Kivi Ry<br \/>\n050 330 1630,\u202fsini.laine@kivi.info<\/p>\n<p>Antti Taivalkangas, Rakennustuoteteollisuus RTT Ry<br \/>\n050 432 3360,\u202fantti.taivalkangas@rt.fi<\/p>\n<p>Pia Kuusiniemi, Loci maisema-arkkitehdit Oy<br \/>\n+358 (0)40 558 4848, pia.kuusiniemi@loci.fi<\/p>\n<p>Kristina Rocha, Espoon kaupunki<br \/>\n043 82 49 073, kristina.rocha@espoo.fi<\/p>\n<p><a href=\"https:\/\/maisemabetoni.fi\/fin\/wp-content\/uploads\/2025\/02\/2024-hatsinanpuisto1.jpg\" data-rel=\"lightbox-gallery-bGlnaHRib3gtZ2FsbGVyeS1uNWhJYkFrVA==\" data-rl_title=\"\" data-rl_caption=\"\" data-rl_title=\"\" data-rl_caption=\"\" title=\"\"><img loading=\"lazy\" decoding=\"async\" class=\"galleria alignnone wp-image-4346 size-thumbnail\" src=\"https:\/\/maisemabetoni.fi\/fin\/wp-content\/uploads\/2025\/02\/2024-hatsinanpuisto1-170x170.jpg\" alt=\"2024-hatsinanpuisto1\" width=\"170\" height=\"170\" srcset=\"https:\/\/maisemabetoni.fi\/fin\/wp-content\/uploads\/2025\/02\/2024-hatsinanpuisto1-170x170.jpg 170w, https:\/\/maisemabetoni.fi\/fin\/wp-content\/uploads\/2025\/02\/2024-hatsinanpuisto1-125x125.jpg 125w, https:\/\/maisemabetoni.fi\/fin\/wp-content\/uploads\/2025\/02\/2024-hatsinanpuisto1-18x18.jpg 18w\" sizes=\"auto, (max-width: 170px) 100vw, 170px\" \/><\/a><a href=\"https:\/\/maisemabetoni.fi\/fin\/wp-content\/uploads\/2025\/02\/2024-hatsinanpuisto2.jpg\" data-rel=\"lightbox-gallery-bGlnaHRib3gtZ2FsbGVyeS1uNWhJYkFrVA==\" data-rl_title=\"\" data-rl_caption=\"\" data-rl_title=\"\" data-rl_caption=\"\" title=\"\"><img loading=\"lazy\" decoding=\"async\" class=\"galleria alignnone wp-image-4347 size-thumbnail\" src=\"https:\/\/maisemabetoni.fi\/fin\/wp-content\/uploads\/2025\/02\/2024-hatsinanpuisto2-170x170.jpg\" alt=\"2024-hatsinanpuisto2\" width=\"170\" height=\"170\" srcset=\"https:\/\/maisemabetoni.fi\/fin\/wp-content\/uploads\/2025\/02\/2024-hatsinanpuisto2-170x170.jpg 170w, https:\/\/maisemabetoni.fi\/fin\/wp-content\/uploads\/2025\/02\/2024-hatsinanpuisto2-125x125.jpg 125w, https:\/\/maisemabetoni.fi\/fin\/wp-content\/uploads\/2025\/02\/2024-hatsinanpuisto2-18x18.jpg 18w\" sizes=\"auto, (max-width: 170px) 100vw, 170px\" \/><\/a><a href=\"https:\/\/maisemabetoni.fi\/fin\/wp-content\/uploads\/2025\/02\/2024-hatsinanpuisto3.jpg\" data-rel=\"lightbox-gallery-bGlnaHRib3gtZ2FsbGVyeS1uNWhJYkFrVA==\" data-rl_title=\"\" data-rl_caption=\"\" data-rl_title=\"\" data-rl_caption=\"\" title=\"\"><img loading=\"lazy\" decoding=\"async\" class=\"galleria alignnone wp-image-4348 size-thumbnail\" src=\"https:\/\/maisemabetoni.fi\/fin\/wp-content\/uploads\/2025\/02\/2024-hatsinanpuisto3-170x170.jpg\" alt=\"2024-hatsinanpuisto3\" width=\"170\" height=\"170\" srcset=\"https:\/\/maisemabetoni.fi\/fin\/wp-content\/uploads\/2025\/02\/2024-hatsinanpuisto3-170x170.jpg 170w, https:\/\/maisemabetoni.fi\/fin\/wp-content\/uploads\/2025\/02\/2024-hatsinanpuisto3-125x125.jpg 125w, https:\/\/maisemabetoni.fi\/fin\/wp-content\/uploads\/2025\/02\/2024-hatsinanpuisto3-18x18.jpg 18w\" sizes=\"auto, (max-width: 170px) 100vw, 170px\" \/><\/a><a href=\"https:\/\/maisemabetoni.fi\/fin\/wp-content\/uploads\/2025\/02\/2024-hatsinanpuisto4.jpg\" data-rel=\"lightbox-gallery-bGlnaHRib3gtZ2FsbGVyeS1uNWhJYkFrVA==\" data-rl_title=\"\" data-rl_caption=\"\" data-rl_title=\"\" data-rl_caption=\"\" title=\"\"><img loading=\"lazy\" decoding=\"async\" class=\"galleria alignnone wp-image-4349 size-thumbnail\" src=\"https:\/\/maisemabetoni.fi\/fin\/wp-content\/uploads\/2025\/02\/2024-hatsinanpuisto4-170x170.jpg\" alt=\"2024-hatsinanpuisto4\" width=\"170\" height=\"170\" srcset=\"https:\/\/maisemabetoni.fi\/fin\/wp-content\/uploads\/2025\/02\/2024-hatsinanpuisto4-170x170.jpg 170w, https:\/\/maisemabetoni.fi\/fin\/wp-content\/uploads\/2025\/02\/2024-hatsinanpuisto4-125x125.jpg 125w, https:\/\/maisemabetoni.fi\/fin\/wp-content\/uploads\/2025\/02\/2024-hatsinanpuisto4-18x18.jpg 18w\" sizes=\"auto, (max-width: 170px) 100vw, 170px\" \/><\/a><a href=\"https:\/\/maisemabetoni.fi\/fin\/wp-content\/uploads\/2025\/02\/2024-hatsinanpuisto5.jpg\" data-rel=\"lightbox-gallery-bGlnaHRib3gtZ2FsbGVyeS1uNWhJYkFrVA==\" data-rl_title=\"\" data-rl_caption=\"\" data-rl_title=\"\" data-rl_caption=\"\" title=\"\"><img loading=\"lazy\" decoding=\"async\" class=\"galleria alignnone wp-image-4350 size-thumbnail\" src=\"https:\/\/maisemabetoni.fi\/fin\/wp-content\/uploads\/2025\/02\/2024-hatsinanpuisto5-170x170.jpg\" alt=\"2024-hatsinanpuisto5\" width=\"170\" height=\"170\" srcset=\"https:\/\/maisemabetoni.fi\/fin\/wp-content\/uploads\/2025\/02\/2024-hatsinanpuisto5-170x170.jpg 170w, https:\/\/maisemabetoni.fi\/fin\/wp-content\/uploads\/2025\/02\/2024-hatsinanpuisto5-125x125.jpg 125w, https:\/\/maisemabetoni.fi\/fin\/wp-content\/uploads\/2025\/02\/2024-hatsinanpuisto5-18x18.jpg 18w\" sizes=\"auto, (max-width: 170px) 100vw, 170px\" \/><\/a><\/p>\n\n","protected":false},"excerpt":{"rendered":"","protected":false},"author":1,"featured_media":0,"parent":944,"menu_order":-7,"comment_status":"closed","ping_status":"closed","template":"","meta":{"footnotes":""},"class_list":["post-4354","page","type-page","status-publish","hentry"],"yoast_head":"<!-- This site is optimized with the Yoast SEO plugin v26.8 - https:\/\/yoast.com\/product\/yoast-seo-wordpress\/ -->\n<title>Hatsinanpuisto, Espoo 2024 - Maisemabetoni<\/title>\n<meta name=\"robots\" content=\"noindex, follow, max-snippet:-1, max-image-preview:large, max-video-preview:-1\" \/>\n<meta property=\"og:locale\" content=\"fi_FI\" \/>\n<meta property=\"og:type\" content=\"article\" \/>\n<meta property=\"og:title\" content=\"Hatsinanpuisto, Espoo 2024 - Maisemabetoni\" \/>\n<meta property=\"og:url\" content=\"https:\/\/maisemabetoni.fi\/fin\/referenssit\/vuoden-ymparistorakenteet\/espoon-hatsinanpuisto\/\" \/>\n<meta property=\"og:site_name\" content=\"Maisemabetoni\" \/>\n<meta property=\"article:modified_time\" content=\"2025-02-07T12:50:47+00:00\" \/>\n<meta name=\"twitter:card\" content=\"summary_large_image\" \/>\n<meta name=\"twitter:label1\" content=\"Arvioitu lukuaika\" \/>\n\t<meta name=\"twitter:data1\" content=\"1 minuutti\" \/>\n<script type=\"application\/ld+json\" class=\"yoast-schema-graph\">{\"@context\":\"https:\/\/schema.org\",\"@graph\":[{\"@type\":\"WebPage\",\"@id\":\"https:\/\/maisemabetoni.fi\/fin\/referenssit\/vuoden-ymparistorakenteet\/espoon-hatsinanpuisto\/\",\"url\":\"https:\/\/maisemabetoni.fi\/fin\/referenssit\/vuoden-ymparistorakenteet\/espoon-hatsinanpuisto\/\",\"name\":\"Hatsinanpuisto, Espoo 2024 - Maisemabetoni\",\"isPartOf\":{\"@id\":\"https:\/\/maisemabetoni.fi\/fin\/#website\"},\"datePublished\":\"2025-02-07T11:59:02+00:00\",\"dateModified\":\"2025-02-07T12:50:47+00:00\",\"breadcrumb\":{\"@id\":\"https:\/\/maisemabetoni.fi\/fin\/referenssit\/vuoden-ymparistorakenteet\/espoon-hatsinanpuisto\/#breadcrumb\"},\"inLanguage\":\"fi\",\"potentialAction\":[{\"@type\":\"ReadAction\",\"target\":[\"https:\/\/maisemabetoni.fi\/fin\/referenssit\/vuoden-ymparistorakenteet\/espoon-hatsinanpuisto\/\"]}]},{\"@type\":\"BreadcrumbList\",\"@id\":\"https:\/\/maisemabetoni.fi\/fin\/referenssit\/vuoden-ymparistorakenteet\/espoon-hatsinanpuisto\/#breadcrumb\",\"itemListElement\":[{\"@type\":\"ListItem\",\"position\":1,\"name\":\"Etusivu\",\"item\":\"https:\/\/maisemabetoni.fi\/fin\/\"},{\"@type\":\"ListItem\",\"position\":2,\"name\":\"VUODEN YMP\u00c4RIST\u00d6RAKENTEET\",\"item\":\"https:\/\/maisemabetoni.fi\/fin\/referenssit\/vuoden-ymparistorakenteet\/\"},{\"@type\":\"ListItem\",\"position\":3,\"name\":\"Hatsinanpuisto, Espoo 2024\"}]},{\"@type\":\"WebSite\",\"@id\":\"https:\/\/maisemabetoni.fi\/fin\/#website\",\"url\":\"https:\/\/maisemabetoni.fi\/fin\/\",\"name\":\"Maisemabetoni\",\"description\":\"\",\"potentialAction\":[{\"@type\":\"SearchAction\",\"target\":{\"@type\":\"EntryPoint\",\"urlTemplate\":\"https:\/\/maisemabetoni.fi\/fin\/?s={search_term_string}\"},\"query-input\":{\"@type\":\"PropertyValueSpecification\",\"valueRequired\":true,\"valueName\":\"search_term_string\"}}],\"inLanguage\":\"fi\"}]}<\/script>\n<!-- \/ Yoast SEO plugin. -->","yoast_head_json":{"title":"Hatsinanpuisto, Espoo 2024 - Maisemabetoni","robots":{"index":"noindex","follow":"follow","max-snippet":"max-snippet:-1","max-image-preview":"max-image-preview:large","max-video-preview":"max-video-preview:-1"},"og_locale":"fi_FI","og_type":"article","og_title":"Hatsinanpuisto, Espoo 2024 - Maisemabetoni","og_url":"https:\/\/maisemabetoni.fi\/fin\/referenssit\/vuoden-ymparistorakenteet\/espoon-hatsinanpuisto\/","og_site_name":"Maisemabetoni","article_modified_time":"2025-02-07T12:50:47+00:00","twitter_card":"summary_large_image","twitter_misc":{"Arvioitu lukuaika":"1 minuutti"},"schema":{"@context":"https:\/\/schema.org","@graph":[{"@type":"WebPage","@id":"https:\/\/maisemabetoni.fi\/fin\/referenssit\/vuoden-ymparistorakenteet\/espoon-hatsinanpuisto\/","url":"https:\/\/maisemabetoni.fi\/fin\/referenssit\/vuoden-ymparistorakenteet\/espoon-hatsinanpuisto\/","name":"Hatsinanpuisto, Espoo 2024 - Maisemabetoni","isPartOf":{"@id":"https:\/\/maisemabetoni.fi\/fin\/#website"},"datePublished":"2025-02-07T11:59:02+00:00","dateModified":"2025-02-07T12:50:47+00:00","breadcrumb":{"@id":"https:\/\/maisemabetoni.fi\/fin\/referenssit\/vuoden-ymparistorakenteet\/espoon-hatsinanpuisto\/#breadcrumb"},"inLanguage":"fi","potentialAction":[{"@type":"ReadAction","target":["https:\/\/maisemabetoni.fi\/fin\/referenssit\/vuoden-ymparistorakenteet\/espoon-hatsinanpuisto\/"]}]},{"@type":"BreadcrumbList","@id":"https:\/\/maisemabetoni.fi\/fin\/referenssit\/vuoden-ymparistorakenteet\/espoon-hatsinanpuisto\/#breadcrumb","itemListElement":[{"@type":"ListItem","position":1,"name":"Etusivu","item":"https:\/\/maisemabetoni.fi\/fin\/"},{"@type":"ListItem","position":2,"name":"VUODEN YMP\u00c4RIST\u00d6RAKENTEET","item":"https:\/\/maisemabetoni.fi\/fin\/referenssit\/vuoden-ymparistorakenteet\/"},{"@type":"ListItem","position":3,"name":"Hatsinanpuisto, Espoo 2024"}]},{"@type":"WebSite","@id":"https:\/\/maisemabetoni.fi\/fin\/#website","url":"https:\/\/maisemabetoni.fi\/fin\/","name":"Maisemabetoni","description":"","potentialAction":[{"@type":"SearchAction","target":{"@type":"EntryPoint","urlTemplate":"https:\/\/maisemabetoni.fi\/fin\/?s={search_term_string}"},"query-input":{"@type":"PropertyValueSpecification","valueRequired":true,"valueName":"search_term_string"}}],"inLanguage":"fi"}]}},"_links":{"self":[{"href":"https:\/\/maisemabetoni.fi\/fin\/wp-json\/wp\/v2\/pages\/4354","targetHints":{"allow":["GET"]}}],"collection":[{"href":"https:\/\/maisemabetoni.fi\/fin\/wp-json\/wp\/v2\/pages"}],"about":[{"href":"https:\/\/maisemabetoni.fi\/fin\/wp-json\/wp\/v2\/types\/page"}],"author":[{"embeddable":true,"href":"https:\/\/maisemabetoni.fi\/fin\/wp-json\/wp\/v2\/users\/1"}],"replies":[{"embeddable":true,"href":"https:\/\/maisemabetoni.fi\/fin\/wp-json\/wp\/v2\/comments?post=4354"}],"version-history":[{"count":2,"href":"https:\/\/maisemabetoni.fi\/fin\/wp-json\/wp\/v2\/pages\/4354\/revisions"}],"predecessor-version":[{"id":4370,"href":"https:\/\/maisemabetoni.fi\/fin\/wp-json\/wp\/v2\/pages\/4354\/revisions\/4370"}],"up":[{"embeddable":true,"href":"https:\/\/maisemabetoni.fi\/fin\/wp-json\/wp\/v2\/pages\/944"}],"wp:attachment":[{"href":"https:\/\/maisemabetoni.fi\/fin\/wp-json\/wp\/v2\/media?parent=4354"}],"curies":[{"name":"wp","href":"https:\/\/api.w.org\/{rel}","templated":true}]}}