{"id":534,"date":"2017-12-07T09:41:43","date_gmt":"2017-12-07T07:41:43","guid":{"rendered":"https:\/\/maisemabetoni.fi\/fin\/?page_id=534"},"modified":"2024-09-19T15:17:38","modified_gmt":"2024-09-19T12:17:38","slug":"tietoa-meista","status":"publish","type":"page","link":"https:\/\/maisemabetoni.fi\/fin\/tietoa-meista\/","title":{"rendered":"TIETOA MEIST\u00c4"},"content":{"rendered":"<div class='content-column three_fourth'><h1>Tietoa meist\u00e4<\/h1>\n<p><strong>Maisemabetoni.fi \u2013 Tietoa betonituotteiden k\u00e4yt\u00f6st\u00e4 ymp\u00e4rist\u00f6rakentamisessa<\/strong><\/p>\n<p>Maisemabetoni.fi verkkosivusto antaa tietoa, ohjeita ja vinkkej\u00e4 ymp\u00e4rist\u00f6suunnitteluun ja betonisten ymp\u00e4rist\u00f6tuotteiden k\u00e4ytt\u00f6\u00f6n.<\/p>\n<p>Maisemabetoni.fi-sivusto on suunnattu ensisijaisesti ammattilaisille.<br \/>\nSivustoa yll\u00e4pit\u00e4\u00e4 Betoniteollisuus ry:n Ymp\u00e4rist\u00f6betonijaos.<\/p>\n<p>J\u00c4IK\u00d6 ETSIM\u00c4SI TIETO L\u00d6YTYM\u00c4TT\u00c4?<br \/>\nPyrimme kehitt\u00e4m\u00e4\u00e4n sivuja palvelemaan koko ajan paremmin teid\u00e4n tarpeitanne. L\u00e4het\u00e4 risuja tai ruusuja tekij\u00f6ille tai kysy lis\u00e4tietoja <a href=\"mailto: tiina.kaskiaro@rakennusteollisuus.fi\">t\u00e4\u00e4lt\u00e4 \u00bb<\/a><br \/><\/div>\n<div class='content-column one_fourth last_column'><img decoding=\"async\" src=\"https:\/\/maisemabetoni.fi\/wp-content\/uploads\/2013\/05\/tietoa.jpg\" \/><br \/><\/div><div class='clear_column'><\/div>\n<p>\u00a0<\/p>\n<h2>YHTEYDENOTTO<\/h2>\n<p><div class='content-column one_third'><strong>BENDERS SUOMI OY<\/strong><br \/>\nSavilaukuntie 1<br \/>\n12100 Oitti<br \/>\nPuh. 0207 669 950<br \/>\n<a href=\"http:\/\/www.benders.fi\" target=\"_blank\" rel=\"noopener noreferrer\">www.benders.fi<\/a><\/p>\n<p><strong>BETONILAATTA OY<\/strong><br \/>\nAlakyl\u00e4ntie 3<br \/>\n20250 Turku<br \/>\nPuh. 02 511 8800<br \/>\n<a href=\"http:\/\/www.betonilaatta.fi\" target=\"_blank\" rel=\"noopener noreferrer\">www.betonilaatta.fi<\/a><\/p>\n<p><strong>BETONITEOLLISUUS RY<\/strong><br \/>\nPL 381 (Etel\u00e4ranta 10)<br \/>\n00131 Helsinki<br \/>\nPuh. 09 12991<br \/>\n<a href=\"http:\/\/www.betoni.com\" target=\"_blank\" rel=\"noopener noreferrer\">www.betoni.com<\/a><\/div><div class='content-column one_third'><strong>LAKKA RAKENNUSTUOTTEET OY<\/strong><br \/>\nPL 42 (Muuntamontie 2)<br \/>\n80101 Joensuu<br \/>\nPuh. 0207 481 200<br \/>\n<a href=\"http:\/\/www.lakka.fi\" target=\"_blank\" rel=\"noopener noreferrer\">www.lakka.fi<\/a><\/p>\n<p><strong>LAMMIN BETONI OY<\/strong><br \/>\nPaarmam\u00e4entie 8<br \/>\n16900 Lammi<br \/>\nPuh. 020 753 0400<br \/>\n<a href=\"http:\/\/www.lamminbetoni.fi\" target=\"_blank\" rel=\"noopener noreferrer\">www.lamminbetoni.fi<\/a><\/p><\/div><div class='content-column one_third last_column'><p><strong>RAKENNUSBETONI- JA ELEMENTTI OY<\/strong><br \/>\nKukonkankaantie 8<br \/>\n15880 Hollola<br \/>\nPuh. 03 877 200<br \/>\n<a href=\"http:\/\/www.rakennusbetoni.fi\" target=\"_blank\" rel=\"noopener noreferrer\">www.rakennusbetoni.fi<\/a><\/p>\n<p><b>RUDUS OY<br \/>\n<\/b>Karvaamokuja 2 a<br \/>\n00380 Helsinki<br \/>\nPuh. 020 4474 301<br \/>\n<a href=\"http:\/\/www.rudus.fi\/\" target=\"_blank\" rel=\"noopener noreferrer\">www.rudus.fi<\/a><br \/><\/div><div class='clear_column'><\/div><\/p>\n<p>\u00a0<\/p>\n","protected":false},"excerpt":{"rendered":"<p>&nbsp; YHTEYDENOTTO &nbsp;<\/p>\n","protected":false},"author":1,"featured_media":0,"parent":0,"menu_order":0,"comment_status":"closed","ping_status":"closed","template":"","meta":{"footnotes":""},"class_list":["post-534","page","type-page","status-publish","hentry"],"yoast_head":"<!-- This site is optimized with the Yoast SEO plugin v26.8 - https:\/\/yoast.com\/product\/yoast-seo-wordpress\/ -->\n<title>TIETOA MEIST\u00c4 - Maisemabetoni<\/title>\n<meta name=\"robots\" content=\"noindex, follow, max-snippet:-1, max-image-preview:large, max-video-preview:-1\" \/>\n<meta property=\"og:locale\" content=\"fi_FI\" \/>\n<meta property=\"og:type\" content=\"article\" \/>\n<meta property=\"og:title\" content=\"TIETOA MEIST\u00c4 - Maisemabetoni\" \/>\n<meta property=\"og:description\" content=\"&nbsp; YHTEYDENOTTO &nbsp;\" \/>\n<meta property=\"og:url\" content=\"https:\/\/maisemabetoni.fi\/fin\/tietoa-meista\/\" \/>\n<meta property=\"og:site_name\" content=\"Maisemabetoni\" \/>\n<meta property=\"article:modified_time\" content=\"2024-09-19T12:17:38+00:00\" \/>\n<meta property=\"og:image\" content=\"https:\/\/maisemabetoni.fi\/wp-content\/uploads\/2013\/05\/tietoa.jpg\" \/>\n<meta name=\"twitter:card\" content=\"summary_large_image\" \/>\n<meta name=\"twitter:label1\" content=\"Arvioitu lukuaika\" \/>\n\t<meta name=\"twitter:data1\" content=\"2 minuuttia\" \/>\n<script type=\"application\/ld+json\" class=\"yoast-schema-graph\">{\"@context\":\"https:\/\/schema.org\",\"@graph\":[{\"@type\":\"WebPage\",\"@id\":\"https:\/\/maisemabetoni.fi\/fin\/tietoa-meista\/\",\"url\":\"https:\/\/maisemabetoni.fi\/fin\/tietoa-meista\/\",\"name\":\"TIETOA MEIST\u00c4 - Maisemabetoni\",\"isPartOf\":{\"@id\":\"https:\/\/maisemabetoni.fi\/fin\/#website\"},\"primaryImageOfPage\":{\"@id\":\"https:\/\/maisemabetoni.fi\/fin\/tietoa-meista\/#primaryimage\"},\"image\":{\"@id\":\"https:\/\/maisemabetoni.fi\/fin\/tietoa-meista\/#primaryimage\"},\"thumbnailUrl\":\"https:\/\/maisemabetoni.fi\/wp-content\/uploads\/2013\/05\/tietoa.jpg\",\"datePublished\":\"2017-12-07T07:41:43+00:00\",\"dateModified\":\"2024-09-19T12:17:38+00:00\",\"breadcrumb\":{\"@id\":\"https:\/\/maisemabetoni.fi\/fin\/tietoa-meista\/#breadcrumb\"},\"inLanguage\":\"fi\",\"potentialAction\":[{\"@type\":\"ReadAction\",\"target\":[\"https:\/\/maisemabetoni.fi\/fin\/tietoa-meista\/\"]}]},{\"@type\":\"ImageObject\",\"inLanguage\":\"fi\",\"@id\":\"https:\/\/maisemabetoni.fi\/fin\/tietoa-meista\/#primaryimage\",\"url\":\"https:\/\/maisemabetoni.fi\/wp-content\/uploads\/2013\/05\/tietoa.jpg\",\"contentUrl\":\"https:\/\/maisemabetoni.fi\/wp-content\/uploads\/2013\/05\/tietoa.jpg\"},{\"@type\":\"BreadcrumbList\",\"@id\":\"https:\/\/maisemabetoni.fi\/fin\/tietoa-meista\/#breadcrumb\",\"itemListElement\":[{\"@type\":\"ListItem\",\"position\":1,\"name\":\"Etusivu\",\"item\":\"https:\/\/maisemabetoni.fi\/fin\/\"},{\"@type\":\"ListItem\",\"position\":2,\"name\":\"TIETOA MEIST\u00c4\"}]},{\"@type\":\"WebSite\",\"@id\":\"https:\/\/maisemabetoni.fi\/fin\/#website\",\"url\":\"https:\/\/maisemabetoni.fi\/fin\/\",\"name\":\"Maisemabetoni\",\"description\":\"\",\"potentialAction\":[{\"@type\":\"SearchAction\",\"target\":{\"@type\":\"EntryPoint\",\"urlTemplate\":\"https:\/\/maisemabetoni.fi\/fin\/?s={search_term_string}\"},\"query-input\":{\"@type\":\"PropertyValueSpecification\",\"valueRequired\":true,\"valueName\":\"search_term_string\"}}],\"inLanguage\":\"fi\"}]}<\/script>\n<!-- \/ Yoast SEO plugin. -->","yoast_head_json":{"title":"TIETOA MEIST\u00c4 - Maisemabetoni","robots":{"index":"noindex","follow":"follow","max-snippet":"max-snippet:-1","max-image-preview":"max-image-preview:large","max-video-preview":"max-video-preview:-1"},"og_locale":"fi_FI","og_type":"article","og_title":"TIETOA MEIST\u00c4 - Maisemabetoni","og_description":"&nbsp; YHTEYDENOTTO &nbsp;","og_url":"https:\/\/maisemabetoni.fi\/fin\/tietoa-meista\/","og_site_name":"Maisemabetoni","article_modified_time":"2024-09-19T12:17:38+00:00","og_image":[{"url":"https:\/\/maisemabetoni.fi\/wp-content\/uploads\/2013\/05\/tietoa.jpg","type":"","width":"","height":""}],"twitter_card":"summary_large_image","twitter_misc":{"Arvioitu lukuaika":"2 minuuttia"},"schema":{"@context":"https:\/\/schema.org","@graph":[{"@type":"WebPage","@id":"https:\/\/maisemabetoni.fi\/fin\/tietoa-meista\/","url":"https:\/\/maisemabetoni.fi\/fin\/tietoa-meista\/","name":"TIETOA MEIST\u00c4 - Maisemabetoni","isPartOf":{"@id":"https:\/\/maisemabetoni.fi\/fin\/#website"},"primaryImageOfPage":{"@id":"https:\/\/maisemabetoni.fi\/fin\/tietoa-meista\/#primaryimage"},"image":{"@id":"https:\/\/maisemabetoni.fi\/fin\/tietoa-meista\/#primaryimage"},"thumbnailUrl":"https:\/\/maisemabetoni.fi\/wp-content\/uploads\/2013\/05\/tietoa.jpg","datePublished":"2017-12-07T07:41:43+00:00","dateModified":"2024-09-19T12:17:38+00:00","breadcrumb":{"@id":"https:\/\/maisemabetoni.fi\/fin\/tietoa-meista\/#breadcrumb"},"inLanguage":"fi","potentialAction":[{"@type":"ReadAction","target":["https:\/\/maisemabetoni.fi\/fin\/tietoa-meista\/"]}]},{"@type":"ImageObject","inLanguage":"fi","@id":"https:\/\/maisemabetoni.fi\/fin\/tietoa-meista\/#primaryimage","url":"https:\/\/maisemabetoni.fi\/wp-content\/uploads\/2013\/05\/tietoa.jpg","contentUrl":"https:\/\/maisemabetoni.fi\/wp-content\/uploads\/2013\/05\/tietoa.jpg"},{"@type":"BreadcrumbList","@id":"https:\/\/maisemabetoni.fi\/fin\/tietoa-meista\/#breadcrumb","itemListElement":[{"@type":"ListItem","position":1,"name":"Etusivu","item":"https:\/\/maisemabetoni.fi\/fin\/"},{"@type":"ListItem","position":2,"name":"TIETOA MEIST\u00c4"}]},{"@type":"WebSite","@id":"https:\/\/maisemabetoni.fi\/fin\/#website","url":"https:\/\/maisemabetoni.fi\/fin\/","name":"Maisemabetoni","description":"","potentialAction":[{"@type":"SearchAction","target":{"@type":"EntryPoint","urlTemplate":"https:\/\/maisemabetoni.fi\/fin\/?s={search_term_string}"},"query-input":{"@type":"PropertyValueSpecification","valueRequired":true,"valueName":"search_term_string"}}],"inLanguage":"fi"}]}},"_links":{"self":[{"href":"https:\/\/maisemabetoni.fi\/fin\/wp-json\/wp\/v2\/pages\/534","targetHints":{"allow":["GET"]}}],"collection":[{"href":"https:\/\/maisemabetoni.fi\/fin\/wp-json\/wp\/v2\/pages"}],"about":[{"href":"https:\/\/maisemabetoni.fi\/fin\/wp-json\/wp\/v2\/types\/page"}],"author":[{"embeddable":true,"href":"https:\/\/maisemabetoni.fi\/fin\/wp-json\/wp\/v2\/users\/1"}],"replies":[{"embeddable":true,"href":"https:\/\/maisemabetoni.fi\/fin\/wp-json\/wp\/v2\/comments?post=534"}],"version-history":[{"count":32,"href":"https:\/\/maisemabetoni.fi\/fin\/wp-json\/wp\/v2\/pages\/534\/revisions"}],"predecessor-version":[{"id":4329,"href":"https:\/\/maisemabetoni.fi\/fin\/wp-json\/wp\/v2\/pages\/534\/revisions\/4329"}],"wp:attachment":[{"href":"https:\/\/maisemabetoni.fi\/fin\/wp-json\/wp\/v2\/media?parent=534"}],"curies":[{"name":"wp","href":"https:\/\/api.w.org\/{rel}","templated":true}]}}