{"id":967,"date":"2017-12-22T16:17:03","date_gmt":"2017-12-22T14:17:03","guid":{"rendered":"https:\/\/maisemabetoni.fi\/fin\/?page_id=967"},"modified":"2019-02-28T16:10:02","modified_gmt":"2019-02-28T14:10:02","slug":"hartwallin-teollisuuskiinteiston-pihat-lahti","status":"publish","type":"page","link":"https:\/\/maisemabetoni.fi\/fin\/referenssit\/vuoden-ymparistorakenteet\/hartwallin-teollisuuskiinteiston-pihat-lahti\/","title":{"rendered":"Hartwallin teollisuuskiinteist\u00f6n pihat, Lahti, 2004"},"content":{"rendered":"<h4><img loading=\"lazy\" decoding=\"async\" class=\"alignright size-large wp-image-1539\" src=\"https:\/\/maisemabetoni.fi\/fin\/wp-content\/uploads\/2019\/02\/Hartwall1-700x525.jpg\" alt=\"Hartwall\" width=\"640\" height=\"480\" srcset=\"https:\/\/maisemabetoni.fi\/fin\/wp-content\/uploads\/2019\/02\/Hartwall1-700x525.jpg 700w, https:\/\/maisemabetoni.fi\/fin\/wp-content\/uploads\/2019\/02\/Hartwall1-530x398.jpg 530w, https:\/\/maisemabetoni.fi\/fin\/wp-content\/uploads\/2019\/02\/Hartwall1-768x576.jpg 768w, https:\/\/maisemabetoni.fi\/fin\/wp-content\/uploads\/2019\/02\/Hartwall1.jpg 1500w\" sizes=\"auto, (max-width: 640px) 100vw, 640px\" \/>Hartwallin Lahden toimipisteen ymp\u00e4rist\u00f6<br \/>\n(VYR 2004)<\/h4>\n<p>RAKENNUTTAJA<br \/>\nOy Hartwall Ab<br \/>\nP\u00c4\u00c4SUUNNITTELIJA<br \/>\nRamboll Finland Oy<br \/>\nURAKOITSIJAT<br \/>\nUutelan Maansiirto Oy, Lemmink\u00e4inen Oyj, Pikon Taimisto Oy<\/p>\n<p>Oy Hartwall Ab:n panostus Lahden toimipisteen ymp\u00e4rist\u00f6\u00f6n on suomalaisessa yrityskulttuurissa poikkeuksellisen mittavaa. Jo ensivaikutelma alueelle tultaessa antaa vierailijalle my\u00f6nteisen kuvan yrityksen toimintakulttuurista. My\u00f6s alueen hoidettu ilme ja siisteys viestiv\u00e4t kokonaisvaltaisesta hyv\u00e4st\u00e4 ymp\u00e4rist\u00f6hygienian tasosta.<\/p>\n<p>Panimorakennuksen ymp\u00e4rille on rakennettu kolme luonteeltaan hyvin erilaista aluetta: hedelm\u00e4puutarha, sis\u00e4\u00e4nk\u00e4ynnin piha ja pys\u00e4k\u00f6inti<br \/>\nsek\u00e4 sis\u00e4\u00e4ntulotie.<\/p>\n<p>Kallion p\u00e4\u00e4lle, vastaanottorakennuksen edustuspihalle on istutettu noin sadan puun hedelm\u00e4tarha. Keskell\u00e4 on k\u00e4yt\u00e4v\u00e4 ja molemmin puolliin luonnonkivimuurriin terassoidut nurmikent\u00e4t.<\/p>\n<p>Hedelm\u00e4tarhan ja vastaanottorakennuksen v\u00e4liin j\u00e4\u00e4 laaja kivetty alue, johon henkil\u00f6st\u00f6ruokala laajenee kes\u00e4ll\u00e4. Kiveyksen vaalea kivi sopii vastaanottorakennuksen pelkistetyn tyylikk\u00e4\u00e4seen julkisivuun. Hedelm\u00e4tarhan ammattitaidolla toteutetut, vapaasti ladotut luonnonkivimuurit reunustavat oleskelualuetta.<\/p>\n<p>Toisen aluekokonaisuuden muodostaa vastaanottorakennuksen sis\u00e4\u00e4nk\u00e4ynnin piha sek\u00e4 ja pys\u00e4k\u00f6intialue. Liikennealueet ovat p\u00e4\u00e4osin asfalttia ja jalankulkualueet kivettyj\u00e4. Kalusteisiin ja valaisimiin on valittu Hartwallin sininen tehostev\u00e4ri.<\/p>\n<p>Kolmas aluekokonaisuus on sis\u00e4\u00e4ntulotien ymp\u00e4rist\u00f6 ja alapiha. Sis\u00e4\u00e4ntulotie nousee jyrk\u00e4sti pihatasolle, jonka p\u00e4\u00e4tteen\u00e4 avautuu vastaanottorakennuksen julkisivu. Puurivi mataline pensaineen johdattaa m\u00e4ke\u00e4 yl\u00f6s. Tien viereiselle, puhdistetulle kalliolle on sommiteltu pelkistetty ymp\u00e4rist\u00f6taideteos k\u00e4yt\u00f6st\u00e4 j\u00e4\u00e4neist\u00e4 kuparihuuvista.<\/p>\n<p>Oy Hartwall Ab Lahden toimipisteen ymp\u00e4rist\u00f6 palkittiin Vuoden 2004 Ymp\u00e4rist\u00f6rakenteena.<\/p>\n<p><iframe loading=\"lazy\" width=\"490\" height=\"260\" src=\"https:\/\/www.youtube.com\/embed\/N5S74JJKoWY\" frameborder=\"0\" allow=\"accelerometer; autoplay; clipboard-write; encrypted-media; gyroscope; picture-in-picture\" allowfullscreen><\/iframe><\/p>\n<p><a class=\"nappi4\" style=\"color: #fff;\" href=\"https:\/\/maisemabetoni.fi\/fin\/wp-content\/uploads\/2020\/10\/VYR-2004-Hartwall-Lahti.pdf\" target=\"_blank\" rel=\"noopener noreferrer\">Lue kohteen esittely Betonilehdess\u00e4 \u00bb<\/a><\/p>\n<p><a href=\"https:\/\/maisemabetoni.fi\/fin\/wp-content\/uploads\/2019\/02\/Hartwall1.jpg\" data-rel=\"lightbox-gallery-bGlnaHRib3gtZ2FsbGVyeS1laGNqcUFrRg==\" data-rl_title=\"\" data-rl_caption=\"\" data-rl_title=\"\" data-rl_caption=\"\" title=\"\"><img loading=\"lazy\" decoding=\"async\" class=\"galleria alignnone wp-image-1539 size-thumbnail\" src=\"https:\/\/maisemabetoni.fi\/fin\/wp-content\/uploads\/2019\/02\/Hartwall1-170x170.jpg\" alt=\"Hartwall\" width=\"170\" height=\"170\" srcset=\"https:\/\/maisemabetoni.fi\/fin\/wp-content\/uploads\/2019\/02\/Hartwall1-170x170.jpg 170w, https:\/\/maisemabetoni.fi\/fin\/wp-content\/uploads\/2019\/02\/Hartwall1-125x125.jpg 125w, https:\/\/maisemabetoni.fi\/fin\/wp-content\/uploads\/2019\/02\/Hartwall1-18x18.jpg 18w\" sizes=\"auto, (max-width: 170px) 100vw, 170px\" \/><\/a><a href=\"https:\/\/maisemabetoni.fi\/fin\/wp-content\/uploads\/2019\/02\/Hartwall2.jpg\" data-rel=\"lightbox-gallery-bGlnaHRib3gtZ2FsbGVyeS1laGNqcUFrRg==\" data-rl_title=\"\" data-rl_caption=\"\" data-rl_title=\"\" data-rl_caption=\"\" title=\"\"><img loading=\"lazy\" decoding=\"async\" class=\"galleria alignnone wp-image-1542 size-thumbnail\" src=\"https:\/\/maisemabetoni.fi\/fin\/wp-content\/uploads\/2019\/02\/Hartwall2-170x170.jpg\" alt=\"Hartwall2\" width=\"170\" height=\"170\" srcset=\"https:\/\/maisemabetoni.fi\/fin\/wp-content\/uploads\/2019\/02\/Hartwall2-170x170.jpg 170w, https:\/\/maisemabetoni.fi\/fin\/wp-content\/uploads\/2019\/02\/Hartwall2-125x125.jpg 125w, https:\/\/maisemabetoni.fi\/fin\/wp-content\/uploads\/2019\/02\/Hartwall2-18x18.jpg 18w\" sizes=\"auto, (max-width: 170px) 100vw, 170px\" \/><\/a><a href=\"https:\/\/maisemabetoni.fi\/fin\/wp-content\/uploads\/2019\/02\/Hartwall3.jpg\" data-rel=\"lightbox-gallery-bGlnaHRib3gtZ2FsbGVyeS1laGNqcUFrRg==\" data-rl_title=\"\" data-rl_caption=\"\" data-rl_title=\"\" data-rl_caption=\"\" title=\"\"><img loading=\"lazy\" decoding=\"async\" class=\"galleria alignnone wp-image-1543 size-thumbnail\" src=\"https:\/\/maisemabetoni.fi\/fin\/wp-content\/uploads\/2019\/02\/Hartwall3-170x170.jpg\" alt=\"Hartwall3\" width=\"170\" height=\"170\" srcset=\"https:\/\/maisemabetoni.fi\/fin\/wp-content\/uploads\/2019\/02\/Hartwall3-170x170.jpg 170w, https:\/\/maisemabetoni.fi\/fin\/wp-content\/uploads\/2019\/02\/Hartwall3-125x125.jpg 125w, https:\/\/maisemabetoni.fi\/fin\/wp-content\/uploads\/2019\/02\/Hartwall3-18x18.jpg 18w\" sizes=\"auto, (max-width: 170px) 100vw, 170px\" \/><\/a><a href=\"https:\/\/maisemabetoni.fi\/fin\/wp-content\/uploads\/2019\/02\/Hartwall4.jpg\" data-rel=\"lightbox-gallery-bGlnaHRib3gtZ2FsbGVyeS1laGNqcUFrRg==\" data-rl_title=\"\" data-rl_caption=\"\" data-rl_title=\"\" data-rl_caption=\"\" title=\"\"><img loading=\"lazy\" decoding=\"async\" class=\"galleria alignnone wp-image-1544 size-thumbnail\" src=\"https:\/\/maisemabetoni.fi\/fin\/wp-content\/uploads\/2019\/02\/Hartwall4-170x170.jpg\" alt=\"Hartwall4\" width=\"170\" height=\"170\" srcset=\"https:\/\/maisemabetoni.fi\/fin\/wp-content\/uploads\/2019\/02\/Hartwall4-170x170.jpg 170w, https:\/\/maisemabetoni.fi\/fin\/wp-content\/uploads\/2019\/02\/Hartwall4-125x125.jpg 125w, https:\/\/maisemabetoni.fi\/fin\/wp-content\/uploads\/2019\/02\/Hartwall4-18x18.jpg 18w\" sizes=\"auto, (max-width: 170px) 100vw, 170px\" \/><\/a><a href=\"https:\/\/maisemabetoni.fi\/fin\/wp-content\/uploads\/2019\/02\/Hartwall5B.jpg\" data-rel=\"lightbox-gallery-bGlnaHRib3gtZ2FsbGVyeS1laGNqcUFrRg==\" data-rl_title=\"\" data-rl_caption=\"\" data-rl_title=\"\" data-rl_caption=\"\" title=\"\"><img loading=\"lazy\" decoding=\"async\" class=\"galleria alignnone wp-image-1545 size-thumbnail\" src=\"https:\/\/maisemabetoni.fi\/fin\/wp-content\/uploads\/2019\/02\/Hartwall5B-170x170.jpg\" alt=\"Hartwall5B\" width=\"170\" height=\"170\" srcset=\"https:\/\/maisemabetoni.fi\/fin\/wp-content\/uploads\/2019\/02\/Hartwall5B-170x170.jpg 170w, https:\/\/maisemabetoni.fi\/fin\/wp-content\/uploads\/2019\/02\/Hartwall5B-125x125.jpg 125w, https:\/\/maisemabetoni.fi\/fin\/wp-content\/uploads\/2019\/02\/Hartwall5B-18x18.jpg 18w\" sizes=\"auto, (max-width: 170px) 100vw, 170px\" \/><\/a><\/p>\n\n","protected":false},"excerpt":{"rendered":"","protected":false},"author":1,"featured_media":0,"parent":944,"menu_order":13,"comment_status":"closed","ping_status":"closed","template":"","meta":{"footnotes":""},"class_list":["post-967","page","type-page","status-publish","hentry"],"yoast_head":"<!-- This site is optimized with the Yoast SEO plugin v26.8 - https:\/\/yoast.com\/product\/yoast-seo-wordpress\/ -->\n<title>Hartwallin teollisuuskiinteist\u00f6n pihat, Lahti, 2004 - Maisemabetoni<\/title>\n<meta name=\"robots\" content=\"noindex, follow, max-snippet:-1, max-image-preview:large, max-video-preview:-1\" \/>\n<meta property=\"og:locale\" content=\"fi_FI\" \/>\n<meta property=\"og:type\" content=\"article\" \/>\n<meta property=\"og:title\" content=\"Hartwallin teollisuuskiinteist\u00f6n pihat, Lahti, 2004 - Maisemabetoni\" \/>\n<meta property=\"og:url\" content=\"https:\/\/maisemabetoni.fi\/fin\/referenssit\/vuoden-ymparistorakenteet\/hartwallin-teollisuuskiinteiston-pihat-lahti\/\" \/>\n<meta property=\"og:site_name\" content=\"Maisemabetoni\" \/>\n<meta property=\"article:modified_time\" content=\"2019-02-28T14:10:02+00:00\" \/>\n<meta name=\"twitter:card\" content=\"summary_large_image\" \/>\n<script type=\"application\/ld+json\" class=\"yoast-schema-graph\">{\"@context\":\"https:\/\/schema.org\",\"@graph\":[{\"@type\":\"WebPage\",\"@id\":\"https:\/\/maisemabetoni.fi\/fin\/referenssit\/vuoden-ymparistorakenteet\/hartwallin-teollisuuskiinteiston-pihat-lahti\/\",\"url\":\"https:\/\/maisemabetoni.fi\/fin\/referenssit\/vuoden-ymparistorakenteet\/hartwallin-teollisuuskiinteiston-pihat-lahti\/\",\"name\":\"Hartwallin teollisuuskiinteist\u00f6n pihat, Lahti, 2004 - Maisemabetoni\",\"isPartOf\":{\"@id\":\"https:\/\/maisemabetoni.fi\/fin\/#website\"},\"datePublished\":\"2017-12-22T14:17:03+00:00\",\"dateModified\":\"2019-02-28T14:10:02+00:00\",\"breadcrumb\":{\"@id\":\"https:\/\/maisemabetoni.fi\/fin\/referenssit\/vuoden-ymparistorakenteet\/hartwallin-teollisuuskiinteiston-pihat-lahti\/#breadcrumb\"},\"inLanguage\":\"fi\",\"potentialAction\":[{\"@type\":\"ReadAction\",\"target\":[\"https:\/\/maisemabetoni.fi\/fin\/referenssit\/vuoden-ymparistorakenteet\/hartwallin-teollisuuskiinteiston-pihat-lahti\/\"]}]},{\"@type\":\"BreadcrumbList\",\"@id\":\"https:\/\/maisemabetoni.fi\/fin\/referenssit\/vuoden-ymparistorakenteet\/hartwallin-teollisuuskiinteiston-pihat-lahti\/#breadcrumb\",\"itemListElement\":[{\"@type\":\"ListItem\",\"position\":1,\"name\":\"Etusivu\",\"item\":\"https:\/\/maisemabetoni.fi\/fin\/\"},{\"@type\":\"ListItem\",\"position\":2,\"name\":\"VUODEN YMP\u00c4RIST\u00d6RAKENTEET\",\"item\":\"https:\/\/maisemabetoni.fi\/fin\/referenssit\/vuoden-ymparistorakenteet\/\"},{\"@type\":\"ListItem\",\"position\":3,\"name\":\"Hartwallin teollisuuskiinteist\u00f6n pihat, Lahti, 2004\"}]},{\"@type\":\"WebSite\",\"@id\":\"https:\/\/maisemabetoni.fi\/fin\/#website\",\"url\":\"https:\/\/maisemabetoni.fi\/fin\/\",\"name\":\"Maisemabetoni\",\"description\":\"\",\"potentialAction\":[{\"@type\":\"SearchAction\",\"target\":{\"@type\":\"EntryPoint\",\"urlTemplate\":\"https:\/\/maisemabetoni.fi\/fin\/?s={search_term_string}\"},\"query-input\":{\"@type\":\"PropertyValueSpecification\",\"valueRequired\":true,\"valueName\":\"search_term_string\"}}],\"inLanguage\":\"fi\"}]}<\/script>\n<!-- \/ Yoast SEO plugin. -->","yoast_head_json":{"title":"Hartwallin teollisuuskiinteist\u00f6n pihat, Lahti, 2004 - Maisemabetoni","robots":{"index":"noindex","follow":"follow","max-snippet":"max-snippet:-1","max-image-preview":"max-image-preview:large","max-video-preview":"max-video-preview:-1"},"og_locale":"fi_FI","og_type":"article","og_title":"Hartwallin teollisuuskiinteist\u00f6n pihat, Lahti, 2004 - Maisemabetoni","og_url":"https:\/\/maisemabetoni.fi\/fin\/referenssit\/vuoden-ymparistorakenteet\/hartwallin-teollisuuskiinteiston-pihat-lahti\/","og_site_name":"Maisemabetoni","article_modified_time":"2019-02-28T14:10:02+00:00","twitter_card":"summary_large_image","schema":{"@context":"https:\/\/schema.org","@graph":[{"@type":"WebPage","@id":"https:\/\/maisemabetoni.fi\/fin\/referenssit\/vuoden-ymparistorakenteet\/hartwallin-teollisuuskiinteiston-pihat-lahti\/","url":"https:\/\/maisemabetoni.fi\/fin\/referenssit\/vuoden-ymparistorakenteet\/hartwallin-teollisuuskiinteiston-pihat-lahti\/","name":"Hartwallin teollisuuskiinteist\u00f6n pihat, Lahti, 2004 - Maisemabetoni","isPartOf":{"@id":"https:\/\/maisemabetoni.fi\/fin\/#website"},"datePublished":"2017-12-22T14:17:03+00:00","dateModified":"2019-02-28T14:10:02+00:00","breadcrumb":{"@id":"https:\/\/maisemabetoni.fi\/fin\/referenssit\/vuoden-ymparistorakenteet\/hartwallin-teollisuuskiinteiston-pihat-lahti\/#breadcrumb"},"inLanguage":"fi","potentialAction":[{"@type":"ReadAction","target":["https:\/\/maisemabetoni.fi\/fin\/referenssit\/vuoden-ymparistorakenteet\/hartwallin-teollisuuskiinteiston-pihat-lahti\/"]}]},{"@type":"BreadcrumbList","@id":"https:\/\/maisemabetoni.fi\/fin\/referenssit\/vuoden-ymparistorakenteet\/hartwallin-teollisuuskiinteiston-pihat-lahti\/#breadcrumb","itemListElement":[{"@type":"ListItem","position":1,"name":"Etusivu","item":"https:\/\/maisemabetoni.fi\/fin\/"},{"@type":"ListItem","position":2,"name":"VUODEN YMP\u00c4RIST\u00d6RAKENTEET","item":"https:\/\/maisemabetoni.fi\/fin\/referenssit\/vuoden-ymparistorakenteet\/"},{"@type":"ListItem","position":3,"name":"Hartwallin teollisuuskiinteist\u00f6n pihat, Lahti, 2004"}]},{"@type":"WebSite","@id":"https:\/\/maisemabetoni.fi\/fin\/#website","url":"https:\/\/maisemabetoni.fi\/fin\/","name":"Maisemabetoni","description":"","potentialAction":[{"@type":"SearchAction","target":{"@type":"EntryPoint","urlTemplate":"https:\/\/maisemabetoni.fi\/fin\/?s={search_term_string}"},"query-input":{"@type":"PropertyValueSpecification","valueRequired":true,"valueName":"search_term_string"}}],"inLanguage":"fi"}]}},"_links":{"self":[{"href":"https:\/\/maisemabetoni.fi\/fin\/wp-json\/wp\/v2\/pages\/967","targetHints":{"allow":["GET"]}}],"collection":[{"href":"https:\/\/maisemabetoni.fi\/fin\/wp-json\/wp\/v2\/pages"}],"about":[{"href":"https:\/\/maisemabetoni.fi\/fin\/wp-json\/wp\/v2\/types\/page"}],"author":[{"embeddable":true,"href":"https:\/\/maisemabetoni.fi\/fin\/wp-json\/wp\/v2\/users\/1"}],"replies":[{"embeddable":true,"href":"https:\/\/maisemabetoni.fi\/fin\/wp-json\/wp\/v2\/comments?post=967"}],"version-history":[{"count":9,"href":"https:\/\/maisemabetoni.fi\/fin\/wp-json\/wp\/v2\/pages\/967\/revisions"}],"predecessor-version":[{"id":1608,"href":"https:\/\/maisemabetoni.fi\/fin\/wp-json\/wp\/v2\/pages\/967\/revisions\/1608"}],"up":[{"embeddable":true,"href":"https:\/\/maisemabetoni.fi\/fin\/wp-json\/wp\/v2\/pages\/944"}],"wp:attachment":[{"href":"https:\/\/maisemabetoni.fi\/fin\/wp-json\/wp\/v2\/media?parent=967"}],"curies":[{"name":"wp","href":"https:\/\/api.w.org\/{rel}","templated":true}]}}